{"id":21929,"date":"2022-07-22T13:27:40","date_gmt":"2022-07-22T10:27:40","guid":{"rendered":"https:\/\/ghaddar.com\/marque-longi\/"},"modified":"2026-03-19T21:57:52","modified_gmt":"2026-03-19T19:57:52","slug":"marque-longi","status":"publish","type":"page","link":"https:\/\/ghaddar.com\/fr\/marque-longi\/","title":{"rendered":"Marque LONGi"},"content":{"rendered":"\t\t<div data-elementor-type=\"wp-page\" data-elementor-id=\"21929\" class=\"elementor elementor-21929 elementor-14252\" data-elementor-post-type=\"page\">\n\t\t\t\t\t\t<section class=\"elementor-section elementor-top-section elementor-element elementor-element-304e8ce elementor-section-height-min-height elementor-section-stretched elementor-section-boxed elementor-section-height-default elementor-section-items-middle\" data-id=\"304e8ce\" data-element_type=\"section\" data-e-type=\"section\" data-settings=\"{&quot;background_background&quot;:&quot;classic&quot;,&quot;stretch_section&quot;:&quot;section-stretched&quot;}\">\n\t\t\t\t\t\t\t<div class=\"elementor-background-overlay\"><\/div>\n\t\t\t\t\t\t\t<div class=\"elementor-container elementor-column-gap-default\">\n\t\t\t\t\t<div class=\"elementor-column elementor-col-100 elementor-top-column elementor-element elementor-element-c423f45\" data-id=\"c423f45\" data-element_type=\"column\" data-e-type=\"column\">\n\t\t\t<div class=\"elementor-widget-wrap elementor-element-populated\">\n\t\t\t\t\t\t<section class=\"elementor-section elementor-inner-section elementor-element elementor-element-1414252 elementor-section-boxed elementor-section-height-default elementor-section-height-default\" data-id=\"1414252\" data-element_type=\"section\" data-e-type=\"section\">\n\t\t\t\t\t\t<div class=\"elementor-container elementor-column-gap-default\">\n\t\t\t\t\t<div class=\"elementor-column elementor-col-100 elementor-inner-column elementor-element elementor-element-125f467\" data-id=\"125f467\" data-element_type=\"column\" data-e-type=\"column\">\n\t\t\t<div class=\"elementor-widget-wrap elementor-element-populated\">\n\t\t\t\t\t\t<div class=\"elementor-element elementor-element-25675c0 elementor-widget elementor-widget-image\" data-id=\"25675c0\" data-element_type=\"widget\" data-e-type=\"widget\" data-widget_type=\"image.default\">\n\t\t\t\t<div class=\"elementor-widget-container\">\n\t\t\t\t\t\t\t\t\t\t\t\t\t\t\t<img loading=\"lazy\" decoding=\"async\" width=\"300\" height=\"126\" src=\"https:\/\/ghaddar.com\/wp-content\/uploads\/2022\/07\/logo-red-300x126.png\" class=\"attachment-medium size-medium wp-image-21917\" alt=\"\" srcset=\"https:\/\/ghaddar.com\/wp-content\/uploads\/2022\/07\/logo-red-300x126.png 300w, https:\/\/ghaddar.com\/wp-content\/uploads\/2022\/07\/logo-red-600x252.png 600w, https:\/\/ghaddar.com\/wp-content\/uploads\/2022\/07\/logo-red-1024x430.png 1024w, https:\/\/ghaddar.com\/wp-content\/uploads\/2022\/07\/logo-red-768x323.png 768w, https:\/\/ghaddar.com\/wp-content\/uploads\/2022\/07\/logo-red-1080x454.png 1080w, https:\/\/ghaddar.com\/wp-content\/uploads\/2022\/07\/logo-red.png 1406w\" sizes=\"auto, (max-width: 300px) 100vw, 300px\" \/>\t\t\t\t\t\t\t\t\t\t\t\t\t\t\t<\/div>\n\t\t\t\t<\/div>\n\t\t\t\t\t<\/div>\n\t\t<\/div>\n\t\t\t\t\t<\/div>\n\t\t<\/section>\n\t\t\t\t\t<\/div>\n\t\t<\/div>\n\t\t\t\t\t<\/div>\n\t\t<\/section>\n\t\t<div class=\"elementor-element elementor-element-3adb969 e-flex e-con-boxed e-con e-parent\" data-id=\"3adb969\" data-element_type=\"container\" data-e-type=\"container\">\n\t\t\t\t\t<div class=\"e-con-inner\">\n\t\t<div class=\"elementor-element elementor-element-f64033e e-con-full e-flex e-con e-child\" data-id=\"f64033e\" data-element_type=\"container\" data-e-type=\"container\">\n\t\t\t\t<div class=\"elementor-element elementor-element-99ff365 elementor-widget elementor-widget-image\" data-id=\"99ff365\" data-element_type=\"widget\" data-e-type=\"widget\" data-widget_type=\"image.default\">\n\t\t\t\t<div class=\"elementor-widget-container\">\n\t\t\t\t\t\t\t\t\t\t\t\t\t\t\t<img loading=\"lazy\" decoding=\"async\" width=\"500\" height=\"500\" src=\"https:\/\/ghaddar.com\/wp-content\/uploads\/2025\/04\/8.png\" class=\"attachment-medium_large size-medium_large wp-image-21935\" alt=\"\" srcset=\"https:\/\/ghaddar.com\/wp-content\/uploads\/2025\/04\/8.png 500w, https:\/\/ghaddar.com\/wp-content\/uploads\/2025\/04\/8-300x300.png 300w, https:\/\/ghaddar.com\/wp-content\/uploads\/2025\/04\/8-150x150.png 150w, https:\/\/ghaddar.com\/wp-content\/uploads\/2025\/04\/8-100x100.png 100w\" sizes=\"auto, (max-width: 500px) 100vw, 500px\" \/>\t\t\t\t\t\t\t\t\t\t\t\t\t\t\t<\/div>\n\t\t\t\t<\/div>\n\t\t\t\t<\/div>\n\t\t<div class=\"elementor-element elementor-element-b898a2e e-con-full e-flex e-con e-child\" data-id=\"b898a2e\" data-element_type=\"container\" data-e-type=\"container\">\n\t\t\t\t<div class=\"elementor-element elementor-element-4407064 elementor-widget elementor-widget-text-editor\" data-id=\"4407064\" data-element_type=\"widget\" data-e-type=\"widget\" data-widget_type=\"text-editor.default\">\n\t\t\t\t<div class=\"elementor-widget-container\">\n\t\t\t\t\t\t\t\t\t<p> <\/p><p> <\/p><p style=\"text-align: justify;\">Fond\u00e9e en 2000, LONGi Green Energy Technology Co., Ltd. (LONGi) sengage \u00e0 \u00eatre lentreprise de technologie solaire la plus pr\u00e9cieuse au monde. Sous la mission de \u00ab Utiliser l\u00e9nergie solaire, construire un monde vert \u00bb et avec une image de marque \u00ab Robuste, fiable et \u00e0 la pointe de la technologie \u00bb, LONGi d\u00e9veloppe des solutions pour les centrales \u00e9lectriques \u00e0 grande \u00e9chelle, pour diverses industries et pour les m\u00e9nages, gr\u00e2ce \u00e0 son d\u00e9veloppement ax\u00e9 sur linnovation. <\/p>\t\t\t\t\t\t\t\t<\/div>\n\t\t\t\t<\/div>\n\t\t\t\t<\/div>\n\t\t\t\t\t<\/div>\n\t\t\t\t<\/div>\n\t\t<div class=\"elementor-element elementor-element-a581282 e-flex e-con-boxed e-con e-parent\" data-id=\"a581282\" data-element_type=\"container\" data-e-type=\"container\">\n\t\t\t\t\t<div class=\"e-con-inner\">\n\t\t<div class=\"elementor-element elementor-element-ae5348f e-con-full e-flex e-con e-child\" data-id=\"ae5348f\" data-element_type=\"container\" data-e-type=\"container\">\n\t\t\t\t<div class=\"elementor-element elementor-element-cd1759d elementor-widget elementor-widget-heading\" data-id=\"cd1759d\" data-element_type=\"widget\" data-e-type=\"widget\" data-widget_type=\"heading.default\">\n\t\t\t\t<div class=\"elementor-widget-container\">\n\t\t\t\t\t<h3 class='heading-left  divider-sm'  style=\"color:#000000\"><span>Panneau solaire monofacial LONGi<\/span><\/h3>\t\t\t\t<\/div>\n\t\t\t\t<\/div>\n\t\t\t\t<div class=\"elementor-element elementor-element-2ff01a9 elementor-widget elementor-widget-image\" data-id=\"2ff01a9\" data-element_type=\"widget\" data-e-type=\"widget\" data-widget_type=\"image.default\">\n\t\t\t\t<div class=\"elementor-widget-container\">\n\t\t\t\t\t\t\t\t\t\t\t\t\t\t\t<img loading=\"lazy\" decoding=\"async\" width=\"768\" height=\"576\" src=\"https:\/\/ghaddar.com\/wp-content\/uploads\/2022\/08\/LONGI-Page-Main-Image-768x576.png\" class=\"attachment-medium_large size-medium_large wp-image-21931\" alt=\"\" srcset=\"https:\/\/ghaddar.com\/wp-content\/uploads\/2022\/08\/LONGI-Page-Main-Image-768x576.png 768w, https:\/\/ghaddar.com\/wp-content\/uploads\/2022\/08\/LONGI-Page-Main-Image-600x450.png 600w, https:\/\/ghaddar.com\/wp-content\/uploads\/2022\/08\/LONGI-Page-Main-Image-300x225.png 300w, https:\/\/ghaddar.com\/wp-content\/uploads\/2022\/08\/LONGI-Page-Main-Image-1024x768.png 1024w, https:\/\/ghaddar.com\/wp-content\/uploads\/2022\/08\/LONGI-Page-Main-Image-510x382.png 510w, https:\/\/ghaddar.com\/wp-content\/uploads\/2022\/08\/LONGI-Page-Main-Image-1080x810.png 1080w, https:\/\/ghaddar.com\/wp-content\/uploads\/2022\/08\/LONGI-Page-Main-Image.png 1334w\" sizes=\"auto, (max-width: 768px) 100vw, 768px\" \/>\t\t\t\t\t\t\t\t\t\t\t\t\t\t\t<\/div>\n\t\t\t\t<\/div>\n\t\t\t\t<div class=\"elementor-element elementor-element-4490408 elementor-widget elementor-widget-heading\" data-id=\"4490408\" data-element_type=\"widget\" data-e-type=\"widget\" data-widget_type=\"heading.default\">\n\t\t\t\t<div class=\"elementor-widget-container\">\n\t\t\t\t\t<h5 class='heading-middle  divider-modern'  style=\"color:#000000\"><span>Panneau solaire Longi LR5-72HPH<br><\/span><\/h5>\t\t\t\t<\/div>\n\t\t\t\t<\/div>\n\t\t\t\t<div class=\"elementor-element elementor-element-a1d7460 elementor-widget elementor-widget-button\" data-id=\"a1d7460\" data-element_type=\"widget\" data-e-type=\"widget\" data-widget_type=\"button.default\">\n\t\t\t\t<div class=\"elementor-widget-container\">\n\t\t\t\t\t<a id=button-id-0 target=_self href=https:\/\/ghaddar.com\/wp-content\/uploads\/2022\/07\/20201231-LONGi-Data-Sheet-LR5-72-HPH-525-550M-V12-LowRes-EN.pdf class=\"btn  \" style=><i class='fa fas fa-bars'><\/i> Fiches techniques<\/a>\t\t\t\t<\/div>\n\t\t\t\t<\/div>\n\t\t\t\t<\/div>\n\t\t<div class=\"elementor-element elementor-element-934f4f3 e-con-full e-flex e-con e-child\" data-id=\"934f4f3\" data-element_type=\"container\" data-e-type=\"container\">\n\t\t\t\t<div class=\"elementor-element elementor-element-6347ae5 elementor-widget elementor-widget-heading\" data-id=\"6347ae5\" data-element_type=\"widget\" data-e-type=\"widget\" data-widget_type=\"heading.default\">\n\t\t\t\t<div class=\"elementor-widget-container\">\n\t\t\t\t\t<h3 class='heading-left  divider-sm'  style=\"color:#000000\"><span>Panneau solaire bifacial Longi<\/span><\/h3>\t\t\t\t<\/div>\n\t\t\t\t<\/div>\n\t\t\t\t<div class=\"elementor-element elementor-element-fa78e6a elementor-widget elementor-widget-image\" data-id=\"fa78e6a\" data-element_type=\"widget\" data-e-type=\"widget\" data-widget_type=\"image.default\">\n\t\t\t\t<div class=\"elementor-widget-container\">\n\t\t\t\t\t\t\t\t\t\t\t\t\t\t\t<img loading=\"lazy\" decoding=\"async\" width=\"768\" height=\"576\" src=\"https:\/\/ghaddar.com\/wp-content\/uploads\/2022\/08\/bifacial-72-768x576.png\" class=\"attachment-medium_large size-medium_large wp-image-21932\" alt=\"\" srcset=\"https:\/\/ghaddar.com\/wp-content\/uploads\/2022\/08\/bifacial-72-768x576.png 768w, https:\/\/ghaddar.com\/wp-content\/uploads\/2022\/08\/bifacial-72-600x450.png 600w, https:\/\/ghaddar.com\/wp-content\/uploads\/2022\/08\/bifacial-72-300x225.png 300w, https:\/\/ghaddar.com\/wp-content\/uploads\/2022\/08\/bifacial-72-1024x768.png 1024w, https:\/\/ghaddar.com\/wp-content\/uploads\/2022\/08\/bifacial-72-510x382.png 510w, https:\/\/ghaddar.com\/wp-content\/uploads\/2022\/08\/bifacial-72-1080x810.png 1080w, https:\/\/ghaddar.com\/wp-content\/uploads\/2022\/08\/bifacial-72.png 1334w\" sizes=\"auto, (max-width: 768px) 100vw, 768px\" \/>\t\t\t\t\t\t\t\t\t\t\t\t\t\t\t<\/div>\n\t\t\t\t<\/div>\n\t\t\t\t<div class=\"elementor-element elementor-element-9bad762 elementor-widget elementor-widget-heading\" data-id=\"9bad762\" data-element_type=\"widget\" data-e-type=\"widget\" data-widget_type=\"heading.default\">\n\t\t\t\t<div class=\"elementor-widget-container\">\n\t\t\t\t\t<h5 class='heading-middle  divider-modern'  style=\"color:#000000\"><span>Panneau solaire Longi LR5-72HBD<br><\/span><\/h5>\t\t\t\t<\/div>\n\t\t\t\t<\/div>\n\t\t\t\t<div class=\"elementor-element elementor-element-e27c762 elementor-widget elementor-widget-button\" data-id=\"e27c762\" data-element_type=\"widget\" data-e-type=\"widget\" data-widget_type=\"button.default\">\n\t\t\t\t<div class=\"elementor-widget-container\">\n\t\t\t\t\t<a id=button-id-0 target=_self href=https:\/\/ghaddar.com\/wp-content\/uploads\/2022\/07\/20201231-LONGi-Data-Sheet-LR5-72-HBD-520-545M-V12-LowRes-EN.pdf class=\"btn  \" style=><i class='fa fas fa-bars'><\/i> Fiches techniques<\/a>\t\t\t\t<\/div>\n\t\t\t\t<\/div>\n\t\t\t\t<\/div>\n\t\t\t\t\t<\/div>\n\t\t\t\t<\/div>\n\t\t\t\t<\/div>\n\t\t","protected":false},"excerpt":{"rendered":"<p>Fond\u00e9e en 2000, LONGi Green Energy Technology Co., Ltd. (LONGi) sengage \u00e0 \u00eatre lentreprise de technologie solaire la plus pr\u00e9cieuse au monde. Sous la mission de \u00ab Utiliser l\u00e9nergie solaire, construire un monde vert \u00bb et avec une image de &hellip;<\/p>\n","protected":false},"author":1,"featured_media":0,"parent":0,"menu_order":0,"comment_status":"closed","ping_status":"closed","template":"elementor_header_footer","meta":{"_monsterinsights_skip_tracking":false,"_monsterinsights_sitenote_active":false,"_monsterinsights_sitenote_note":"","_monsterinsights_sitenote_category":0,"_joinchat":[],"footnotes":""},"class_list":["post-21929","page","type-page","status-publish","hentry"],"_links":{"self":[{"href":"https:\/\/ghaddar.com\/fr\/wp-json\/wp\/v2\/pages\/21929","targetHints":{"allow":["GET"]}}],"collection":[{"href":"https:\/\/ghaddar.com\/fr\/wp-json\/wp\/v2\/pages"}],"about":[{"href":"https:\/\/ghaddar.com\/fr\/wp-json\/wp\/v2\/types\/page"}],"author":[{"embeddable":true,"href":"https:\/\/ghaddar.com\/fr\/wp-json\/wp\/v2\/users\/1"}],"replies":[{"embeddable":true,"href":"https:\/\/ghaddar.com\/fr\/wp-json\/wp\/v2\/comments?post=21929"}],"version-history":[{"count":1,"href":"https:\/\/ghaddar.com\/fr\/wp-json\/wp\/v2\/pages\/21929\/revisions"}],"predecessor-version":[{"id":21936,"href":"https:\/\/ghaddar.com\/fr\/wp-json\/wp\/v2\/pages\/21929\/revisions\/21936"}],"wp:attachment":[{"href":"https:\/\/ghaddar.com\/fr\/wp-json\/wp\/v2\/media?parent=21929"}],"curies":[{"name":"wp","href":"https:\/\/api.w.org\/{rel}","templated":true}]}}