{"id":21956,"date":"2022-07-19T13:05:23","date_gmt":"2022-07-19T10:05:23","guid":{"rendered":"https:\/\/ghaddar.com\/ghaddar-energie-alternative\/"},"modified":"2022-07-19T13:05:23","modified_gmt":"2022-07-19T10:05:23","slug":"ghaddar-energie-alternative","status":"publish","type":"page","link":"https:\/\/ghaddar.com\/fr\/ghaddar-energie-alternative\/","title":{"rendered":"Ghaddar \u00c9nergie alternative"},"content":{"rendered":"<p>[mhc_section admin_label=\u00a0\u00bbsection\u00a0\u00bb fullwidth=\u00a0\u00bboff\u00a0\u00bb specialty=\u00a0\u00bboff\u00a0\u00bb background_image=\u00a0\u00bbhttps:\/\/ghaddar.com\/wp-content\/uploads\/2018\/09\/1920&#215;500.png\u00a0\u00bb transparent_background=\u00a0\u00bboff\u00a0\u00bb gradient_background=\u00a0\u00bboff\u00a0\u00bb background_color=\u00a0\u00bb#ffffff\u00a0\u00bb background_color_second=\u00a0\u00bb#444444&Prime; gradient_style=\u00a0\u00bbhorizontal\u00a0\u00bb video_pause=\u00a0\u00bboff\u00a0\u00bb inner_shadow=\u00a0\u00bboff\u00a0\u00bb parallax=\u00a0\u00bboff\u00a0\u00bb parallax_method=\u00a0\u00bboff\u00a0\u00bb separator_top=\u00a0\u00bboff\u00a0\u00bb separator_bottom=\u00a0\u00bboff\u00a0\u00bb allow_advanced_padding=\u00a0\u00bboff\u00a0\u00bb remove_padding=\u00a0\u00bboff\u00a0\u00bb force_fullwidth=\u00a0\u00bboff\u00a0\u00bb column_paddings=\u00a0\u00bbpadding-0pct\u00a0\u00bb column_match_heights=\u00a0\u00bboff\u00a0\u00bb][mhc_row admin_label=\u00a0\u00bbrow\u00a0\u00bb][mhc_column type=\u00a0\u00bb1_2&Prime;][mhc_image admin_label=\u00a0\u00bbImage\u00a0\u00bb src=\u00a0\u00bbhttps:\/\/ghaddar.com\/wp-content\/uploads\/2022\/07\/Sungrow-LOGO.png\u00a0\u00bb show_in_lightbox=\u00a0\u00bbon\u00a0\u00bb url_new_window=\u00a0\u00bboff\u00a0\u00bb animation=\u00a0\u00bboff\u00a0\u00bb hoverfx=\u00a0\u00bbnone\u00a0\u00bb sticky=\u00a0\u00bboff\u00a0\u00bb image_mask=\u00a0\u00bboff\u00a0\u00bb border_radius=\u00a0\u00bb0&Prime; align=\u00a0\u00bbright\u00a0\u00bb force_center_on_mobile=\u00a0\u00bbon\u00a0\u00bb]<\/p>\n<p>&nbsp;<\/p>\n<p>[\/mhc_image][mhc_divider admin_label=\u00a0\u00bbseparator\u00a0\u00bb show_divider=\u00a0\u00bboff\u00a0\u00bb color=\u00a0\u00bb#44cdcd\u00a0\u00bb custom_orientation=\u00a0\u00bbright\u00a0\u00bb height=\u00a0\u00bb50&Prime; borderw=\u00a0\u00bb1&Prime; divider_style=\u00a0\u00bbsolid\u00a0\u00bb keep_visible=\u00a0\u00bboff\u00a0\u00bb custom_radius=\u00a0\u00bbon\u00a0\u00bb]<\/p>\n<p>&nbsp;<\/p>\n<p>[\/mhc_divider][\/mhc_column][mhc_column type=\u00a0\u00bb1_2&Prime;][mhc_divider admin_label=\u00a0\u00bbseparator\u00a0\u00bb show_divider=\u00a0\u00bboff\u00a0\u00bb color=\u00a0\u00bb#44cdcd\u00a0\u00bb custom_orientation=\u00a0\u00bbright\u00a0\u00bb height=\u00a0\u00bb50&Prime; borderw=\u00a0\u00bb1&Prime; divider_style=\u00a0\u00bbsolid\u00a0\u00bb keep_visible=\u00a0\u00bboff\u00a0\u00bb custom_radius=\u00a0\u00bbon\u00a0\u00bb]<\/p>\n<p>&nbsp;<\/p>\n<p>[\/mhc_divider][mhc_text admin_label=\u00a0\u00bbText\u00a0\u00bb background_layout=\u00a0\u00bblight\u00a0\u00bb text_orientation=\u00a0\u00bbright\u00a0\u00bb animation=\u00a0\u00bboff\u00a0\u00bb]<\/p>\n<h1 style=\"text-align: left;\"><span style=\"color: #005f89;\">Sungrow<\/span><\/h1>\n<p>[\/mhc_text][mhc_divider admin_label=\u00a0\u00bbseparator\u00a0\u00bb show_divider=\u00a0\u00bboff\u00a0\u00bb color=\u00a0\u00bb#44cdcd\u00a0\u00bb custom_orientation=\u00a0\u00bbright\u00a0\u00bb height=\u00a0\u00bb10&Prime; borderw=\u00a0\u00bb1&Prime; divider_style=\u00a0\u00bbsolid\u00a0\u00bb keep_visible=\u00a0\u00bboff\u00a0\u00bb custom_radius=\u00a0\u00bbon\u00a0\u00bb animation=\u00a0\u00bboff\u00a0\u00bb]<\/p>\n<p>&nbsp;<\/p>\n<p>[\/mhc_divider][mhc_text admin_label=\u00a0\u00bbText\u00a0\u00bb background_layout=\u00a0\u00bblight\u00a0\u00bb text_orientation=\u00a0\u00bbleft\u00a0\u00bb animation=\u00a0\u00bboff\u00a0\u00bb]<\/p>\n<p><span style=\"font-size: 18px;\"><em>Sunpac est un fournisseur de classe mondiale de produits technologiquement avanc\u00e9s pour les solutions d\u00e9nergie solaire. Les produits Sunpac comprennent des batteries \u00e0 d\u00e9charge profonde et une large gamme donduleurs On-Grid et Off-Grid pour diff\u00e9rentes applications. Fabriqu\u00e9s pour \u00eatre conformes aux normes internationales telles que ISO 9001, ISO 14001, IEC 61683, IEC 61427 et IEC 62109, les produits Sunpac, gr\u00e2ce \u00e0 leurs hautes performances, garantissent la fiabilit\u00e9 et la durabilit\u00e9 des solutions dalimentation.   alternative<\/em><\/span><\/p>\n<p>[\/mhc_text][mhc_button admin_label=\u00a0\u00bbButton\u00a0\u00bb button_url=\u00a0\u00bbhttps:\/\/ghaddar.com\/ghaddar-generators-powered-by-kubota-22\/\u00a0\u00bb button_text=\u00a0\u00bbLearn more  \u00a0\u00bb url_new_window=\u00a0\u00bboff\u00a0\u00bb button_style=\u00a0\u00bbon\u00a0\u00bb button_color=\u00a0\u00bb#115e99&Prime; button_text_color=\u00a0\u00bb#ffffff\u00a0\u00bb background_layout=\u00a0\u00bbdark\u00a0\u00bb use_icon=\u00a0\u00bboff\u00a0\u00bb font_list=\u00a0\u00bbmhicons\u00a0\u00bb text_orientation=\u00a0\u00bbleft\u00a0\u00bb animation=\u00a0\u00bboff\u00a0\u00bb button_fx=\u00a0\u00bboff\u00a0\u00bb button_size=\u00a0\u00bbdefault\u00a0\u00bb button_font=\u00a0\u00bboff\u00a0\u00bb wide_button=\u00a0\u00bboff\u00a0\u00bb button_icon=\u00a0\u00bboff\u00a0\u00bb use_circle=\u00a0\u00bboff\u00a0\u00bb]<\/p>\n<p>&nbsp;<\/p>\n<p>[\/mhc_button][\/mhc_column][\/mhc_row][mhc_row admin_label=\u00a0\u00bbRow\u00a0\u00bb][mhc_column type=\u00a0\u00bb4_4&Prime;][mhc_divider admin_label=\u00a0\u00bbDivider\u00a0\u00bb show_divider=\u00a0\u00bbon\u00a0\u00bb color=\u00a0\u00bb#115e99&Prime; custom_orientation=\u00a0\u00bbcenter\u00a0\u00bb divider_style=\u00a0\u00bbsolid\u00a0\u00bb keep_visible=\u00a0\u00bboff\u00a0\u00bb custom_radius=\u00a0\u00bbon\u00a0\u00bb animation=\u00a0\u00bboff\u00a0\u00bb custom_width=\u00a0\u00bb500&Prime; borderw=\u00a0\u00bb0.2&Prime;]<\/p>\n<p>&nbsp;<\/p>\n<p>[\/mhc_divider][\/mhc_column][\/mhc_row][mhc_row admin_label=\u00a0\u00bbrow\u00a0\u00bb][mhc_column type=\u00a0\u00bb1_2&Prime;][mhc_divider admin_label=\u00a0\u00bbseparator\u00a0\u00bb show_divider=\u00a0\u00bboff\u00a0\u00bb color=\u00a0\u00bb#44cdcd\u00a0\u00bb custom_orientation=\u00a0\u00bbright\u00a0\u00bb height=\u00a0\u00bb50&Prime; borderw=\u00a0\u00bb1&Prime; divider_style=\u00a0\u00bbsolid\u00a0\u00bb keep_visible=\u00a0\u00bboff\u00a0\u00bb custom_radius=\u00a0\u00bbon\u00a0\u00bb]<\/p>\n<p>&nbsp;<\/p>\n<p>[\/mhc_divider][mhc_image admin_label=\u00a0\u00bbImage\u00a0\u00bb src=\u00a0\u00bbhttps:\/\/ghaddar.com\/wp-content\/uploads\/2022\/07\/logo-red.png\u00a0\u00bb show_in_lightbox=\u00a0\u00bbon\u00a0\u00bb url_new_window=\u00a0\u00bboff\u00a0\u00bb animation=\u00a0\u00bboff\u00a0\u00bb hoverfx=\u00a0\u00bbnone\u00a0\u00bb sticky=\u00a0\u00bboff\u00a0\u00bb image_mask=\u00a0\u00bboff\u00a0\u00bb border_radius=\u00a0\u00bb0&Prime; align=\u00a0\u00bbright\u00a0\u00bb force_center_on_mobile=\u00a0\u00bbon\u00a0\u00bb]<\/p>\n<p>&nbsp;<\/p>\n<p>[\/mhc_image][\/mhc_column][mhc_column type=\u00a0\u00bb1_2&Prime;][mhc_divider admin_label=\u00a0\u00bbseparator\u00a0\u00bb show_divider=\u00a0\u00bboff\u00a0\u00bb color=\u00a0\u00bb#44cdcd\u00a0\u00bb custom_orientation=\u00a0\u00bbright\u00a0\u00bb height=\u00a0\u00bb50&Prime; borderw=\u00a0\u00bb1&Prime; divider_style=\u00a0\u00bbsolid\u00a0\u00bb keep_visible=\u00a0\u00bboff\u00a0\u00bb custom_radius=\u00a0\u00bbon\u00a0\u00bb]<\/p>\n<p>&nbsp;<\/p>\n<p>[\/mhc_divider][mhc_text admin_label=\u00a0\u00bbText\u00a0\u00bb background_layout=\u00a0\u00bblight\u00a0\u00bb text_orientation=\u00a0\u00bbright\u00a0\u00bb animation=\u00a0\u00bboff\u00a0\u00bb]<\/p>\n<h1 style=\"text-align: left;\"><span style=\"color: #005f89;\">Longi <\/span><\/h1>\n<p>[\/mhc_text][mhc_divider admin_label=\u00a0\u00bbseparator\u00a0\u00bb show_divider=\u00a0\u00bboff\u00a0\u00bb color=\u00a0\u00bb#44cdcd\u00a0\u00bb custom_orientation=\u00a0\u00bbright\u00a0\u00bb height=\u00a0\u00bb10&Prime; borderw=\u00a0\u00bb1&Prime; divider_style=\u00a0\u00bbsolid\u00a0\u00bb keep_visible=\u00a0\u00bboff\u00a0\u00bb custom_radius=\u00a0\u00bbon\u00a0\u00bb animation=\u00a0\u00bboff\u00a0\u00bb]<\/p>\n<p>&nbsp;<\/p>\n<p>[\/mhc_divider][mhc_text admin_label=\u00a0\u00bbText\u00a0\u00bb background_layout=\u00a0\u00bblight\u00a0\u00bb text_orientation=\u00a0\u00bbleft\u00a0\u00bb animation=\u00a0\u00bboff\u00a0\u00bb]<\/p>\n<p><em><span style=\"color: #808080;\"><span style=\"font-size: 20px;\">Fond\u00e9e en 2000, LONGi Green Energy Technology Co., Ltd. (LONGi) sengage \u00e0 \u00eatre lentreprise de technologie solaire la plus pr\u00e9cieuse au monde. Sous la mission \u00ab Utiliser l\u00e9nergie solaire, construire un monde vert \u00bb et avec une image de marque \u00ab Robuste, fiable et \u00e0 la pointe de la technologie \u00bb, LONGi d\u00e9veloppe des solutions pour les centrales \u00e9lectriques \u00e0 grande \u00e9chelle, pour diff\u00e9rentes industries et pour les m\u00e9nages, gr\u00e2ce \u00e0 son d\u00e9veloppement ax\u00e9 sur linnovation. <\/span><\/span><\/em><\/p>\n<p>[\/mhc_text][mhc_button admin_label=\u00a0\u00bbButton\u00a0\u00bb button_url=\u00a0\u00bbhttps:\/\/ghaddar.com\/products\/kubota-engines\/\u00a0\u00bb button_text=\u00a0\u00bbRead more  \u00a0\u00bb url_new_window=\u00a0\u00bboff\u00a0\u00bb button_style=\u00a0\u00bbon\u00a0\u00bb button_color=\u00a0\u00bb#115e99&Prime; button_text_color=\u00a0\u00bb#ffffff\u00a0\u00bb background_layout=\u00a0\u00bbdark\u00a0\u00bb use_icon=\u00a0\u00bboff\u00a0\u00bb font_list=\u00a0\u00bbmhicons\u00a0\u00bb text_orientation=\u00a0\u00bbleft\u00a0\u00bb animation=\u00a0\u00bboff\u00a0\u00bb button_fx=\u00a0\u00bboff\u00a0\u00bb button_size=\u00a0\u00bbdefault\u00a0\u00bb button_font=\u00a0\u00bboff\u00a0\u00bb wide_button=\u00a0\u00bboff\u00a0\u00bb button_icon=\u00a0\u00bboff\u00a0\u00bb use_circle=\u00a0\u00bboff\u00a0\u00bb]<\/p>\n<p>&nbsp;<\/p>\n<p>[\/mhc_button][\/mhc_column][\/mhc_row][mhc_row admin_label=\u00a0\u00bbRow\u00a0\u00bb][mhc_column type=\u00a0\u00bb4_4&Prime;][mhc_divider admin_label=\u00a0\u00bbDivider\u00a0\u00bb show_divider=\u00a0\u00bbon\u00a0\u00bb color=\u00a0\u00bb#115e99&Prime; custom_orientation=\u00a0\u00bbcenter\u00a0\u00bb divider_style=\u00a0\u00bbsolid\u00a0\u00bb keep_visible=\u00a0\u00bboff\u00a0\u00bb custom_radius=\u00a0\u00bbon\u00a0\u00bb animation=\u00a0\u00bboff\u00a0\u00bb custom_width=\u00a0\u00bb500&Prime; borderw=\u00a0\u00bb0.2&Prime;]<\/p>\n<p>&nbsp;<\/p>\n<p>[\/mhc_divider][\/mhc_column][\/mhc_row][mhc_row admin_label=\u00a0\u00bbRow\u00a0\u00bb][mhc_column type=\u00a0\u00bb1_2&Prime;][mhc_divider admin_label=\u00a0\u00bbseparator\u00a0\u00bb show_divider=\u00a0\u00bboff\u00a0\u00bb color=\u00a0\u00bb#44cdcd\u00a0\u00bb custom_orientation=\u00a0\u00bbright\u00a0\u00bb height=\u00a0\u00bb50&Prime; borderw=\u00a0\u00bb1&Prime; divider_style=\u00a0\u00bbsolid\u00a0\u00bb keep_visible=\u00a0\u00bboff\u00a0\u00bb custom_radius=\u00a0\u00bbon\u00a0\u00bb]<\/p>\n<p>&nbsp;<\/p>\n<p>[\/mhc_divider][mhc_image admin_label=\u00a0\u00bbImage\u00a0\u00bb src=\u00a0\u00bbhttps:\/\/ghaddar.com\/wp-content\/uploads\/2022\/07\/SUNPAC-Logo.jpg\u00a0\u00bb show_in_lightbox=\u00a0\u00bbon\u00a0\u00bb url_new_window=\u00a0\u00bboff\u00a0\u00bb animation=\u00a0\u00bboff\u00a0\u00bb hoverfx=\u00a0\u00bbnone\u00a0\u00bb sticky=\u00a0\u00bboff\u00a0\u00bb image_mask=\u00a0\u00bboff\u00a0\u00bb border_radius=\u00a0\u00bb0&Prime; align=\u00a0\u00bbright\u00a0\u00bb force_center_on_mobile=\u00a0\u00bbon\u00a0\u00bb]<\/p>\n<p>&nbsp;<\/p>\n<p>[\/mhc_image][\/mhc_column][mhc_column type=\u00a0\u00bb1_2&Prime;][mhc_divider admin_label=\u00a0\u00bbseparator\u00a0\u00bb show_divider=\u00a0\u00bboff\u00a0\u00bb color=\u00a0\u00bb#44cdcd\u00a0\u00bb custom_orientation=\u00a0\u00bbright\u00a0\u00bb height=\u00a0\u00bb50&Prime; borderw=\u00a0\u00bb1&Prime; divider_style=\u00a0\u00bbsolid\u00a0\u00bb keep_visible=\u00a0\u00bboff\u00a0\u00bb custom_radius=\u00a0\u00bbon\u00a0\u00bb]<\/p>\n<p>&nbsp;<\/p>\n<p>[\/mhc_divider][mhc_text admin_label=\u00a0\u00bbText\u00a0\u00bb background_layout=\u00a0\u00bblight\u00a0\u00bb text_orientation=\u00a0\u00bbright\u00a0\u00bb animation=\u00a0\u00bboff\u00a0\u00bb]<\/p>\n<h1 style=\"text-align: left;\"><span style=\"color: #005f89;\">Sunpac<\/span><\/h1>\n<p>[\/mhc_text][mhc_divider admin_label=\u00a0\u00bbseparator\u00a0\u00bb show_divider=\u00a0\u00bboff\u00a0\u00bb color=\u00a0\u00bb#44cdcd\u00a0\u00bb custom_orientation=\u00a0\u00bbright\u00a0\u00bb height=\u00a0\u00bb10&Prime; borderw=\u00a0\u00bb1&Prime; divider_style=\u00a0\u00bbsolid\u00a0\u00bb keep_visible=\u00a0\u00bboff\u00a0\u00bb custom_radius=\u00a0\u00bbon\u00a0\u00bb animation=\u00a0\u00bboff\u00a0\u00bb]<\/p>\n<p>&nbsp;<\/p>\n<p>[\/mhc_divider][mhc_text admin_label=\u00a0\u00bbText\u00a0\u00bb background_layout=\u00a0\u00bblight\u00a0\u00bb text_orientation=\u00a0\u00bbleft\u00a0\u00bb animation=\u00a0\u00bboff\u00a0\u00bb]<\/p>\n<p class=\"p1\"><em><span style=\"font-size: 20px;\">Sunpac est un fournisseur de classe mondiale de produits technologiquement avanc\u00e9s pour les solutions d\u00e9nergie solaire. Les produits Sunpac comprennent des batteries \u00e0 d\u00e9charge profonde et une large gamme donduleurs On-Grid et Off-Grid pour diff\u00e9rentes applications. Fabriqu\u00e9s pour \u00eatre conformes aux normes internationales telles que ISO 9001, ISO 14001, IEC 61683, IEC 61427 et IEC 62109, les produits Sunpac, gr\u00e2ce \u00e0 leurs hautes performances, garantissent la fiabilit\u00e9 et la durabilit\u00e9 des solutions dalimentation.  <\/span><\/em><\/p>\n<p>[\/mhc_text][mhc_button admin_label=\u00a0\u00bbButton\u00a0\u00bb button_url=\u00a0\u00bbhttps:\/\/ghaddar.com\/products\/ghaddar-generators-powered-by-john-deere\/\u00a0\u00bb button_text=\u00a0\u00bbLearn more  \u00a0\u00bb url_new_window=\u00a0\u00bboff\u00a0\u00bb button_style=\u00a0\u00bbon\u00a0\u00bb button_color=\u00a0\u00bb#115e99&Prime; button_text_color=\u00a0\u00bb#ffffff\u00a0\u00bb background_layout=\u00a0\u00bbdark\u00a0\u00bb use_icon=\u00a0\u00bboff\u00a0\u00bb font_list=\u00a0\u00bbmhicons\u00a0\u00bb text_orientation=\u00a0\u00bbleft\u00a0\u00bb animation=\u00a0\u00bboff\u00a0\u00bb button_fx=\u00a0\u00bboff\u00a0\u00bb button_size=\u00a0\u00bbdefault\u00a0\u00bb button_font=\u00a0\u00bboff\u00a0\u00bb wide_button=\u00a0\u00bboff\u00a0\u00bb button_icon=\u00a0\u00bboff\u00a0\u00bb use_circle=\u00a0\u00bboff\u00a0\u00bb]<\/p>\n<p>&nbsp;<\/p>\n<p>[\/mhc_button][\/mhc_column][\/mhc_row][\/mhc_section]<\/p>\n","protected":false},"excerpt":{"rendered":"<p>[mhc_section admin_label=\u00a0\u00bbsection\u00a0\u00bb fullwidth=\u00a0\u00bboff\u00a0\u00bb specialty=\u00a0\u00bboff\u00a0\u00bb background_image=\u00a0\u00bbhttps:\/\/ghaddar.com\/wp-content\/uploads\/2018\/09\/1920&#215;500.png\u00a0\u00bb transparent_background=\u00a0\u00bboff\u00a0\u00bb gradient_background=\u00a0\u00bboff\u00a0\u00bb background_color=\u00a0\u00bb#ffffff\u00a0\u00bb background_color_second=\u00a0\u00bb#444444&Prime; gradient_style=\u00a0\u00bbhorizontal\u00a0\u00bb video_pause=\u00a0\u00bboff\u00a0\u00bb inner_shadow=\u00a0\u00bboff\u00a0\u00bb parallax=\u00a0\u00bboff\u00a0\u00bb parallax_method=\u00a0\u00bboff\u00a0\u00bb separator_top=\u00a0\u00bboff\u00a0\u00bb separator_bottom=\u00a0\u00bboff\u00a0\u00bb allow_advanced_padding=\u00a0\u00bboff\u00a0\u00bb remove_padding=\u00a0\u00bboff\u00a0\u00bb force_fullwidth=\u00a0\u00bboff\u00a0\u00bb column_paddings=\u00a0\u00bbpadding-0pct\u00a0\u00bb column_match_heights=\u00a0\u00bboff\u00a0\u00bb][mhc_row admin_label=\u00a0\u00bbrow\u00a0\u00bb][mhc_column type=\u00a0\u00bb1_2&Prime;][mhc_image admin_label=\u00a0\u00bbImage\u00a0\u00bb src=\u00a0\u00bbhttps:\/\/ghaddar.com\/wp-content\/uploads\/2022\/07\/Sungrow-LOGO.png\u00a0\u00bb show_in_lightbox=\u00a0\u00bbon\u00a0\u00bb url_new_window=\u00a0\u00bboff\u00a0\u00bb animation=\u00a0\u00bboff\u00a0\u00bb hoverfx=\u00a0\u00bbnone\u00a0\u00bb sticky=\u00a0\u00bboff\u00a0\u00bb image_mask=\u00a0\u00bboff\u00a0\u00bb border_radius=\u00a0\u00bb0&Prime; align=\u00a0\u00bbright\u00a0\u00bb force_center_on_mobile=\u00a0\u00bbon\u00a0\u00bb] &nbsp; [\/mhc_image][mhc_divider admin_label=\u00a0\u00bbseparator\u00a0\u00bb show_divider=\u00a0\u00bboff\u00a0\u00bb color=\u00a0\u00bb#44cdcd\u00a0\u00bb custom_orientation=\u00a0\u00bbright\u00a0\u00bb &hellip;<\/p>\n","protected":false},"author":1,"featured_media":0,"parent":0,"menu_order":0,"comment_status":"closed","ping_status":"closed","template":"","meta":{"_monsterinsights_skip_tracking":false,"_monsterinsights_sitenote_active":false,"_monsterinsights_sitenote_note":"","_monsterinsights_sitenote_category":0,"_joinchat":[],"footnotes":""},"class_list":["post-21956","page","type-page","status-publish","hentry"],"_links":{"self":[{"href":"https:\/\/ghaddar.com\/fr\/wp-json\/wp\/v2\/pages\/21956","targetHints":{"allow":["GET"]}}],"collection":[{"href":"https:\/\/ghaddar.com\/fr\/wp-json\/wp\/v2\/pages"}],"about":[{"href":"https:\/\/ghaddar.com\/fr\/wp-json\/wp\/v2\/types\/page"}],"author":[{"embeddable":true,"href":"https:\/\/ghaddar.com\/fr\/wp-json\/wp\/v2\/users\/1"}],"replies":[{"embeddable":true,"href":"https:\/\/ghaddar.com\/fr\/wp-json\/wp\/v2\/comments?post=21956"}],"version-history":[{"count":0,"href":"https:\/\/ghaddar.com\/fr\/wp-json\/wp\/v2\/pages\/21956\/revisions"}],"wp:attachment":[{"href":"https:\/\/ghaddar.com\/fr\/wp-json\/wp\/v2\/media?parent=21956"}],"curies":[{"name":"wp","href":"https:\/\/api.w.org\/{rel}","templated":true}]}}