{"id":22016,"date":"2022-04-04T16:44:53","date_gmt":"2022-04-04T13:44:53","guid":{"rendered":"https:\/\/ghaddar.com\/groupes-electrogenes-ghaddar-motorises-par-kubota\/"},"modified":"2026-03-19T21:59:29","modified_gmt":"2026-03-19T19:59:29","slug":"groupes-electrogenes-ghaddar-motorises-par-kubota","status":"publish","type":"page","link":"https:\/\/ghaddar.com\/fr\/groupes-electrogenes-ghaddar-motorises-par-kubota\/","title":{"rendered":"Groupes \u00e9lectrog\u00e8nes Ghaddar motoris\u00e9s par Kubota"},"content":{"rendered":"\t\t<div data-elementor-type=\"wp-page\" data-elementor-id=\"22016\" class=\"elementor elementor-22016 elementor-13635\" data-elementor-post-type=\"page\">\n\t\t\t\t\t\t<section class=\"elementor-section elementor-top-section elementor-element elementor-element-71564589 elementor-section-full_width elementor-hidden-desktop elementor-hidden-tablet elementor-hidden-mobile elementor-section-height-default elementor-section-height-default\" data-id=\"71564589\" data-element_type=\"section\" data-e-type=\"section\">\n\t\t\t\t\t\t<div class=\"elementor-container elementor-column-gap-default\">\n\t\t\t\t\t<div class=\"elementor-column elementor-col-100 elementor-top-column elementor-element elementor-element-2abfa14a\" data-id=\"2abfa14a\" data-element_type=\"column\" data-e-type=\"column\">\n\t\t\t<div class=\"elementor-widget-wrap elementor-element-populated\">\n\t\t\t\t\t\t<div class=\"elementor-element elementor-element-471785cb elementor--h-position-center elementor--v-position-middle elementor-arrows-position-inside elementor-pagination-position-inside elementor-widget elementor-widget-slides\" data-id=\"471785cb\" data-element_type=\"widget\" data-e-type=\"widget\" data-settings=\"{&quot;navigation&quot;:&quot;both&quot;,&quot;autoplay&quot;:&quot;yes&quot;,&quot;pause_on_hover&quot;:&quot;yes&quot;,&quot;pause_on_interaction&quot;:&quot;yes&quot;,&quot;autoplay_speed&quot;:5000,&quot;infinite&quot;:&quot;yes&quot;,&quot;transition&quot;:&quot;slide&quot;,&quot;transition_speed&quot;:500}\" data-widget_type=\"slides.default\">\n\t\t\t\t<div class=\"elementor-widget-container\">\n\t\t\t\t\t\t\t\t\t<div class=\"elementor-swiper\">\n\t\t\t\t\t<div class=\"elementor-slides-wrapper elementor-main-swiper swiper\" role=\"region\" aria-roledescription=\"carousel\" aria-label=\"Diapositives\" dir=\"ltr\" data-animation=\"fadeInUp\">\n\t\t\t\t<div class=\"swiper-wrapper elementor-slides\">\n\t\t\t\t\t\t\t\t\t\t<div class=\"elementor-repeater-item-9fa59be swiper-slide\" role=\"group\" aria-roledescription=\"slide\"><div class=\"swiper-slide-bg\" role=\"img\" aria-label=\"Produits\"><\/div><div class=\"swiper-slide-inner\" ><div class=\"swiper-slide-contents\"><\/div><\/div><\/div>\t\t\t\t<\/div>\n\t\t\t\t\t\t\t<\/div>\n\t\t\t\t<\/div>\n\t\t\t\t\t\t\t\t<\/div>\n\t\t\t\t<\/div>\n\t\t\t\t\t<\/div>\n\t\t<\/div>\n\t\t\t\t\t<\/div>\n\t\t<\/section>\n\t\t\t\t<section class=\"elementor-section elementor-top-section elementor-element elementor-element-21c1ffac elementor-section-boxed elementor-section-height-default elementor-section-height-default\" data-id=\"21c1ffac\" data-element_type=\"section\" data-e-type=\"section\">\n\t\t\t\t\t\t<div class=\"elementor-container elementor-column-gap-default\">\n\t\t\t\t\t<div class=\"elementor-column elementor-col-50 elementor-top-column elementor-element elementor-element-7e7d2e2\" data-id=\"7e7d2e2\" data-element_type=\"column\" data-e-type=\"column\">\n\t\t\t<div class=\"elementor-widget-wrap elementor-element-populated\">\n\t\t\t\t\t\t<div class=\"elementor-element elementor-element-5edac342 elementor-widget elementor-widget-spacer\" data-id=\"5edac342\" data-element_type=\"widget\" data-e-type=\"widget\" data-widget_type=\"spacer.default\">\n\t\t\t\t<div class=\"elementor-widget-container\">\n\t\t\t\t\t\t\t<div class=\"elementor-spacer\">\n\t\t\t<div class=\"elementor-spacer-inner\"><\/div>\n\t\t<\/div>\n\t\t\t\t\t\t<\/div>\n\t\t\t\t<\/div>\n\t\t\t\t<div class=\"elementor-element elementor-element-3e54ebbd elementor-widget elementor-widget-image\" data-id=\"3e54ebbd\" data-element_type=\"widget\" data-e-type=\"widget\" data-widget_type=\"image.default\">\n\t\t\t\t<div class=\"elementor-widget-container\">\n\t\t\t\t\t\t\t\t\t\t\t\t\t\t\t<img decoding=\"async\" src=\"https:\/\/ghaddar.com\/wp-content\/uploads\/2019\/08\/Kubota-Genset-650x525-400x284.jpg\" title=\"Kubota-Genset-650&#215;525\" alt=\"G\u00e9n\u00e9ratrice Kubota, G\u00e9n\u00e9ratrice \u00e0 faible consommation de carburant, G\u00e9n\u00e9ratrice diesel, G\u00e9n\u00e9ratrice domestique\" loading=\"lazy\" \/>\t\t\t\t\t\t\t\t\t\t\t\t\t\t\t<\/div>\n\t\t\t\t<\/div>\n\t\t\t\t<div class=\"elementor-element elementor-element-54b041c8 elementor-widget elementor-widget-spacer\" data-id=\"54b041c8\" data-element_type=\"widget\" data-e-type=\"widget\" data-widget_type=\"spacer.default\">\n\t\t\t\t<div class=\"elementor-widget-container\">\n\t\t\t\t\t\t\t<div class=\"elementor-spacer\">\n\t\t\t<div class=\"elementor-spacer-inner\"><\/div>\n\t\t<\/div>\n\t\t\t\t\t\t<\/div>\n\t\t\t\t<\/div>\n\t\t\t\t\t<\/div>\n\t\t<\/div>\n\t\t\t\t<div class=\"elementor-column elementor-col-50 elementor-top-column elementor-element elementor-element-4ad9f3fb\" data-id=\"4ad9f3fb\" data-element_type=\"column\" data-e-type=\"column\">\n\t\t\t<div class=\"elementor-widget-wrap elementor-element-populated\">\n\t\t\t\t\t\t<div class=\"elementor-element elementor-element-5bb02dc7 elementor-widget elementor-widget-spacer\" data-id=\"5bb02dc7\" data-element_type=\"widget\" data-e-type=\"widget\" data-widget_type=\"spacer.default\">\n\t\t\t\t<div class=\"elementor-widget-container\">\n\t\t\t\t\t\t\t<div class=\"elementor-spacer\">\n\t\t\t<div class=\"elementor-spacer-inner\"><\/div>\n\t\t<\/div>\n\t\t\t\t\t\t<\/div>\n\t\t\t\t<\/div>\n\t\t\t\t<div class=\"elementor-element elementor-element-52e3bdd1 elementor-widget elementor-widget-text-editor\" data-id=\"52e3bdd1\" data-element_type=\"widget\" data-e-type=\"widget\" data-widget_type=\"text-editor.default\">\n\t\t\t\t<div class=\"elementor-widget-container\">\n\t\t\t\t\t\t\t\t\t<p>Les groupes \u00e9lectrog\u00e8nes Ghaddar motoris\u00e9s par <strong>Kubota<\/strong> offrent une puissance robuste et efficace. Les moteurs Kubota \u00e9quipant les groupes \u00e9lectrog\u00e8nes Ghaddar pr\u00e9sentent d\u2019excellentes caract\u00e9ristiques et performances. Tr\u00e8s r\u00e9put\u00e9s pour leur <strong>robustesse<\/strong>, fruit de la technologie japonaise et de normes de fabrication de classe mondiale, ils garantissent une qualit\u00e9 fiable et constante, une diversit\u00e9 de conception pour de multiples solutions, plusieurs niveaux d\u2019\u00e9missions et <strong>diff\u00e9rentes options de carburant &amp; de gaz<\/strong> (diesel, essence, GPL et gaz naturel).  <\/p>\t\t\t\t\t\t\t\t<\/div>\n\t\t\t\t<\/div>\n\t\t\t\t<div class=\"elementor-element elementor-element-1ca79b1 elementor-widget elementor-widget-spacer\" data-id=\"1ca79b1\" data-element_type=\"widget\" data-e-type=\"widget\" data-widget_type=\"spacer.default\">\n\t\t\t\t<div class=\"elementor-widget-container\">\n\t\t\t\t\t\t\t<div class=\"elementor-spacer\">\n\t\t\t<div class=\"elementor-spacer-inner\"><\/div>\n\t\t<\/div>\n\t\t\t\t\t\t<\/div>\n\t\t\t\t<\/div>\n\t\t\t\t\t<\/div>\n\t\t<\/div>\n\t\t\t\t\t<\/div>\n\t\t<\/section>\n\t\t\t\t<section class=\"elementor-section elementor-top-section elementor-element elementor-element-8d0dd38 elementor-section-boxed elementor-section-height-default elementor-section-height-default\" data-id=\"8d0dd38\" data-element_type=\"section\" data-e-type=\"section\">\n\t\t\t\t\t\t<div class=\"elementor-container elementor-column-gap-default\">\n\t\t\t\t\t<div class=\"elementor-column elementor-col-100 elementor-top-column elementor-element elementor-element-34d1512\" data-id=\"34d1512\" data-element_type=\"column\" data-e-type=\"column\">\n\t\t\t<div class=\"elementor-widget-wrap elementor-element-populated\">\n\t\t\t\t\t\t<div class=\"elementor-element elementor-element-9ff8da0 elementor-widget elementor-widget-shortcode\" data-id=\"9ff8da0\" data-element_type=\"widget\" data-e-type=\"widget\" data-widget_type=\"shortcode.default\">\n\t\t\t\t<div class=\"elementor-widget-container\">\n\t\t\t\t\t\t\t<div class=\"elementor-shortcode\">[product-catalogue id=\"4\"]<\/div>\n\t\t\t\t\t\t<\/div>\n\t\t\t\t<\/div>\n\t\t\t\t\t<\/div>\n\t\t<\/div>\n\t\t\t\t\t<\/div>\n\t\t<\/section>\n\t\t\t\t<\/div>\n\t\t","protected":false},"excerpt":{"rendered":"<p>Les groupes \u00e9lectrog\u00e8nes Ghaddar motoris\u00e9s par Kubota offrent une puissance robuste et efficace. Les moteurs Kubota \u00e9quipant les groupes \u00e9lectrog\u00e8nes Ghaddar pr\u00e9sentent d\u2019excellentes caract\u00e9ristiques et performances. Tr\u00e8s r\u00e9put\u00e9s pour leur robustesse, fruit de la technologie japonaise et de normes de &hellip;<\/p>\n","protected":false},"author":1,"featured_media":21880,"parent":0,"menu_order":1,"comment_status":"closed","ping_status":"closed","template":"elementor_header_footer","meta":{"om_disable_all_campaigns":false,"_monsterinsights_skip_tracking":false,"_monsterinsights_sitenote_active":false,"_monsterinsights_sitenote_note":"","_monsterinsights_sitenote_category":0,"_joinchat":[],"footnotes":""},"class_list":["post-22016","page","type-page","status-publish","has-post-thumbnail","hentry"],"aioseo_notices":[],"aioseo_head":"\n\t\t<!-- All in One SEO Pro 4.9.6.2 - aioseo.com -->\n\t<meta name=\"robots\" content=\"max-image-preview:large\" \/>\n\t<meta name=\"google-site-verification\" content=\"xXdckFbQ_HYNNOdLXQYzAXe5ku6fqzTVXg4pgEX0AKg\" \/>\n\t<link rel=\"canonical\" href=\"https:\/\/ghaddar.com\/fr\/groupes-electrogenes-ghaddar-motorises-par-kubota\/\" \/>\n\t<meta name=\"generator\" content=\"All in One SEO Pro (AIOSEO) 4.9.6.2\" \/>\n\t\t<meta property=\"og:locale\" content=\"fr_FR\" \/>\n\t\t<meta property=\"og:site_name\" content=\"Ghaddar Machinery Co. | Powering Generations!\" \/>\n\t\t<meta property=\"og:type\" content=\"article\" \/>\n\t\t<meta property=\"og:title\" content=\"Groupes \u00e9lectrog\u00e8nes Ghaddar motoris\u00e9s par Kubota | Ghaddar Machinery Co.\" \/>\n\t\t<meta property=\"og:url\" content=\"https:\/\/ghaddar.com\/fr\/groupes-electrogenes-ghaddar-motorises-par-kubota\/\" \/>\n\t\t<meta property=\"og:image\" content=\"https:\/\/ghaddar.com\/wp-content\/uploads\/2022\/06\/slider5-V.3.jpg\" \/>\n\t\t<meta property=\"og:image:secure_url\" content=\"https:\/\/ghaddar.com\/wp-content\/uploads\/2022\/06\/slider5-V.3.jpg\" \/>\n\t\t<meta property=\"og:image:width\" content=\"1920\" \/>\n\t\t<meta property=\"og:image:height\" content=\"670\" \/>\n\t\t<meta property=\"article:published_time\" content=\"2022-04-04T13:44:53+00:00\" \/>\n\t\t<meta property=\"article:modified_time\" content=\"2026-03-19T19:59:29+00:00\" \/>\n\t\t<meta property=\"article:publisher\" content=\"https:\/\/www.facebook.com\/GhaddarMachineryCo\" \/>\n\t\t<meta name=\"twitter:card\" content=\"summary\" \/>\n\t\t<meta name=\"twitter:site\" content=\"@ghaddarco\" \/>\n\t\t<meta name=\"twitter:title\" content=\"Groupes \u00e9lectrog\u00e8nes Ghaddar motoris\u00e9s par Kubota | Ghaddar Machinery Co.\" \/>\n\t\t<meta name=\"twitter:creator\" content=\"@ghaddarco\" \/>\n\t\t<meta name=\"twitter:image\" content=\"https:\/\/ghaddar.com\/wp-content\/uploads\/2022\/06\/slider5-V.3.jpg\" \/>\n\t\t<script type=\"application\/ld+json\" class=\"aioseo-schema\">\n\t\t\t{\"@context\":\"https:\\\/\\\/schema.org\",\"@graph\":[{\"@type\":\"BreadcrumbList\",\"@id\":\"https:\\\/\\\/ghaddar.com\\\/fr\\\/groupes-electrogenes-ghaddar-motorises-par-kubota\\\/#breadcrumblist\",\"itemListElement\":[{\"@type\":\"ListItem\",\"@id\":\"https:\\\/\\\/ghaddar.com\\\/fr\\\/#listItem\",\"position\":1,\"name\":\"Home\",\"item\":\"https:\\\/\\\/ghaddar.com\\\/fr\\\/\",\"nextItem\":{\"@type\":\"ListItem\",\"@id\":\"https:\\\/\\\/ghaddar.com\\\/fr\\\/groupes-electrogenes-ghaddar-motorises-par-kubota\\\/#listItem\",\"name\":\"Groupes \\u00e9lectrog\\u00e8nes Ghaddar motoris\\u00e9s par Kubota\"}},{\"@type\":\"ListItem\",\"@id\":\"https:\\\/\\\/ghaddar.com\\\/fr\\\/groupes-electrogenes-ghaddar-motorises-par-kubota\\\/#listItem\",\"position\":2,\"name\":\"Groupes \\u00e9lectrog\\u00e8nes Ghaddar motoris\\u00e9s par Kubota\",\"previousItem\":{\"@type\":\"ListItem\",\"@id\":\"https:\\\/\\\/ghaddar.com\\\/fr\\\/#listItem\",\"name\":\"Home\"}}]},{\"@type\":\"Organization\",\"@id\":\"https:\\\/\\\/ghaddar.com\\\/fr\\\/#organization\",\"name\":\"Ghaddar Machinery Co.\",\"description\":\"Powering Generations!\",\"url\":\"https:\\\/\\\/ghaddar.com\\\/fr\\\/\",\"telephone\":\"+9617220000\",\"logo\":{\"@type\":\"ImageObject\",\"url\":\"https:\\\/\\\/ghaddar.com\\\/wp-content\\\/uploads\\\/2022\\\/02\\\/ghaddar-corporate-logo.png\",\"@id\":\"https:\\\/\\\/ghaddar.com\\\/fr\\\/groupes-electrogenes-ghaddar-motorises-par-kubota\\\/#organizationLogo\",\"width\":320,\"height\":56,\"caption\":\"Ghaddar Machinery Logo\"},\"image\":{\"@id\":\"https:\\\/\\\/ghaddar.com\\\/fr\\\/groupes-electrogenes-ghaddar-motorises-par-kubota\\\/#organizationLogo\"},\"sameAs\":[\"https:\\\/\\\/www.facebook.com\\\/GhaddarMachineryCo\",\"https:\\\/\\\/twitter.com\\\/ghaddarco\",\"https:\\\/\\\/www.instagram.com\\\/ghaddar.machinery.co\\\/\",\"https:\\\/\\\/www.youtube.com\\\/channel\\\/UCvE1XDzhZ2LQoSb-fLjVGLg\",\"https:\\\/\\\/www.linkedin.com\\\/company\\\/ghaddar-machinery-co\\\/\"]},{\"@type\":\"WebPage\",\"@id\":\"https:\\\/\\\/ghaddar.com\\\/fr\\\/groupes-electrogenes-ghaddar-motorises-par-kubota\\\/#webpage\",\"url\":\"https:\\\/\\\/ghaddar.com\\\/fr\\\/groupes-electrogenes-ghaddar-motorises-par-kubota\\\/\",\"name\":\"Groupes \\u00e9lectrog\\u00e8nes Ghaddar motoris\\u00e9s par Kubota | Ghaddar Machinery Co.\",\"inLanguage\":\"fr-FR\",\"isPartOf\":{\"@id\":\"https:\\\/\\\/ghaddar.com\\\/fr\\\/#website\"},\"breadcrumb\":{\"@id\":\"https:\\\/\\\/ghaddar.com\\\/fr\\\/groupes-electrogenes-ghaddar-motorises-par-kubota\\\/#breadcrumblist\"},\"image\":{\"@type\":\"ImageObject\",\"url\":\"https:\\\/\\\/ghaddar.com\\\/wp-content\\\/uploads\\\/2019\\\/08\\\/Kubota-Genset-650x525-1.jpg\",\"@id\":\"https:\\\/\\\/ghaddar.com\\\/fr\\\/groupes-electrogenes-ghaddar-motorises-par-kubota\\\/#mainImage\",\"width\":650,\"height\":525,\"caption\":\"Ghaddar Machinery# Groupes \\u00e9lectrog\\u00e8nes# Solutions d\\u00e9nergie# Moteurs diesel# Kubota\"},\"primaryImageOfPage\":{\"@id\":\"https:\\\/\\\/ghaddar.com\\\/fr\\\/groupes-electrogenes-ghaddar-motorises-par-kubota\\\/#mainImage\"},\"datePublished\":\"2022-04-04T16:44:53+03:00\",\"dateModified\":\"2026-03-19T21:59:29+02:00\"},{\"@type\":\"WebSite\",\"@id\":\"https:\\\/\\\/ghaddar.com\\\/fr\\\/#website\",\"url\":\"https:\\\/\\\/ghaddar.com\\\/fr\\\/\",\"name\":\"Ghaddar Machinery Co.\",\"description\":\"Powering Generations!\",\"inLanguage\":\"fr-FR\",\"publisher\":{\"@id\":\"https:\\\/\\\/ghaddar.com\\\/fr\\\/#organization\"}}]}\n\t\t<\/script>\n\t\t<!-- All in One SEO Pro -->\r\n\t\t<title>Groupes \u00e9lectrog\u00e8nes Ghaddar motoris\u00e9s par Kubota | Ghaddar Machinery Co.<\/title>\n\n","aioseo_head_json":{"title":"Groupes \u00e9lectrog\u00e8nes Ghaddar motoris\u00e9s par Kubota | Ghaddar Machinery Co.","description":"","canonical_url":"https:\/\/ghaddar.com\/fr\/groupes-electrogenes-ghaddar-motorises-par-kubota\/","robots":"max-image-preview:large","keywords":"","webmasterTools":{"google-site-verification":"xXdckFbQ_HYNNOdLXQYzAXe5ku6fqzTVXg4pgEX0AKg","miscellaneous":""},"schema":{"@context":"https:\/\/schema.org","@graph":[{"@type":"BreadcrumbList","@id":"https:\/\/ghaddar.com\/fr\/groupes-electrogenes-ghaddar-motorises-par-kubota\/#breadcrumblist","itemListElement":[{"@type":"ListItem","@id":"https:\/\/ghaddar.com\/fr\/#listItem","position":1,"name":"Home","item":"https:\/\/ghaddar.com\/fr\/","nextItem":{"@type":"ListItem","@id":"https:\/\/ghaddar.com\/fr\/groupes-electrogenes-ghaddar-motorises-par-kubota\/#listItem","name":"Groupes \u00e9lectrog\u00e8nes Ghaddar motoris\u00e9s par Kubota"}},{"@type":"ListItem","@id":"https:\/\/ghaddar.com\/fr\/groupes-electrogenes-ghaddar-motorises-par-kubota\/#listItem","position":2,"name":"Groupes \u00e9lectrog\u00e8nes Ghaddar motoris\u00e9s par Kubota","previousItem":{"@type":"ListItem","@id":"https:\/\/ghaddar.com\/fr\/#listItem","name":"Home"}}]},{"@type":"Organization","@id":"https:\/\/ghaddar.com\/fr\/#organization","name":"Ghaddar Machinery Co.","description":"Powering Generations!","url":"https:\/\/ghaddar.com\/fr\/","telephone":"+9617220000","logo":{"@type":"ImageObject","url":"https:\/\/ghaddar.com\/wp-content\/uploads\/2022\/02\/ghaddar-corporate-logo.png","@id":"https:\/\/ghaddar.com\/fr\/groupes-electrogenes-ghaddar-motorises-par-kubota\/#organizationLogo","width":320,"height":56,"caption":"Ghaddar Machinery Logo"},"image":{"@id":"https:\/\/ghaddar.com\/fr\/groupes-electrogenes-ghaddar-motorises-par-kubota\/#organizationLogo"},"sameAs":["https:\/\/www.facebook.com\/GhaddarMachineryCo","https:\/\/twitter.com\/ghaddarco","https:\/\/www.instagram.com\/ghaddar.machinery.co\/","https:\/\/www.youtube.com\/channel\/UCvE1XDzhZ2LQoSb-fLjVGLg","https:\/\/www.linkedin.com\/company\/ghaddar-machinery-co\/"]},{"@type":"WebPage","@id":"https:\/\/ghaddar.com\/fr\/groupes-electrogenes-ghaddar-motorises-par-kubota\/#webpage","url":"https:\/\/ghaddar.com\/fr\/groupes-electrogenes-ghaddar-motorises-par-kubota\/","name":"Groupes \u00e9lectrog\u00e8nes Ghaddar motoris\u00e9s par Kubota | Ghaddar Machinery Co.","inLanguage":"fr-FR","isPartOf":{"@id":"https:\/\/ghaddar.com\/fr\/#website"},"breadcrumb":{"@id":"https:\/\/ghaddar.com\/fr\/groupes-electrogenes-ghaddar-motorises-par-kubota\/#breadcrumblist"},"image":{"@type":"ImageObject","url":"https:\/\/ghaddar.com\/wp-content\/uploads\/2019\/08\/Kubota-Genset-650x525-1.jpg","@id":"https:\/\/ghaddar.com\/fr\/groupes-electrogenes-ghaddar-motorises-par-kubota\/#mainImage","width":650,"height":525,"caption":"Ghaddar Machinery# Groupes \u00e9lectrog\u00e8nes# Solutions d\u00e9nergie# Moteurs diesel# Kubota"},"primaryImageOfPage":{"@id":"https:\/\/ghaddar.com\/fr\/groupes-electrogenes-ghaddar-motorises-par-kubota\/#mainImage"},"datePublished":"2022-04-04T16:44:53+03:00","dateModified":"2026-03-19T21:59:29+02:00"},{"@type":"WebSite","@id":"https:\/\/ghaddar.com\/fr\/#website","url":"https:\/\/ghaddar.com\/fr\/","name":"Ghaddar Machinery Co.","description":"Powering Generations!","inLanguage":"fr-FR","publisher":{"@id":"https:\/\/ghaddar.com\/fr\/#organization"}}]},"og:locale":"fr_FR","og:site_name":"Ghaddar Machinery Co. | Powering Generations!","og:type":"article","og:title":"Groupes \u00e9lectrog\u00e8nes Ghaddar motoris\u00e9s par Kubota | Ghaddar Machinery Co.","og:url":"https:\/\/ghaddar.com\/fr\/groupes-electrogenes-ghaddar-motorises-par-kubota\/","og:image":"https:\/\/ghaddar.com\/wp-content\/uploads\/2022\/06\/slider5-V.3.jpg","og:image:secure_url":"https:\/\/ghaddar.com\/wp-content\/uploads\/2022\/06\/slider5-V.3.jpg","og:image:width":1920,"og:image:height":670,"article:published_time":"2022-04-04T13:44:53+00:00","article:modified_time":"2026-03-19T19:59:29+00:00","article:publisher":"https:\/\/www.facebook.com\/GhaddarMachineryCo","twitter:card":"summary","twitter:site":"@ghaddarco","twitter:title":"Groupes \u00e9lectrog\u00e8nes Ghaddar motoris\u00e9s par Kubota | Ghaddar Machinery Co.","twitter:creator":"@ghaddarco","twitter:image":"https:\/\/ghaddar.com\/wp-content\/uploads\/2022\/06\/slider5-V.3.jpg"},"aioseo_meta_data":{"post_id":"22016","title":null,"description":null,"keywords":null,"keyphrases":null,"primary_term":null,"canonical_url":null,"og_title":null,"og_description":null,"og_object_type":"default","og_image_type":"default","og_image_url":null,"og_image_width":null,"og_image_height":null,"og_image_custom_url":null,"og_image_custom_fields":null,"og_video":null,"og_custom_url":null,"og_article_section":null,"og_article_tags":null,"twitter_use_og":false,"twitter_card":"default","twitter_image_type":"default","twitter_image_url":null,"twitter_image_custom_url":null,"twitter_image_custom_fields":null,"twitter_title":null,"twitter_description":null,"schema":{"blockGraphs":[],"customGraphs":[],"default":{"data":{"Article":[],"Course":[],"Dataset":[],"FAQPage":[],"Movie":[],"Person":[],"Product":[],"ProductReview":[],"Car":[],"Recipe":[],"Service":[],"SoftwareApplication":[],"WebPage":[]},"graphName":"WebPage","isEnabled":true},"graphs":[]},"schema_type":"default","schema_type_options":null,"pillar_content":false,"robots_default":true,"robots_noindex":false,"robots_noarchive":false,"robots_nosnippet":false,"robots_nofollow":false,"robots_noimageindex":false,"robots_noodp":false,"robots_notranslate":false,"robots_max_snippet":null,"robots_max_videopreview":null,"robots_max_imagepreview":"large","priority":null,"frequency":null,"local_seo":null,"seo_analyzer_scan_date":"2026-04-17 14:45:51","breadcrumb_settings":null,"limit_modified_date":false,"reviewed_by":null,"open_ai":null,"ai":null,"created":"2026-04-16 13:20:47","updated":"2026-04-20 14:24:45"},"_links":{"self":[{"href":"https:\/\/ghaddar.com\/fr\/wp-json\/wp\/v2\/pages\/22016","targetHints":{"allow":["GET"]}}],"collection":[{"href":"https:\/\/ghaddar.com\/fr\/wp-json\/wp\/v2\/pages"}],"about":[{"href":"https:\/\/ghaddar.com\/fr\/wp-json\/wp\/v2\/types\/page"}],"author":[{"embeddable":true,"href":"https:\/\/ghaddar.com\/fr\/wp-json\/wp\/v2\/users\/1"}],"replies":[{"embeddable":true,"href":"https:\/\/ghaddar.com\/fr\/wp-json\/wp\/v2\/comments?post=22016"}],"version-history":[{"count":1,"href":"https:\/\/ghaddar.com\/fr\/wp-json\/wp\/v2\/pages\/22016\/revisions"}],"predecessor-version":[{"id":22018,"href":"https:\/\/ghaddar.com\/fr\/wp-json\/wp\/v2\/pages\/22016\/revisions\/22018"}],"wp:featuredmedia":[{"embeddable":true,"href":"https:\/\/ghaddar.com\/fr\/wp-json\/wp\/v2\/media\/21880"}],"wp:attachment":[{"href":"https:\/\/ghaddar.com\/fr\/wp-json\/wp\/v2\/media?parent=22016"}],"curies":[{"name":"wp","href":"https:\/\/api.w.org\/{rel}","templated":true}]}}