{"id":22157,"date":"2020-03-16T13:04:08","date_gmt":"2020-03-16T11:04:08","guid":{"rendered":"https:\/\/ghaddar.com\/a-propos-de-nous\/"},"modified":"2026-03-19T22:04:31","modified_gmt":"2026-03-19T20:04:31","slug":"a-propos-de-nous","status":"publish","type":"page","link":"https:\/\/ghaddar.com\/fr\/a-propos-de-nous\/","title":{"rendered":"\u00c0 propos de nous"},"content":{"rendered":"\t\t<div data-elementor-type=\"wp-page\" data-elementor-id=\"22157\" class=\"elementor elementor-22157 elementor-94\" data-elementor-post-type=\"page\">\n\t\t\t\t\t\t<section class=\"elementor-section elementor-top-section elementor-element elementor-element-d4735f3 elementor-section-boxed elementor-section-height-default elementor-section-height-default\" data-id=\"d4735f3\" data-element_type=\"section\" data-e-type=\"section\">\n\t\t\t\t\t\t<div class=\"elementor-container elementor-column-gap-default\">\n\t\t\t\t\t<div class=\"elementor-column elementor-col-50 elementor-top-column elementor-element elementor-element-b46ca0a\" data-id=\"b46ca0a\" data-element_type=\"column\" data-e-type=\"column\">\n\t\t\t<div class=\"elementor-widget-wrap elementor-element-populated\">\n\t\t\t\t\t\t<div class=\"elementor-element elementor-element-d817781 elementor-widget elementor-widget-heading\" data-id=\"d817781\" data-element_type=\"widget\" data-e-type=\"widget\" data-widget_type=\"heading.default\">\n\t\t\t\t<div class=\"elementor-widget-container\">\n\t\t\t\t\t<h3 class='heading-left  divider-sm'  style=\"color:#000000\"><span>\u00c0 PROPOS D\u2019INDUSTRIAL<\/span><\/h3>\t\t\t\t<\/div>\n\t\t\t\t<\/div>\n\t\t\t\t<div class=\"elementor-element elementor-element-2e39c59 elementor-widget elementor-widget-text-editor\" data-id=\"2e39c59\" data-element_type=\"widget\" data-e-type=\"widget\" data-widget_type=\"text-editor.default\">\n\t\t\t\t<div class=\"elementor-widget-container\">\n\t\t\t\t\t\t\t\t\t<p><em>Lorem ipsum dolor sit amet, consectetur adipiscing elit. Mauris a enim aliquam, condimentum nisl a, laoreet lectus. Aliquam convallis sed elit nec vehicula. Praesent gravida, massa sit amet ullamcorper fringilla, tortor nunc ultrices dui, in tristique leo leo sed massa.  <\/em><\/p><p>Quisque et lectus pulvinar, porttitor mi non, elementum dui. Morbi mi nisl, tincidunt sed venenatis eget, finibus eu mauris. Nullam nisi lacus, feugiat eget varius eget, pellentesque dictum odio. Sed sollicitudin viverra est, at aliquam metus ultrices id. Duis eu purus vel nisl commodo facilisis vitae ut lectus.    <\/p><p>Sed elementum dapibus tellus, a dictum metus interdum ac. Nullam condimentum, dui volutpat fringilla molestie, libero tortor ultrices lorem, at tempus diam purus non velit. Aliquam vel nulla eleifend, consequat elit id, tristique massa. Fusce dolor velit, blandit ac erat ac, vestibulum ornare diam. Sed sollicitudin viverra est, at aliquam metus ultrices id.    <\/p>\t\t\t\t\t\t\t\t<\/div>\n\t\t\t\t<\/div>\n\t\t\t\t\t<\/div>\n\t\t<\/div>\n\t\t\t\t<div class=\"elementor-column elementor-col-50 elementor-top-column elementor-element elementor-element-6606ae0\" data-id=\"6606ae0\" data-element_type=\"column\" data-e-type=\"column\">\n\t\t\t<div class=\"elementor-widget-wrap elementor-element-populated\">\n\t\t\t\t\t\t<div class=\"elementor-element elementor-element-6fd0c6d elementor-widget elementor-widget-spacer\" data-id=\"6fd0c6d\" data-element_type=\"widget\" data-e-type=\"widget\" data-widget_type=\"spacer.default\">\n\t\t\t\t<div class=\"elementor-widget-container\">\n\t\t\t\t\t\t\t<div class=\"elementor-spacer\">\n\t\t\t<div class=\"elementor-spacer-inner\"><\/div>\n\t\t<\/div>\n\t\t\t\t\t\t<\/div>\n\t\t\t\t<\/div>\n\t\t\t\t<div class=\"elementor-element elementor-element-6f7810d elementor-widget elementor-widget-image\" data-id=\"6f7810d\" data-element_type=\"widget\" data-e-type=\"widget\" data-widget_type=\"image.default\">\n\t\t\t\t<div class=\"elementor-widget-container\">\n\t\t\t\t\t\t\t\t\t\t\t\t\t\t\t<img loading=\"lazy\" decoding=\"async\" width=\"590\" height=\"394\" src=\"https:\/\/ghaddar.com\/wp-content\/uploads\/2020\/03\/aboutus-2.jpg\" class=\"attachment-large size-large wp-image-22158\" alt=\"\" srcset=\"https:\/\/ghaddar.com\/wp-content\/uploads\/2020\/03\/aboutus-2.jpg 590w, https:\/\/ghaddar.com\/wp-content\/uploads\/2020\/03\/aboutus-2-300x200.jpg 300w\" sizes=\"auto, (max-width: 590px) 100vw, 590px\" \/>\t\t\t\t\t\t\t\t\t\t\t\t\t\t\t<\/div>\n\t\t\t\t<\/div>\n\t\t\t\t\t<\/div>\n\t\t<\/div>\n\t\t\t\t\t<\/div>\n\t\t<\/section>\n\t\t\t\t<section class=\"elementor-section elementor-top-section elementor-element elementor-element-1eee019 elementor-section-boxed elementor-section-height-default elementor-section-height-default\" data-id=\"1eee019\" data-element_type=\"section\" data-e-type=\"section\">\n\t\t\t\t\t\t<div class=\"elementor-container elementor-column-gap-default\">\n\t\t\t\t\t<div class=\"elementor-column elementor-col-100 elementor-top-column elementor-element elementor-element-7d5c711\" data-id=\"7d5c711\" data-element_type=\"column\" data-e-type=\"column\">\n\t\t\t<div class=\"elementor-widget-wrap elementor-element-populated\">\n\t\t\t\t\t\t<div class=\"elementor-element elementor-element-6c72cc1 elementor-widget elementor-widget-heading\" data-id=\"6c72cc1\" data-element_type=\"widget\" data-e-type=\"widget\" data-widget_type=\"heading.default\">\n\t\t\t\t<div class=\"elementor-widget-container\">\n\t\t\t\t\t<h3 class='heading-left  divider-sm'  style=\"color:#000000\"><span>HISTORIQUE DE L\u2019ENTREPRISE<\/span><\/h3>\t\t\t\t<\/div>\n\t\t\t\t<\/div>\n\t\t\t\t<div class=\"elementor-element elementor-element-674c835 elementor-widget elementor-widget-timeline\" data-id=\"674c835\" data-element_type=\"widget\" data-e-type=\"widget\" data-widget_type=\"timeline.default\">\n\t\t\t\t<div class=\"elementor-widget-container\">\n\t\t\t\t\t<div class='timeline'><div class=\"timeline-item\"><div class=\"timeline-year\">1982<\/div><div class=\"timeline-content\"><h3 class=\"timeline-title\">Des d\u00e9buts modestes <\/h3><div class=\"timeline-text\">Lorem ipsum dolor sit amet, consectetur adipiscing elit. Pellentesque ut maximus orci. Curabitur feugiat scelerisque bibendum. Cras auctor scelerisque metus quis lobortis. Donec ut imperdiet diam. Vestibulum ante ipsum primis in faucibus orci luctus et ultrices posuere cubilia Curae; Mauris tincidunt justo nisi, a viverra enim mollis non.    <\/div><\/div><\/div><div class=\"timeline-item\"><div class=\"timeline-year\">1995<\/div><div class=\"timeline-content\"><h3 class=\"timeline-title\">Nouveau si\u00e8ge<\/h3><div class=\"timeline-text\">Lorem ipsum dolor sit amet, consectetur adipiscing elit. Pellentesque ut maximus orci. Curabitur feugiat scelerisque bibendum. Cras auctor scelerisque metus quis lobortis. Donec ut imperdiet diam. Vestibulum ante ipsum primis in faucibus orci luctus et ultrices posuere cubilia Curae; Mauris tincidunt justo nisi, a viverra enim mollis non.    <\/div><\/div><\/div><div class=\"timeline-item\"><div class=\"timeline-year\">2010<\/div><div class=\"timeline-content\"><h3 class=\"timeline-title\">Ouverture de 5 nouveaux sites<\/h3><div class=\"timeline-text\">Lorem ipsum dolor sit amet, consectetur adipiscing elit. Pellentesque ut maximus orci. Curabitur feugiat scelerisque bibendum. Cras auctor scelerisque metus quis lobortis. Donec ut imperdiet diam. Vestibulum ante ipsum primis in faucibus orci luctus et ultrices posuere cubilia Curae; Mauris tincidunt justo nisi, a viverra enim mollis non.    <\/div><\/div><\/div><div class=\"timeline-item\"><div class=\"timeline-year\">2016<\/div><div class=\"timeline-content\"><h3 class=\"timeline-title\">Couverture mondiale<\/h3><div class=\"timeline-text\">Lorem ipsum dolor sit amet, consectetur adipiscing elit. Pellentesque ut maximus orci. Curabitur feugiat scelerisque bibendum. Cras auctor scelerisque metus quis lobortis. Donec ut imperdiet diam. Vestibulum ante ipsum primis in faucibus orci luctus et ultrices posuere cubilia Curae; Mauris tincidunt justo nisi, a viverra enim mollis non.    <\/div><\/div><\/div><\/div>\t\t\t\t<\/div>\n\t\t\t\t<\/div>\n\t\t\t\t\t<\/div>\n\t\t<\/div>\n\t\t\t\t\t<\/div>\n\t\t<\/section>\n\t\t\t\t<section class=\"elementor-section elementor-top-section elementor-element elementor-element-adc6d88 elementor-section-boxed elementor-section-height-default elementor-section-height-default\" data-id=\"adc6d88\" data-element_type=\"section\" data-e-type=\"section\">\n\t\t\t\t\t\t<div class=\"elementor-container elementor-column-gap-default\">\n\t\t\t\t\t<div class=\"elementor-column elementor-col-100 elementor-top-column elementor-element elementor-element-0daa6c7\" data-id=\"0daa6c7\" data-element_type=\"column\" data-e-type=\"column\">\n\t\t\t<div class=\"elementor-widget-wrap elementor-element-populated\">\n\t\t\t\t\t\t<div class=\"elementor-element elementor-element-758559a elementor-widget elementor-widget-heading\" data-id=\"758559a\" data-element_type=\"widget\" data-e-type=\"widget\" data-widget_type=\"heading.default\">\n\t\t\t\t<div class=\"elementor-widget-container\">\n\t\t\t\t\t<h3 class='heading-left  divider-sm'  style=\"color:#000000\"><span>\u00c9QUIPE EXP\u00c9RIMENT\u00c9E<\/span><\/h3>\t\t\t\t<\/div>\n\t\t\t\t<\/div>\n\t\t\t\t\t<\/div>\n\t\t<\/div>\n\t\t\t\t\t<\/div>\n\t\t<\/section>\n\t\t\t\t<section class=\"elementor-section elementor-top-section elementor-element elementor-element-ac4b0a8 elementor-section-boxed elementor-section-height-default elementor-section-height-default\" data-id=\"ac4b0a8\" data-element_type=\"section\" data-e-type=\"section\">\n\t\t\t\t\t\t<div class=\"elementor-container elementor-column-gap-default\">\n\t\t\t\t\t<div class=\"elementor-column elementor-col-100 elementor-top-column elementor-element elementor-element-142b98d\" data-id=\"142b98d\" data-element_type=\"column\" data-e-type=\"column\">\n\t\t\t<div class=\"elementor-widget-wrap elementor-element-populated\">\n\t\t\t\t\t\t<div class=\"elementor-element elementor-element-956c385 elementor-widget elementor-widget-team\" data-id=\"956c385\" data-element_type=\"widget\" data-e-type=\"widget\" data-widget_type=\"team.default\">\n\t\t\t\t<div class=\"elementor-widget-container\">\n\t\t\t\t\t<div class='team team-col-3'><\/div>\t\t\t\t<\/div>\n\t\t\t\t<\/div>\n\t\t\t\t\t<\/div>\n\t\t<\/div>\n\t\t\t\t\t<\/div>\n\t\t<\/section>\n\t\t\t\t<section class=\"elementor-section elementor-top-section elementor-element elementor-element-f33ba7c elementor-section-stretched elementor-section-boxed elementor-section-height-default elementor-section-height-default\" data-id=\"f33ba7c\" data-element_type=\"section\" data-e-type=\"section\" data-settings=\"{&quot;stretch_section&quot;:&quot;section-stretched&quot;,&quot;background_background&quot;:&quot;classic&quot;}\">\n\t\t\t\t\t\t<div class=\"elementor-container elementor-column-gap-no\">\n\t\t\t\t\t<div class=\"elementor-column elementor-col-100 elementor-top-column elementor-element elementor-element-3c5383f\" data-id=\"3c5383f\" data-element_type=\"column\" data-e-type=\"column\">\n\t\t\t<div class=\"elementor-widget-wrap elementor-element-populated\">\n\t\t\t\t\t\t<div class=\"elementor-element elementor-element-287a588 elementor-widget elementor-widget-download\" data-id=\"287a588\" data-element_type=\"widget\" data-e-type=\"widget\" data-widget_type=\"download.default\">\n\t\t\t\t<div class=\"elementor-widget-container\">\n\t\t\t\t\t<div class=\"download\"><div class='download-content text-uppercase' style='color: #FFFFFF'><i class='fa far fa-file-pdf'><\/i> T\u00c9L\u00c9CHARGEZ UN CATALOGUE COMPLET DE NOS SERVICES ET DES SP\u00c9CIFICATIONS DE NOS PROJETS<\/div><a target='_blank' href='#' class='btn btn-md btn-dark btn-shadow'><i class='fa fas fa-cloud-download-alt'><\/i> T\u00e9l\u00e9charger<\/a><\/div>\t\t\t\t<\/div>\n\t\t\t\t<\/div>\n\t\t\t\t\t<\/div>\n\t\t<\/div>\n\t\t\t\t\t<\/div>\n\t\t<\/section>\n\t\t\t\t<\/div>\n\t\t","protected":false},"excerpt":{"rendered":"<p>\u00c0 PROPOS D\u2019INDUSTRIAL Lorem ipsum dolor sit amet, consectetur adipiscing elit. Mauris a enim aliquam, condimentum nisl a, laoreet lectus. Aliquam convallis sed elit nec vehicula. Praesent gravida, massa sit amet ullamcorper fringilla, tortor nunc ultrices dui, in tristique leo &hellip;<\/p>\n","protected":false},"author":1,"featured_media":0,"parent":0,"menu_order":0,"comment_status":"closed","ping_status":"closed","template":"","meta":{"om_disable_all_campaigns":false,"_monsterinsights_skip_tracking":false,"_monsterinsights_sitenote_active":false,"_monsterinsights_sitenote_note":"","_monsterinsights_sitenote_category":0,"_joinchat":[],"footnotes":""},"class_list":["post-22157","page","type-page","status-publish","hentry"],"aioseo_notices":[],"aioseo_head":"\n\t\t<!-- All in One SEO Pro 4.9.6.2 - aioseo.com -->\n\t<meta name=\"robots\" content=\"max-image-preview:large\" \/>\n\t<meta name=\"google-site-verification\" content=\"xXdckFbQ_HYNNOdLXQYzAXe5ku6fqzTVXg4pgEX0AKg\" \/>\n\t<link rel=\"canonical\" href=\"https:\/\/ghaddar.com\/fr\/a-propos-de-nous\/\" \/>\n\t<meta name=\"generator\" content=\"All in One SEO Pro (AIOSEO) 4.9.6.2\" \/>\n\t\t<meta property=\"og:locale\" content=\"fr_FR\" \/>\n\t\t<meta property=\"og:site_name\" content=\"Ghaddar Machinery Co. | Powering Generations!\" \/>\n\t\t<meta property=\"og:type\" content=\"article\" \/>\n\t\t<meta property=\"og:title\" content=\"\u00c0 propos de nous | Ghaddar Machinery Co.\" \/>\n\t\t<meta property=\"og:url\" content=\"https:\/\/ghaddar.com\/fr\/a-propos-de-nous\/\" \/>\n\t\t<meta property=\"og:image\" content=\"https:\/\/ghaddar.com\/wp-content\/uploads\/2022\/06\/slider5-V.3.jpg\" \/>\n\t\t<meta property=\"og:image:secure_url\" content=\"https:\/\/ghaddar.com\/wp-content\/uploads\/2022\/06\/slider5-V.3.jpg\" \/>\n\t\t<meta property=\"og:image:width\" content=\"1920\" \/>\n\t\t<meta property=\"og:image:height\" content=\"670\" \/>\n\t\t<meta property=\"article:published_time\" content=\"2020-03-16T11:04:08+00:00\" \/>\n\t\t<meta property=\"article:modified_time\" content=\"2026-03-19T20:04:31+00:00\" \/>\n\t\t<meta property=\"article:publisher\" content=\"https:\/\/www.facebook.com\/GhaddarMachineryCo\" \/>\n\t\t<meta name=\"twitter:card\" content=\"summary\" \/>\n\t\t<meta name=\"twitter:site\" content=\"@ghaddarco\" \/>\n\t\t<meta name=\"twitter:title\" content=\"\u00c0 propos de nous | Ghaddar Machinery Co.\" \/>\n\t\t<meta name=\"twitter:creator\" content=\"@ghaddarco\" \/>\n\t\t<meta name=\"twitter:image\" content=\"https:\/\/ghaddar.com\/wp-content\/uploads\/2022\/06\/slider5-V.3.jpg\" \/>\n\t\t<script type=\"application\/ld+json\" class=\"aioseo-schema\">\n\t\t\t{\"@context\":\"https:\\\/\\\/schema.org\",\"@graph\":[{\"@type\":\"BreadcrumbList\",\"@id\":\"https:\\\/\\\/ghaddar.com\\\/fr\\\/a-propos-de-nous\\\/#breadcrumblist\",\"itemListElement\":[{\"@type\":\"ListItem\",\"@id\":\"https:\\\/\\\/ghaddar.com\\\/fr\\\/#listItem\",\"position\":1,\"name\":\"Home\",\"item\":\"https:\\\/\\\/ghaddar.com\\\/fr\\\/\",\"nextItem\":{\"@type\":\"ListItem\",\"@id\":\"https:\\\/\\\/ghaddar.com\\\/fr\\\/a-propos-de-nous\\\/#listItem\",\"name\":\"\\u00c0 propos de nous\"}},{\"@type\":\"ListItem\",\"@id\":\"https:\\\/\\\/ghaddar.com\\\/fr\\\/a-propos-de-nous\\\/#listItem\",\"position\":2,\"name\":\"\\u00c0 propos de nous\",\"previousItem\":{\"@type\":\"ListItem\",\"@id\":\"https:\\\/\\\/ghaddar.com\\\/fr\\\/#listItem\",\"name\":\"Home\"}}]},{\"@type\":\"Organization\",\"@id\":\"https:\\\/\\\/ghaddar.com\\\/fr\\\/#organization\",\"name\":\"Ghaddar Machinery Co.\",\"description\":\"Powering Generations!\",\"url\":\"https:\\\/\\\/ghaddar.com\\\/fr\\\/\",\"telephone\":\"+9617220000\",\"logo\":{\"@type\":\"ImageObject\",\"url\":\"https:\\\/\\\/ghaddar.com\\\/wp-content\\\/uploads\\\/2022\\\/02\\\/ghaddar-corporate-logo.png\",\"@id\":\"https:\\\/\\\/ghaddar.com\\\/fr\\\/a-propos-de-nous\\\/#organizationLogo\",\"width\":320,\"height\":56,\"caption\":\"Ghaddar Machinery Logo\"},\"image\":{\"@id\":\"https:\\\/\\\/ghaddar.com\\\/fr\\\/a-propos-de-nous\\\/#organizationLogo\"},\"sameAs\":[\"https:\\\/\\\/www.facebook.com\\\/GhaddarMachineryCo\",\"https:\\\/\\\/twitter.com\\\/ghaddarco\",\"https:\\\/\\\/www.instagram.com\\\/ghaddar.machinery.co\\\/\",\"https:\\\/\\\/www.youtube.com\\\/channel\\\/UCvE1XDzhZ2LQoSb-fLjVGLg\",\"https:\\\/\\\/www.linkedin.com\\\/company\\\/ghaddar-machinery-co\\\/\"]},{\"@type\":\"WebPage\",\"@id\":\"https:\\\/\\\/ghaddar.com\\\/fr\\\/a-propos-de-nous\\\/#webpage\",\"url\":\"https:\\\/\\\/ghaddar.com\\\/fr\\\/a-propos-de-nous\\\/\",\"name\":\"\\u00c0 propos de nous | Ghaddar Machinery Co.\",\"inLanguage\":\"fr-FR\",\"isPartOf\":{\"@id\":\"https:\\\/\\\/ghaddar.com\\\/fr\\\/#website\"},\"breadcrumb\":{\"@id\":\"https:\\\/\\\/ghaddar.com\\\/fr\\\/a-propos-de-nous\\\/#breadcrumblist\"},\"datePublished\":\"2020-03-16T13:04:08+02:00\",\"dateModified\":\"2026-03-19T22:04:31+02:00\"},{\"@type\":\"WebSite\",\"@id\":\"https:\\\/\\\/ghaddar.com\\\/fr\\\/#website\",\"url\":\"https:\\\/\\\/ghaddar.com\\\/fr\\\/\",\"name\":\"Ghaddar Machinery Co.\",\"description\":\"Powering Generations!\",\"inLanguage\":\"fr-FR\",\"publisher\":{\"@id\":\"https:\\\/\\\/ghaddar.com\\\/fr\\\/#organization\"}}]}\n\t\t<\/script>\n\t\t<!-- All in One SEO Pro -->\r\n\t\t<title>\u00c0 propos de nous | Ghaddar Machinery Co.<\/title>\n\n","aioseo_head_json":{"title":"\u00c0 propos de nous | Ghaddar Machinery Co.","description":"","canonical_url":"https:\/\/ghaddar.com\/fr\/a-propos-de-nous\/","robots":"max-image-preview:large","keywords":"","webmasterTools":{"google-site-verification":"xXdckFbQ_HYNNOdLXQYzAXe5ku6fqzTVXg4pgEX0AKg","miscellaneous":""},"schema":{"@context":"https:\/\/schema.org","@graph":[{"@type":"BreadcrumbList","@id":"https:\/\/ghaddar.com\/fr\/a-propos-de-nous\/#breadcrumblist","itemListElement":[{"@type":"ListItem","@id":"https:\/\/ghaddar.com\/fr\/#listItem","position":1,"name":"Home","item":"https:\/\/ghaddar.com\/fr\/","nextItem":{"@type":"ListItem","@id":"https:\/\/ghaddar.com\/fr\/a-propos-de-nous\/#listItem","name":"\u00c0 propos de nous"}},{"@type":"ListItem","@id":"https:\/\/ghaddar.com\/fr\/a-propos-de-nous\/#listItem","position":2,"name":"\u00c0 propos de nous","previousItem":{"@type":"ListItem","@id":"https:\/\/ghaddar.com\/fr\/#listItem","name":"Home"}}]},{"@type":"Organization","@id":"https:\/\/ghaddar.com\/fr\/#organization","name":"Ghaddar Machinery Co.","description":"Powering Generations!","url":"https:\/\/ghaddar.com\/fr\/","telephone":"+9617220000","logo":{"@type":"ImageObject","url":"https:\/\/ghaddar.com\/wp-content\/uploads\/2022\/02\/ghaddar-corporate-logo.png","@id":"https:\/\/ghaddar.com\/fr\/a-propos-de-nous\/#organizationLogo","width":320,"height":56,"caption":"Ghaddar Machinery Logo"},"image":{"@id":"https:\/\/ghaddar.com\/fr\/a-propos-de-nous\/#organizationLogo"},"sameAs":["https:\/\/www.facebook.com\/GhaddarMachineryCo","https:\/\/twitter.com\/ghaddarco","https:\/\/www.instagram.com\/ghaddar.machinery.co\/","https:\/\/www.youtube.com\/channel\/UCvE1XDzhZ2LQoSb-fLjVGLg","https:\/\/www.linkedin.com\/company\/ghaddar-machinery-co\/"]},{"@type":"WebPage","@id":"https:\/\/ghaddar.com\/fr\/a-propos-de-nous\/#webpage","url":"https:\/\/ghaddar.com\/fr\/a-propos-de-nous\/","name":"\u00c0 propos de nous | Ghaddar Machinery Co.","inLanguage":"fr-FR","isPartOf":{"@id":"https:\/\/ghaddar.com\/fr\/#website"},"breadcrumb":{"@id":"https:\/\/ghaddar.com\/fr\/a-propos-de-nous\/#breadcrumblist"},"datePublished":"2020-03-16T13:04:08+02:00","dateModified":"2026-03-19T22:04:31+02:00"},{"@type":"WebSite","@id":"https:\/\/ghaddar.com\/fr\/#website","url":"https:\/\/ghaddar.com\/fr\/","name":"Ghaddar Machinery Co.","description":"Powering Generations!","inLanguage":"fr-FR","publisher":{"@id":"https:\/\/ghaddar.com\/fr\/#organization"}}]},"og:locale":"fr_FR","og:site_name":"Ghaddar Machinery Co. | Powering Generations!","og:type":"article","og:title":"\u00c0 propos de nous | Ghaddar Machinery Co.","og:url":"https:\/\/ghaddar.com\/fr\/a-propos-de-nous\/","og:image":"https:\/\/ghaddar.com\/wp-content\/uploads\/2022\/06\/slider5-V.3.jpg","og:image:secure_url":"https:\/\/ghaddar.com\/wp-content\/uploads\/2022\/06\/slider5-V.3.jpg","og:image:width":1920,"og:image:height":670,"article:published_time":"2020-03-16T11:04:08+00:00","article:modified_time":"2026-03-19T20:04:31+00:00","article:publisher":"https:\/\/www.facebook.com\/GhaddarMachineryCo","twitter:card":"summary","twitter:site":"@ghaddarco","twitter:title":"\u00c0 propos de nous | Ghaddar Machinery Co.","twitter:creator":"@ghaddarco","twitter:image":"https:\/\/ghaddar.com\/wp-content\/uploads\/2022\/06\/slider5-V.3.jpg"},"aioseo_meta_data":{"post_id":"22157","title":null,"description":null,"keywords":null,"keyphrases":null,"primary_term":null,"canonical_url":null,"og_title":null,"og_description":null,"og_object_type":"default","og_image_type":"default","og_image_url":null,"og_image_width":null,"og_image_height":null,"og_image_custom_url":null,"og_image_custom_fields":null,"og_video":null,"og_custom_url":null,"og_article_section":null,"og_article_tags":null,"twitter_use_og":false,"twitter_card":"default","twitter_image_type":"default","twitter_image_url":null,"twitter_image_custom_url":null,"twitter_image_custom_fields":null,"twitter_title":null,"twitter_description":null,"schema":{"blockGraphs":[],"customGraphs":[],"default":{"data":{"Article":[],"Course":[],"Dataset":[],"FAQPage":[],"Movie":[],"Person":[],"Product":[],"ProductReview":[],"Car":[],"Recipe":[],"Service":[],"SoftwareApplication":[],"WebPage":[]},"graphName":"WebPage","isEnabled":true},"graphs":[]},"schema_type":"default","schema_type_options":null,"pillar_content":false,"robots_default":true,"robots_noindex":false,"robots_noarchive":false,"robots_nosnippet":false,"robots_nofollow":false,"robots_noimageindex":false,"robots_noodp":false,"robots_notranslate":false,"robots_max_snippet":null,"robots_max_videopreview":null,"robots_max_imagepreview":"large","priority":null,"frequency":null,"local_seo":null,"seo_analyzer_scan_date":"2026-04-17 15:13:07","breadcrumb_settings":null,"limit_modified_date":false,"reviewed_by":null,"open_ai":null,"ai":null,"created":"2026-04-16 13:20:47","updated":"2026-04-20 14:16:55"},"_links":{"self":[{"href":"https:\/\/ghaddar.com\/fr\/wp-json\/wp\/v2\/pages\/22157","targetHints":{"allow":["GET"]}}],"collection":[{"href":"https:\/\/ghaddar.com\/fr\/wp-json\/wp\/v2\/pages"}],"about":[{"href":"https:\/\/ghaddar.com\/fr\/wp-json\/wp\/v2\/types\/page"}],"author":[{"embeddable":true,"href":"https:\/\/ghaddar.com\/fr\/wp-json\/wp\/v2\/users\/1"}],"replies":[{"embeddable":true,"href":"https:\/\/ghaddar.com\/fr\/wp-json\/wp\/v2\/comments?post=22157"}],"version-history":[{"count":1,"href":"https:\/\/ghaddar.com\/fr\/wp-json\/wp\/v2\/pages\/22157\/revisions"}],"predecessor-version":[{"id":22159,"href":"https:\/\/ghaddar.com\/fr\/wp-json\/wp\/v2\/pages\/22157\/revisions\/22159"}],"wp:attachment":[{"href":"https:\/\/ghaddar.com\/fr\/wp-json\/wp\/v2\/media?parent=22157"}],"curies":[{"name":"wp","href":"https:\/\/api.w.org\/{rel}","templated":true}]}}