{"id":22160,"date":"2019-01-08T14:24:53","date_gmt":"2019-01-08T12:24:53","guid":{"rendered":"https:\/\/ghaddar.com\/groupes-electrogenes-ghaddar-motorises-par-cummins\/"},"modified":"2026-03-19T22:23:07","modified_gmt":"2026-03-19T20:23:07","slug":"groupes-electrogenes-ghaddar-motorises-par-cummins","status":"publish","type":"page","link":"https:\/\/ghaddar.com\/fr\/produits\/groupes-electrogenes-ghaddar-motorises-par-cummins\/","title":{"rendered":"Groupes \u00e9lectrog\u00e8nes Ghaddar motoris\u00e9s par Cummins"},"content":{"rendered":"\t\t<div data-elementor-type=\"wp-page\" data-elementor-id=\"22160\" class=\"elementor elementor-22160 elementor-9652\" data-elementor-post-type=\"page\">\n\t\t\t\t\t\t<section class=\"elementor-section elementor-top-section elementor-element elementor-element-f35db65 elementor-section-boxed elementor-section-height-default elementor-section-height-default\" data-id=\"f35db65\" data-element_type=\"section\" data-e-type=\"section\">\n\t\t\t\t\t\t<div class=\"elementor-container elementor-column-gap-default\">\n\t\t\t\t\t<div class=\"elementor-column elementor-col-50 elementor-top-column elementor-element elementor-element-7162a192\" data-id=\"7162a192\" data-element_type=\"column\" data-e-type=\"column\">\n\t\t\t<div class=\"elementor-widget-wrap elementor-element-populated\">\n\t\t\t\t\t\t<div class=\"elementor-element elementor-element-3ca2423e elementor-widget elementor-widget-spacer\" data-id=\"3ca2423e\" data-element_type=\"widget\" data-e-type=\"widget\" data-widget_type=\"spacer.default\">\n\t\t\t\t<div class=\"elementor-widget-container\">\n\t\t\t\t\t\t\t<div class=\"elementor-spacer\">\n\t\t\t<div class=\"elementor-spacer-inner\"><\/div>\n\t\t<\/div>\n\t\t\t\t\t\t<\/div>\n\t\t\t\t<\/div>\n\t\t\t\t<div class=\"elementor-element elementor-element-562159b4 elementor-widget elementor-widget-image\" data-id=\"562159b4\" data-element_type=\"widget\" data-e-type=\"widget\" data-widget_type=\"image.default\">\n\t\t\t\t<div class=\"elementor-widget-container\">\n\t\t\t\t\t\t\t\t\t\t\t\t\t\t\t<img loading=\"lazy\" decoding=\"async\" width=\"768\" height=\"512\" src=\"https:\/\/ghaddar.com\/wp-content\/uploads\/2019\/02\/Cummins-Powered-Genset-768x512.jpg\" class=\"attachment-medium_large size-medium_large wp-image-21910\" alt=\"\" srcset=\"https:\/\/ghaddar.com\/wp-content\/uploads\/2019\/02\/Cummins-Powered-Genset-768x512.jpg 768w, https:\/\/ghaddar.com\/wp-content\/uploads\/2019\/02\/Cummins-Powered-Genset-600x400.jpg 600w, https:\/\/ghaddar.com\/wp-content\/uploads\/2019\/02\/Cummins-Powered-Genset-300x200.jpg 300w, https:\/\/ghaddar.com\/wp-content\/uploads\/2019\/02\/Cummins-Powered-Genset-1024x683.jpg 1024w, https:\/\/ghaddar.com\/wp-content\/uploads\/2019\/02\/Cummins-Powered-Genset-1080x720.jpg 1080w, https:\/\/ghaddar.com\/wp-content\/uploads\/2019\/02\/Cummins-Powered-Genset.jpg 1200w\" sizes=\"auto, (max-width: 768px) 100vw, 768px\" \/>\t\t\t\t\t\t\t\t\t\t\t\t\t\t\t<\/div>\n\t\t\t\t<\/div>\n\t\t\t\t\t<\/div>\n\t\t<\/div>\n\t\t\t\t<div class=\"elementor-column elementor-col-50 elementor-top-column elementor-element elementor-element-300f09b7\" data-id=\"300f09b7\" data-element_type=\"column\" data-e-type=\"column\">\n\t\t\t<div class=\"elementor-widget-wrap elementor-element-populated\">\n\t\t\t\t\t\t<div class=\"elementor-element elementor-element-4547ede elementor-widget elementor-widget-spacer\" data-id=\"4547ede\" data-element_type=\"widget\" data-e-type=\"widget\" data-widget_type=\"spacer.default\">\n\t\t\t\t<div class=\"elementor-widget-container\">\n\t\t\t\t\t\t\t<div class=\"elementor-spacer\">\n\t\t\t<div class=\"elementor-spacer-inner\"><\/div>\n\t\t<\/div>\n\t\t\t\t\t\t<\/div>\n\t\t\t\t<\/div>\n\t\t\t\t<div class=\"elementor-element elementor-element-2afd91c elementor-widget elementor-widget-spacer\" data-id=\"2afd91c\" data-element_type=\"widget\" data-e-type=\"widget\" data-widget_type=\"spacer.default\">\n\t\t\t\t<div class=\"elementor-widget-container\">\n\t\t\t\t\t\t\t<div class=\"elementor-spacer\">\n\t\t\t<div class=\"elementor-spacer-inner\"><\/div>\n\t\t<\/div>\n\t\t\t\t\t\t<\/div>\n\t\t\t\t<\/div>\n\t\t\t\t<div class=\"elementor-element elementor-element-254a6a2f elementor-widget elementor-widget-text-editor\" data-id=\"254a6a2f\" data-element_type=\"widget\" data-e-type=\"widget\" data-widget_type=\"text-editor.default\">\n\t\t\t\t<div class=\"elementor-widget-container\">\n\t\t\t\t\t\t\t\t\t<p>Les groupes \u00e9lectrog\u00e8nes Ghaddar motoris\u00e9s par des moteurs <strong>Cummins G-Drive<\/strong>, qui constituent la force motrice des groupes \u00e9lectrog\u00e8nes dans le monde depuis plus de 80 ans, offrent des solutions d\u2019alimentation essentielles \u00e0 une vari\u00e9t\u00e9 de march\u00e9s, notamment <strong>l\u2019industrie<\/strong>, le <strong>secteur commercial<\/strong>, les <strong>soins de sant\u00e9<\/strong> et les <strong>t\u00e9l\u00e9communications<\/strong>. Les moteurs Cummins G-Drive mont\u00e9s sur les groupes \u00e9lectrog\u00e8nes Ghaddar b\u00e9n\u00e9ficient d\u2019un niveau de support technique et de service apr\u00e8s-vente sans compromis, assur\u00e9 par un r\u00e9seau de classe mondiale, pour une tranquillit\u00e9 d\u2019esprit totale. <\/p>\t\t\t\t\t\t\t\t<\/div>\n\t\t\t\t<\/div>\n\t\t\t\t\t<\/div>\n\t\t<\/div>\n\t\t\t\t\t<\/div>\n\t\t<\/section>\n\t\t\t\t<section class=\"elementor-section elementor-top-section elementor-element elementor-element-397656f elementor-section-boxed elementor-section-height-default elementor-section-height-default\" data-id=\"397656f\" data-element_type=\"section\" data-e-type=\"section\">\n\t\t\t\t\t\t<div class=\"elementor-container elementor-column-gap-default\">\n\t\t\t\t\t<div class=\"elementor-column elementor-col-100 elementor-top-column elementor-element elementor-element-208771c\" data-id=\"208771c\" data-element_type=\"column\" data-e-type=\"column\">\n\t\t\t<div class=\"elementor-widget-wrap elementor-element-populated\">\n\t\t\t\t\t\t<div class=\"elementor-element elementor-element-4fc65183 elementor-widget elementor-widget-spacer\" data-id=\"4fc65183\" data-element_type=\"widget\" data-e-type=\"widget\" data-widget_type=\"spacer.default\">\n\t\t\t\t<div class=\"elementor-widget-container\">\n\t\t\t\t\t\t\t<div class=\"elementor-spacer\">\n\t\t\t<div class=\"elementor-spacer-inner\"><\/div>\n\t\t<\/div>\n\t\t\t\t\t\t<\/div>\n\t\t\t\t<\/div>\n\t\t\t\t<div class=\"elementor-element elementor-element-82583d8 elementor-widget elementor-widget-shortcode\" data-id=\"82583d8\" data-element_type=\"widget\" data-e-type=\"widget\" data-widget_type=\"shortcode.default\">\n\t\t\t\t<div class=\"elementor-widget-container\">\n\t\t\t\t\t\t\t<div class=\"elementor-shortcode\">[product-catalogue id=\"3\"]<\/div>\n\t\t\t\t\t\t<\/div>\n\t\t\t\t<\/div>\n\t\t\t\t\t<\/div>\n\t\t<\/div>\n\t\t\t\t\t<\/div>\n\t\t<\/section>\n\t\t\t\t<\/div>\n\t\t","protected":false},"excerpt":{"rendered":"<p>Les groupes \u00e9lectrog\u00e8nes Ghaddar motoris\u00e9s par des moteurs Cummins G-Drive, qui constituent la force motrice des groupes \u00e9lectrog\u00e8nes dans le monde depuis plus de 80 ans, offrent des solutions d\u2019alimentation essentielles \u00e0 une vari\u00e9t\u00e9 de march\u00e9s, notamment l\u2019industrie, le secteur &hellip;<\/p>\n","protected":false},"author":1,"featured_media":21910,"parent":22483,"menu_order":3,"comment_status":"closed","ping_status":"closed","template":"","meta":{"om_disable_all_campaigns":false,"_monsterinsights_skip_tracking":false,"_monsterinsights_sitenote_active":false,"_monsterinsights_sitenote_note":"","_monsterinsights_sitenote_category":0,"_joinchat":[],"footnotes":""},"class_list":["post-22160","page","type-page","status-publish","has-post-thumbnail","hentry"],"aioseo_notices":[],"aioseo_head":"\n\t\t<!-- All in One SEO Pro 4.9.6.2 - aioseo.com -->\n\t<meta name=\"robots\" content=\"max-image-preview:large\" \/>\n\t<meta name=\"google-site-verification\" content=\"xXdckFbQ_HYNNOdLXQYzAXe5ku6fqzTVXg4pgEX0AKg\" \/>\n\t<link rel=\"canonical\" href=\"https:\/\/ghaddar.com\/fr\/produits\/groupes-electrogenes-ghaddar-motorises-par-cummins\/\" \/>\n\t<meta name=\"generator\" content=\"All in One SEO Pro (AIOSEO) 4.9.6.2\" \/>\n\t\t<meta property=\"og:locale\" content=\"fr_FR\" \/>\n\t\t<meta property=\"og:site_name\" content=\"Ghaddar Machinery Co. | Powering Generations!\" \/>\n\t\t<meta property=\"og:type\" content=\"article\" \/>\n\t\t<meta property=\"og:title\" content=\"Groupes \u00e9lectrog\u00e8nes Ghaddar motoris\u00e9s par Cummins | Ghaddar Machinery Co.\" \/>\n\t\t<meta property=\"og:url\" content=\"https:\/\/ghaddar.com\/fr\/produits\/groupes-electrogenes-ghaddar-motorises-par-cummins\/\" \/>\n\t\t<meta property=\"og:image\" content=\"https:\/\/ghaddar.com\/wp-content\/uploads\/2022\/06\/slider5-V.3.jpg\" \/>\n\t\t<meta property=\"og:image:secure_url\" content=\"https:\/\/ghaddar.com\/wp-content\/uploads\/2022\/06\/slider5-V.3.jpg\" \/>\n\t\t<meta property=\"og:image:width\" content=\"1920\" \/>\n\t\t<meta property=\"og:image:height\" content=\"670\" \/>\n\t\t<meta property=\"article:published_time\" content=\"2019-01-08T12:24:53+00:00\" \/>\n\t\t<meta property=\"article:modified_time\" content=\"2026-03-19T20:23:07+00:00\" \/>\n\t\t<meta property=\"article:publisher\" content=\"https:\/\/www.facebook.com\/GhaddarMachineryCo\" \/>\n\t\t<meta name=\"twitter:card\" content=\"summary\" \/>\n\t\t<meta name=\"twitter:site\" content=\"@ghaddarco\" \/>\n\t\t<meta name=\"twitter:title\" content=\"Groupes \u00e9lectrog\u00e8nes Ghaddar motoris\u00e9s par Cummins | Ghaddar Machinery Co.\" \/>\n\t\t<meta name=\"twitter:creator\" content=\"@ghaddarco\" \/>\n\t\t<meta name=\"twitter:image\" content=\"https:\/\/ghaddar.com\/wp-content\/uploads\/2022\/06\/slider5-V.3.jpg\" \/>\n\t\t<script type=\"application\/ld+json\" class=\"aioseo-schema\">\n\t\t\t{\"@context\":\"https:\\\/\\\/schema.org\",\"@graph\":[{\"@type\":\"BreadcrumbList\",\"@id\":\"https:\\\/\\\/ghaddar.com\\\/fr\\\/produits\\\/groupes-electrogenes-ghaddar-motorises-par-cummins\\\/#breadcrumblist\",\"itemListElement\":[{\"@type\":\"ListItem\",\"@id\":\"https:\\\/\\\/ghaddar.com\\\/fr\\\/#listItem\",\"position\":1,\"name\":\"Home\",\"item\":\"https:\\\/\\\/ghaddar.com\\\/fr\\\/\",\"nextItem\":{\"@type\":\"ListItem\",\"@id\":\"https:\\\/\\\/ghaddar.com\\\/fr\\\/produits\\\/#listItem\",\"name\":\"Produits\"}},{\"@type\":\"ListItem\",\"@id\":\"https:\\\/\\\/ghaddar.com\\\/fr\\\/produits\\\/#listItem\",\"position\":2,\"name\":\"Produits\",\"item\":\"https:\\\/\\\/ghaddar.com\\\/fr\\\/produits\\\/\",\"nextItem\":{\"@type\":\"ListItem\",\"@id\":\"https:\\\/\\\/ghaddar.com\\\/fr\\\/produits\\\/groupes-electrogenes-ghaddar-motorises-par-cummins\\\/#listItem\",\"name\":\"Groupes \\u00e9lectrog\\u00e8nes Ghaddar motoris\\u00e9s par Cummins\"},\"previousItem\":{\"@type\":\"ListItem\",\"@id\":\"https:\\\/\\\/ghaddar.com\\\/fr\\\/#listItem\",\"name\":\"Home\"}},{\"@type\":\"ListItem\",\"@id\":\"https:\\\/\\\/ghaddar.com\\\/fr\\\/produits\\\/groupes-electrogenes-ghaddar-motorises-par-cummins\\\/#listItem\",\"position\":3,\"name\":\"Groupes \\u00e9lectrog\\u00e8nes Ghaddar motoris\\u00e9s par Cummins\",\"previousItem\":{\"@type\":\"ListItem\",\"@id\":\"https:\\\/\\\/ghaddar.com\\\/fr\\\/produits\\\/#listItem\",\"name\":\"Produits\"}}]},{\"@type\":\"Organization\",\"@id\":\"https:\\\/\\\/ghaddar.com\\\/fr\\\/#organization\",\"name\":\"Ghaddar Machinery Co.\",\"description\":\"Powering Generations!\",\"url\":\"https:\\\/\\\/ghaddar.com\\\/fr\\\/\",\"telephone\":\"+9617220000\",\"logo\":{\"@type\":\"ImageObject\",\"url\":\"https:\\\/\\\/ghaddar.com\\\/wp-content\\\/uploads\\\/2022\\\/02\\\/ghaddar-corporate-logo.png\",\"@id\":\"https:\\\/\\\/ghaddar.com\\\/fr\\\/produits\\\/groupes-electrogenes-ghaddar-motorises-par-cummins\\\/#organizationLogo\",\"width\":320,\"height\":56,\"caption\":\"Ghaddar Machinery Logo\"},\"image\":{\"@id\":\"https:\\\/\\\/ghaddar.com\\\/fr\\\/produits\\\/groupes-electrogenes-ghaddar-motorises-par-cummins\\\/#organizationLogo\"},\"sameAs\":[\"https:\\\/\\\/www.facebook.com\\\/GhaddarMachineryCo\",\"https:\\\/\\\/twitter.com\\\/ghaddarco\",\"https:\\\/\\\/www.instagram.com\\\/ghaddar.machinery.co\\\/\",\"https:\\\/\\\/www.youtube.com\\\/channel\\\/UCvE1XDzhZ2LQoSb-fLjVGLg\",\"https:\\\/\\\/www.linkedin.com\\\/company\\\/ghaddar-machinery-co\\\/\"]},{\"@type\":\"WebPage\",\"@id\":\"https:\\\/\\\/ghaddar.com\\\/fr\\\/produits\\\/groupes-electrogenes-ghaddar-motorises-par-cummins\\\/#webpage\",\"url\":\"https:\\\/\\\/ghaddar.com\\\/fr\\\/produits\\\/groupes-electrogenes-ghaddar-motorises-par-cummins\\\/\",\"name\":\"Groupes \\u00e9lectrog\\u00e8nes Ghaddar motoris\\u00e9s par Cummins | Ghaddar Machinery Co.\",\"inLanguage\":\"fr-FR\",\"isPartOf\":{\"@id\":\"https:\\\/\\\/ghaddar.com\\\/fr\\\/#website\"},\"breadcrumb\":{\"@id\":\"https:\\\/\\\/ghaddar.com\\\/fr\\\/produits\\\/groupes-electrogenes-ghaddar-motorises-par-cummins\\\/#breadcrumblist\"},\"image\":{\"@type\":\"ImageObject\",\"url\":\"https:\\\/\\\/ghaddar.com\\\/wp-content\\\/uploads\\\/2019\\\/02\\\/Cummins-Powered-Genset.jpg\",\"@id\":\"https:\\\/\\\/ghaddar.com\\\/fr\\\/produits\\\/groupes-electrogenes-ghaddar-motorises-par-cummins\\\/#mainImage\",\"width\":1200,\"height\":800,\"caption\":\"Groupe \\u00e9lectrog\\u00e8ne Cummins, KTA50-G3\"},\"primaryImageOfPage\":{\"@id\":\"https:\\\/\\\/ghaddar.com\\\/fr\\\/produits\\\/groupes-electrogenes-ghaddar-motorises-par-cummins\\\/#mainImage\"},\"datePublished\":\"2019-01-08T14:24:53+02:00\",\"dateModified\":\"2026-03-19T22:23:07+02:00\"},{\"@type\":\"WebSite\",\"@id\":\"https:\\\/\\\/ghaddar.com\\\/fr\\\/#website\",\"url\":\"https:\\\/\\\/ghaddar.com\\\/fr\\\/\",\"name\":\"Ghaddar Machinery Co.\",\"description\":\"Powering Generations!\",\"inLanguage\":\"fr-FR\",\"publisher\":{\"@id\":\"https:\\\/\\\/ghaddar.com\\\/fr\\\/#organization\"}}]}\n\t\t<\/script>\n\t\t<!-- All in One SEO Pro -->\r\n\t\t<title>Groupes \u00e9lectrog\u00e8nes Ghaddar motoris\u00e9s par Cummins | Ghaddar Machinery Co.<\/title>\n\n","aioseo_head_json":{"title":"Groupes \u00e9lectrog\u00e8nes Ghaddar motoris\u00e9s par Cummins | Ghaddar Machinery Co.","description":"","canonical_url":"https:\/\/ghaddar.com\/fr\/produits\/groupes-electrogenes-ghaddar-motorises-par-cummins\/","robots":"max-image-preview:large","keywords":"","webmasterTools":{"google-site-verification":"xXdckFbQ_HYNNOdLXQYzAXe5ku6fqzTVXg4pgEX0AKg","miscellaneous":""},"schema":{"@context":"https:\/\/schema.org","@graph":[{"@type":"BreadcrumbList","@id":"https:\/\/ghaddar.com\/fr\/produits\/groupes-electrogenes-ghaddar-motorises-par-cummins\/#breadcrumblist","itemListElement":[{"@type":"ListItem","@id":"https:\/\/ghaddar.com\/fr\/#listItem","position":1,"name":"Home","item":"https:\/\/ghaddar.com\/fr\/","nextItem":{"@type":"ListItem","@id":"https:\/\/ghaddar.com\/fr\/produits\/#listItem","name":"Produits"}},{"@type":"ListItem","@id":"https:\/\/ghaddar.com\/fr\/produits\/#listItem","position":2,"name":"Produits","item":"https:\/\/ghaddar.com\/fr\/produits\/","nextItem":{"@type":"ListItem","@id":"https:\/\/ghaddar.com\/fr\/produits\/groupes-electrogenes-ghaddar-motorises-par-cummins\/#listItem","name":"Groupes \u00e9lectrog\u00e8nes Ghaddar motoris\u00e9s par Cummins"},"previousItem":{"@type":"ListItem","@id":"https:\/\/ghaddar.com\/fr\/#listItem","name":"Home"}},{"@type":"ListItem","@id":"https:\/\/ghaddar.com\/fr\/produits\/groupes-electrogenes-ghaddar-motorises-par-cummins\/#listItem","position":3,"name":"Groupes \u00e9lectrog\u00e8nes Ghaddar motoris\u00e9s par Cummins","previousItem":{"@type":"ListItem","@id":"https:\/\/ghaddar.com\/fr\/produits\/#listItem","name":"Produits"}}]},{"@type":"Organization","@id":"https:\/\/ghaddar.com\/fr\/#organization","name":"Ghaddar Machinery Co.","description":"Powering Generations!","url":"https:\/\/ghaddar.com\/fr\/","telephone":"+9617220000","logo":{"@type":"ImageObject","url":"https:\/\/ghaddar.com\/wp-content\/uploads\/2022\/02\/ghaddar-corporate-logo.png","@id":"https:\/\/ghaddar.com\/fr\/produits\/groupes-electrogenes-ghaddar-motorises-par-cummins\/#organizationLogo","width":320,"height":56,"caption":"Ghaddar Machinery Logo"},"image":{"@id":"https:\/\/ghaddar.com\/fr\/produits\/groupes-electrogenes-ghaddar-motorises-par-cummins\/#organizationLogo"},"sameAs":["https:\/\/www.facebook.com\/GhaddarMachineryCo","https:\/\/twitter.com\/ghaddarco","https:\/\/www.instagram.com\/ghaddar.machinery.co\/","https:\/\/www.youtube.com\/channel\/UCvE1XDzhZ2LQoSb-fLjVGLg","https:\/\/www.linkedin.com\/company\/ghaddar-machinery-co\/"]},{"@type":"WebPage","@id":"https:\/\/ghaddar.com\/fr\/produits\/groupes-electrogenes-ghaddar-motorises-par-cummins\/#webpage","url":"https:\/\/ghaddar.com\/fr\/produits\/groupes-electrogenes-ghaddar-motorises-par-cummins\/","name":"Groupes \u00e9lectrog\u00e8nes Ghaddar motoris\u00e9s par Cummins | Ghaddar Machinery Co.","inLanguage":"fr-FR","isPartOf":{"@id":"https:\/\/ghaddar.com\/fr\/#website"},"breadcrumb":{"@id":"https:\/\/ghaddar.com\/fr\/produits\/groupes-electrogenes-ghaddar-motorises-par-cummins\/#breadcrumblist"},"image":{"@type":"ImageObject","url":"https:\/\/ghaddar.com\/wp-content\/uploads\/2019\/02\/Cummins-Powered-Genset.jpg","@id":"https:\/\/ghaddar.com\/fr\/produits\/groupes-electrogenes-ghaddar-motorises-par-cummins\/#mainImage","width":1200,"height":800,"caption":"Groupe \u00e9lectrog\u00e8ne Cummins, KTA50-G3"},"primaryImageOfPage":{"@id":"https:\/\/ghaddar.com\/fr\/produits\/groupes-electrogenes-ghaddar-motorises-par-cummins\/#mainImage"},"datePublished":"2019-01-08T14:24:53+02:00","dateModified":"2026-03-19T22:23:07+02:00"},{"@type":"WebSite","@id":"https:\/\/ghaddar.com\/fr\/#website","url":"https:\/\/ghaddar.com\/fr\/","name":"Ghaddar Machinery Co.","description":"Powering Generations!","inLanguage":"fr-FR","publisher":{"@id":"https:\/\/ghaddar.com\/fr\/#organization"}}]},"og:locale":"fr_FR","og:site_name":"Ghaddar Machinery Co. | Powering Generations!","og:type":"article","og:title":"Groupes \u00e9lectrog\u00e8nes Ghaddar motoris\u00e9s par Cummins | Ghaddar Machinery Co.","og:url":"https:\/\/ghaddar.com\/fr\/produits\/groupes-electrogenes-ghaddar-motorises-par-cummins\/","og:image":"https:\/\/ghaddar.com\/wp-content\/uploads\/2022\/06\/slider5-V.3.jpg","og:image:secure_url":"https:\/\/ghaddar.com\/wp-content\/uploads\/2022\/06\/slider5-V.3.jpg","og:image:width":1920,"og:image:height":670,"article:published_time":"2019-01-08T12:24:53+00:00","article:modified_time":"2026-03-19T20:23:07+00:00","article:publisher":"https:\/\/www.facebook.com\/GhaddarMachineryCo","twitter:card":"summary","twitter:site":"@ghaddarco","twitter:title":"Groupes \u00e9lectrog\u00e8nes Ghaddar motoris\u00e9s par Cummins | Ghaddar Machinery Co.","twitter:creator":"@ghaddarco","twitter:image":"https:\/\/ghaddar.com\/wp-content\/uploads\/2022\/06\/slider5-V.3.jpg"},"aioseo_meta_data":{"post_id":"22160","title":null,"description":null,"keywords":null,"keyphrases":null,"primary_term":null,"canonical_url":null,"og_title":null,"og_description":null,"og_object_type":"default","og_image_type":"default","og_image_url":null,"og_image_width":null,"og_image_height":null,"og_image_custom_url":null,"og_image_custom_fields":null,"og_video":null,"og_custom_url":null,"og_article_section":null,"og_article_tags":null,"twitter_use_og":false,"twitter_card":"default","twitter_image_type":"default","twitter_image_url":null,"twitter_image_custom_url":null,"twitter_image_custom_fields":null,"twitter_title":null,"twitter_description":null,"schema":{"blockGraphs":[],"customGraphs":[],"default":{"data":{"Article":[],"Course":[],"Dataset":[],"FAQPage":[],"Movie":[],"Person":[],"Product":[],"ProductReview":[],"Car":[],"Recipe":[],"Service":[],"SoftwareApplication":[],"WebPage":[]},"graphName":"WebPage","isEnabled":true},"graphs":[]},"schema_type":"default","schema_type_options":null,"pillar_content":false,"robots_default":true,"robots_noindex":false,"robots_noarchive":false,"robots_nosnippet":false,"robots_nofollow":false,"robots_noimageindex":false,"robots_noodp":false,"robots_notranslate":false,"robots_max_snippet":null,"robots_max_videopreview":null,"robots_max_imagepreview":"large","priority":null,"frequency":null,"local_seo":null,"seo_analyzer_scan_date":"2026-04-17 15:14:48","breadcrumb_settings":null,"limit_modified_date":false,"reviewed_by":null,"open_ai":null,"ai":null,"created":"2026-04-16 13:20:47","updated":"2026-04-20 14:15:16"},"_links":{"self":[{"href":"https:\/\/ghaddar.com\/fr\/wp-json\/wp\/v2\/pages\/22160","targetHints":{"allow":["GET"]}}],"collection":[{"href":"https:\/\/ghaddar.com\/fr\/wp-json\/wp\/v2\/pages"}],"about":[{"href":"https:\/\/ghaddar.com\/fr\/wp-json\/wp\/v2\/types\/page"}],"author":[{"embeddable":true,"href":"https:\/\/ghaddar.com\/fr\/wp-json\/wp\/v2\/users\/1"}],"replies":[{"embeddable":true,"href":"https:\/\/ghaddar.com\/fr\/wp-json\/wp\/v2\/comments?post=22160"}],"version-history":[{"count":1,"href":"https:\/\/ghaddar.com\/fr\/wp-json\/wp\/v2\/pages\/22160\/revisions"}],"predecessor-version":[{"id":22164,"href":"https:\/\/ghaddar.com\/fr\/wp-json\/wp\/v2\/pages\/22160\/revisions\/22164"}],"up":[{"embeddable":true,"href":"https:\/\/ghaddar.com\/fr\/wp-json\/wp\/v2\/pages\/22483"}],"wp:featuredmedia":[{"embeddable":true,"href":"https:\/\/ghaddar.com\/fr\/wp-json\/wp\/v2\/media\/21910"}],"wp:attachment":[{"href":"https:\/\/ghaddar.com\/fr\/wp-json\/wp\/v2\/media?parent=22160"}],"curies":[{"name":"wp","href":"https:\/\/api.w.org\/{rel}","templated":true}]}}