{"id":22165,"date":"2018-12-25T15:48:19","date_gmt":"2018-12-25T13:48:19","guid":{"rendered":"https:\/\/ghaddar.com\/groupes-electrogenes-ghaddar-motorises-par-john-deere\/"},"modified":"2026-03-19T22:23:07","modified_gmt":"2026-03-19T20:23:07","slug":"groupes-electrogenes-ghaddar-motorises-par-john-deere","status":"publish","type":"page","link":"https:\/\/ghaddar.com\/fr\/produits\/groupes-electrogenes-ghaddar-motorises-par-john-deere\/","title":{"rendered":"Groupes \u00e9lectrog\u00e8nes Ghaddar motoris\u00e9s par John Deere"},"content":{"rendered":"\t\t<div data-elementor-type=\"wp-page\" data-elementor-id=\"22165\" class=\"elementor elementor-22165 elementor-9559\" data-elementor-post-type=\"page\">\n\t\t\t\t\t\t<section class=\"elementor-section elementor-top-section elementor-element elementor-element-90878a2 elementor-section-boxed elementor-section-height-default elementor-section-height-default\" data-id=\"90878a2\" data-element_type=\"section\" data-e-type=\"section\">\n\t\t\t\t\t\t<div class=\"elementor-container elementor-column-gap-default\">\n\t\t\t\t\t<div class=\"elementor-column elementor-col-50 elementor-top-column elementor-element elementor-element-cd4c3c5\" data-id=\"cd4c3c5\" data-element_type=\"column\" data-e-type=\"column\">\n\t\t\t<div class=\"elementor-widget-wrap elementor-element-populated\">\n\t\t\t\t\t\t<div class=\"elementor-element elementor-element-1f139143 elementor-widget elementor-widget-spacer\" data-id=\"1f139143\" data-element_type=\"widget\" data-e-type=\"widget\" data-widget_type=\"spacer.default\">\n\t\t\t\t<div class=\"elementor-widget-container\">\n\t\t\t\t\t\t\t<div class=\"elementor-spacer\">\n\t\t\t<div class=\"elementor-spacer-inner\"><\/div>\n\t\t<\/div>\n\t\t\t\t\t\t<\/div>\n\t\t\t\t<\/div>\n\t\t\t\t<div class=\"elementor-element elementor-element-45077e9a elementor-widget elementor-widget-image\" data-id=\"45077e9a\" data-element_type=\"widget\" data-e-type=\"widget\" data-widget_type=\"image.default\">\n\t\t\t\t<div class=\"elementor-widget-container\">\n\t\t\t\t\t\t\t\t\t\t\t\t\t\t\t<img decoding=\"async\" src=\"https:\/\/ghaddar.com\/wp-content\/uploads\/2020\/06\/DT30-small.png\" title=\"\" alt=\"\" loading=\"lazy\" \/>\t\t\t\t\t\t\t\t\t\t\t\t\t\t\t<\/div>\n\t\t\t\t<\/div>\n\t\t\t\t<div class=\"elementor-element elementor-element-54c23fd0 elementor-widget elementor-widget-spacer\" data-id=\"54c23fd0\" data-element_type=\"widget\" data-e-type=\"widget\" data-widget_type=\"spacer.default\">\n\t\t\t\t<div class=\"elementor-widget-container\">\n\t\t\t\t\t\t\t<div class=\"elementor-spacer\">\n\t\t\t<div class=\"elementor-spacer-inner\"><\/div>\n\t\t<\/div>\n\t\t\t\t\t\t<\/div>\n\t\t\t\t<\/div>\n\t\t\t\t\t<\/div>\n\t\t<\/div>\n\t\t\t\t<div class=\"elementor-column elementor-col-50 elementor-top-column elementor-element elementor-element-9b41169\" data-id=\"9b41169\" data-element_type=\"column\" data-e-type=\"column\">\n\t\t\t<div class=\"elementor-widget-wrap elementor-element-populated\">\n\t\t\t\t\t\t<div class=\"elementor-element elementor-element-e47ee58 elementor-widget elementor-widget-spacer\" data-id=\"e47ee58\" data-element_type=\"widget\" data-e-type=\"widget\" data-widget_type=\"spacer.default\">\n\t\t\t\t<div class=\"elementor-widget-container\">\n\t\t\t\t\t\t\t<div class=\"elementor-spacer\">\n\t\t\t<div class=\"elementor-spacer-inner\"><\/div>\n\t\t<\/div>\n\t\t\t\t\t\t<\/div>\n\t\t\t\t<\/div>\n\t\t\t\t<div class=\"elementor-element elementor-element-eb6c4f9 elementor-widget elementor-widget-spacer\" data-id=\"eb6c4f9\" data-element_type=\"widget\" data-e-type=\"widget\" data-widget_type=\"spacer.default\">\n\t\t\t\t<div class=\"elementor-widget-container\">\n\t\t\t\t\t\t\t<div class=\"elementor-spacer\">\n\t\t\t<div class=\"elementor-spacer-inner\"><\/div>\n\t\t<\/div>\n\t\t\t\t\t\t<\/div>\n\t\t\t\t<\/div>\n\t\t\t\t<div class=\"elementor-element elementor-element-69a2c52 elementor-widget elementor-widget-text-editor\" data-id=\"69a2c52\" data-element_type=\"widget\" data-e-type=\"widget\" data-widget_type=\"text-editor.default\">\n\t\t\t\t<div class=\"elementor-widget-container\">\n\t\t\t\t\t\t\t\t\t<p>John Deere poss\u00e8de une exp\u00e9rience in\u00e9gal\u00e9e dans la fourniture de<br><strong>moteurs fiables, robustes et performants<\/strong> qui<br>ne vous laisseront pas tomber, m\u00eame dans les conditions les plus extr\u00eames.<br>Vous pouvez compter sur un moteur John Deere pour <strong>des performances ininterrompues, une durabilit\u00e9 et <\/strong><strong>une \u00e9conomie de carburant imbattable<\/strong>. Ces moteurs sont con\u00e7us pour \u00eatre robustes, adapt\u00e9s \u00e0 nos conditions ambiantes difficiles. <\/p>\t\t\t\t\t\t\t\t<\/div>\n\t\t\t\t<\/div>\n\t\t\t\t\t<\/div>\n\t\t<\/div>\n\t\t\t\t\t<\/div>\n\t\t<\/section>\n\t\t\t\t<section class=\"elementor-section elementor-top-section elementor-element elementor-element-99763e8 elementor-section-boxed elementor-section-height-default elementor-section-height-default\" data-id=\"99763e8\" data-element_type=\"section\" data-e-type=\"section\">\n\t\t\t\t\t\t<div class=\"elementor-container elementor-column-gap-default\">\n\t\t\t\t\t<div class=\"elementor-column elementor-col-100 elementor-top-column elementor-element elementor-element-1a24eb7\" data-id=\"1a24eb7\" data-element_type=\"column\" data-e-type=\"column\">\n\t\t\t<div class=\"elementor-widget-wrap elementor-element-populated\">\n\t\t\t\t\t\t<div class=\"elementor-element elementor-element-ba54d69 elementor-widget elementor-widget-shortcode\" data-id=\"ba54d69\" data-element_type=\"widget\" data-e-type=\"widget\" data-widget_type=\"shortcode.default\">\n\t\t\t\t<div class=\"elementor-widget-container\">\n\t\t\t\t\t\t\t<div class=\"elementor-shortcode\">[product-catalogue id=\"1\"]<\/div>\n\t\t\t\t\t\t<\/div>\n\t\t\t\t<\/div>\n\t\t\t\t\t<\/div>\n\t\t<\/div>\n\t\t\t\t\t<\/div>\n\t\t<\/section>\n\t\t\t\t<\/div>\n\t\t","protected":false},"excerpt":{"rendered":"<p>John Deere poss\u00e8de une exp\u00e9rience in\u00e9gal\u00e9e dans la fourniture demoteurs fiables, robustes et performants quine vous laisseront pas tomber, m\u00eame dans les conditions les plus extr\u00eames.Vous pouvez compter sur un moteur John Deere pour des performances ininterrompues, une durabilit\u00e9 et &hellip;<\/p>\n","protected":false},"author":1,"featured_media":0,"parent":22483,"menu_order":2,"comment_status":"closed","ping_status":"closed","template":"","meta":{"om_disable_all_campaigns":false,"_monsterinsights_skip_tracking":false,"_monsterinsights_sitenote_active":false,"_monsterinsights_sitenote_note":"","_monsterinsights_sitenote_category":0,"_joinchat":[],"footnotes":""},"class_list":["post-22165","page","type-page","status-publish","hentry"],"aioseo_notices":[],"aioseo_head":"\n\t\t<!-- All in One SEO Pro 4.9.6.2 - aioseo.com -->\n\t<meta name=\"robots\" content=\"max-image-preview:large\" \/>\n\t<meta name=\"google-site-verification\" content=\"xXdckFbQ_HYNNOdLXQYzAXe5ku6fqzTVXg4pgEX0AKg\" \/>\n\t<link rel=\"canonical\" href=\"https:\/\/ghaddar.com\/fr\/produits\/groupes-electrogenes-ghaddar-motorises-par-john-deere\/\" \/>\n\t<meta name=\"generator\" content=\"All in One SEO Pro (AIOSEO) 4.9.6.2\" \/>\n\t\t<meta property=\"og:locale\" content=\"fr_FR\" \/>\n\t\t<meta property=\"og:site_name\" content=\"Ghaddar Machinery Co. | Powering Generations!\" \/>\n\t\t<meta property=\"og:type\" content=\"article\" \/>\n\t\t<meta property=\"og:title\" content=\"Groupes \u00e9lectrog\u00e8nes Ghaddar motoris\u00e9s par John Deere | Ghaddar Machinery Co.\" \/>\n\t\t<meta property=\"og:url\" content=\"https:\/\/ghaddar.com\/fr\/produits\/groupes-electrogenes-ghaddar-motorises-par-john-deere\/\" \/>\n\t\t<meta property=\"og:image\" content=\"https:\/\/ghaddar.com\/wp-content\/uploads\/2022\/06\/slider5-V.3.jpg\" \/>\n\t\t<meta property=\"og:image:secure_url\" content=\"https:\/\/ghaddar.com\/wp-content\/uploads\/2022\/06\/slider5-V.3.jpg\" \/>\n\t\t<meta property=\"og:image:width\" content=\"1920\" \/>\n\t\t<meta property=\"og:image:height\" content=\"670\" \/>\n\t\t<meta property=\"article:published_time\" content=\"2018-12-25T13:48:19+00:00\" \/>\n\t\t<meta property=\"article:modified_time\" content=\"2026-03-19T20:23:07+00:00\" \/>\n\t\t<meta property=\"article:publisher\" content=\"https:\/\/www.facebook.com\/GhaddarMachineryCo\" \/>\n\t\t<meta name=\"twitter:card\" content=\"summary\" \/>\n\t\t<meta name=\"twitter:site\" content=\"@ghaddarco\" \/>\n\t\t<meta name=\"twitter:title\" content=\"Groupes \u00e9lectrog\u00e8nes Ghaddar motoris\u00e9s par John Deere | Ghaddar Machinery Co.\" \/>\n\t\t<meta name=\"twitter:creator\" content=\"@ghaddarco\" \/>\n\t\t<meta name=\"twitter:image\" content=\"https:\/\/ghaddar.com\/wp-content\/uploads\/2022\/06\/slider5-V.3.jpg\" \/>\n\t\t<script type=\"application\/ld+json\" class=\"aioseo-schema\">\n\t\t\t{\"@context\":\"https:\\\/\\\/schema.org\",\"@graph\":[{\"@type\":\"BreadcrumbList\",\"@id\":\"https:\\\/\\\/ghaddar.com\\\/fr\\\/produits\\\/groupes-electrogenes-ghaddar-motorises-par-john-deere\\\/#breadcrumblist\",\"itemListElement\":[{\"@type\":\"ListItem\",\"@id\":\"https:\\\/\\\/ghaddar.com\\\/fr\\\/#listItem\",\"position\":1,\"name\":\"Home\",\"item\":\"https:\\\/\\\/ghaddar.com\\\/fr\\\/\",\"nextItem\":{\"@type\":\"ListItem\",\"@id\":\"https:\\\/\\\/ghaddar.com\\\/fr\\\/produits\\\/#listItem\",\"name\":\"Produits\"}},{\"@type\":\"ListItem\",\"@id\":\"https:\\\/\\\/ghaddar.com\\\/fr\\\/produits\\\/#listItem\",\"position\":2,\"name\":\"Produits\",\"item\":\"https:\\\/\\\/ghaddar.com\\\/fr\\\/produits\\\/\",\"nextItem\":{\"@type\":\"ListItem\",\"@id\":\"https:\\\/\\\/ghaddar.com\\\/fr\\\/produits\\\/groupes-electrogenes-ghaddar-motorises-par-john-deere\\\/#listItem\",\"name\":\"Groupes \\u00e9lectrog\\u00e8nes Ghaddar motoris\\u00e9s par John Deere\"},\"previousItem\":{\"@type\":\"ListItem\",\"@id\":\"https:\\\/\\\/ghaddar.com\\\/fr\\\/#listItem\",\"name\":\"Home\"}},{\"@type\":\"ListItem\",\"@id\":\"https:\\\/\\\/ghaddar.com\\\/fr\\\/produits\\\/groupes-electrogenes-ghaddar-motorises-par-john-deere\\\/#listItem\",\"position\":3,\"name\":\"Groupes \\u00e9lectrog\\u00e8nes Ghaddar motoris\\u00e9s par John Deere\",\"previousItem\":{\"@type\":\"ListItem\",\"@id\":\"https:\\\/\\\/ghaddar.com\\\/fr\\\/produits\\\/#listItem\",\"name\":\"Produits\"}}]},{\"@type\":\"Organization\",\"@id\":\"https:\\\/\\\/ghaddar.com\\\/fr\\\/#organization\",\"name\":\"Ghaddar Machinery Co.\",\"description\":\"Powering Generations!\",\"url\":\"https:\\\/\\\/ghaddar.com\\\/fr\\\/\",\"telephone\":\"+9617220000\",\"logo\":{\"@type\":\"ImageObject\",\"url\":\"https:\\\/\\\/ghaddar.com\\\/wp-content\\\/uploads\\\/2022\\\/02\\\/ghaddar-corporate-logo.png\",\"@id\":\"https:\\\/\\\/ghaddar.com\\\/fr\\\/produits\\\/groupes-electrogenes-ghaddar-motorises-par-john-deere\\\/#organizationLogo\",\"width\":320,\"height\":56,\"caption\":\"Ghaddar Machinery Logo\"},\"image\":{\"@id\":\"https:\\\/\\\/ghaddar.com\\\/fr\\\/produits\\\/groupes-electrogenes-ghaddar-motorises-par-john-deere\\\/#organizationLogo\"},\"sameAs\":[\"https:\\\/\\\/www.facebook.com\\\/GhaddarMachineryCo\",\"https:\\\/\\\/twitter.com\\\/ghaddarco\",\"https:\\\/\\\/www.instagram.com\\\/ghaddar.machinery.co\\\/\",\"https:\\\/\\\/www.youtube.com\\\/channel\\\/UCvE1XDzhZ2LQoSb-fLjVGLg\",\"https:\\\/\\\/www.linkedin.com\\\/company\\\/ghaddar-machinery-co\\\/\"]},{\"@type\":\"WebPage\",\"@id\":\"https:\\\/\\\/ghaddar.com\\\/fr\\\/produits\\\/groupes-electrogenes-ghaddar-motorises-par-john-deere\\\/#webpage\",\"url\":\"https:\\\/\\\/ghaddar.com\\\/fr\\\/produits\\\/groupes-electrogenes-ghaddar-motorises-par-john-deere\\\/\",\"name\":\"Groupes \\u00e9lectrog\\u00e8nes Ghaddar motoris\\u00e9s par John Deere | Ghaddar Machinery Co.\",\"inLanguage\":\"fr-FR\",\"isPartOf\":{\"@id\":\"https:\\\/\\\/ghaddar.com\\\/fr\\\/#website\"},\"breadcrumb\":{\"@id\":\"https:\\\/\\\/ghaddar.com\\\/fr\\\/produits\\\/groupes-electrogenes-ghaddar-motorises-par-john-deere\\\/#breadcrumblist\"},\"datePublished\":\"2018-12-25T15:48:19+02:00\",\"dateModified\":\"2026-03-19T22:23:07+02:00\"},{\"@type\":\"WebSite\",\"@id\":\"https:\\\/\\\/ghaddar.com\\\/fr\\\/#website\",\"url\":\"https:\\\/\\\/ghaddar.com\\\/fr\\\/\",\"name\":\"Ghaddar Machinery Co.\",\"description\":\"Powering Generations!\",\"inLanguage\":\"fr-FR\",\"publisher\":{\"@id\":\"https:\\\/\\\/ghaddar.com\\\/fr\\\/#organization\"}}]}\n\t\t<\/script>\n\t\t<!-- All in One SEO Pro -->\r\n\t\t<title>Groupes \u00e9lectrog\u00e8nes Ghaddar motoris\u00e9s par John Deere | Ghaddar Machinery Co.<\/title>\n\n","aioseo_head_json":{"title":"Groupes \u00e9lectrog\u00e8nes Ghaddar motoris\u00e9s par John Deere | Ghaddar Machinery Co.","description":"","canonical_url":"https:\/\/ghaddar.com\/fr\/produits\/groupes-electrogenes-ghaddar-motorises-par-john-deere\/","robots":"max-image-preview:large","keywords":"","webmasterTools":{"google-site-verification":"xXdckFbQ_HYNNOdLXQYzAXe5ku6fqzTVXg4pgEX0AKg","miscellaneous":""},"schema":{"@context":"https:\/\/schema.org","@graph":[{"@type":"BreadcrumbList","@id":"https:\/\/ghaddar.com\/fr\/produits\/groupes-electrogenes-ghaddar-motorises-par-john-deere\/#breadcrumblist","itemListElement":[{"@type":"ListItem","@id":"https:\/\/ghaddar.com\/fr\/#listItem","position":1,"name":"Home","item":"https:\/\/ghaddar.com\/fr\/","nextItem":{"@type":"ListItem","@id":"https:\/\/ghaddar.com\/fr\/produits\/#listItem","name":"Produits"}},{"@type":"ListItem","@id":"https:\/\/ghaddar.com\/fr\/produits\/#listItem","position":2,"name":"Produits","item":"https:\/\/ghaddar.com\/fr\/produits\/","nextItem":{"@type":"ListItem","@id":"https:\/\/ghaddar.com\/fr\/produits\/groupes-electrogenes-ghaddar-motorises-par-john-deere\/#listItem","name":"Groupes \u00e9lectrog\u00e8nes Ghaddar motoris\u00e9s par John Deere"},"previousItem":{"@type":"ListItem","@id":"https:\/\/ghaddar.com\/fr\/#listItem","name":"Home"}},{"@type":"ListItem","@id":"https:\/\/ghaddar.com\/fr\/produits\/groupes-electrogenes-ghaddar-motorises-par-john-deere\/#listItem","position":3,"name":"Groupes \u00e9lectrog\u00e8nes Ghaddar motoris\u00e9s par John Deere","previousItem":{"@type":"ListItem","@id":"https:\/\/ghaddar.com\/fr\/produits\/#listItem","name":"Produits"}}]},{"@type":"Organization","@id":"https:\/\/ghaddar.com\/fr\/#organization","name":"Ghaddar Machinery Co.","description":"Powering Generations!","url":"https:\/\/ghaddar.com\/fr\/","telephone":"+9617220000","logo":{"@type":"ImageObject","url":"https:\/\/ghaddar.com\/wp-content\/uploads\/2022\/02\/ghaddar-corporate-logo.png","@id":"https:\/\/ghaddar.com\/fr\/produits\/groupes-electrogenes-ghaddar-motorises-par-john-deere\/#organizationLogo","width":320,"height":56,"caption":"Ghaddar Machinery Logo"},"image":{"@id":"https:\/\/ghaddar.com\/fr\/produits\/groupes-electrogenes-ghaddar-motorises-par-john-deere\/#organizationLogo"},"sameAs":["https:\/\/www.facebook.com\/GhaddarMachineryCo","https:\/\/twitter.com\/ghaddarco","https:\/\/www.instagram.com\/ghaddar.machinery.co\/","https:\/\/www.youtube.com\/channel\/UCvE1XDzhZ2LQoSb-fLjVGLg","https:\/\/www.linkedin.com\/company\/ghaddar-machinery-co\/"]},{"@type":"WebPage","@id":"https:\/\/ghaddar.com\/fr\/produits\/groupes-electrogenes-ghaddar-motorises-par-john-deere\/#webpage","url":"https:\/\/ghaddar.com\/fr\/produits\/groupes-electrogenes-ghaddar-motorises-par-john-deere\/","name":"Groupes \u00e9lectrog\u00e8nes Ghaddar motoris\u00e9s par John Deere | Ghaddar Machinery Co.","inLanguage":"fr-FR","isPartOf":{"@id":"https:\/\/ghaddar.com\/fr\/#website"},"breadcrumb":{"@id":"https:\/\/ghaddar.com\/fr\/produits\/groupes-electrogenes-ghaddar-motorises-par-john-deere\/#breadcrumblist"},"datePublished":"2018-12-25T15:48:19+02:00","dateModified":"2026-03-19T22:23:07+02:00"},{"@type":"WebSite","@id":"https:\/\/ghaddar.com\/fr\/#website","url":"https:\/\/ghaddar.com\/fr\/","name":"Ghaddar Machinery Co.","description":"Powering Generations!","inLanguage":"fr-FR","publisher":{"@id":"https:\/\/ghaddar.com\/fr\/#organization"}}]},"og:locale":"fr_FR","og:site_name":"Ghaddar Machinery Co. | Powering Generations!","og:type":"article","og:title":"Groupes \u00e9lectrog\u00e8nes Ghaddar motoris\u00e9s par John Deere | Ghaddar Machinery Co.","og:url":"https:\/\/ghaddar.com\/fr\/produits\/groupes-electrogenes-ghaddar-motorises-par-john-deere\/","og:image":"https:\/\/ghaddar.com\/wp-content\/uploads\/2022\/06\/slider5-V.3.jpg","og:image:secure_url":"https:\/\/ghaddar.com\/wp-content\/uploads\/2022\/06\/slider5-V.3.jpg","og:image:width":1920,"og:image:height":670,"article:published_time":"2018-12-25T13:48:19+00:00","article:modified_time":"2026-03-19T20:23:07+00:00","article:publisher":"https:\/\/www.facebook.com\/GhaddarMachineryCo","twitter:card":"summary","twitter:site":"@ghaddarco","twitter:title":"Groupes \u00e9lectrog\u00e8nes Ghaddar motoris\u00e9s par John Deere | Ghaddar Machinery Co.","twitter:creator":"@ghaddarco","twitter:image":"https:\/\/ghaddar.com\/wp-content\/uploads\/2022\/06\/slider5-V.3.jpg"},"aioseo_meta_data":{"post_id":"22165","title":null,"description":null,"keywords":null,"keyphrases":null,"primary_term":null,"canonical_url":null,"og_title":null,"og_description":null,"og_object_type":"default","og_image_type":"default","og_image_url":null,"og_image_width":null,"og_image_height":null,"og_image_custom_url":null,"og_image_custom_fields":null,"og_video":null,"og_custom_url":null,"og_article_section":null,"og_article_tags":null,"twitter_use_og":false,"twitter_card":"default","twitter_image_type":"default","twitter_image_url":null,"twitter_image_custom_url":null,"twitter_image_custom_fields":null,"twitter_title":null,"twitter_description":null,"schema":{"blockGraphs":[],"customGraphs":[],"default":{"data":{"Article":[],"Course":[],"Dataset":[],"FAQPage":[],"Movie":[],"Person":[],"Product":[],"ProductReview":[],"Car":[],"Recipe":[],"Service":[],"SoftwareApplication":[],"WebPage":[]},"graphName":"WebPage","isEnabled":true},"graphs":[]},"schema_type":"default","schema_type_options":null,"pillar_content":false,"robots_default":true,"robots_noindex":false,"robots_noarchive":false,"robots_nosnippet":false,"robots_nofollow":false,"robots_noimageindex":false,"robots_noodp":false,"robots_notranslate":false,"robots_max_snippet":null,"robots_max_videopreview":null,"robots_max_imagepreview":"large","priority":null,"frequency":null,"local_seo":null,"seo_analyzer_scan_date":"2026-04-17 14:58:45","breadcrumb_settings":null,"limit_modified_date":false,"reviewed_by":null,"open_ai":null,"ai":null,"created":"2026-04-16 13:20:47","updated":"2026-04-20 14:14:11"},"_links":{"self":[{"href":"https:\/\/ghaddar.com\/fr\/wp-json\/wp\/v2\/pages\/22165","targetHints":{"allow":["GET"]}}],"collection":[{"href":"https:\/\/ghaddar.com\/fr\/wp-json\/wp\/v2\/pages"}],"about":[{"href":"https:\/\/ghaddar.com\/fr\/wp-json\/wp\/v2\/types\/page"}],"author":[{"embeddable":true,"href":"https:\/\/ghaddar.com\/fr\/wp-json\/wp\/v2\/users\/1"}],"replies":[{"embeddable":true,"href":"https:\/\/ghaddar.com\/fr\/wp-json\/wp\/v2\/comments?post=22165"}],"version-history":[{"count":1,"href":"https:\/\/ghaddar.com\/fr\/wp-json\/wp\/v2\/pages\/22165\/revisions"}],"predecessor-version":[{"id":22166,"href":"https:\/\/ghaddar.com\/fr\/wp-json\/wp\/v2\/pages\/22165\/revisions\/22166"}],"up":[{"embeddable":true,"href":"https:\/\/ghaddar.com\/fr\/wp-json\/wp\/v2\/pages\/22483"}],"wp:attachment":[{"href":"https:\/\/ghaddar.com\/fr\/wp-json\/wp\/v2\/media?parent=22165"}],"curies":[{"name":"wp","href":"https:\/\/api.w.org\/{rel}","templated":true}]}}