{"id":22171,"date":"2019-01-24T15:11:51","date_gmt":"2019-01-24T13:11:51","guid":{"rendered":"https:\/\/ghaddar.com\/support-et-formation\/"},"modified":"2019-01-24T15:11:51","modified_gmt":"2019-01-24T13:11:51","slug":"support-et-formation","status":"publish","type":"page","link":"https:\/\/ghaddar.com\/fr\/support-et-formation\/","title":{"rendered":"Support et Formation"},"content":{"rendered":"<p>[mhc_section admin_label=\u00a0\u00bbSection\u00a0\u00bb fullwidth=\u00a0\u00bboff\u00a0\u00bb specialty=\u00a0\u00bboff\u00a0\u00bb][mhc_row admin_label=\u00a0\u00bbRow\u00a0\u00bb][mhc_column type=\u00a0\u00bb4_4&Prime;][mhc_image admin_label=\u00a0\u00bbImage\u00a0\u00bb src=\u00a0\u00bbhttps:\/\/ghaddar.com\/wp-content\/uploads\/2019\/01\/Gecol-Training-Electrical-Wiring.jpg\u00a0\u00bb show_in_lightbox=\u00a0\u00bboff\u00a0\u00bb url_new_window=\u00a0\u00bboff\u00a0\u00bb animation=\u00a0\u00bboff\u00a0\u00bb hoverfx=\u00a0\u00bbnone\u00a0\u00bb sticky=\u00a0\u00bboff\u00a0\u00bb image_mask=\u00a0\u00bboff\u00a0\u00bb border_radius=\u00a0\u00bb0&Prime; align=\u00a0\u00bbright\u00a0\u00bb force_center_on_mobile=\u00a0\u00bbon\u00a0\u00bb]<\/p>\n<p>&nbsp;<\/p>\n<p>[\/mhc_image][\/mhc_column][\/mhc_row][\/mhc_section][mhc_section admin_label=\u00a0\u00bbsection\u00a0\u00bb transparent_background=\u00a0\u00bboff\u00a0\u00bb gradient_background=\u00a0\u00bboff\u00a0\u00bb background_color=\u00a0\u00bb#ffffff\u00a0\u00bb background_color_second=\u00a0\u00bb#444444&Prime; gradient_style=\u00a0\u00bbhorizontal\u00a0\u00bb inner_shadow=\u00a0\u00bboff\u00a0\u00bb parallax=\u00a0\u00bboff\u00a0\u00bb parallax_method=\u00a0\u00bboff\u00a0\u00bb video_pause=\u00a0\u00bboff\u00a0\u00bb allow_advanced_padding=\u00a0\u00bboff\u00a0\u00bb remove_padding=\u00a0\u00bboff\u00a0\u00bb force_fullwidth=\u00a0\u00bboff\u00a0\u00bb column_paddings=\u00a0\u00bbpadding-0pct\u00a0\u00bb column_match_heights=\u00a0\u00bboff\u00a0\u00bb separator_top=\u00a0\u00bboff\u00a0\u00bb separator_bottom=\u00a0\u00bboff\u00a0\u00bb][mhc_row admin_label=\u00a0\u00bbrow\u00a0\u00bb][mhc_column type=\u00a0\u00bb1_2&Prime;][mhc_text admin_label=\u00a0\u00bbText\u00a0\u00bb background_layout=\u00a0\u00bblight\u00a0\u00bb text_orientation=\u00a0\u00bbjustified\u00a0\u00bb]<\/p>\n<p style=\"font-weight: 400;\"><strong>GHADDAR Machinery Co. est reconnue pour ses capacit\u00e9s de formation in\u00e9gal\u00e9es. Nos formateurs certifi\u00e9s et notre centre de formation, ainsi quun mat\u00e9riel p\u00e9dagogique approfondi, nous permettent de proposer \u00e0 nos clients des cours de formation sur site personnalis\u00e9s qui couvrent, entre autres : <\/strong><\/p>\n<ul style=\"font-weight: 400;\">\n<li><strong>Mise en \u0153uvre de l\u00e9lectronique dans les moteurs diesel.<\/strong><\/li>\n<li><strong>Contr\u00f4le et protection des groupes \u00e9lectrog\u00e8nes<\/strong><\/li>\n<li><strong>Synchronisation et centrales \u00e9lectriques BT \/ HT<\/strong><\/li>\n<li><strong>Solutions d\u00e9nergie solaire et hybrides.<\/strong><\/li>\n<\/ul>\n<p style=\"font-weight: 400;\"><strong> <\/strong><\/p>\n<p style=\"font-weight: 400;\"><strong>Nos formateurs certifi\u00e9s maintiennent leurs connaissances \u00e0 jour sous la supervision de firmes de confiance telles que Kubota, John Deere, Cummins Engines et Leroy Somer Alternators.<\/strong><\/p>\n<p style=\"font-weight: 400;\"><strong> <\/strong><\/p>\n<p style=\"font-weight: 400;\"><strong>Vous pouvez nous <a href=\"https:\/\/ghaddar.com\/contact\/\" data-saferedirecturl=\"https:\/\/www.google.com\/url?q=https:\/\/ghaddar.com\/contact\/source=gmailust=1548504643289000usg=AFQjCNEv1ROB1nVVTY1SaWheukGBNZH4Ow\">contacter<\/a> \u00e0 tout moment pour vos besoins en formation, nous \u00e9laborerons un programme qui garantira \u00e0 vos techniciens et op\u00e9rateurs de maintenance un niveau de savoir-faire optimal.<\/strong><\/p>\n<p>[\/mhc_text][\/mhc_column][mhc_column type=\u00a0\u00bb1_2&Prime;][mhc_image admin_label=\u00a0\u00bb\u0635\u0648\u0631\u0629\u00a0\u00bb src=\u00a0\u00bbhttps:\/\/ghaddar.com\/wp-content\/uploads\/2019\/01\/Gecol-Training-Simulator.jpg\u00a0\u00bb show_info_text=\u00a0\u00bboff\u00a0\u00bb background_layout=\u00a0\u00bblight\u00a0\u00bb show_in_lightbox=\u00a0\u00bboff\u00a0\u00bb url_new_window=\u00a0\u00bboff\u00a0\u00bb animation=\u00a0\u00bbright\u00a0\u00bb sticky=\u00a0\u00bboff\u00a0\u00bb image_mask=\u00a0\u00bboff\u00a0\u00bb hoverfx=\u00a0\u00bbnone\u00a0\u00bb border_radius=\u00a0\u00bb0&Prime; align=\u00a0\u00bbright\u00a0\u00bb force_center_on_mobile=\u00a0\u00bbon\u00a0\u00bb]<\/p>\n<p>&nbsp;<\/p>\n<p>[\/mhc_image][mhc_divider admin_label=\u00a0\u00bb\u0641\u0627\u0635\u0644\u00a0\u00bb show_divider=\u00a0\u00bboff\u00a0\u00bb color=\u00a0\u00bb#44cdcd\u00a0\u00bb custom_orientation=\u00a0\u00bbright\u00a0\u00bb height=\u00a0\u00bb100&Prime;]<\/p>\n<p>&nbsp;<\/p>\n<p>[\/mhc_divider][\/mhc_column][\/mhc_row][mhc_row admin_label=\u00a0\u00bbRow\u00a0\u00bb][mhc_column type=\u00a0\u00bb1_4&Prime;][mhc_image admin_label=\u00a0\u00bb\u0635\u0648\u0631\u0629\u00a0\u00bb src=\u00a0\u00bbhttps:\/\/ghaddar.com\/wp-content\/uploads\/2019\/01\/Gecol-Training-Workshop-1.jpg\u00a0\u00bb show_info_text=\u00a0\u00bboff\u00a0\u00bb background_layout=\u00a0\u00bblight\u00a0\u00bb show_in_lightbox=\u00a0\u00bboff\u00a0\u00bb url_new_window=\u00a0\u00bboff\u00a0\u00bb animation=\u00a0\u00bbright\u00a0\u00bb sticky=\u00a0\u00bboff\u00a0\u00bb image_mask=\u00a0\u00bboff\u00a0\u00bb hoverfx=\u00a0\u00bbnone\u00a0\u00bb border_radius=\u00a0\u00bb0&Prime; align=\u00a0\u00bbright\u00a0\u00bb force_center_on_mobile=\u00a0\u00bbon\u00a0\u00bb]<\/p>\n<p>&nbsp;<\/p>\n<p>[\/mhc_image][\/mhc_column][mhc_column type=\u00a0\u00bb1_4&Prime;][mhc_image admin_label=\u00a0\u00bb\u0635\u0648\u0631\u0629\u00a0\u00bb src=\u00a0\u00bbhttps:\/\/ghaddar.com\/wp-content\/uploads\/2019\/01\/Gecol-Training-Genset-Operation-and-Control.jpg\u00a0\u00bb show_info_text=\u00a0\u00bboff\u00a0\u00bb background_layout=\u00a0\u00bblight\u00a0\u00bb show_in_lightbox=\u00a0\u00bboff\u00a0\u00bb url_new_window=\u00a0\u00bboff\u00a0\u00bb animation=\u00a0\u00bbright\u00a0\u00bb sticky=\u00a0\u00bboff\u00a0\u00bb image_mask=\u00a0\u00bboff\u00a0\u00bb hoverfx=\u00a0\u00bbnone\u00a0\u00bb border_radius=\u00a0\u00bb0&Prime; align=\u00a0\u00bbright\u00a0\u00bb force_center_on_mobile=\u00a0\u00bbon\u00a0\u00bb]<\/p>\n<p>&nbsp;<\/p>\n<p>[\/mhc_image][\/mhc_column][mhc_column type=\u00a0\u00bb1_4&Prime;][mhc_image admin_label=\u00a0\u00bb\u0635\u0648\u0631\u0629\u00a0\u00bb src=\u00a0\u00bbhttps:\/\/ghaddar.com\/wp-content\/uploads\/2019\/01\/Gecol-Training-Genset-Installation.jpg\u00a0\u00bb show_info_text=\u00a0\u00bboff\u00a0\u00bb background_layout=\u00a0\u00bblight\u00a0\u00bb show_in_lightbox=\u00a0\u00bboff\u00a0\u00bb url_new_window=\u00a0\u00bboff\u00a0\u00bb animation=\u00a0\u00bbright\u00a0\u00bb sticky=\u00a0\u00bboff\u00a0\u00bb image_mask=\u00a0\u00bboff\u00a0\u00bb hoverfx=\u00a0\u00bbnone\u00a0\u00bb border_radius=\u00a0\u00bb0&Prime; align=\u00a0\u00bbright\u00a0\u00bb force_center_on_mobile=\u00a0\u00bbon\u00a0\u00bb]<\/p>\n<p>&nbsp;<\/p>\n<p>[\/mhc_image][\/mhc_column][mhc_column type=\u00a0\u00bb1_4&Prime;][mhc_image admin_label=\u00a0\u00bb\u0635\u0648\u0631\u0629\u00a0\u00bb src=\u00a0\u00bbhttps:\/\/ghaddar.com\/wp-content\/uploads\/2019\/01\/Gecol-Training-Electrical-Synchronization.jpg\u00a0\u00bb show_info_text=\u00a0\u00bboff\u00a0\u00bb background_layout=\u00a0\u00bblight\u00a0\u00bb show_in_lightbox=\u00a0\u00bboff\u00a0\u00bb url_new_window=\u00a0\u00bboff\u00a0\u00bb animation=\u00a0\u00bbright\u00a0\u00bb sticky=\u00a0\u00bboff\u00a0\u00bb image_mask=\u00a0\u00bboff\u00a0\u00bb hoverfx=\u00a0\u00bbnone\u00a0\u00bb border_radius=\u00a0\u00bb0&Prime; align=\u00a0\u00bbright\u00a0\u00bb force_center_on_mobile=\u00a0\u00bbon\u00a0\u00bb]<\/p>\n<p>&nbsp;<\/p>\n<p>[\/mhc_image][\/mhc_column][\/mhc_row][\/mhc_section][mhc_section admin_label=\u00a0\u00bbSection\u00a0\u00bb fullwidth=\u00a0\u00bboff\u00a0\u00bb specialty=\u00a0\u00bboff\u00a0\u00bb][mhc_row admin_label=\u00a0\u00bbRow\u00a0\u00bb][mhc_column type=\u00a0\u00bb4_4&Prime;][mhc_divider admin_label=\u00a0\u00bbDivider\u00a0\u00bb show_divider=\u00a0\u00bboff\u00a0\u00bb color=\u00a0\u00bb#115e99&Prime; borderw=\u00a0\u00bb1&Prime; custom_orientation=\u00a0\u00bbleft\u00a0\u00bb divider_style=\u00a0\u00bbsolid\u00a0\u00bb keep_visible=\u00a0\u00bboff\u00a0\u00bb custom_radius=\u00a0\u00bbon\u00a0\u00bb]<\/p>\n<p>&nbsp;<\/p>\n<p>[\/mhc_divider][mhc_cta admin_label=\u00a0\u00bbCall To Action\u00a0\u00bb title=\u00a0\u00bbT\u00e9l\u00e9charger le manuel de formation\u00a0\u00bb url_new_window=\u00a0\u00bbon\u00a0\u00bb button_style=\u00a0\u00bboff\u00a0\u00bb button_color=\u00a0\u00bb#115e99&Prime; button_text_color=\u00a0\u00bb#ffffff\u00a0\u00bb use_icon=\u00a0\u00bboff\u00a0\u00bb font_list=\u00a0\u00bbmhicons\u00a0\u00bb use_background_color=\u00a0\u00bbon\u00a0\u00bb background_color=\u00a0\u00bb#115e99&Prime; background_layout=\u00a0\u00bbdark\u00a0\u00bb text_orientation=\u00a0\u00bbleft\u00a0\u00bb animation=\u00a0\u00bboff\u00a0\u00bb button_fx=\u00a0\u00bboff\u00a0\u00bb wide_button=\u00a0\u00bboff\u00a0\u00bb]<\/p>\n<p><a href=\"https:\/\/ghaddar.com\/wp-content\/uploads\/2020\/05\/Ghaddar-Machinery-Co.-Training-Manual-Online.pdf\" target=\"_blank\" rel=\"noopener noreferrer\"><img loading=\"lazy\" decoding=\"async\" class=\"aligncenter wp-image-9599\" src=\"https:\/\/ghaddar.com\/wp-content\/uploads\/2018\/12\/pdfdownload.jpg\" alt=\"\" width=\"309\" height=\"84\" srcset=\"https:\/\/ghaddar.com\/wp-content\/uploads\/2018\/12\/pdfdownload.jpg 500w, https:\/\/ghaddar.com\/wp-content\/uploads\/2018\/12\/pdfdownload-300x82.jpg 300w\" sizes=\"auto, (max-width: 309px) 100vw, 309px\" \/><\/a><\/p>\n<p>[\/mhc_cta][\/mhc_column][\/mhc_row][\/mhc_section]<\/p>\n","protected":false},"excerpt":{"rendered":"<p>[mhc_section admin_label=\u00a0\u00bbSection\u00a0\u00bb fullwidth=\u00a0\u00bboff\u00a0\u00bb specialty=\u00a0\u00bboff\u00a0\u00bb][mhc_row admin_label=\u00a0\u00bbRow\u00a0\u00bb][mhc_column type=\u00a0\u00bb4_4&Prime;][mhc_image admin_label=\u00a0\u00bbImage\u00a0\u00bb src=\u00a0\u00bbhttps:\/\/ghaddar.com\/wp-content\/uploads\/2019\/01\/Gecol-Training-Electrical-Wiring.jpg\u00a0\u00bb show_in_lightbox=\u00a0\u00bboff\u00a0\u00bb url_new_window=\u00a0\u00bboff\u00a0\u00bb animation=\u00a0\u00bboff\u00a0\u00bb hoverfx=\u00a0\u00bbnone\u00a0\u00bb sticky=\u00a0\u00bboff\u00a0\u00bb image_mask=\u00a0\u00bboff\u00a0\u00bb border_radius=\u00a0\u00bb0&Prime; align=\u00a0\u00bbright\u00a0\u00bb force_center_on_mobile=\u00a0\u00bbon\u00a0\u00bb] &nbsp; [\/mhc_image][\/mhc_column][\/mhc_row][\/mhc_section][mhc_section admin_label=\u00a0\u00bbsection\u00a0\u00bb transparent_background=\u00a0\u00bboff\u00a0\u00bb gradient_background=\u00a0\u00bboff\u00a0\u00bb background_color=\u00a0\u00bb#ffffff\u00a0\u00bb background_color_second=\u00a0\u00bb#444444&Prime; gradient_style=\u00a0\u00bbhorizontal\u00a0\u00bb inner_shadow=\u00a0\u00bboff\u00a0\u00bb parallax=\u00a0\u00bboff\u00a0\u00bb parallax_method=\u00a0\u00bboff\u00a0\u00bb video_pause=\u00a0\u00bboff\u00a0\u00bb allow_advanced_padding=\u00a0\u00bboff\u00a0\u00bb remove_padding=\u00a0\u00bboff\u00a0\u00bb force_fullwidth=\u00a0\u00bboff\u00a0\u00bb column_paddings=\u00a0\u00bbpadding-0pct\u00a0\u00bb column_match_heights=\u00a0\u00bboff\u00a0\u00bb separator_top=\u00a0\u00bboff\u00a0\u00bb separator_bottom=\u00a0\u00bboff\u00a0\u00bb][mhc_row admin_label=\u00a0\u00bbrow\u00a0\u00bb][mhc_column type=\u00a0\u00bb1_2&Prime;][mhc_text admin_label=\u00a0\u00bbText\u00a0\u00bb background_layout=\u00a0\u00bblight\u00a0\u00bb &hellip;<\/p>\n","protected":false},"author":1,"featured_media":0,"parent":0,"menu_order":0,"comment_status":"closed","ping_status":"closed","template":"","meta":{"om_disable_all_campaigns":false,"_monsterinsights_skip_tracking":false,"_monsterinsights_sitenote_active":false,"_monsterinsights_sitenote_note":"","_monsterinsights_sitenote_category":0,"_joinchat":[],"footnotes":""},"class_list":["post-22171","page","type-page","status-publish","hentry"],"aioseo_notices":[],"aioseo_head":"\n\t\t<!-- All in One SEO Pro 4.9.6.2 - aioseo.com -->\n\t<meta name=\"robots\" content=\"max-image-preview:large\" \/>\n\t<meta name=\"google-site-verification\" content=\"xXdckFbQ_HYNNOdLXQYzAXe5ku6fqzTVXg4pgEX0AKg\" \/>\n\t<link rel=\"canonical\" href=\"https:\/\/ghaddar.com\/fr\/support-et-formation\/\" \/>\n\t<meta name=\"generator\" content=\"All in One SEO Pro (AIOSEO) 4.9.6.2\" \/>\n\t\t<meta property=\"og:locale\" content=\"fr_FR\" \/>\n\t\t<meta property=\"og:site_name\" content=\"Ghaddar Machinery Co. | Powering Generations!\" \/>\n\t\t<meta property=\"og:type\" content=\"article\" \/>\n\t\t<meta property=\"og:title\" content=\"Support et Formation | Ghaddar Machinery Co.\" \/>\n\t\t<meta property=\"og:url\" content=\"https:\/\/ghaddar.com\/fr\/support-et-formation\/\" \/>\n\t\t<meta property=\"og:image\" content=\"https:\/\/ghaddar.com\/wp-content\/uploads\/2022\/06\/slider5-V.3.jpg\" \/>\n\t\t<meta property=\"og:image:secure_url\" content=\"https:\/\/ghaddar.com\/wp-content\/uploads\/2022\/06\/slider5-V.3.jpg\" \/>\n\t\t<meta property=\"og:image:width\" content=\"1920\" \/>\n\t\t<meta property=\"og:image:height\" content=\"670\" \/>\n\t\t<meta property=\"article:published_time\" content=\"2019-01-24T13:11:51+00:00\" \/>\n\t\t<meta property=\"article:modified_time\" content=\"2019-01-24T13:11:51+00:00\" \/>\n\t\t<meta property=\"article:publisher\" content=\"https:\/\/www.facebook.com\/GhaddarMachineryCo\" \/>\n\t\t<meta name=\"twitter:card\" content=\"summary\" \/>\n\t\t<meta name=\"twitter:site\" content=\"@ghaddarco\" \/>\n\t\t<meta name=\"twitter:title\" content=\"Support et Formation | Ghaddar Machinery Co.\" \/>\n\t\t<meta name=\"twitter:creator\" content=\"@ghaddarco\" \/>\n\t\t<meta name=\"twitter:image\" content=\"https:\/\/ghaddar.com\/wp-content\/uploads\/2022\/06\/slider5-V.3.jpg\" \/>\n\t\t<script type=\"application\/ld+json\" class=\"aioseo-schema\">\n\t\t\t{\"@context\":\"https:\\\/\\\/schema.org\",\"@graph\":[{\"@type\":\"BreadcrumbList\",\"@id\":\"https:\\\/\\\/ghaddar.com\\\/fr\\\/support-et-formation\\\/#breadcrumblist\",\"itemListElement\":[{\"@type\":\"ListItem\",\"@id\":\"https:\\\/\\\/ghaddar.com\\\/fr\\\/#listItem\",\"position\":1,\"name\":\"Home\",\"item\":\"https:\\\/\\\/ghaddar.com\\\/fr\\\/\",\"nextItem\":{\"@type\":\"ListItem\",\"@id\":\"https:\\\/\\\/ghaddar.com\\\/fr\\\/support-et-formation\\\/#listItem\",\"name\":\"Support et Formation\"}},{\"@type\":\"ListItem\",\"@id\":\"https:\\\/\\\/ghaddar.com\\\/fr\\\/support-et-formation\\\/#listItem\",\"position\":2,\"name\":\"Support et Formation\",\"previousItem\":{\"@type\":\"ListItem\",\"@id\":\"https:\\\/\\\/ghaddar.com\\\/fr\\\/#listItem\",\"name\":\"Home\"}}]},{\"@type\":\"Organization\",\"@id\":\"https:\\\/\\\/ghaddar.com\\\/fr\\\/#organization\",\"name\":\"Ghaddar Machinery Co.\",\"description\":\"Powering Generations!\",\"url\":\"https:\\\/\\\/ghaddar.com\\\/fr\\\/\",\"telephone\":\"+9617220000\",\"logo\":{\"@type\":\"ImageObject\",\"url\":\"https:\\\/\\\/ghaddar.com\\\/wp-content\\\/uploads\\\/2022\\\/02\\\/ghaddar-corporate-logo.png\",\"@id\":\"https:\\\/\\\/ghaddar.com\\\/fr\\\/support-et-formation\\\/#organizationLogo\",\"width\":320,\"height\":56,\"caption\":\"Ghaddar Machinery Logo\"},\"image\":{\"@id\":\"https:\\\/\\\/ghaddar.com\\\/fr\\\/support-et-formation\\\/#organizationLogo\"},\"sameAs\":[\"https:\\\/\\\/www.facebook.com\\\/GhaddarMachineryCo\",\"https:\\\/\\\/twitter.com\\\/ghaddarco\",\"https:\\\/\\\/www.instagram.com\\\/ghaddar.machinery.co\\\/\",\"https:\\\/\\\/www.youtube.com\\\/channel\\\/UCvE1XDzhZ2LQoSb-fLjVGLg\",\"https:\\\/\\\/www.linkedin.com\\\/company\\\/ghaddar-machinery-co\\\/\"]},{\"@type\":\"WebPage\",\"@id\":\"https:\\\/\\\/ghaddar.com\\\/fr\\\/support-et-formation\\\/#webpage\",\"url\":\"https:\\\/\\\/ghaddar.com\\\/fr\\\/support-et-formation\\\/\",\"name\":\"Support et Formation | Ghaddar Machinery Co.\",\"inLanguage\":\"fr-FR\",\"isPartOf\":{\"@id\":\"https:\\\/\\\/ghaddar.com\\\/fr\\\/#website\"},\"breadcrumb\":{\"@id\":\"https:\\\/\\\/ghaddar.com\\\/fr\\\/support-et-formation\\\/#breadcrumblist\"},\"datePublished\":\"2019-01-24T15:11:51+02:00\",\"dateModified\":\"2019-01-24T15:11:51+02:00\"},{\"@type\":\"WebSite\",\"@id\":\"https:\\\/\\\/ghaddar.com\\\/fr\\\/#website\",\"url\":\"https:\\\/\\\/ghaddar.com\\\/fr\\\/\",\"name\":\"Ghaddar Machinery Co.\",\"description\":\"Powering Generations!\",\"inLanguage\":\"fr-FR\",\"publisher\":{\"@id\":\"https:\\\/\\\/ghaddar.com\\\/fr\\\/#organization\"}}]}\n\t\t<\/script>\n\t\t<!-- All in One SEO Pro -->\r\n\t\t<title>Support et Formation | Ghaddar Machinery Co.<\/title>\n\n","aioseo_head_json":{"title":"Support et Formation | Ghaddar Machinery Co.","description":"","canonical_url":"https:\/\/ghaddar.com\/fr\/support-et-formation\/","robots":"max-image-preview:large","keywords":"","webmasterTools":{"google-site-verification":"xXdckFbQ_HYNNOdLXQYzAXe5ku6fqzTVXg4pgEX0AKg","miscellaneous":""},"schema":{"@context":"https:\/\/schema.org","@graph":[{"@type":"BreadcrumbList","@id":"https:\/\/ghaddar.com\/fr\/support-et-formation\/#breadcrumblist","itemListElement":[{"@type":"ListItem","@id":"https:\/\/ghaddar.com\/fr\/#listItem","position":1,"name":"Home","item":"https:\/\/ghaddar.com\/fr\/","nextItem":{"@type":"ListItem","@id":"https:\/\/ghaddar.com\/fr\/support-et-formation\/#listItem","name":"Support et Formation"}},{"@type":"ListItem","@id":"https:\/\/ghaddar.com\/fr\/support-et-formation\/#listItem","position":2,"name":"Support et Formation","previousItem":{"@type":"ListItem","@id":"https:\/\/ghaddar.com\/fr\/#listItem","name":"Home"}}]},{"@type":"Organization","@id":"https:\/\/ghaddar.com\/fr\/#organization","name":"Ghaddar Machinery Co.","description":"Powering Generations!","url":"https:\/\/ghaddar.com\/fr\/","telephone":"+9617220000","logo":{"@type":"ImageObject","url":"https:\/\/ghaddar.com\/wp-content\/uploads\/2022\/02\/ghaddar-corporate-logo.png","@id":"https:\/\/ghaddar.com\/fr\/support-et-formation\/#organizationLogo","width":320,"height":56,"caption":"Ghaddar Machinery Logo"},"image":{"@id":"https:\/\/ghaddar.com\/fr\/support-et-formation\/#organizationLogo"},"sameAs":["https:\/\/www.facebook.com\/GhaddarMachineryCo","https:\/\/twitter.com\/ghaddarco","https:\/\/www.instagram.com\/ghaddar.machinery.co\/","https:\/\/www.youtube.com\/channel\/UCvE1XDzhZ2LQoSb-fLjVGLg","https:\/\/www.linkedin.com\/company\/ghaddar-machinery-co\/"]},{"@type":"WebPage","@id":"https:\/\/ghaddar.com\/fr\/support-et-formation\/#webpage","url":"https:\/\/ghaddar.com\/fr\/support-et-formation\/","name":"Support et Formation | Ghaddar Machinery Co.","inLanguage":"fr-FR","isPartOf":{"@id":"https:\/\/ghaddar.com\/fr\/#website"},"breadcrumb":{"@id":"https:\/\/ghaddar.com\/fr\/support-et-formation\/#breadcrumblist"},"datePublished":"2019-01-24T15:11:51+02:00","dateModified":"2019-01-24T15:11:51+02:00"},{"@type":"WebSite","@id":"https:\/\/ghaddar.com\/fr\/#website","url":"https:\/\/ghaddar.com\/fr\/","name":"Ghaddar Machinery Co.","description":"Powering Generations!","inLanguage":"fr-FR","publisher":{"@id":"https:\/\/ghaddar.com\/fr\/#organization"}}]},"og:locale":"fr_FR","og:site_name":"Ghaddar Machinery Co. | Powering Generations!","og:type":"article","og:title":"Support et Formation | Ghaddar Machinery Co.","og:url":"https:\/\/ghaddar.com\/fr\/support-et-formation\/","og:image":"https:\/\/ghaddar.com\/wp-content\/uploads\/2022\/06\/slider5-V.3.jpg","og:image:secure_url":"https:\/\/ghaddar.com\/wp-content\/uploads\/2022\/06\/slider5-V.3.jpg","og:image:width":1920,"og:image:height":670,"article:published_time":"2019-01-24T13:11:51+00:00","article:modified_time":"2019-01-24T13:11:51+00:00","article:publisher":"https:\/\/www.facebook.com\/GhaddarMachineryCo","twitter:card":"summary","twitter:site":"@ghaddarco","twitter:title":"Support et Formation | Ghaddar Machinery Co.","twitter:creator":"@ghaddarco","twitter:image":"https:\/\/ghaddar.com\/wp-content\/uploads\/2022\/06\/slider5-V.3.jpg"},"aioseo_meta_data":{"post_id":"22171","title":null,"description":null,"keywords":null,"keyphrases":null,"primary_term":null,"canonical_url":null,"og_title":null,"og_description":null,"og_object_type":"default","og_image_type":"default","og_image_url":null,"og_image_width":null,"og_image_height":null,"og_image_custom_url":null,"og_image_custom_fields":null,"og_video":null,"og_custom_url":null,"og_article_section":null,"og_article_tags":null,"twitter_use_og":false,"twitter_card":"default","twitter_image_type":"default","twitter_image_url":null,"twitter_image_custom_url":null,"twitter_image_custom_fields":null,"twitter_title":null,"twitter_description":null,"schema":{"blockGraphs":[],"customGraphs":[],"default":{"data":{"Article":[],"Course":[],"Dataset":[],"FAQPage":[],"Movie":[],"Person":[],"Product":[],"ProductReview":[],"Car":[],"Recipe":[],"Service":[],"SoftwareApplication":[],"WebPage":[]},"graphName":"WebPage","isEnabled":true},"graphs":[]},"schema_type":"default","schema_type_options":null,"pillar_content":false,"robots_default":true,"robots_noindex":false,"robots_noarchive":false,"robots_nosnippet":false,"robots_nofollow":false,"robots_noimageindex":false,"robots_noodp":false,"robots_notranslate":false,"robots_max_snippet":null,"robots_max_videopreview":null,"robots_max_imagepreview":"large","priority":null,"frequency":null,"local_seo":null,"seo_analyzer_scan_date":"2026-04-17 15:14:50","breadcrumb_settings":null,"limit_modified_date":false,"reviewed_by":null,"open_ai":null,"ai":null,"created":"2026-04-16 13:20:47","updated":"2026-04-20 14:15:19"},"_links":{"self":[{"href":"https:\/\/ghaddar.com\/fr\/wp-json\/wp\/v2\/pages\/22171","targetHints":{"allow":["GET"]}}],"collection":[{"href":"https:\/\/ghaddar.com\/fr\/wp-json\/wp\/v2\/pages"}],"about":[{"href":"https:\/\/ghaddar.com\/fr\/wp-json\/wp\/v2\/types\/page"}],"author":[{"embeddable":true,"href":"https:\/\/ghaddar.com\/fr\/wp-json\/wp\/v2\/users\/1"}],"replies":[{"embeddable":true,"href":"https:\/\/ghaddar.com\/fr\/wp-json\/wp\/v2\/comments?post=22171"}],"version-history":[{"count":0,"href":"https:\/\/ghaddar.com\/fr\/wp-json\/wp\/v2\/pages\/22171\/revisions"}],"wp:attachment":[{"href":"https:\/\/ghaddar.com\/fr\/wp-json\/wp\/v2\/media?parent=22171"}],"curies":[{"name":"wp","href":"https:\/\/api.w.org\/{rel}","templated":true}]}}