{"id":22227,"date":"2019-07-28T17:16:36","date_gmt":"2019-07-28T14:16:36","guid":{"rendered":"https:\/\/ghaddar.com\/moteurs-john-deere-2\/"},"modified":"2026-03-19T22:23:07","modified_gmt":"2026-03-19T20:23:07","slug":"moteurs-john-deere-2","status":"publish","type":"page","link":"https:\/\/ghaddar.com\/fr\/produits\/moteurs-john-deere-2\/","title":{"rendered":"Moteurs John Deere"},"content":{"rendered":"\t\t<div data-elementor-type=\"wp-page\" data-elementor-id=\"22227\" class=\"elementor elementor-22227 elementor-10693\" data-elementor-post-type=\"page\">\n\t\t\t\t\t\t<section class=\"elementor-section elementor-top-section elementor-element elementor-element-4952cc1f elementor-section-boxed elementor-section-height-default elementor-section-height-default\" data-id=\"4952cc1f\" data-element_type=\"section\" data-e-type=\"section\">\n\t\t\t\t\t\t<div class=\"elementor-container elementor-column-gap-default\">\n\t\t\t\t\t<div class=\"elementor-column elementor-col-50 elementor-top-column elementor-element elementor-element-216d2ff3\" data-id=\"216d2ff3\" data-element_type=\"column\" data-e-type=\"column\">\n\t\t\t<div class=\"elementor-widget-wrap elementor-element-populated\">\n\t\t\t\t\t\t<div class=\"elementor-element elementor-element-2e3f5919 elementor-widget elementor-widget-spacer\" data-id=\"2e3f5919\" data-element_type=\"widget\" data-e-type=\"widget\" data-widget_type=\"spacer.default\">\n\t\t\t\t<div class=\"elementor-widget-container\">\n\t\t\t\t\t\t\t<div class=\"elementor-spacer\">\n\t\t\t<div class=\"elementor-spacer-inner\"><\/div>\n\t\t<\/div>\n\t\t\t\t\t\t<\/div>\n\t\t\t\t<\/div>\n\t\t\t\t<div class=\"elementor-element elementor-element-3c572232 elementor-widget elementor-widget-image\" data-id=\"3c572232\" data-element_type=\"widget\" data-e-type=\"widget\" data-widget_type=\"image.default\">\n\t\t\t\t<div class=\"elementor-widget-container\">\n\t\t\t\t\t\t\t\t\t\t\t\t\t\t\t<img loading=\"lazy\" decoding=\"async\" width=\"300\" height=\"300\" src=\"https:\/\/ghaddar.com\/wp-content\/uploads\/2019\/07\/6068_T3_4V_LftFt_large_967af41bb6dca3e0a9c2aad37cf349cd2c1fca83-300x300.png\" class=\"attachment-medium size-medium wp-image-22228\" alt=\"\" srcset=\"https:\/\/ghaddar.com\/wp-content\/uploads\/2019\/07\/6068_T3_4V_LftFt_large_967af41bb6dca3e0a9c2aad37cf349cd2c1fca83-300x300.png 300w, https:\/\/ghaddar.com\/wp-content\/uploads\/2019\/07\/6068_T3_4V_LftFt_large_967af41bb6dca3e0a9c2aad37cf349cd2c1fca83-100x100.png 100w, https:\/\/ghaddar.com\/wp-content\/uploads\/2019\/07\/6068_T3_4V_LftFt_large_967af41bb6dca3e0a9c2aad37cf349cd2c1fca83-600x600.png 600w, https:\/\/ghaddar.com\/wp-content\/uploads\/2019\/07\/6068_T3_4V_LftFt_large_967af41bb6dca3e0a9c2aad37cf349cd2c1fca83-150x150.png 150w, https:\/\/ghaddar.com\/wp-content\/uploads\/2019\/07\/6068_T3_4V_LftFt_large_967af41bb6dca3e0a9c2aad37cf349cd2c1fca83.png 768w, https:\/\/ghaddar.com\/wp-content\/uploads\/2019\/07\/6068_T3_4V_LftFt_large_967af41bb6dca3e0a9c2aad37cf349cd2c1fca83-80x80.png 80w, https:\/\/ghaddar.com\/wp-content\/uploads\/2019\/07\/6068_T3_4V_LftFt_large_967af41bb6dca3e0a9c2aad37cf349cd2c1fca83-50x50.png 50w\" sizes=\"auto, (max-width: 300px) 100vw, 300px\" \/>\t\t\t\t\t\t\t\t\t\t\t\t\t\t\t<\/div>\n\t\t\t\t<\/div>\n\t\t\t\t<div class=\"elementor-element elementor-element-6a1a5a4 elementor-widget elementor-widget-spacer\" data-id=\"6a1a5a4\" data-element_type=\"widget\" data-e-type=\"widget\" data-widget_type=\"spacer.default\">\n\t\t\t\t<div class=\"elementor-widget-container\">\n\t\t\t\t\t\t\t<div class=\"elementor-spacer\">\n\t\t\t<div class=\"elementor-spacer-inner\"><\/div>\n\t\t<\/div>\n\t\t\t\t\t\t<\/div>\n\t\t\t\t<\/div>\n\t\t\t\t\t<\/div>\n\t\t<\/div>\n\t\t\t\t<div class=\"elementor-column elementor-col-50 elementor-top-column elementor-element elementor-element-4f079392\" data-id=\"4f079392\" data-element_type=\"column\" data-e-type=\"column\">\n\t\t\t<div class=\"elementor-widget-wrap elementor-element-populated\">\n\t\t\t\t\t\t<div class=\"elementor-element elementor-element-3d7195b8 elementor-widget elementor-widget-spacer\" data-id=\"3d7195b8\" data-element_type=\"widget\" data-e-type=\"widget\" data-widget_type=\"spacer.default\">\n\t\t\t\t<div class=\"elementor-widget-container\">\n\t\t\t\t\t\t\t<div class=\"elementor-spacer\">\n\t\t\t<div class=\"elementor-spacer-inner\"><\/div>\n\t\t<\/div>\n\t\t\t\t\t\t<\/div>\n\t\t\t\t<\/div>\n\t\t\t\t<div class=\"elementor-element elementor-element-5cde40e8 elementor-widget elementor-widget-text-editor\" data-id=\"5cde40e8\" data-element_type=\"widget\" data-e-type=\"widget\" data-widget_type=\"text-editor.default\">\n\t\t\t\t<div class=\"elementor-widget-container\">\n\t\t\t\t\t\t\t\t\tJohn Deere propose une gamme compl\u00e8te de moteurs adapt\u00e9s \u00e0 tous les g\u00e9n\u00e9rateurs dans les pays o\u00f9 les r\u00e9glementations sur les \u00e9missions ne sont pas requises pour le moment, ainsi qu\u2019aux groupes \u00e9lectrog\u00e8nes stationnaires dans l\u2019UE. Disponibles de<strong> 30 \u00e0 500 kVA<\/strong>, cette gamme est bas\u00e9e sur des technologies simples et directes offrant flexibilit\u00e9 et \u00e9conomies : les n\u0153uds de 30 \u00e0 200 kVA sont couverts par la <strong>plateforme<\/strong> <strong>Power Tech M<\/strong> (syst\u00e8me d\u2019injection m\u00e9canique) tandis que les n\u0153uds de 225 \u00e0 500 kVA sont couverts par la <strong>plateforme Power Tech E<\/strong> (syst\u00e8me d\u2019injection HPCR et commandes \u00e9lectroniques \u00e0 pleine autorit\u00e9). Les moteurs John Deere alimentent les <strong>groupes \u00e9lectrog\u00e8nes Ghaddar<\/strong> de 30 \u00e0 320 kVA.  \t\t\t\t\t\t\t\t<\/div>\n\t\t\t\t<\/div>\n\t\t\t\t\t<\/div>\n\t\t<\/div>\n\t\t\t\t\t<\/div>\n\t\t<\/section>\n\t\t\t\t<section class=\"elementor-section elementor-top-section elementor-element elementor-element-e0c3499 elementor-section-boxed elementor-section-height-default elementor-section-height-default\" data-id=\"e0c3499\" data-element_type=\"section\" data-e-type=\"section\">\n\t\t\t\t\t\t<div class=\"elementor-container elementor-column-gap-default\">\n\t\t\t\t\t<div class=\"elementor-column elementor-col-100 elementor-top-column elementor-element elementor-element-ced78cb\" data-id=\"ced78cb\" data-element_type=\"column\" data-e-type=\"column\">\n\t\t\t<div class=\"elementor-widget-wrap elementor-element-populated\">\n\t\t\t\t\t\t<div class=\"elementor-element elementor-element-11cbae7 elementor-widget elementor-widget-shortcode\" data-id=\"11cbae7\" data-element_type=\"widget\" data-e-type=\"widget\" data-widget_type=\"shortcode.default\">\n\t\t\t\t<div class=\"elementor-widget-container\">\n\t\t\t\t\t\t\t<div class=\"elementor-shortcode\">[product-catalogue id=\"8\"]<\/div>\n\t\t\t\t\t\t<\/div>\n\t\t\t\t<\/div>\n\t\t\t\t\t<\/div>\n\t\t<\/div>\n\t\t\t\t\t<\/div>\n\t\t<\/section>\n\t\t\t\t<\/div>\n\t\t","protected":false},"excerpt":{"rendered":"<p>John Deere propose une gamme compl\u00e8te de moteurs adapt\u00e9s \u00e0 tous les g\u00e9n\u00e9rateurs dans les pays o\u00f9 les r\u00e9glementations sur les \u00e9missions ne sont pas requises pour le moment, ainsi qu\u2019aux groupes \u00e9lectrog\u00e8nes stationnaires dans l\u2019UE. Disponibles de 30 \u00e0 &hellip;<\/p>\n","protected":false},"author":1,"featured_media":22229,"parent":22483,"menu_order":4,"comment_status":"closed","ping_status":"closed","template":"","meta":{"_monsterinsights_skip_tracking":false,"_monsterinsights_sitenote_active":false,"_monsterinsights_sitenote_note":"","_monsterinsights_sitenote_category":0,"_joinchat":[],"footnotes":""},"class_list":["post-22227","page","type-page","status-publish","has-post-thumbnail","hentry"],"_links":{"self":[{"href":"https:\/\/ghaddar.com\/fr\/wp-json\/wp\/v2\/pages\/22227","targetHints":{"allow":["GET"]}}],"collection":[{"href":"https:\/\/ghaddar.com\/fr\/wp-json\/wp\/v2\/pages"}],"about":[{"href":"https:\/\/ghaddar.com\/fr\/wp-json\/wp\/v2\/types\/page"}],"author":[{"embeddable":true,"href":"https:\/\/ghaddar.com\/fr\/wp-json\/wp\/v2\/users\/1"}],"replies":[{"embeddable":true,"href":"https:\/\/ghaddar.com\/fr\/wp-json\/wp\/v2\/comments?post=22227"}],"version-history":[{"count":1,"href":"https:\/\/ghaddar.com\/fr\/wp-json\/wp\/v2\/pages\/22227\/revisions"}],"predecessor-version":[{"id":22230,"href":"https:\/\/ghaddar.com\/fr\/wp-json\/wp\/v2\/pages\/22227\/revisions\/22230"}],"up":[{"embeddable":true,"href":"https:\/\/ghaddar.com\/fr\/wp-json\/wp\/v2\/pages\/22483"}],"wp:featuredmedia":[{"embeddable":true,"href":"https:\/\/ghaddar.com\/fr\/wp-json\/wp\/v2\/media\/22229"}],"wp:attachment":[{"href":"https:\/\/ghaddar.com\/fr\/wp-json\/wp\/v2\/media?parent=22227"}],"curies":[{"name":"wp","href":"https:\/\/api.w.org\/{rel}","templated":true}]}}