{"id":22239,"date":"2018-10-13T12:59:21","date_gmt":"2018-10-13T09:59:21","guid":{"rendered":"https:\/\/ghaddar.com\/conditions-dutilisation\/"},"modified":"2018-10-13T12:59:21","modified_gmt":"2018-10-13T09:59:21","slug":"conditions-dutilisation","status":"publish","type":"page","link":"https:\/\/ghaddar.com\/fr\/conditions-dutilisation\/","title":{"rendered":"Conditions dutilisation"},"content":{"rendered":"<p>[mhc_section admin_label=\u00a0\u00bbsection\u00a0\u00bb fullwidth=\u00a0\u00bboff\u00a0\u00bb specialty=\u00a0\u00bboff\u00a0\u00bb][mhc_row admin_label=\u00a0\u00bbrow\u00a0\u00bb][mhc_column type=\u00a0\u00bb1_3&Prime;][mhc_blurb admin_label=\u00a0\u00bbText Intro\u00a0\u00bb url_new_window=\u00a0\u00bboff\u00a0\u00bb use_icon=\u00a0\u00bbon\u00a0\u00bb font_list=\u00a0\u00bbmhicons\u00a0\u00bb font_mhicons=\u00a0\u00bb%%55%%\u00a0\u00bb icon_color=\u00a0\u00bb#0f70a6&Prime; use_circle=\u00a0\u00bboff\u00a0\u00bb use_circle_bg=\u00a0\u00bboff\u00a0\u00bb circle_color=\u00a0\u00bb#fc5353&Prime; use_circle_border=\u00a0\u00bboff\u00a0\u00bb circle_border_color=\u00a0\u00bb#fc5353&Prime; icon_placement=\u00a0\u00bbtop\u00a0\u00bb animation=\u00a0\u00bbleft\u00a0\u00bb background_layout=\u00a0\u00bblight\u00a0\u00bb text_orientation=\u00a0\u00bbleft\u00a0\u00bb use_background=\u00a0\u00bboff\u00a0\u00bb background_color=\u00a0\u00bb#f5f5f5&Prime; wrap_inside_link=\u00a0\u00bboff\u00a0\u00bb hoverfx=\u00a0\u00bbnone\u00a0\u00bb use_icon_size=\u00a0\u00bboff\u00a0\u00bb icon_size=\u00a0\u00bb50&Prime; circle_radius=\u00a0\u00bb100&Prime; title=\u00a0\u00bbConditions dutilisation et de vente\u00a0\u00bb]<\/p>\n<p align=\"justify\">Cette page web repr\u00e9sente nos Conditions dutilisation et de vente (\u00ab Accord \u00bb) concernant notre site web, https:\/\/ghaddar.com (\u00ab Site Web \u00bb). Elle a \u00e9t\u00e9 publi\u00e9e pour la derni\u00e8re fois le 12 octobre 2018. Les termes \u00ab nous \u00bb et \u00ab notre \u00bb, tels quutilis\u00e9s dans le pr\u00e9sent Accord, d\u00e9signent Ghaddar.  <\/p>\n<p align=\"justify\">Nous pouvons modifier le pr\u00e9sent Accord \u00e0 tout moment en publiant les conditions modifi\u00e9es sur notre Site Web. Nous pouvons ou non publier des avis sur la page daccueil de notre Site Web lorsque de tels changements surviennent. <\/p>\n<p align=\"justify\">Nous d\u00e9signons collectivement le pr\u00e9sent Accord, notre <a href=\"https:\/\/ghaddar.com\/fr\/politique-de-confidentialite\/\">Politique de confidentialit\u00e9<\/a> et toutes les autres conditions, r\u00e8gles ou directives figurant sur notre Site Web comme nos \u00ab Conditions L\u00e9gales \u00bb. Vous acceptez explicitement et implicitement d\u2019\u00eatre li\u00e9 par nos Conditions L\u00e9gales chaque fois que vous acc\u00e9dez \u00e0 notre Site Web. Si vous ne souhaitez pas \u00eatre li\u00e9, veuillez ne pas utiliser ou acc\u00e9der \u00e0 notre Site Web.  <\/p>\n<p align=\"justify\"><strong>Licence limit\u00e9e<\/strong><\/p>\n<p align=\"justify\">Ghaddar vous accorde une licence non exclusive, non transf\u00e9rable et r\u00e9vocable pour acc\u00e9der et utiliser notre Site Web afin que vous puissiez effectuer des achats de documents \u00e9lectroniques et de services connexes par linterm\u00e9diaire de notre Site Web, strictement conform\u00e9ment \u00e0 nos Conditions L\u00e9gales.<\/p>\n<p align=\"justify\"><strong>Droits dauteur et marques de commerce<\/strong><\/p>\n<p align=\"justify\">Sauf indication contraire, tous les mat\u00e9riaux, y compris, sans limitation, les logos, les noms de marque, les images, les designs, les photographies, les clips vid\u00e9o et les documents \u00e9crits et autres qui apparaissent sur notre Site Web, sont des droits dauteur, des marques de commerce, des marques de service, des habillages commerciaux et\/ou dautres propri\u00e9t\u00e9s intellectuelles, quelles soient enregistr\u00e9es ou non (\u00ab Propri\u00e9t\u00e9 Intellectuelle \u00bb), d\u00e9tenus, contr\u00f4l\u00e9s ou conc\u00e9d\u00e9s sous licence par Ghaddar. Notre Site Web dans son ensemble est prot\u00e9g\u00e9 par le droit dauteur et lhabillage commercial. Rien sur notre Site Web ne doit \u00eatre interpr\u00e9t\u00e9 comme accordant, par implication, pr\u00e9clusion ou autre, une licence ou un droit dutiliser toute Propri\u00e9t\u00e9 Intellectuelle affich\u00e9e ou utilis\u00e9e sur notre Site Web, sans lautorisation \u00e9crite pr\u00e9alable du propri\u00e9taire de la Propri\u00e9t\u00e9 Intellectuelle. Ghaddar applique rigoureusement ses droits de propri\u00e9t\u00e9 intellectuelle dans toute la mesure permise par la loi. Les noms et logos de Ghaddar ne peuvent \u00eatre utilis\u00e9s de quelque mani\u00e8re que ce soit, y compris dans la publicit\u00e9 ou la promotion relatives \u00e0 la distribution de mat\u00e9riaux sur notre Site Web, sans lautorisation \u00e9crite pr\u00e9alable de Ghaddar.    <\/p>\n<p align=\"justify\">Ghaddar interdit lutilisation de tout logo de Ghaddar ou de lune de ses filiales dans le cadre dun lien vers ou depuis un Site Web, \u00e0 moins que Ghaddar napprouve un tel lien \u00e0 lavance et par \u00e9crit. Lutilisation \u00e9quitable de la Propri\u00e9t\u00e9 Intellectuelle de Ghaddar exige une reconnaissance appropri\u00e9e. Dautres noms de produits et de soci\u00e9t\u00e9s mentionn\u00e9s sur notre Site Web peuvent \u00eatre la Propri\u00e9t\u00e9 Intellectuelle de leurs propri\u00e9taires respectifs.  <\/p>\n<p>[\/mhc_blurb][\/mhc_column][mhc_column type=\u00a0\u00bb1_3&Prime;][mhc_blurb admin_label=\u00a0\u00bbText Intro\u00a0\u00bb url_new_window=\u00a0\u00bboff\u00a0\u00bb use_icon=\u00a0\u00bbon\u00a0\u00bb font_list=\u00a0\u00bbmhicons\u00a0\u00bb font_mhicons=\u00a0\u00bb%%8%%\u00a0\u00bb icon_color=\u00a0\u00bb#0f70a6&Prime; use_circle=\u00a0\u00bboff\u00a0\u00bb use_circle_bg=\u00a0\u00bboff\u00a0\u00bb circle_color=\u00a0\u00bb#fc5353&Prime; use_circle_border=\u00a0\u00bboff\u00a0\u00bb circle_border_color=\u00a0\u00bb#fc5353&Prime; icon_placement=\u00a0\u00bbtop\u00a0\u00bb animation=\u00a0\u00bbleft\u00a0\u00bb background_layout=\u00a0\u00bblight\u00a0\u00bb text_orientation=\u00a0\u00bbleft\u00a0\u00bb use_background=\u00a0\u00bboff\u00a0\u00bb background_color=\u00a0\u00bb#f5f5f5&Prime; wrap_inside_link=\u00a0\u00bboff\u00a0\u00bb hoverfx=\u00a0\u00bbnone\u00a0\u00bb use_icon_size=\u00a0\u00bboff\u00a0\u00bb icon_size=\u00a0\u00bb50&Prime; circle_radius=\u00a0\u00bb100&Prime; title=\u00a0\u00bbLiens vers des sites web tiers\u00a0\u00bb]<\/p>\n<p align=\"justify\">Notre Site Web peut contenir des liens vers des Sites Web d\u00e9tenus ou exploit\u00e9s par des parties autres que Ghaddar. Ces liens sont fournis \u00e0 titre de r\u00e9f\u00e9rence uniquement. Ghaddar ne surveille ni ne contr\u00f4le les Sites Web externes et nest pas responsable de leur contenu. Linclusion de liens vers un Site Web externe par Ghaddar nimplique aucune approbation du mat\u00e9riel sur notre Site Web ou, sauf indication contraire expresse, aucun parrainage, affiliation ou association avec son propri\u00e9taire, op\u00e9rateur ou sponsor, ni linclusion des liens par Ghaddar nimplique que Ghaddar est autoris\u00e9 \u00e0 utiliser tout nom commercial, marque de commerce, logo, sceau l\u00e9gal ou officiel, ou symbole prot\u00e9g\u00e9 par le droit dauteur qui pourrait \u00eatre refl\u00e9t\u00e9 dans le Site Web li\u00e9.   <\/p>\n<p align=\"justify\"><strong>Avis de non-responsabilit\u00e9 concernant le contenu<\/strong><\/p>\n<p align=\"justify\">Les publications sur notre Site Web sont effectu\u00e9es aux moments que Ghaddar d\u00e9termine \u00e0 sa discr\u00e9tion. Vous ne devez pas supposer que les informations contenues sur notre Site Web ont \u00e9t\u00e9 mises \u00e0 jour ou contiennent autrement des informations actuelles. Ghaddar ne r\u00e9vise pas les publications ant\u00e9rieures pour d\u00e9terminer si elles restent exactes et les informations contenues dans ces publications peuvent avoir \u00e9t\u00e9 remplac\u00e9es. LES INFORMATIONS ET MAT\u00c9RIAUX DE NOTRE SITE WEB SONT FOURNIS POUR VOTRE EXAMEN CONFORM\u00c9MENT AUX AVIS, TERMES ET CONDITIONS \u00c9NONC\u00c9S DANS LES PR\u00c9SENTES. CES MAT\u00c9RIAUX NE SONT PAS GARANTIS OU REPR\u00c9SENT\u00c9S COMME \u00c9TANT COMPLETS, CORRECTS OU \u00c0 JOUR. CES MAT\u00c9RIAUX PEUVENT \u00caTRE MODIFI\u00c9S DE TEMPS \u00c0 AUTRE SANS PR\u00c9AVIS.     <\/p>\n<p align=\"justify\"><strong>Avis de non-responsabilit\u00e9 concernant les contrats, les avocats et les conseils juridiques<\/strong><\/p>\n<p align=\"justify\">Vous comprenez que nous proposons des contrats juridiques (\u00ab Contrats \u00bb), cr\u00e9\u00e9s par des avocats ou des parajuristes, \u00e0 la vente via notre Site Web. Nous vous offrons \u00e9galement la possibilit\u00e9 dacheter des r\u00e9visions de ces Contrats par des avocats ou des parajuristes qui se sont inscrits sur notre Site Web. Cependant, vous reconnaissez que nous ne sommes ni avocats ni parajuristes et que nous noffrons pas de conseils juridiques. Vous reconnaissez que nous napprouvons aucun avocat ou parajuriste sp\u00e9cifique ni aucun Contrat comme \u00e9tant meilleur quun autre. Nous ne garantissons pas autrement lexactitude juridique ou lapplicabilit\u00e9 de tout Contrat pour vos besoins juridiques. Vous vous adresserez en tout temps \u00e0 tout avocat ou parajuriste que vous choisirez pour les services concernant toute r\u00e9clamation l\u00e9gale li\u00e9e \u00e0 ces services.     <\/p>\n<p>[\/mhc_blurb][\/mhc_column][mhc_column type=\u00a0\u00bb1_3&Prime;][mhc_blurb admin_label=\u00a0\u00bbText Intro\u00a0\u00bb url_new_window=\u00a0\u00bboff\u00a0\u00bb use_icon=\u00a0\u00bbon\u00a0\u00bb font_list=\u00a0\u00bbmhicons\u00a0\u00bb font_mhicons=\u00a0\u00bb%%74%%\u00a0\u00bb icon_color=\u00a0\u00bb#0f70a6&Prime; use_circle=\u00a0\u00bboff\u00a0\u00bb use_circle_bg=\u00a0\u00bboff\u00a0\u00bb circle_color=\u00a0\u00bb#fc5353&Prime; use_circle_border=\u00a0\u00bboff\u00a0\u00bb circle_border_color=\u00a0\u00bb#fc5353&Prime; icon_placement=\u00a0\u00bbtop\u00a0\u00bb animation=\u00a0\u00bbleft\u00a0\u00bb background_layout=\u00a0\u00bblight\u00a0\u00bb text_orientation=\u00a0\u00bbleft\u00a0\u00bb use_background=\u00a0\u00bboff\u00a0\u00bb background_color=\u00a0\u00bb#f5f5f5&Prime; wrap_inside_link=\u00a0\u00bboff\u00a0\u00bb hoverfx=\u00a0\u00bbnone\u00a0\u00bb use_icon_size=\u00a0\u00bboff\u00a0\u00bb icon_size=\u00a0\u00bb50&Prime; circle_radius=\u00a0\u00bb100&Prime; title=\u00a0\u00bbAucune garantie ; exclusion de responsabilit\u00e9 ; indemnisation\u00a0\u00bb]<\/p>\n<p align=\"justify\">NOTRE SITE WEB EST EXPLOIT\u00c9 PAR GHADDAR \u00ab EN L\u00c9TAT \u00bb, \u00ab SELON LA DISPONIBILIT\u00c9 \u00bb, SANS D\u00c9CLARATIONS NI GARANTIES DAUCUNE SORTE. DANS TOUTE LA MESURE PERMISE PAR LA LOI, GHADDAR D\u00c9CLINE SP\u00c9CIFIQUEMENT TOUTES LES GARANTIES ET CONDITIONS DE QUELQUE NATURE QUE CE SOIT, Y COMPRIS TOUTES LES GARANTIES ET CONDITIONS IMPLICITES DE QUALIT\u00c9 MARCHANDE, DADAPTATION \u00c0 UN USAGE PARTICULIER, DE TITRE ET DE NON-CONTREFA\u00c7ON POUR NOTRE SITE WEB ET TOUS LES CONTRATS ET SERVICES QUE VOUS ACHETEZ PAR SON INTERM\u00c9DIAIRE. GHADDAR NAURA AUCUNE RESPONSABILIT\u00c9 POUR TOUTE ERREUR OU OMISSION DANS LE CONTENU DE NOTRE SITE WEB, POUR LES CONTRATS OU SERVICES VENDUS PAR LINTERM\u00c9DIAIRE DE NOTRE SITE WEB, POUR VOTRE ACTION OU INACTION EN LIEN AVEC NOTRE SITE WEB OU POUR TOUT DOMMAGE \u00c0 VOTRE ORDINATEUR OU \u00c0 VOS DONN\u00c9ES OU TOUT AUTRE DOMMAGE QUE VOUS POURRIEZ SUBIR EN LIEN AVEC NOTRE SITE WEB. VOTRE UTILISATION DE NOTRE SITE WEB ET DE TOUT CONTRAT OU SERVICE EST \u00c0 VOS PROPRES RISQUES. EN AUCUN CAS, NI GHADDAR NI SES AGENTS NE SERONT RESPONSABLES DES DOMMAGES DIRECTS, INDIRECTS, PUNITIFS, ACCESSOIRES, SP\u00c9CIAUX OU CONS\u00c9CUTIFS D\u00c9COULANT DE QUELQUE MANI\u00c8RE QUE CE SOIT DE LUTILISATION DE NOTRE SITE WEB, DES CONTRATS ET SERVICES ACHET\u00c9S PAR LINTERM\u00c9DIAIRE DE NOTRE SITE WEB, DU RETARD OU DE LINCAPACIT\u00c9 DUTILISER NOTRE SITE WEB OU D\u00c9COULANT AUTREMENT EN LIEN AVEC NOTRE SITE WEB, LES CONTRATS OU SERVICES CONNEXES, QUILS SOIENT BAS\u00c9S SUR UN CONTRAT, UN D\u00c9LIT, UNE RESPONSABILIT\u00c9 STRICTE OU AUTRE, M\u00caME SI AVIS\u00c9 DE LA POSSIBILIT\u00c9 DE TELS DOMMAGES. EN AUCUN CAS, LA RESPONSABILIT\u00c9 DE GHADDAR POUR TOUTE R\u00c9CLAMATION DE DOMMAGES NE D\u00c9PASSERA LE MONTANT PAY\u00c9 PAR VOUS \u00c0 GHADDAR POUR LA TRANSACTION DONNANT LIEU \u00c0 UNE TELLE R\u00c9CLAMATION DE DOMMAGES. CERTAINES JURIDICTIONS NAUTORISENT PAS LEXCLUSION OU LA LIMITATION DES DOMMAGES ACCESSOIRES OU CONS\u00c9CUTIFS, DE SORTE QUE LEXCLUSION CI-DESSUS PEUT NE PAS SAPPLIQUER \u00c0 VOUS.      <\/p>\n<p align=\"justify\">SANS LIMITER CE QUI PR\u00c9C\u00c8DE, GHADDAR NE D\u00c9CLARE NI NE GARANTIT QUE LES INFORMATIONS SUR LE SITE WEB SONT EXACTES, COMPL\u00c8TES, FIABLES, UTILES, OPPORTUNES OU ACTUELLES OU QUE NOTRE SITE WEB FONCTIONNERA SANS INTERRUPTION NI ERREUR.<\/p>\n<p align=\"justify\">VOUS ACCEPTEZ QU\u00c0 TOUT MOMENT, VOUS VOUS ADRESSEREZ AUX AVOCATS AUPR\u00c8S DESQUELS VOUS ACHETEZ DES SERVICES POUR TOUTE R\u00c9CLAMATION DE QUELQUE NATURE QUE CE SOIT, Y COMPRIS LA PERTE, LES DOMMAGES OU LA GARANTIE. GHADDAR ET LEURS AFFILI\u00c9S RESPECTIFS NE FONT AUCUNE D\u00c9CLARATION OU GARANTIE CONCERNANT LES CONTRATS ET SERVICES OFFERTS PAR LINTERM\u00c9DIAIRE DE NOTRE SITE WEB. <\/p>\n<p align=\"justify\">GHADDAR NE D\u00c9CLARE PAS QUE LE CONTENU FOURNI SUR NOTRE SITE WEB, LES CONTRATS OU LES SERVICES CONNEXES SONT APPLICABLES OU APPROPRI\u00c9S POUR UNE UTILISATION DANS TOUTES LES JURIDICTIONS.<\/p>\n<p>[\/mhc_blurb][\/mhc_column][\/mhc_row][\/mhc_section]<\/p>\n","protected":false},"excerpt":{"rendered":"<p>[mhc_section admin_label=\u00a0\u00bbsection\u00a0\u00bb fullwidth=\u00a0\u00bboff\u00a0\u00bb specialty=\u00a0\u00bboff\u00a0\u00bb][mhc_row admin_label=\u00a0\u00bbrow\u00a0\u00bb][mhc_column type=\u00a0\u00bb1_3&Prime;][mhc_blurb admin_label=\u00a0\u00bbText Intro\u00a0\u00bb url_new_window=\u00a0\u00bboff\u00a0\u00bb use_icon=\u00a0\u00bbon\u00a0\u00bb font_list=\u00a0\u00bbmhicons\u00a0\u00bb font_mhicons=\u00a0\u00bb%%55%%\u00a0\u00bb icon_color=\u00a0\u00bb#0f70a6&Prime; use_circle=\u00a0\u00bboff\u00a0\u00bb use_circle_bg=\u00a0\u00bboff\u00a0\u00bb circle_color=\u00a0\u00bb#fc5353&Prime; use_circle_border=\u00a0\u00bboff\u00a0\u00bb circle_border_color=\u00a0\u00bb#fc5353&Prime; icon_placement=\u00a0\u00bbtop\u00a0\u00bb animation=\u00a0\u00bbleft\u00a0\u00bb background_layout=\u00a0\u00bblight\u00a0\u00bb text_orientation=\u00a0\u00bbleft\u00a0\u00bb use_background=\u00a0\u00bboff\u00a0\u00bb background_color=\u00a0\u00bb#f5f5f5&Prime; wrap_inside_link=\u00a0\u00bboff\u00a0\u00bb hoverfx=\u00a0\u00bbnone\u00a0\u00bb use_icon_size=\u00a0\u00bboff\u00a0\u00bb icon_size=\u00a0\u00bb50&Prime; circle_radius=\u00a0\u00bb100&Prime; title=\u00a0\u00bbConditions dutilisation et de vente\u00a0\u00bb] Cette page web repr\u00e9sente nos Conditions &hellip;<\/p>\n","protected":false},"author":1,"featured_media":0,"parent":0,"menu_order":0,"comment_status":"closed","ping_status":"closed","template":"","meta":{"om_disable_all_campaigns":false,"_monsterinsights_skip_tracking":false,"_monsterinsights_sitenote_active":false,"_monsterinsights_sitenote_note":"","_monsterinsights_sitenote_category":0,"_joinchat":[],"footnotes":""},"class_list":["post-22239","page","type-page","status-publish","hentry"],"aioseo_notices":[],"aioseo_head":"\n\t\t<!-- All in One SEO Pro 4.9.6.2 - aioseo.com -->\n\t<meta name=\"robots\" content=\"max-image-preview:large\" \/>\n\t<meta name=\"google-site-verification\" content=\"xXdckFbQ_HYNNOdLXQYzAXe5ku6fqzTVXg4pgEX0AKg\" \/>\n\t<link rel=\"canonical\" href=\"https:\/\/ghaddar.com\/fr\/conditions-dutilisation\/\" \/>\n\t<meta name=\"generator\" content=\"All in One SEO Pro (AIOSEO) 4.9.6.2\" \/>\n\t\t<meta property=\"og:locale\" content=\"fr_FR\" \/>\n\t\t<meta property=\"og:site_name\" content=\"Ghaddar Machinery Co. | Powering Generations!\" \/>\n\t\t<meta property=\"og:type\" content=\"article\" \/>\n\t\t<meta property=\"og:title\" content=\"Conditions dutilisation | Ghaddar Machinery Co.\" \/>\n\t\t<meta property=\"og:url\" content=\"https:\/\/ghaddar.com\/fr\/conditions-dutilisation\/\" \/>\n\t\t<meta property=\"og:image\" content=\"https:\/\/ghaddar.com\/wp-content\/uploads\/2022\/06\/slider5-V.3.jpg\" \/>\n\t\t<meta property=\"og:image:secure_url\" content=\"https:\/\/ghaddar.com\/wp-content\/uploads\/2022\/06\/slider5-V.3.jpg\" \/>\n\t\t<meta property=\"og:image:width\" content=\"1920\" \/>\n\t\t<meta property=\"og:image:height\" content=\"670\" \/>\n\t\t<meta property=\"article:published_time\" content=\"2018-10-13T09:59:21+00:00\" \/>\n\t\t<meta property=\"article:modified_time\" content=\"2018-10-13T09:59:21+00:00\" \/>\n\t\t<meta property=\"article:publisher\" content=\"https:\/\/www.facebook.com\/GhaddarMachineryCo\" \/>\n\t\t<meta name=\"twitter:card\" content=\"summary\" \/>\n\t\t<meta name=\"twitter:site\" content=\"@ghaddarco\" \/>\n\t\t<meta name=\"twitter:title\" content=\"Conditions dutilisation | Ghaddar Machinery Co.\" \/>\n\t\t<meta name=\"twitter:creator\" content=\"@ghaddarco\" \/>\n\t\t<meta name=\"twitter:image\" content=\"https:\/\/ghaddar.com\/wp-content\/uploads\/2022\/06\/slider5-V.3.jpg\" \/>\n\t\t<script type=\"application\/ld+json\" class=\"aioseo-schema\">\n\t\t\t{\"@context\":\"https:\\\/\\\/schema.org\",\"@graph\":[{\"@type\":\"BreadcrumbList\",\"@id\":\"https:\\\/\\\/ghaddar.com\\\/fr\\\/conditions-dutilisation\\\/#breadcrumblist\",\"itemListElement\":[{\"@type\":\"ListItem\",\"@id\":\"https:\\\/\\\/ghaddar.com\\\/fr\\\/#listItem\",\"position\":1,\"name\":\"Home\",\"item\":\"https:\\\/\\\/ghaddar.com\\\/fr\\\/\",\"nextItem\":{\"@type\":\"ListItem\",\"@id\":\"https:\\\/\\\/ghaddar.com\\\/fr\\\/conditions-dutilisation\\\/#listItem\",\"name\":\"Conditions dutilisation\"}},{\"@type\":\"ListItem\",\"@id\":\"https:\\\/\\\/ghaddar.com\\\/fr\\\/conditions-dutilisation\\\/#listItem\",\"position\":2,\"name\":\"Conditions dutilisation\",\"previousItem\":{\"@type\":\"ListItem\",\"@id\":\"https:\\\/\\\/ghaddar.com\\\/fr\\\/#listItem\",\"name\":\"Home\"}}]},{\"@type\":\"Organization\",\"@id\":\"https:\\\/\\\/ghaddar.com\\\/fr\\\/#organization\",\"name\":\"Ghaddar Machinery Co.\",\"description\":\"Powering Generations!\",\"url\":\"https:\\\/\\\/ghaddar.com\\\/fr\\\/\",\"telephone\":\"+9617220000\",\"logo\":{\"@type\":\"ImageObject\",\"url\":\"https:\\\/\\\/ghaddar.com\\\/wp-content\\\/uploads\\\/2022\\\/02\\\/ghaddar-corporate-logo.png\",\"@id\":\"https:\\\/\\\/ghaddar.com\\\/fr\\\/conditions-dutilisation\\\/#organizationLogo\",\"width\":320,\"height\":56,\"caption\":\"Ghaddar Machinery Logo\"},\"image\":{\"@id\":\"https:\\\/\\\/ghaddar.com\\\/fr\\\/conditions-dutilisation\\\/#organizationLogo\"},\"sameAs\":[\"https:\\\/\\\/www.facebook.com\\\/GhaddarMachineryCo\",\"https:\\\/\\\/twitter.com\\\/ghaddarco\",\"https:\\\/\\\/www.instagram.com\\\/ghaddar.machinery.co\\\/\",\"https:\\\/\\\/www.youtube.com\\\/channel\\\/UCvE1XDzhZ2LQoSb-fLjVGLg\",\"https:\\\/\\\/www.linkedin.com\\\/company\\\/ghaddar-machinery-co\\\/\"]},{\"@type\":\"WebPage\",\"@id\":\"https:\\\/\\\/ghaddar.com\\\/fr\\\/conditions-dutilisation\\\/#webpage\",\"url\":\"https:\\\/\\\/ghaddar.com\\\/fr\\\/conditions-dutilisation\\\/\",\"name\":\"Conditions dutilisation | Ghaddar Machinery Co.\",\"inLanguage\":\"fr-FR\",\"isPartOf\":{\"@id\":\"https:\\\/\\\/ghaddar.com\\\/fr\\\/#website\"},\"breadcrumb\":{\"@id\":\"https:\\\/\\\/ghaddar.com\\\/fr\\\/conditions-dutilisation\\\/#breadcrumblist\"},\"datePublished\":\"2018-10-13T12:59:21+03:00\",\"dateModified\":\"2018-10-13T12:59:21+03:00\"},{\"@type\":\"WebSite\",\"@id\":\"https:\\\/\\\/ghaddar.com\\\/fr\\\/#website\",\"url\":\"https:\\\/\\\/ghaddar.com\\\/fr\\\/\",\"name\":\"Ghaddar Machinery Co.\",\"description\":\"Powering Generations!\",\"inLanguage\":\"fr-FR\",\"publisher\":{\"@id\":\"https:\\\/\\\/ghaddar.com\\\/fr\\\/#organization\"}}]}\n\t\t<\/script>\n\t\t<!-- All in One SEO Pro -->\r\n\t\t<title>Conditions dutilisation | Ghaddar Machinery Co.<\/title>\n\n","aioseo_head_json":{"title":"Conditions dutilisation | Ghaddar Machinery Co.","description":"","canonical_url":"https:\/\/ghaddar.com\/fr\/conditions-dutilisation\/","robots":"max-image-preview:large","keywords":"","webmasterTools":{"google-site-verification":"xXdckFbQ_HYNNOdLXQYzAXe5ku6fqzTVXg4pgEX0AKg","miscellaneous":""},"schema":{"@context":"https:\/\/schema.org","@graph":[{"@type":"BreadcrumbList","@id":"https:\/\/ghaddar.com\/fr\/conditions-dutilisation\/#breadcrumblist","itemListElement":[{"@type":"ListItem","@id":"https:\/\/ghaddar.com\/fr\/#listItem","position":1,"name":"Home","item":"https:\/\/ghaddar.com\/fr\/","nextItem":{"@type":"ListItem","@id":"https:\/\/ghaddar.com\/fr\/conditions-dutilisation\/#listItem","name":"Conditions dutilisation"}},{"@type":"ListItem","@id":"https:\/\/ghaddar.com\/fr\/conditions-dutilisation\/#listItem","position":2,"name":"Conditions dutilisation","previousItem":{"@type":"ListItem","@id":"https:\/\/ghaddar.com\/fr\/#listItem","name":"Home"}}]},{"@type":"Organization","@id":"https:\/\/ghaddar.com\/fr\/#organization","name":"Ghaddar Machinery Co.","description":"Powering Generations!","url":"https:\/\/ghaddar.com\/fr\/","telephone":"+9617220000","logo":{"@type":"ImageObject","url":"https:\/\/ghaddar.com\/wp-content\/uploads\/2022\/02\/ghaddar-corporate-logo.png","@id":"https:\/\/ghaddar.com\/fr\/conditions-dutilisation\/#organizationLogo","width":320,"height":56,"caption":"Ghaddar Machinery Logo"},"image":{"@id":"https:\/\/ghaddar.com\/fr\/conditions-dutilisation\/#organizationLogo"},"sameAs":["https:\/\/www.facebook.com\/GhaddarMachineryCo","https:\/\/twitter.com\/ghaddarco","https:\/\/www.instagram.com\/ghaddar.machinery.co\/","https:\/\/www.youtube.com\/channel\/UCvE1XDzhZ2LQoSb-fLjVGLg","https:\/\/www.linkedin.com\/company\/ghaddar-machinery-co\/"]},{"@type":"WebPage","@id":"https:\/\/ghaddar.com\/fr\/conditions-dutilisation\/#webpage","url":"https:\/\/ghaddar.com\/fr\/conditions-dutilisation\/","name":"Conditions dutilisation | Ghaddar Machinery Co.","inLanguage":"fr-FR","isPartOf":{"@id":"https:\/\/ghaddar.com\/fr\/#website"},"breadcrumb":{"@id":"https:\/\/ghaddar.com\/fr\/conditions-dutilisation\/#breadcrumblist"},"datePublished":"2018-10-13T12:59:21+03:00","dateModified":"2018-10-13T12:59:21+03:00"},{"@type":"WebSite","@id":"https:\/\/ghaddar.com\/fr\/#website","url":"https:\/\/ghaddar.com\/fr\/","name":"Ghaddar Machinery Co.","description":"Powering Generations!","inLanguage":"fr-FR","publisher":{"@id":"https:\/\/ghaddar.com\/fr\/#organization"}}]},"og:locale":"fr_FR","og:site_name":"Ghaddar Machinery Co. | Powering Generations!","og:type":"article","og:title":"Conditions dutilisation | Ghaddar Machinery Co.","og:url":"https:\/\/ghaddar.com\/fr\/conditions-dutilisation\/","og:image":"https:\/\/ghaddar.com\/wp-content\/uploads\/2022\/06\/slider5-V.3.jpg","og:image:secure_url":"https:\/\/ghaddar.com\/wp-content\/uploads\/2022\/06\/slider5-V.3.jpg","og:image:width":1920,"og:image:height":670,"article:published_time":"2018-10-13T09:59:21+00:00","article:modified_time":"2018-10-13T09:59:21+00:00","article:publisher":"https:\/\/www.facebook.com\/GhaddarMachineryCo","twitter:card":"summary","twitter:site":"@ghaddarco","twitter:title":"Conditions dutilisation | Ghaddar Machinery Co.","twitter:creator":"@ghaddarco","twitter:image":"https:\/\/ghaddar.com\/wp-content\/uploads\/2022\/06\/slider5-V.3.jpg"},"aioseo_meta_data":{"post_id":"22239","title":null,"description":null,"keywords":null,"keyphrases":null,"primary_term":null,"canonical_url":null,"og_title":null,"og_description":null,"og_object_type":"default","og_image_type":"default","og_image_url":null,"og_image_width":null,"og_image_height":null,"og_image_custom_url":null,"og_image_custom_fields":null,"og_video":null,"og_custom_url":null,"og_article_section":null,"og_article_tags":null,"twitter_use_og":false,"twitter_card":"default","twitter_image_type":"default","twitter_image_url":null,"twitter_image_custom_url":null,"twitter_image_custom_fields":null,"twitter_title":null,"twitter_description":null,"schema":{"blockGraphs":[],"customGraphs":[],"default":{"data":{"Article":[],"Course":[],"Dataset":[],"FAQPage":[],"Movie":[],"Person":[],"Product":[],"ProductReview":[],"Car":[],"Recipe":[],"Service":[],"SoftwareApplication":[],"WebPage":[]},"graphName":"WebPage","isEnabled":true},"graphs":[]},"schema_type":"default","schema_type_options":null,"pillar_content":false,"robots_default":true,"robots_noindex":false,"robots_noarchive":false,"robots_nosnippet":false,"robots_nofollow":false,"robots_noimageindex":false,"robots_noodp":false,"robots_notranslate":false,"robots_max_snippet":null,"robots_max_videopreview":null,"robots_max_imagepreview":"large","priority":null,"frequency":null,"local_seo":null,"seo_analyzer_scan_date":"2026-04-17 14:57:04","breadcrumb_settings":null,"limit_modified_date":false,"reviewed_by":null,"open_ai":null,"ai":null,"created":"2026-04-16 13:20:47","updated":"2026-04-20 14:13:59"},"_links":{"self":[{"href":"https:\/\/ghaddar.com\/fr\/wp-json\/wp\/v2\/pages\/22239","targetHints":{"allow":["GET"]}}],"collection":[{"href":"https:\/\/ghaddar.com\/fr\/wp-json\/wp\/v2\/pages"}],"about":[{"href":"https:\/\/ghaddar.com\/fr\/wp-json\/wp\/v2\/types\/page"}],"author":[{"embeddable":true,"href":"https:\/\/ghaddar.com\/fr\/wp-json\/wp\/v2\/users\/1"}],"replies":[{"embeddable":true,"href":"https:\/\/ghaddar.com\/fr\/wp-json\/wp\/v2\/comments?post=22239"}],"version-history":[{"count":0,"href":"https:\/\/ghaddar.com\/fr\/wp-json\/wp\/v2\/pages\/22239\/revisions"}],"wp:attachment":[{"href":"https:\/\/ghaddar.com\/fr\/wp-json\/wp\/v2\/media?parent=22239"}],"curies":[{"name":"wp","href":"https:\/\/api.w.org\/{rel}","templated":true}]}}