{"id":22334,"date":"2020-03-16T13:03:19","date_gmt":"2020-03-16T11:03:19","guid":{"rendered":"https:\/\/ghaddar.com\/actualites-sur-2-colonnes\/"},"modified":"2026-03-19T22:10:21","modified_gmt":"2026-03-19T20:10:21","slug":"actualites-sur-2-colonnes","status":"publish","type":"page","link":"https:\/\/ghaddar.com\/fr\/actualites-sur-2-colonnes\/","title":{"rendered":"Actualit\u00e9s sur 2 colonnes"},"content":{"rendered":"\t\t<div data-elementor-type=\"wp-page\" data-elementor-id=\"22334\" class=\"elementor elementor-22334 elementor-90\" data-elementor-post-type=\"page\">\n\t\t\t\t\t\t<section class=\"elementor-section elementor-top-section elementor-element elementor-element-210e071 elementor-section-boxed elementor-section-height-default elementor-section-height-default\" data-id=\"210e071\" data-element_type=\"section\" data-e-type=\"section\">\n\t\t\t\t\t\t<div class=\"elementor-container elementor-column-gap-default\">\n\t\t\t\t\t<div class=\"elementor-column elementor-col-100 elementor-top-column elementor-element elementor-element-d33b753\" data-id=\"d33b753\" data-element_type=\"column\" data-e-type=\"column\">\n\t\t\t<div class=\"elementor-widget-wrap elementor-element-populated\">\n\t\t\t\t\t\t<div class=\"elementor-element elementor-element-76d5d30 elementor-widget elementor-widget-blog\" data-id=\"76d5d30\" data-element_type=\"widget\" data-e-type=\"widget\" data-widget_type=\"blog.default\">\n\t\t\t\t<div class=\"elementor-widget-container\">\n\t\t\t\t\t<div class='row anps-blog'><div class=\"col-md-6\">\n    <article id=\"post-21812\" class=\"post-21812 post type-post status-publish format-standard has-post-thumbnail hentry category-non-classe\">\n        <header class=\"entry-header\">\n            <img loading=\"lazy\" decoding=\"async\" width=\"980\" height=\"735\" src=\"https:\/\/ghaddar.com\/wp-content\/uploads\/2025\/12\/Genbrite-Mitsubishi-Meeting-002-1024x768.jpg\" class=\"attachment-large size-large wp-post-image\" alt=\"\" srcset=\"https:\/\/ghaddar.com\/wp-content\/uploads\/2025\/12\/Genbrite-Mitsubishi-Meeting-002-1024x768.jpg 1024w, https:\/\/ghaddar.com\/wp-content\/uploads\/2025\/12\/Genbrite-Mitsubishi-Meeting-002-300x225.jpg 300w, https:\/\/ghaddar.com\/wp-content\/uploads\/2025\/12\/Genbrite-Mitsubishi-Meeting-002-768x576.jpg 768w, https:\/\/ghaddar.com\/wp-content\/uploads\/2025\/12\/Genbrite-Mitsubishi-Meeting-002-1536x1152.jpg 1536w, https:\/\/ghaddar.com\/wp-content\/uploads\/2025\/12\/Genbrite-Mitsubishi-Meeting-002-280x210.jpg 280w, https:\/\/ghaddar.com\/wp-content\/uploads\/2025\/12\/Genbrite-Mitsubishi-Meeting-002-600x450.jpg 600w, https:\/\/ghaddar.com\/wp-content\/uploads\/2025\/12\/Genbrite-Mitsubishi-Meeting-002.jpg 1600w\" sizes=\"auto, (max-width: 980px) 100vw, 980px\" \/>            <a href=\"https:\/\/ghaddar.com\/fr\/mitsubishi-visite-a-genbrite-nigeria\/\"><h3 class=\"post-title entry-title text-uppercase\">Mitsubishi VISITE \u00c0 GENBRITE NIGERIA<\/h3><\/a>\n            <ul class='post-meta'><li>\n                <i class='fa fa-calendar'><\/i>\n                <time datetime='2025-12-17 01:00'>d\u00e9cembre 17, 2025<\/time>\n            <\/li><\/ul>        <\/header>\n        <div class=\"post-content entry-content\">\n            <div class=\"post-desc clearfix\">\n                Ce fut un grand plaisir de rencontrer le directeur r\u00e9gional pour l&rsquo;Afrique et le Moyen-Orient de Mitsubishi Turbocharger and Engine Europe B.V. dans notre soci\u00e9t\u00e9 s\u0153ur, Genbrite Nigeria. Une opportunit\u00e9 pr\u00e9cieuse d&rsquo;\u00e9changer des perspectives sur les perspectives du march\u00e9 nig\u00e9rian &hellip;            <\/div>\n            <a href=\"https:\/\/ghaddar.com\/fr\/mitsubishi-visite-a-genbrite-nigeria\/\" class=\"btn btn-md btn-gradient btn-shadow\">Read More<\/a>\n        <\/div>\n    <\/article>\n<\/div>\n<div class=\"col-md-6\">\n    <article id=\"post-21807\" class=\"post-21807 post type-post status-publish format-standard has-post-thumbnail hentry category-non-classe\">\n        <header class=\"entry-header\">\n            <img loading=\"lazy\" decoding=\"async\" width=\"980\" height=\"735\" src=\"https:\/\/ghaddar.com\/wp-content\/uploads\/2025\/12\/LISW-2025-1024x768.jpg\" class=\"attachment-large size-large wp-post-image\" alt=\"\" srcset=\"https:\/\/ghaddar.com\/wp-content\/uploads\/2025\/12\/LISW-2025-1024x768.jpg 1024w, https:\/\/ghaddar.com\/wp-content\/uploads\/2025\/12\/LISW-2025-300x225.jpg 300w, https:\/\/ghaddar.com\/wp-content\/uploads\/2025\/12\/LISW-2025-768x576.jpg 768w, https:\/\/ghaddar.com\/wp-content\/uploads\/2025\/12\/LISW-2025-280x210.jpg 280w, https:\/\/ghaddar.com\/wp-content\/uploads\/2025\/12\/LISW-2025-600x450.jpg 600w, https:\/\/ghaddar.com\/wp-content\/uploads\/2025\/12\/LISW-2025.jpg 1280w\" sizes=\"auto, (max-width: 980px) 100vw, 980px\" \/>            <a href=\"https:\/\/ghaddar.com\/fr\/ghaddar-et-sungrow-a-la-lisw2025\/\"><h3 class=\"post-title entry-title text-uppercase\">Ghaddar et Sungrow \u00e0 la LISW2025<\/h3><\/a>\n            <ul class='post-meta'><li>\n                <i class='fa fa-calendar'><\/i>\n                <time datetime='2025-11-27 02:56'>novembre 27, 2025<\/time>\n            <\/li><\/ul>        <\/header>\n        <div class=\"post-content entry-content\">\n            <div class=\"post-desc clearfix\">\n                Ce fut un grand plaisir de rencontrer des partenaires, des clients et des pairs de lindustrie, et de discuter des solutions CI, r\u00e9sidentielles PV et ESS de pointe de Sungrow lors de la Lebanese International Solar Week. Ghaddar exprime sa &hellip;            <\/div>\n            <a href=\"https:\/\/ghaddar.com\/fr\/ghaddar-et-sungrow-a-la-lisw2025\/\" class=\"btn btn-md btn-gradient btn-shadow\">Read More<\/a>\n        <\/div>\n    <\/article>\n<\/div>\n<div class=\"col-md-6\">\n    <article id=\"post-21820\" class=\"post-21820 post type-post status-publish format-standard has-post-thumbnail hentry category-non-classe\">\n        <header class=\"entry-header\">\n            <img loading=\"lazy\" decoding=\"async\" width=\"980\" height=\"787\" src=\"https:\/\/ghaddar.com\/wp-content\/uploads\/2023\/10\/Kubota-August-Vist.jpg\" class=\"attachment-large size-large wp-post-image\" alt=\"\" srcset=\"https:\/\/ghaddar.com\/wp-content\/uploads\/2023\/10\/Kubota-August-Vist.jpg 1024w, https:\/\/ghaddar.com\/wp-content\/uploads\/2023\/10\/Kubota-August-Vist-600x482.jpg 600w, https:\/\/ghaddar.com\/wp-content\/uploads\/2023\/10\/Kubota-August-Vist-300x241.jpg 300w, https:\/\/ghaddar.com\/wp-content\/uploads\/2023\/10\/Kubota-August-Vist-768x617.jpg 768w\" sizes=\"auto, (max-width: 980px) 100vw, 980px\" \/>            <a href=\"https:\/\/ghaddar.com\/fr\/%f0%9d%90%8b%f0%9d%90%9e%f0%9d%90%aa%f0%9d%90%ae%f0%9d%90%a2%f0%9d%90%a9%f0%9d%90%9e-%f0%9d%90%9d%f0%9d%90%9e-%f0%9d%90%9d%f0%9d%90%a2%f0%9d%90%ab%f0%9d%90%9e%f0%9d%90%9c%f0%9d%90%ad\/\"><h3 class=\"post-title entry-title text-uppercase\">\ud835\udc0b&rsquo;\ud835\udc1e\u0301\ud835\udc2a\ud835\udc2e\ud835\udc22\ud835\udc29\ud835\udc1e \ud835\udc1d\ud835\udc1e \ud835\udc1d\ud835\udc22\ud835\udc2b\ud835\udc1e\ud835\udc1c\ud835\udc2d\ud835\udc22\ud835\udc28\ud835\udc27 \ud835\udc1d\ud835\udc1e \ud835\udc0a\ud835\udc2e\ud835\udc1b\ud835\udc28\ud835\udc2d\ud835\udc1a \ud835\udc02\ud835\udc28\ud835\udc2b\ud835\udc29\ud835\udc28\ud835\udc2b\ud835\udc1a\ud835\udc2d\ud835\udc22\ud835\udc28\ud835\udc27 \ud835\udc1e\ud835\udc27 \ud835\udc2f\ud835\udc22\ud835\udc2c\ud835\udc22\ud835\udc2d\ud835\udc1e \ud835\udc1c\ud835\udc21\ud835\udc1e\ud835\udc33 \ud835\udc06\ud835\udc21\ud835\udc1a\ud835\udc1d\ud835\udc1d\ud835\udc1a\ud835\udc2b \ud835\udc0c\ud835\udc1a\ud835\udc1c\ud835\udc21\ud835\udc22\ud835\udc27\ud835\udc1e\ud835\udc2b\ud835\udc32 \ud835\udc02\ud835\udc28. \ud835\udc1a\ud835\udc2e \ud835\udc0b\ud835\udc22\ud835\udc1b\ud835\udc1a\ud835\udc27.<\/h3><\/a>\n            <ul class='post-meta'><li>\n                <i class='fa fa-calendar'><\/i>\n                <time datetime='2025-10-31 10:59'>octobre 31, 2025<\/time>\n            <\/li><\/ul>        <\/header>\n        <div class=\"post-content entry-content\">\n            <div class=\"post-desc clearfix\">\n                \ud835\udc0b&rsquo;\ud835\udc1e\u0301\ud835\udc2a\ud835\udc2e\ud835\udc22\ud835\udc29\ud835\udc1e \ud835\udc1d\ud835\udc1e \ud835\udc1d\ud835\udc22\ud835\udc2b\ud835\udc1e\ud835\udc1c\ud835\udc2d\ud835\udc22\ud835\udc28\ud835\udc27 \ud835\udc1d\ud835\udc1e \ud835\udc0a\ud835\udc2e\ud835\udc1b\ud835\udc28\ud835\udc2d\ud835\udc1a \ud835\udc02\ud835\udc28\ud835\udc2b\ud835\udc29\ud835\udc28\ud835\udc2b\ud835\udc1a\ud835\udc2d\ud835\udc22\ud835\udc28\ud835\udc27 \ud835\udc1e\ud835\udc27 \ud835\udc2f\ud835\udc22\ud835\udc2c\ud835\udc22\ud835\udc2d\ud835\udc1e \ud835\udc1c\ud835\udc21\ud835\udc1e\ud835\udc33 \ud835\udc06\ud835\udc21\ud835\udc1a\ud835\udc1d\ud835\udc1d\ud835\udc1a\ud835\udc2b \ud835\udc0c\ud835\udc1a\ud835\udc1c\ud835\udc21\ud835\udc22\ud835\udc27\ud835\udc1e\ud835\udc2b\ud835\udc32 \ud835\udc02\ud835\udc28. \ud835\udc1a\ud835\udc2e \ud835\udc0b\ud835\udc22\ud835\udc1b\ud835\udc1a\ud835\udc27. Les repr\u00e9sentants des deux soci\u00e9t\u00e9s ont discut\u00e9 de la dynamique du secteur, de l&rsquo;aper\u00e7u et du potentiel du march\u00e9 ainsi que des projets futurs visant \u00e0 &hellip;            <\/div>\n            <a href=\"https:\/\/ghaddar.com\/fr\/%f0%9d%90%8b%f0%9d%90%9e%f0%9d%90%aa%f0%9d%90%ae%f0%9d%90%a2%f0%9d%90%a9%f0%9d%90%9e-%f0%9d%90%9d%f0%9d%90%9e-%f0%9d%90%9d%f0%9d%90%a2%f0%9d%90%ab%f0%9d%90%9e%f0%9d%90%9c%f0%9d%90%ad\/\" class=\"btn btn-md btn-gradient btn-shadow\">Read More<\/a>\n        <\/div>\n    <\/article>\n<\/div>\n<div class=\"col-md-6\">\n    <article id=\"post-22353\" class=\"post-22353 post type-post status-publish format-standard has-post-thumbnail hentry category-non-classe\">\n        <header class=\"entry-header\">\n            <img loading=\"lazy\" decoding=\"async\" width=\"980\" height=\"784\" src=\"https:\/\/ghaddar.com\/wp-content\/uploads\/2025\/10\/ESG-Certification-1200x960-2-1024x819.jpg\" class=\"attachment-large size-large wp-post-image\" alt=\"\" srcset=\"https:\/\/ghaddar.com\/wp-content\/uploads\/2025\/10\/ESG-Certification-1200x960-2-1024x819.jpg 1024w, https:\/\/ghaddar.com\/wp-content\/uploads\/2025\/10\/ESG-Certification-1200x960-2-300x240.jpg 300w, https:\/\/ghaddar.com\/wp-content\/uploads\/2025\/10\/ESG-Certification-1200x960-2-768x614.jpg 768w, https:\/\/ghaddar.com\/wp-content\/uploads\/2025\/10\/ESG-Certification-1200x960-2-600x480.jpg 600w, https:\/\/ghaddar.com\/wp-content\/uploads\/2025\/10\/ESG-Certification-1200x960-2.jpg 1200w\" sizes=\"auto, (max-width: 980px) 100vw, 980px\" \/>            <a href=\"https:\/\/ghaddar.com\/fr\/%f0%9d%90%82%f0%9d%90%9e%f0%9d%90%ab%f0%9d%90%ad%f0%9d%90%a2%f0%9d%90%9f%f0%9d%90%a2%f0%9d%90%9c%f0%9d%90%9a%f0%9d%90%ad-%f0%9d%90%9d%f0%9d%90%9e%f0%9d%90%a7%f0%9d%90%a0%f0%9d%90%9a\/\"><h3 class=\"post-title entry-title text-uppercase\">\ud835\udc02\ud835\udc1e\ud835\udc2b\ud835\udc2d\ud835\udc22\ud835\udc1f\ud835\udc22\ud835\udc1c\ud835\udc1a\ud835\udc2d \ud835\udc1d\u2019\ud835\udc1e\ud835\udc27\ud835\udc20\ud835\udc1a\ud835\udc20\ud835\udc1e\ud835\udc26\ud835\udc1e\ud835\udc27\ud835\udc2d \ud835\udc04\ud835\udc12\ud835\udc06<\/h3><\/a>\n            <ul class='post-meta'><li>\n                <i class='fa fa-calendar'><\/i>\n                <time datetime='2025-10-31 10:59'>octobre 31, 2025<\/time>\n            <\/li><\/ul>        <\/header>\n        <div class=\"post-content entry-content\">\n            <div class=\"post-desc clearfix\">\n                Ghaddar Machinery Co. est honor\u00e9e de recevoir le \ud835\udc02\ud835\udc1e\ud835\udc2b\ud835\udc2d\ud835\udc22\ud835\udc1f\ud835\udc22\ud835\udc1c\ud835\udc1a\ud835\udc2d \ud835\udc1d\u2019\ud835\udc1e\ud835\udc27\ud835\udc20\ud835\udc1a\ud835\udc20\ud835\udc1e\ud835\udc26\ud835\udc1e\ud835\udc27\ud835\udc2d \ud835\udc04\ud835\udc12\ud835\udc06 pour son respect des meilleures pratiques environnementales, sociales, de gouvernance et de droits de l\u2019homme. Le certificat est d\u00e9livr\u00e9 par Capital Concept dans le cadre du programme Lebanon ESG &hellip;            <\/div>\n            <a href=\"https:\/\/ghaddar.com\/fr\/%f0%9d%90%82%f0%9d%90%9e%f0%9d%90%ab%f0%9d%90%ad%f0%9d%90%a2%f0%9d%90%9f%f0%9d%90%a2%f0%9d%90%9c%f0%9d%90%9a%f0%9d%90%ad-%f0%9d%90%9d%f0%9d%90%9e%f0%9d%90%a7%f0%9d%90%a0%f0%9d%90%9a\/\" class=\"btn btn-md btn-gradient btn-shadow\">Read More<\/a>\n        <\/div>\n    <\/article>\n<\/div>\n<div class=\"col-md-6\">\n    <article id=\"post-22357\" class=\"post-22357 post type-post status-publish format-standard has-post-thumbnail hentry category-non-classe\">\n        <header class=\"entry-header\">\n            <img loading=\"lazy\" decoding=\"async\" width=\"980\" height=\"654\" src=\"https:\/\/ghaddar.com\/wp-content\/uploads\/2023\/10\/Leroy-Somer-Visit-to-Ghaddar-1024x683.jpg\" class=\"attachment-large size-large wp-post-image\" alt=\"\" srcset=\"https:\/\/ghaddar.com\/wp-content\/uploads\/2023\/10\/Leroy-Somer-Visit-to-Ghaddar-1024x683.jpg 1024w, https:\/\/ghaddar.com\/wp-content\/uploads\/2023\/10\/Leroy-Somer-Visit-to-Ghaddar-600x400.jpg 600w, https:\/\/ghaddar.com\/wp-content\/uploads\/2023\/10\/Leroy-Somer-Visit-to-Ghaddar-300x200.jpg 300w, https:\/\/ghaddar.com\/wp-content\/uploads\/2023\/10\/Leroy-Somer-Visit-to-Ghaddar-768x512.jpg 768w, https:\/\/ghaddar.com\/wp-content\/uploads\/2023\/10\/Leroy-Somer-Visit-to-Ghaddar-1536x1024.jpg 1536w, https:\/\/ghaddar.com\/wp-content\/uploads\/2023\/10\/Leroy-Somer-Visit-to-Ghaddar-1080x720.jpg 1080w, https:\/\/ghaddar.com\/wp-content\/uploads\/2023\/10\/Leroy-Somer-Visit-to-Ghaddar.jpg 2048w\" sizes=\"auto, (max-width: 980px) 100vw, 980px\" \/>            <a href=\"https:\/\/ghaddar.com\/fr\/%f0%9d%90%8b%f0%9d%90%9a-%f0%9d%90%9d%f0%9d%90%a2%f0%9d%90%ab%f0%9d%90%9e%f0%9d%90%9c%f0%9d%90%ad%f0%9d%90%a2%f0%9d%90%a8%f0%9d%90%a7-%f0%9d%90%9d%f0%9d%90%9e-%f0%9d%90%8d%f0%9d%90%a2%f0%9d%90%9d-2\/\"><h3 class=\"post-title entry-title text-uppercase\">\ud835\udc0b\ud835\udc1a \ud835\udc1d\ud835\udc22\ud835\udc2b\ud835\udc1e\ud835\udc1c\ud835\udc2d\ud835\udc22\ud835\udc28\ud835\udc27 \ud835\udc1d\ud835\udc1e \ud835\udc0d\ud835\udc22\ud835\udc1d\ud835\udc1e\ud835\udc1c \ud835\udc0b\ud835\udc1e\ud835\udc2b\ud835\udc28\ud835\udc32-\ud835\udc12\ud835\udc28\ud835\udc26\ud835\udc1e\ud835\udc2b \ud835\udc1e\ud835\udc27 \ud835\udc2f\ud835\udc22\ud835\udc2c\ud835\udc22\ud835\udc2d\ud835\udc1e \ud835\udc1c\ud835\udc21\ud835\udc1e\ud835\udc33 \ud835\udc06\ud835\udc21\ud835\udc1a\ud835\udc1d\ud835\udc1d\ud835\udc1a\ud835\udc2b \ud835\udc0c\ud835\udc1a\ud835\udc1c\ud835\udc21\ud835\udc22\ud835\udc27\ud835\udc1e\ud835\udc2b\ud835\udc32 \ud835\udc02\ud835\udc28. \ud835\udc1a\ud835\udc2e \ud835\udc0b\ud835\udc22\ud835\udc1b\ud835\udc1a\ud835\udc27.<\/h3><\/a>\n            <ul class='post-meta'><li>\n                <i class='fa fa-calendar'><\/i>\n                <time datetime='2025-10-31 10:59'>octobre 31, 2025<\/time>\n            <\/li><\/ul>        <\/header>\n        <div class=\"post-content entry-content\">\n            <div class=\"post-desc clearfix\">\n                \ud835\udc0b\ud835\udc1a \ud835\udc1d\ud835\udc22\ud835\udc2b\ud835\udc1e\ud835\udc1c\ud835\udc2d\ud835\udc22\ud835\udc28\ud835\udc27 \ud835\udc1d\ud835\udc1e \ud835\udc0d\ud835\udc22\ud835\udc1d\ud835\udc1e\ud835\udc1c \ud835\udc0b\ud835\udc1e\ud835\udc2b\ud835\udc28\ud835\udc32-\ud835\udc12\ud835\udc28\ud835\udc26\ud835\udc1e\ud835\udc2b \ud835\udc1e\ud835\udc27 \ud835\udc2f\ud835\udc22\ud835\udc2c\ud835\udc22\ud835\udc2d\ud835\udc1e \ud835\udc1c\ud835\udc21\ud835\udc1e\ud835\udc33 \ud835\udc06\ud835\udc21\ud835\udc1a\ud835\udc1d\ud835\udc1d\ud835\udc1a\ud835\udc2b \ud835\udc0c\ud835\udc1a\ud835\udc1c\ud835\udc21\ud835\udc22\ud835\udc27\ud835\udc1e\ud835\udc2b\ud835\udc32 \ud835\udc02\ud835\udc28. \ud835\udc1a\ud835\udc2e \ud835\udc0b\ud835\udc22\ud835\udc1b\ud835\udc1a\ud835\udc27. Le vendredi 25 juillet 2023, Ghaddar Machinery Co. a accueilli l&rsquo;\u00e9quipe de direction de Nidec Leroy-Somer repr\u00e9sent\u00e9e par le Pr\u00e9sident de la Division Production d&rsquo;\u00c9nergie \u00c9lectrique Europe &hellip;            <\/div>\n            <a href=\"https:\/\/ghaddar.com\/fr\/%f0%9d%90%8b%f0%9d%90%9a-%f0%9d%90%9d%f0%9d%90%a2%f0%9d%90%ab%f0%9d%90%9e%f0%9d%90%9c%f0%9d%90%ad%f0%9d%90%a2%f0%9d%90%a8%f0%9d%90%a7-%f0%9d%90%9d%f0%9d%90%9e-%f0%9d%90%8d%f0%9d%90%a2%f0%9d%90%9d-2\/\" class=\"btn btn-md btn-gradient btn-shadow\">Read More<\/a>\n        <\/div>\n    <\/article>\n<\/div>\n<div class=\"col-md-6\">\n    <article id=\"post-22375\" class=\"post-22375 post type-post status-publish format-standard has-post-thumbnail hentry category-projets\">\n        <header class=\"entry-header\">\n            <img loading=\"lazy\" decoding=\"async\" width=\"980\" height=\"543\" src=\"https:\/\/ghaddar.com\/wp-content\/uploads\/2019\/06\/Ghaddar-Generators-powered-by-John-Deere-1-1024x567.jpg\" class=\"attachment-large size-large wp-post-image\" alt=\"\" srcset=\"https:\/\/ghaddar.com\/wp-content\/uploads\/2019\/06\/Ghaddar-Generators-powered-by-John-Deere-1.jpg 1024w, https:\/\/ghaddar.com\/wp-content\/uploads\/2019\/06\/Ghaddar-Generators-powered-by-John-Deere-1-600x332.jpg 600w, https:\/\/ghaddar.com\/wp-content\/uploads\/2019\/06\/Ghaddar-Generators-powered-by-John-Deere-1-300x166.jpg 300w, https:\/\/ghaddar.com\/wp-content\/uploads\/2019\/06\/Ghaddar-Generators-powered-by-John-Deere-1-768x425.jpg 768w\" sizes=\"auto, (max-width: 980px) 100vw, 980px\" \/>            <a href=\"https:\/\/ghaddar.com\/fr\/les-groupes-electrogenes-ghaddar-equipes-de-moteurs-john-deere-se-developpent-a-linternational\/\"><h3 class=\"post-title entry-title text-uppercase\">Les groupes \u00e9lectrog\u00e8nes Ghaddar \u00e9quip\u00e9s de moteurs John Deere se d\u00e9veloppent \u00e0 l&rsquo;international.<\/h3><\/a>\n            <ul class='post-meta'><li>\n                <i class='fa fa-calendar'><\/i>\n                <time datetime='2025-10-31 10:50'>octobre 31, 2025<\/time>\n            <\/li><\/ul>        <\/header>\n        <div class=\"post-content entry-content\">\n            <div class=\"post-desc clearfix\">\n                Les groupes \u00e9lectrog\u00e8nes Ghaddar \u00e9quip\u00e9s de moteurs John Deere et d&rsquo;alternateurs Leroy Somer constituent un produit promis \u00e0 un bel avenir. La demande pour ce produit conna\u00eet une croissance constante et s&rsquo;\u00e9tend partout dans le monde. Les qualit\u00e9s exceptionnelles du &hellip;            <\/div>\n            <a href=\"https:\/\/ghaddar.com\/fr\/les-groupes-electrogenes-ghaddar-equipes-de-moteurs-john-deere-se-developpent-a-linternational\/\" class=\"btn btn-md btn-gradient btn-shadow\">Read More<\/a>\n        <\/div>\n    <\/article>\n<\/div>\n<\/div><ul class='page-numbers'>\n\t<li><span aria-label=\"Page 1\" aria-current=\"page\" class=\"page-numbers current\">1<\/span><\/li>\n\t<li><a aria-label=\"Page 2\" class=\"page-numbers\" href=\"https:\/\/ghaddar.com\/fr\/wp-json\/wp\/v2\/pages\/22334\/page\/2\/\">2<\/a><\/li>\n\t<li><a aria-label=\"Page 3\" class=\"page-numbers\" href=\"https:\/\/ghaddar.com\/fr\/wp-json\/wp\/v2\/pages\/22334\/page\/3\/\">3<\/a><\/li>\n\t<li><span class=\"page-numbers dots\">\u2026<\/span><\/li>\n\t<li><a aria-label=\"Page 15\" class=\"page-numbers\" href=\"https:\/\/ghaddar.com\/fr\/wp-json\/wp\/v2\/pages\/22334\/page\/15\/\">15<\/a><\/li>\n\t<li><a class=\"next page-numbers\" href=\"https:\/\/ghaddar.com\/fr\/wp-json\/wp\/v2\/pages\/22334\/page\/2\/\">Next <i class=\"fa fa-angle-right\"><\/i><\/a><\/li>\n<\/ul>\n\t\t\t\t<\/div>\n\t\t\t\t<\/div>\n\t\t\t\t\t<\/div>\n\t\t<\/div>\n\t\t\t\t\t<\/div>\n\t\t<\/section>\n\t\t\t\t<\/div>\n\t\t","protected":false},"excerpt":{"rendered":"<p>Mitsubishi VISIT TO GENBRITE NIGERIA December 17, 2025 It was a great pleasure meeting the Regional Manager for Africa &amp; the Middle East from Mitsubishi Turbocharger and Engine Europe B.V. at our sister company, Genbrite Nigeria. A valuable opportunity to &hellip;<\/p>\n","protected":false},"author":1,"featured_media":0,"parent":0,"menu_order":0,"comment_status":"closed","ping_status":"closed","template":"","meta":{"_monsterinsights_skip_tracking":false,"_monsterinsights_sitenote_active":false,"_monsterinsights_sitenote_note":"","_monsterinsights_sitenote_category":0,"_joinchat":[],"footnotes":""},"class_list":["post-22334","page","type-page","status-publish","hentry"],"_links":{"self":[{"href":"https:\/\/ghaddar.com\/fr\/wp-json\/wp\/v2\/pages\/22334","targetHints":{"allow":["GET"]}}],"collection":[{"href":"https:\/\/ghaddar.com\/fr\/wp-json\/wp\/v2\/pages"}],"about":[{"href":"https:\/\/ghaddar.com\/fr\/wp-json\/wp\/v2\/types\/page"}],"author":[{"embeddable":true,"href":"https:\/\/ghaddar.com\/fr\/wp-json\/wp\/v2\/users\/1"}],"replies":[{"embeddable":true,"href":"https:\/\/ghaddar.com\/fr\/wp-json\/wp\/v2\/comments?post=22334"}],"version-history":[{"count":2,"href":"https:\/\/ghaddar.com\/fr\/wp-json\/wp\/v2\/pages\/22334\/revisions"}],"predecessor-version":[{"id":22336,"href":"https:\/\/ghaddar.com\/fr\/wp-json\/wp\/v2\/pages\/22334\/revisions\/22336"}],"wp:attachment":[{"href":"https:\/\/ghaddar.com\/fr\/wp-json\/wp\/v2\/media?parent=22334"}],"curies":[{"name":"wp","href":"https:\/\/api.w.org\/{rel}","templated":true}]}}