{"id":22341,"date":"2019-07-19T13:55:52","date_gmt":"2019-07-19T10:55:52","guid":{"rendered":"https:\/\/ghaddar.com\/tableaux-de-commande\/"},"modified":"2026-03-19T22:23:07","modified_gmt":"2026-03-19T20:23:07","slug":"tableaux-de-commande","status":"publish","type":"page","link":"https:\/\/ghaddar.com\/fr\/produits\/tableaux-de-commande\/","title":{"rendered":"Tableaux de commande"},"content":{"rendered":"\t\t<div data-elementor-type=\"wp-page\" data-elementor-id=\"22341\" class=\"elementor elementor-22341 elementor-10585\" data-elementor-post-type=\"page\">\n\t\t\t\t\t\t<section class=\"elementor-section elementor-top-section elementor-element elementor-element-3886aff0 elementor-section-boxed elementor-section-height-default elementor-section-height-default\" data-id=\"3886aff0\" data-element_type=\"section\" data-e-type=\"section\">\n\t\t\t\t\t\t<div class=\"elementor-container elementor-column-gap-default\">\n\t\t\t\t\t<div class=\"elementor-column elementor-col-50 elementor-top-column elementor-element elementor-element-2d592d41\" data-id=\"2d592d41\" data-element_type=\"column\" data-e-type=\"column\">\n\t\t\t<div class=\"elementor-widget-wrap elementor-element-populated\">\n\t\t\t\t\t\t<div class=\"elementor-element elementor-element-42de8c55 elementor-widget elementor-widget-spacer\" data-id=\"42de8c55\" data-element_type=\"widget\" data-e-type=\"widget\" data-widget_type=\"spacer.default\">\n\t\t\t\t<div class=\"elementor-widget-container\">\n\t\t\t\t\t\t\t<div class=\"elementor-spacer\">\n\t\t\t<div class=\"elementor-spacer-inner\"><\/div>\n\t\t<\/div>\n\t\t\t\t\t\t<\/div>\n\t\t\t\t<\/div>\n\t\t\t\t<div class=\"elementor-element elementor-element-d59e081 elementor-widget elementor-widget-spacer\" data-id=\"d59e081\" data-element_type=\"widget\" data-e-type=\"widget\" data-widget_type=\"spacer.default\">\n\t\t\t\t<div class=\"elementor-widget-container\">\n\t\t\t\t\t\t\t<div class=\"elementor-spacer\">\n\t\t\t<div class=\"elementor-spacer-inner\"><\/div>\n\t\t<\/div>\n\t\t\t\t\t\t<\/div>\n\t\t\t\t<\/div>\n\t\t\t\t<div class=\"elementor-element elementor-element-799a352d elementor-widget elementor-widget-image\" data-id=\"799a352d\" data-element_type=\"widget\" data-e-type=\"widget\" data-widget_type=\"image.default\">\n\t\t\t\t<div class=\"elementor-widget-container\">\n\t\t\t\t\t\t\t\t\t\t\t\t\t\t\t<img loading=\"lazy\" decoding=\"async\" width=\"300\" height=\"242\" src=\"https:\/\/ghaddar.com\/wp-content\/uploads\/2020\/01\/control-panel-300x242.jpg\" class=\"attachment-medium size-medium wp-image-22342\" alt=\"\" srcset=\"https:\/\/ghaddar.com\/wp-content\/uploads\/2020\/01\/control-panel-300x242.jpg 300w, https:\/\/ghaddar.com\/wp-content\/uploads\/2020\/01\/control-panel-600x485.jpg 600w, https:\/\/ghaddar.com\/wp-content\/uploads\/2020\/01\/control-panel.jpg 650w\" sizes=\"auto, (max-width: 300px) 100vw, 300px\" \/>\t\t\t\t\t\t\t\t\t\t\t\t\t\t\t<\/div>\n\t\t\t\t<\/div>\n\t\t\t\t<div class=\"elementor-element elementor-element-408f61ff elementor-widget elementor-widget-spacer\" data-id=\"408f61ff\" data-element_type=\"widget\" data-e-type=\"widget\" data-widget_type=\"spacer.default\">\n\t\t\t\t<div class=\"elementor-widget-container\">\n\t\t\t\t\t\t\t<div class=\"elementor-spacer\">\n\t\t\t<div class=\"elementor-spacer-inner\"><\/div>\n\t\t<\/div>\n\t\t\t\t\t\t<\/div>\n\t\t\t\t<\/div>\n\t\t\t\t\t<\/div>\n\t\t<\/div>\n\t\t\t\t<div class=\"elementor-column elementor-col-50 elementor-top-column elementor-element elementor-element-546b92a8\" data-id=\"546b92a8\" data-element_type=\"column\" data-e-type=\"column\">\n\t\t\t<div class=\"elementor-widget-wrap elementor-element-populated\">\n\t\t\t\t\t\t<div class=\"elementor-element elementor-element-4bf74c36 elementor-widget elementor-widget-spacer\" data-id=\"4bf74c36\" data-element_type=\"widget\" data-e-type=\"widget\" data-widget_type=\"spacer.default\">\n\t\t\t\t<div class=\"elementor-widget-container\">\n\t\t\t\t\t\t\t<div class=\"elementor-spacer\">\n\t\t\t<div class=\"elementor-spacer-inner\"><\/div>\n\t\t<\/div>\n\t\t\t\t\t\t<\/div>\n\t\t\t\t<\/div>\n\t\t\t\t<div class=\"elementor-element elementor-element-1cd188f elementor-widget elementor-widget-text-editor\" data-id=\"1cd188f\" data-element_type=\"widget\" data-e-type=\"widget\" data-widget_type=\"text-editor.default\">\n\t\t\t\t<div class=\"elementor-widget-container\">\n\t\t\t\t\t\t\t\t\tLe coffret est fabriqu\u00e9 dans notre usine de fabrication CNC, o\u00f9 plusieurs machines de poin\u00e7onnage, de d\u00e9coupe et de pliage \u00e0 commande num\u00e9rique informatis\u00e9e sont utilis\u00e9es pour r\u00e9aliser les conceptions invent\u00e9es par nos sp\u00e9cialistes en ing\u00e9nierie sur des t\u00f4les m\u00e9talliques de haute qualit\u00e9.<br>&#8211; Le coffret est peint avec des peintures durables trait\u00e9es thermiquement et rev\u00eatues par poudre aux couleurs standard de notre marque : blanc et noir<br>&#8211; Le c\u00e2blage d&rsquo;entr\u00e9e et de sortie du tableau prot\u00e8ge les faisceaux scell\u00e9s et flexibles qui sont connect\u00e9s au tableau par des presse-\u00e9toupes.<br>&#8211; Les conceptions des tableaux, les couleurs, le c\u00e2blage et\/ou toute demande sp\u00e9ciale suppl\u00e9mentaire peuvent \u00eatre personnalis\u00e9s et appliqu\u00e9s selon les exigences du client apr\u00e8s leur \u00e9tude de faisabilit\u00e9 par notre d\u00e9partement R&amp;D.\t\t\t\t\t\t\t\t<\/div>\n\t\t\t\t<\/div>\n\t\t\t\t\t<\/div>\n\t\t<\/div>\n\t\t\t\t\t<\/div>\n\t\t<\/section>\n\t\t\t\t<section class=\"elementor-section elementor-top-section elementor-element elementor-element-e460697 elementor-section-boxed elementor-section-height-default elementor-section-height-default\" data-id=\"e460697\" data-element_type=\"section\" data-e-type=\"section\">\n\t\t\t\t\t\t<div class=\"elementor-container elementor-column-gap-default\">\n\t\t\t\t\t<div class=\"elementor-column elementor-col-100 elementor-top-column elementor-element elementor-element-c36d51c\" data-id=\"c36d51c\" data-element_type=\"column\" data-e-type=\"column\">\n\t\t\t<div class=\"elementor-widget-wrap elementor-element-populated\">\n\t\t\t\t\t\t<div class=\"elementor-element elementor-element-0d0dce7 elementor-widget elementor-widget-spacer\" data-id=\"0d0dce7\" data-element_type=\"widget\" data-e-type=\"widget\" data-widget_type=\"spacer.default\">\n\t\t\t\t<div class=\"elementor-widget-container\">\n\t\t\t\t\t\t\t<div class=\"elementor-spacer\">\n\t\t\t<div class=\"elementor-spacer-inner\"><\/div>\n\t\t<\/div>\n\t\t\t\t\t\t<\/div>\n\t\t\t\t<\/div>\n\t\t\t\t\t<\/div>\n\t\t<\/div>\n\t\t\t\t\t<\/div>\n\t\t<\/section>\n\t\t\t\t<section class=\"elementor-section elementor-top-section elementor-element elementor-element-8eb10d0 elementor-section-boxed elementor-section-height-default elementor-section-height-default\" data-id=\"8eb10d0\" data-element_type=\"section\" data-e-type=\"section\">\n\t\t\t\t\t\t<div class=\"elementor-container elementor-column-gap-default\">\n\t\t\t\t\t<div class=\"elementor-column elementor-col-100 elementor-top-column elementor-element elementor-element-892ff4e\" data-id=\"892ff4e\" data-element_type=\"column\" data-e-type=\"column\">\n\t\t\t<div class=\"elementor-widget-wrap elementor-element-populated\">\n\t\t\t\t\t\t<div class=\"elementor-element elementor-element-5ff8edc elementor-widget elementor-widget-shortcode\" data-id=\"5ff8edc\" data-element_type=\"widget\" data-e-type=\"widget\" data-widget_type=\"shortcode.default\">\n\t\t\t\t<div class=\"elementor-widget-container\">\n\t\t\t\t\t\t\t<div class=\"elementor-shortcode\">[product-catalogue id=\"10\"]<\/div>\n\t\t\t\t\t\t<\/div>\n\t\t\t\t<\/div>\n\t\t\t\t\t<\/div>\n\t\t<\/div>\n\t\t\t\t\t<\/div>\n\t\t<\/section>\n\t\t\t\t<\/div>\n\t\t","protected":false},"excerpt":{"rendered":"<p>Le coffret est fabriqu\u00e9 dans notre usine de fabrication CNC, o\u00f9 plusieurs machines de poin\u00e7onnage, de d\u00e9coupe et de pliage \u00e0 commande num\u00e9rique informatis\u00e9e sont utilis\u00e9es pour r\u00e9aliser les conceptions invent\u00e9es par nos sp\u00e9cialistes en ing\u00e9nierie sur des t\u00f4les m\u00e9talliques &hellip;<\/p>\n","protected":false},"author":1,"featured_media":22342,"parent":22483,"menu_order":6,"comment_status":"closed","ping_status":"closed","template":"","meta":{"_monsterinsights_skip_tracking":false,"_monsterinsights_sitenote_active":false,"_monsterinsights_sitenote_note":"","_monsterinsights_sitenote_category":0,"_joinchat":[],"footnotes":""},"class_list":["post-22341","page","type-page","status-publish","has-post-thumbnail","hentry"],"_links":{"self":[{"href":"https:\/\/ghaddar.com\/fr\/wp-json\/wp\/v2\/pages\/22341","targetHints":{"allow":["GET"]}}],"collection":[{"href":"https:\/\/ghaddar.com\/fr\/wp-json\/wp\/v2\/pages"}],"about":[{"href":"https:\/\/ghaddar.com\/fr\/wp-json\/wp\/v2\/types\/page"}],"author":[{"embeddable":true,"href":"https:\/\/ghaddar.com\/fr\/wp-json\/wp\/v2\/users\/1"}],"replies":[{"embeddable":true,"href":"https:\/\/ghaddar.com\/fr\/wp-json\/wp\/v2\/comments?post=22341"}],"version-history":[{"count":1,"href":"https:\/\/ghaddar.com\/fr\/wp-json\/wp\/v2\/pages\/22341\/revisions"}],"predecessor-version":[{"id":22343,"href":"https:\/\/ghaddar.com\/fr\/wp-json\/wp\/v2\/pages\/22341\/revisions\/22343"}],"up":[{"embeddable":true,"href":"https:\/\/ghaddar.com\/fr\/wp-json\/wp\/v2\/pages\/22483"}],"wp:featuredmedia":[{"embeddable":true,"href":"https:\/\/ghaddar.com\/fr\/wp-json\/wp\/v2\/media\/22342"}],"wp:attachment":[{"href":"https:\/\/ghaddar.com\/fr\/wp-json\/wp\/v2\/media?parent=22341"}],"curies":[{"name":"wp","href":"https:\/\/api.w.org\/{rel}","templated":true}]}}