{"id":22346,"date":"2019-07-28T17:46:37","date_gmt":"2019-07-28T14:46:37","guid":{"rendered":"https:\/\/ghaddar.com\/moteurs-cummins-2\/"},"modified":"2026-03-19T22:23:07","modified_gmt":"2026-03-19T20:23:07","slug":"moteurs-cummins-2","status":"publish","type":"page","link":"https:\/\/ghaddar.com\/fr\/produits\/moteurs-cummins-2\/","title":{"rendered":"Moteurs Cummins"},"content":{"rendered":"\t\t<div data-elementor-type=\"wp-page\" data-elementor-id=\"22346\" class=\"elementor elementor-22346 elementor-10715\" data-elementor-post-type=\"page\">\n\t\t\t\t\t\t<section class=\"elementor-section elementor-top-section elementor-element elementor-element-49eb973e elementor-section-boxed elementor-section-height-default elementor-section-height-default\" data-id=\"49eb973e\" data-element_type=\"section\" data-e-type=\"section\">\n\t\t\t\t\t\t<div class=\"elementor-container elementor-column-gap-default\">\n\t\t\t\t\t<div class=\"elementor-column elementor-col-50 elementor-top-column elementor-element elementor-element-5540ae6f\" data-id=\"5540ae6f\" data-element_type=\"column\" data-e-type=\"column\">\n\t\t\t<div class=\"elementor-widget-wrap elementor-element-populated\">\n\t\t\t\t\t\t<div class=\"elementor-element elementor-element-64bedce elementor-widget elementor-widget-spacer\" data-id=\"64bedce\" data-element_type=\"widget\" data-e-type=\"widget\" data-widget_type=\"spacer.default\">\n\t\t\t\t<div class=\"elementor-widget-container\">\n\t\t\t\t\t\t\t<div class=\"elementor-spacer\">\n\t\t\t<div class=\"elementor-spacer-inner\"><\/div>\n\t\t<\/div>\n\t\t\t\t\t\t<\/div>\n\t\t\t\t<\/div>\n\t\t\t\t<div class=\"elementor-element elementor-element-2789e408 elementor-widget elementor-widget-image\" data-id=\"2789e408\" data-element_type=\"widget\" data-e-type=\"widget\" data-widget_type=\"image.default\">\n\t\t\t\t<div class=\"elementor-widget-container\">\n\t\t\t\t\t\t\t\t\t\t\t\t\t\t\t<img loading=\"lazy\" decoding=\"async\" width=\"300\" height=\"263\" src=\"https:\/\/ghaddar.com\/wp-content\/uploads\/2019\/08\/6BTA5-9-G6-1-1-300x263.jpg\" class=\"attachment-medium size-medium wp-image-22349\" alt=\"\" srcset=\"https:\/\/ghaddar.com\/wp-content\/uploads\/2019\/08\/6BTA5-9-G6-1-1-300x263.jpg 300w, https:\/\/ghaddar.com\/wp-content\/uploads\/2019\/08\/6BTA5-9-G6-1-1-600x526.jpg 600w, https:\/\/ghaddar.com\/wp-content\/uploads\/2019\/08\/6BTA5-9-G6-1-1.jpg 684w\" sizes=\"auto, (max-width: 300px) 100vw, 300px\" \/>\t\t\t\t\t\t\t\t\t\t\t\t\t\t\t<\/div>\n\t\t\t\t<\/div>\n\t\t\t\t<div class=\"elementor-element elementor-element-613133b6 elementor-widget elementor-widget-spacer\" data-id=\"613133b6\" data-element_type=\"widget\" data-e-type=\"widget\" data-widget_type=\"spacer.default\">\n\t\t\t\t<div class=\"elementor-widget-container\">\n\t\t\t\t\t\t\t<div class=\"elementor-spacer\">\n\t\t\t<div class=\"elementor-spacer-inner\"><\/div>\n\t\t<\/div>\n\t\t\t\t\t\t<\/div>\n\t\t\t\t<\/div>\n\t\t\t\t\t<\/div>\n\t\t<\/div>\n\t\t\t\t<div class=\"elementor-column elementor-col-50 elementor-top-column elementor-element elementor-element-546ce1a1\" data-id=\"546ce1a1\" data-element_type=\"column\" data-e-type=\"column\">\n\t\t\t<div class=\"elementor-widget-wrap elementor-element-populated\">\n\t\t\t\t\t\t<div class=\"elementor-element elementor-element-574045e7 elementor-widget elementor-widget-spacer\" data-id=\"574045e7\" data-element_type=\"widget\" data-e-type=\"widget\" data-widget_type=\"spacer.default\">\n\t\t\t\t<div class=\"elementor-widget-container\">\n\t\t\t\t\t\t\t<div class=\"elementor-spacer\">\n\t\t\t<div class=\"elementor-spacer-inner\"><\/div>\n\t\t<\/div>\n\t\t\t\t\t\t<\/div>\n\t\t\t\t<\/div>\n\t\t\t\t<div class=\"elementor-element elementor-element-6b64b57c elementor-widget elementor-widget-text-editor\" data-id=\"6b64b57c\" data-element_type=\"widget\" data-e-type=\"widget\" data-widget_type=\"text-editor.default\">\n\t\t\t\t<div class=\"elementor-widget-container\">\n\t\t\t\t\t\t\t\t\t<p>Moteurs Cummins pour groupes \u00e9lectrog\u00e8nes. Cummins G-Drive est un fournisseur mondial de <strong>moteurs diesel Cummins<\/strong> et de gaz naturel pour une <strong>production d\u2019\u00e9nergie de 2,5 \u00e0 3&nbsp;200&nbsp;kW<\/strong>.  https:\/\/www.cummins.com\/engines\/g-drive\n <br><strong>Les moteurs G-Drive<\/strong> sont la force motrice des groupes \u00e9lectrog\u00e8nes du monde entier depuis plus de <strong>80 ans<\/strong>, fournissant des solutions \u00e9nerg\u00e9tiques vitales \u00e0 divers march\u00e9s, notamment l\u2019industrie, le commerce, la sant\u00e9 et les t\u00e9l\u00e9communications. Les moteurs Cummins alimentent les <strong>groupes \u00e9lectrog\u00e8nes Ghaddar de 250 \u00e0 4&nbsp;000&nbsp;kVA. <\/strong>  <\/p>\t\t\t\t\t\t\t\t<\/div>\n\t\t\t\t<\/div>\n\t\t\t\t\t<\/div>\n\t\t<\/div>\n\t\t\t\t\t<\/div>\n\t\t<\/section>\n\t\t\t\t<section class=\"elementor-section elementor-top-section elementor-element elementor-element-46fef0d elementor-section-boxed elementor-section-height-default elementor-section-height-default\" data-id=\"46fef0d\" data-element_type=\"section\" data-e-type=\"section\">\n\t\t\t\t\t\t<div class=\"elementor-container elementor-column-gap-default\">\n\t\t\t\t\t<div class=\"elementor-column elementor-col-100 elementor-top-column elementor-element elementor-element-7b2acd8\" data-id=\"7b2acd8\" data-element_type=\"column\" data-e-type=\"column\">\n\t\t\t<div class=\"elementor-widget-wrap elementor-element-populated\">\n\t\t\t\t\t\t<div class=\"elementor-element elementor-element-27ed275 elementor-widget elementor-widget-shortcode\" data-id=\"27ed275\" data-element_type=\"widget\" data-e-type=\"widget\" data-widget_type=\"shortcode.default\">\n\t\t\t\t<div class=\"elementor-widget-container\">\n\t\t\t\t\t\t\t<div class=\"elementor-shortcode\">[product-catalogue id=\"9\"]<\/div>\n\t\t\t\t\t\t<\/div>\n\t\t\t\t<\/div>\n\t\t\t\t\t<\/div>\n\t\t<\/div>\n\t\t\t\t\t<\/div>\n\t\t<\/section>\n\t\t\t\t<\/div>\n\t\t","protected":false},"excerpt":{"rendered":"<p>Moteurs Cummins pour groupes \u00e9lectrog\u00e8nes. Cummins G-Drive est un fournisseur mondial de moteurs diesel Cummins et de gaz naturel pour une production d\u2019\u00e9nergie de 2,5 \u00e0 3&nbsp;200&nbsp;kW. https:\/\/www.cummins.com\/engines\/g-drive Les moteurs G-Drive sont la force motrice des groupes \u00e9lectrog\u00e8nes du monde &hellip;<\/p>\n","protected":false},"author":1,"featured_media":22348,"parent":22483,"menu_order":4,"comment_status":"closed","ping_status":"closed","template":"","meta":{"om_disable_all_campaigns":false,"_monsterinsights_skip_tracking":false,"_monsterinsights_sitenote_active":false,"_monsterinsights_sitenote_note":"","_monsterinsights_sitenote_category":0,"_joinchat":[],"footnotes":""},"class_list":["post-22346","page","type-page","status-publish","has-post-thumbnail","hentry"],"aioseo_notices":[],"aioseo_head":"\n\t\t<!-- All in One SEO Pro 4.9.6.2 - aioseo.com -->\n\t<meta name=\"robots\" content=\"max-image-preview:large\" \/>\n\t<meta name=\"google-site-verification\" content=\"xXdckFbQ_HYNNOdLXQYzAXe5ku6fqzTVXg4pgEX0AKg\" \/>\n\t<link rel=\"canonical\" href=\"https:\/\/ghaddar.com\/fr\/produits\/moteurs-cummins-2\/\" \/>\n\t<meta name=\"generator\" content=\"All in One SEO Pro (AIOSEO) 4.9.6.2\" \/>\n\t\t<meta property=\"og:locale\" content=\"fr_FR\" \/>\n\t\t<meta property=\"og:site_name\" content=\"Ghaddar Machinery Co. | Powering Generations!\" \/>\n\t\t<meta property=\"og:type\" content=\"article\" \/>\n\t\t<meta property=\"og:title\" content=\"Moteurs Cummins | Ghaddar Machinery Co.\" \/>\n\t\t<meta property=\"og:url\" content=\"https:\/\/ghaddar.com\/fr\/produits\/moteurs-cummins-2\/\" \/>\n\t\t<meta property=\"og:image\" content=\"https:\/\/ghaddar.com\/wp-content\/uploads\/2022\/06\/slider5-V.3.jpg\" \/>\n\t\t<meta property=\"og:image:secure_url\" content=\"https:\/\/ghaddar.com\/wp-content\/uploads\/2022\/06\/slider5-V.3.jpg\" \/>\n\t\t<meta property=\"og:image:width\" content=\"1920\" \/>\n\t\t<meta property=\"og:image:height\" content=\"670\" \/>\n\t\t<meta property=\"article:published_time\" content=\"2019-07-28T14:46:37+00:00\" \/>\n\t\t<meta property=\"article:modified_time\" content=\"2026-03-19T20:23:07+00:00\" \/>\n\t\t<meta property=\"article:publisher\" content=\"https:\/\/www.facebook.com\/GhaddarMachineryCo\" \/>\n\t\t<meta name=\"twitter:card\" content=\"summary\" \/>\n\t\t<meta name=\"twitter:site\" content=\"@ghaddarco\" \/>\n\t\t<meta name=\"twitter:title\" content=\"Moteurs Cummins | Ghaddar Machinery Co.\" \/>\n\t\t<meta name=\"twitter:creator\" content=\"@ghaddarco\" \/>\n\t\t<meta name=\"twitter:image\" content=\"https:\/\/ghaddar.com\/wp-content\/uploads\/2022\/06\/slider5-V.3.jpg\" \/>\n\t\t<script type=\"application\/ld+json\" class=\"aioseo-schema\">\n\t\t\t{\"@context\":\"https:\\\/\\\/schema.org\",\"@graph\":[{\"@type\":\"BreadcrumbList\",\"@id\":\"https:\\\/\\\/ghaddar.com\\\/fr\\\/produits\\\/moteurs-cummins-2\\\/#breadcrumblist\",\"itemListElement\":[{\"@type\":\"ListItem\",\"@id\":\"https:\\\/\\\/ghaddar.com\\\/fr\\\/#listItem\",\"position\":1,\"name\":\"Home\",\"item\":\"https:\\\/\\\/ghaddar.com\\\/fr\\\/\",\"nextItem\":{\"@type\":\"ListItem\",\"@id\":\"https:\\\/\\\/ghaddar.com\\\/fr\\\/produits\\\/#listItem\",\"name\":\"Produits\"}},{\"@type\":\"ListItem\",\"@id\":\"https:\\\/\\\/ghaddar.com\\\/fr\\\/produits\\\/#listItem\",\"position\":2,\"name\":\"Produits\",\"item\":\"https:\\\/\\\/ghaddar.com\\\/fr\\\/produits\\\/\",\"nextItem\":{\"@type\":\"ListItem\",\"@id\":\"https:\\\/\\\/ghaddar.com\\\/fr\\\/produits\\\/moteurs-cummins-2\\\/#listItem\",\"name\":\"Moteurs Cummins\"},\"previousItem\":{\"@type\":\"ListItem\",\"@id\":\"https:\\\/\\\/ghaddar.com\\\/fr\\\/#listItem\",\"name\":\"Home\"}},{\"@type\":\"ListItem\",\"@id\":\"https:\\\/\\\/ghaddar.com\\\/fr\\\/produits\\\/moteurs-cummins-2\\\/#listItem\",\"position\":3,\"name\":\"Moteurs Cummins\",\"previousItem\":{\"@type\":\"ListItem\",\"@id\":\"https:\\\/\\\/ghaddar.com\\\/fr\\\/produits\\\/#listItem\",\"name\":\"Produits\"}}]},{\"@type\":\"Organization\",\"@id\":\"https:\\\/\\\/ghaddar.com\\\/fr\\\/#organization\",\"name\":\"Ghaddar Machinery Co.\",\"description\":\"Powering Generations!\",\"url\":\"https:\\\/\\\/ghaddar.com\\\/fr\\\/\",\"telephone\":\"+9617220000\",\"logo\":{\"@type\":\"ImageObject\",\"url\":\"https:\\\/\\\/ghaddar.com\\\/wp-content\\\/uploads\\\/2022\\\/02\\\/ghaddar-corporate-logo.png\",\"@id\":\"https:\\\/\\\/ghaddar.com\\\/fr\\\/produits\\\/moteurs-cummins-2\\\/#organizationLogo\",\"width\":320,\"height\":56,\"caption\":\"Ghaddar Machinery Logo\"},\"image\":{\"@id\":\"https:\\\/\\\/ghaddar.com\\\/fr\\\/produits\\\/moteurs-cummins-2\\\/#organizationLogo\"},\"sameAs\":[\"https:\\\/\\\/www.facebook.com\\\/GhaddarMachineryCo\",\"https:\\\/\\\/twitter.com\\\/ghaddarco\",\"https:\\\/\\\/www.instagram.com\\\/ghaddar.machinery.co\\\/\",\"https:\\\/\\\/www.youtube.com\\\/channel\\\/UCvE1XDzhZ2LQoSb-fLjVGLg\",\"https:\\\/\\\/www.linkedin.com\\\/company\\\/ghaddar-machinery-co\\\/\"]},{\"@type\":\"WebPage\",\"@id\":\"https:\\\/\\\/ghaddar.com\\\/fr\\\/produits\\\/moteurs-cummins-2\\\/#webpage\",\"url\":\"https:\\\/\\\/ghaddar.com\\\/fr\\\/produits\\\/moteurs-cummins-2\\\/\",\"name\":\"Moteurs Cummins | Ghaddar Machinery Co.\",\"inLanguage\":\"fr-FR\",\"isPartOf\":{\"@id\":\"https:\\\/\\\/ghaddar.com\\\/fr\\\/#website\"},\"breadcrumb\":{\"@id\":\"https:\\\/\\\/ghaddar.com\\\/fr\\\/produits\\\/moteurs-cummins-2\\\/#breadcrumblist\"},\"image\":{\"@type\":\"ImageObject\",\"url\":\"https:\\\/\\\/ghaddar.com\\\/wp-content\\\/uploads\\\/2022\\\/05\\\/Cummins-9465_CPG_QSB7-650x525-1.jpg\",\"@id\":\"https:\\\/\\\/ghaddar.com\\\/fr\\\/produits\\\/moteurs-cummins-2\\\/#mainImage\",\"width\":650,\"height\":525},\"primaryImageOfPage\":{\"@id\":\"https:\\\/\\\/ghaddar.com\\\/fr\\\/produits\\\/moteurs-cummins-2\\\/#mainImage\"},\"datePublished\":\"2019-07-28T17:46:37+03:00\",\"dateModified\":\"2026-03-19T22:23:07+02:00\"},{\"@type\":\"WebSite\",\"@id\":\"https:\\\/\\\/ghaddar.com\\\/fr\\\/#website\",\"url\":\"https:\\\/\\\/ghaddar.com\\\/fr\\\/\",\"name\":\"Ghaddar Machinery Co.\",\"description\":\"Powering Generations!\",\"inLanguage\":\"fr-FR\",\"publisher\":{\"@id\":\"https:\\\/\\\/ghaddar.com\\\/fr\\\/#organization\"}}]}\n\t\t<\/script>\n\t\t<!-- All in One SEO Pro -->\r\n\t\t<title>Moteurs Cummins | Ghaddar Machinery Co.<\/title>\n\n","aioseo_head_json":{"title":"Moteurs Cummins | Ghaddar Machinery Co.","description":"","canonical_url":"https:\/\/ghaddar.com\/fr\/produits\/moteurs-cummins-2\/","robots":"max-image-preview:large","keywords":"","webmasterTools":{"google-site-verification":"xXdckFbQ_HYNNOdLXQYzAXe5ku6fqzTVXg4pgEX0AKg","miscellaneous":""},"schema":{"@context":"https:\/\/schema.org","@graph":[{"@type":"BreadcrumbList","@id":"https:\/\/ghaddar.com\/fr\/produits\/moteurs-cummins-2\/#breadcrumblist","itemListElement":[{"@type":"ListItem","@id":"https:\/\/ghaddar.com\/fr\/#listItem","position":1,"name":"Home","item":"https:\/\/ghaddar.com\/fr\/","nextItem":{"@type":"ListItem","@id":"https:\/\/ghaddar.com\/fr\/produits\/#listItem","name":"Produits"}},{"@type":"ListItem","@id":"https:\/\/ghaddar.com\/fr\/produits\/#listItem","position":2,"name":"Produits","item":"https:\/\/ghaddar.com\/fr\/produits\/","nextItem":{"@type":"ListItem","@id":"https:\/\/ghaddar.com\/fr\/produits\/moteurs-cummins-2\/#listItem","name":"Moteurs Cummins"},"previousItem":{"@type":"ListItem","@id":"https:\/\/ghaddar.com\/fr\/#listItem","name":"Home"}},{"@type":"ListItem","@id":"https:\/\/ghaddar.com\/fr\/produits\/moteurs-cummins-2\/#listItem","position":3,"name":"Moteurs Cummins","previousItem":{"@type":"ListItem","@id":"https:\/\/ghaddar.com\/fr\/produits\/#listItem","name":"Produits"}}]},{"@type":"Organization","@id":"https:\/\/ghaddar.com\/fr\/#organization","name":"Ghaddar Machinery Co.","description":"Powering Generations!","url":"https:\/\/ghaddar.com\/fr\/","telephone":"+9617220000","logo":{"@type":"ImageObject","url":"https:\/\/ghaddar.com\/wp-content\/uploads\/2022\/02\/ghaddar-corporate-logo.png","@id":"https:\/\/ghaddar.com\/fr\/produits\/moteurs-cummins-2\/#organizationLogo","width":320,"height":56,"caption":"Ghaddar Machinery Logo"},"image":{"@id":"https:\/\/ghaddar.com\/fr\/produits\/moteurs-cummins-2\/#organizationLogo"},"sameAs":["https:\/\/www.facebook.com\/GhaddarMachineryCo","https:\/\/twitter.com\/ghaddarco","https:\/\/www.instagram.com\/ghaddar.machinery.co\/","https:\/\/www.youtube.com\/channel\/UCvE1XDzhZ2LQoSb-fLjVGLg","https:\/\/www.linkedin.com\/company\/ghaddar-machinery-co\/"]},{"@type":"WebPage","@id":"https:\/\/ghaddar.com\/fr\/produits\/moteurs-cummins-2\/#webpage","url":"https:\/\/ghaddar.com\/fr\/produits\/moteurs-cummins-2\/","name":"Moteurs Cummins | Ghaddar Machinery Co.","inLanguage":"fr-FR","isPartOf":{"@id":"https:\/\/ghaddar.com\/fr\/#website"},"breadcrumb":{"@id":"https:\/\/ghaddar.com\/fr\/produits\/moteurs-cummins-2\/#breadcrumblist"},"image":{"@type":"ImageObject","url":"https:\/\/ghaddar.com\/wp-content\/uploads\/2022\/05\/Cummins-9465_CPG_QSB7-650x525-1.jpg","@id":"https:\/\/ghaddar.com\/fr\/produits\/moteurs-cummins-2\/#mainImage","width":650,"height":525},"primaryImageOfPage":{"@id":"https:\/\/ghaddar.com\/fr\/produits\/moteurs-cummins-2\/#mainImage"},"datePublished":"2019-07-28T17:46:37+03:00","dateModified":"2026-03-19T22:23:07+02:00"},{"@type":"WebSite","@id":"https:\/\/ghaddar.com\/fr\/#website","url":"https:\/\/ghaddar.com\/fr\/","name":"Ghaddar Machinery Co.","description":"Powering Generations!","inLanguage":"fr-FR","publisher":{"@id":"https:\/\/ghaddar.com\/fr\/#organization"}}]},"og:locale":"fr_FR","og:site_name":"Ghaddar Machinery Co. | Powering Generations!","og:type":"article","og:title":"Moteurs Cummins | Ghaddar Machinery Co.","og:url":"https:\/\/ghaddar.com\/fr\/produits\/moteurs-cummins-2\/","og:image":"https:\/\/ghaddar.com\/wp-content\/uploads\/2022\/06\/slider5-V.3.jpg","og:image:secure_url":"https:\/\/ghaddar.com\/wp-content\/uploads\/2022\/06\/slider5-V.3.jpg","og:image:width":1920,"og:image:height":670,"article:published_time":"2019-07-28T14:46:37+00:00","article:modified_time":"2026-03-19T20:23:07+00:00","article:publisher":"https:\/\/www.facebook.com\/GhaddarMachineryCo","twitter:card":"summary","twitter:site":"@ghaddarco","twitter:title":"Moteurs Cummins | Ghaddar Machinery Co.","twitter:creator":"@ghaddarco","twitter:image":"https:\/\/ghaddar.com\/wp-content\/uploads\/2022\/06\/slider5-V.3.jpg"},"aioseo_meta_data":{"post_id":"22346","title":null,"description":null,"keywords":null,"keyphrases":null,"primary_term":null,"canonical_url":null,"og_title":null,"og_description":null,"og_object_type":"default","og_image_type":"default","og_image_url":null,"og_image_width":null,"og_image_height":null,"og_image_custom_url":null,"og_image_custom_fields":null,"og_video":null,"og_custom_url":null,"og_article_section":null,"og_article_tags":null,"twitter_use_og":false,"twitter_card":"default","twitter_image_type":"default","twitter_image_url":null,"twitter_image_custom_url":null,"twitter_image_custom_fields":null,"twitter_title":null,"twitter_description":null,"schema":{"blockGraphs":[],"customGraphs":[],"default":{"data":{"Article":[],"Course":[],"Dataset":[],"FAQPage":[],"Movie":[],"Person":[],"Product":[],"ProductReview":[],"Car":[],"Recipe":[],"Service":[],"SoftwareApplication":[],"WebPage":[]},"graphName":"WebPage","isEnabled":true},"graphs":[]},"schema_type":"default","schema_type_options":null,"pillar_content":false,"robots_default":true,"robots_noindex":false,"robots_noarchive":false,"robots_nosnippet":false,"robots_nofollow":false,"robots_noimageindex":false,"robots_noodp":false,"robots_notranslate":false,"robots_max_snippet":null,"robots_max_videopreview":null,"robots_max_imagepreview":"large","priority":null,"frequency":null,"local_seo":null,"seo_analyzer_scan_date":"2026-04-17 15:07:09","breadcrumb_settings":null,"limit_modified_date":false,"reviewed_by":null,"open_ai":null,"ai":null,"created":"2026-04-16 13:20:47","updated":"2026-04-20 14:15:21"},"_links":{"self":[{"href":"https:\/\/ghaddar.com\/fr\/wp-json\/wp\/v2\/pages\/22346","targetHints":{"allow":["GET"]}}],"collection":[{"href":"https:\/\/ghaddar.com\/fr\/wp-json\/wp\/v2\/pages"}],"about":[{"href":"https:\/\/ghaddar.com\/fr\/wp-json\/wp\/v2\/types\/page"}],"author":[{"embeddable":true,"href":"https:\/\/ghaddar.com\/fr\/wp-json\/wp\/v2\/users\/1"}],"replies":[{"embeddable":true,"href":"https:\/\/ghaddar.com\/fr\/wp-json\/wp\/v2\/comments?post=22346"}],"version-history":[{"count":1,"href":"https:\/\/ghaddar.com\/fr\/wp-json\/wp\/v2\/pages\/22346\/revisions"}],"predecessor-version":[{"id":22350,"href":"https:\/\/ghaddar.com\/fr\/wp-json\/wp\/v2\/pages\/22346\/revisions\/22350"}],"up":[{"embeddable":true,"href":"https:\/\/ghaddar.com\/fr\/wp-json\/wp\/v2\/pages\/22483"}],"wp:featuredmedia":[{"embeddable":true,"href":"https:\/\/ghaddar.com\/fr\/wp-json\/wp\/v2\/media\/22348"}],"wp:attachment":[{"href":"https:\/\/ghaddar.com\/fr\/wp-json\/wp\/v2\/media?parent=22346"}],"curies":[{"name":"wp","href":"https:\/\/api.w.org\/{rel}","templated":true}]}}