{"id":22625,"date":"2025-09-23T16:53:47","date_gmt":"2025-09-23T13:53:47","guid":{"rendered":"https:\/\/ghaddar.com\/product\/tours-declairage-mobilpac-mlt\/"},"modified":"2026-04-12T19:48:54","modified_gmt":"2026-04-12T16:48:54","slug":"tours-declairage-mobilpac-mlt","status":"publish","type":"product","link":"https:\/\/ghaddar.com\/fr\/produit\/tours-declairage-mobilpac-mlt\/","title":{"rendered":"Tours d\u2019\u00e9clairage MOBILPAC (MLT)"},"content":{"rendered":"\t\t<div data-elementor-type=\"product-post\" data-elementor-id=\"22625\" class=\"elementor elementor-22625 elementor-19751\" data-elementor-post-type=\"product\">\n\t\t\t\t<div class=\"elementor-element elementor-element-4e7a453 e-flex e-con-boxed e-con e-parent\" data-id=\"4e7a453\" data-element_type=\"container\" data-e-type=\"container\">\n\t\t\t\t\t<div class=\"e-con-inner\">\n\t\t<div class=\"elementor-element elementor-element-0375edd e-con-full e-flex e-con e-child\" data-id=\"0375edd\" data-element_type=\"container\" data-e-type=\"container\">\n\t\t\t\t<div class=\"elementor-element elementor-element-069a7b1 premium-lq__none elementor-widget elementor-widget-premium-addon-button\" data-id=\"069a7b1\" data-element_type=\"widget\" data-e-type=\"widget\" data-widget_type=\"premium-addon-button.default\">\n\t\t\t\t<div class=\"elementor-widget-container\">\n\t\t\t\t\t\r\n\r\n\t\t<a class=\"premium-button premium-button-none premium-btn-lg premium-button-none\" href=\"https:\/\/ghaddar.com\/fr\/produits\/capotages-insonorises\/\">\r\n\t\t\t<div class=\"premium-button-text-icon-wrapper\">\r\n\t\t\t\t\r\n\t\t\t\t\t\t\t\t\t<span >\r\n\t\t\t\t\t\tRetour \u00e0 la liste des produits\t\t\t\t\t<\/span>\r\n\t\t\t\t\t\t\t<\/div>\r\n\r\n\t\t\t\r\n\t\t\t\r\n\t\t\t\r\n\t\t<\/a>\r\n\r\n\r\n\t\t\t\t\t\t<\/div>\n\t\t\t\t<\/div>\n\t\t\t\t<\/div>\n\t\t<div class=\"elementor-element elementor-element-c9239bc e-con-full e-flex e-con e-child\" data-id=\"c9239bc\" data-element_type=\"container\" data-e-type=\"container\">\n\t\t\t\t<\/div>\n\t\t<div class=\"elementor-element elementor-element-754fdb2 e-con-full e-flex e-con e-child\" data-id=\"754fdb2\" data-element_type=\"container\" data-e-type=\"container\">\n\t\t\t\t<\/div>\n\t\t<div class=\"elementor-element elementor-element-7bac878 e-con-full e-flex e-con e-child\" data-id=\"7bac878\" data-element_type=\"container\" data-e-type=\"container\">\n\t\t\t\t<div class=\"elementor-element elementor-element-1159cfe premium-lq__none elementor-widget elementor-widget-premium-addon-button\" data-id=\"1159cfe\" data-element_type=\"widget\" data-e-type=\"widget\" data-widget_type=\"premium-addon-button.default\">\n\t\t\t\t<div class=\"elementor-widget-container\">\n\t\t\t\t\t\r\n\r\n\t\t<a class=\"premium-button premium-button-none premium-btn-md premium-button-none\" href=\"https:\/\/ghaddar.com\/wp-content\/uploads\/2025\/09\/Mobilpac-Light-Towers-MLT-LED.pdf\" target=\"_blank\">\r\n\t\t\t<div class=\"premium-button-text-icon-wrapper\">\r\n\t\t\t\t\r\n\t\t\t\t\t\t\t\t\t\t\t\t\t\t\t\t\t\t<svg class=\"svg-inline--fas-fa-file-download premium-drawable-icon premium-svg-nodraw\" aria-hidden='true' xmlns='http:\/\/www.w3.org\/2000\/svg' viewBox='0 0 384 512'><path d=\"M224 136V0H24C10.7 0 0 10.7 0 24v464c0 13.3 10.7 24 24 24h336c13.3 0 24-10.7 24-24V160H248c-13.2 0-24-10.8-24-24zm76.45 211.36l-96.42 95.7c-6.65 6.61-17.39 6.61-24.04 0l-96.42-95.7C73.42 337.29 80.54 320 94.82 320H160v-80c0-8.84 7.16-16 16-16h32c8.84 0 16 7.16 16 16v80h65.18c14.28 0 21.4 17.29 11.27 27.36zM377 105L279.1 7c-4.5-4.5-10.6-7-17-7H256v128h128v-6.1c0-6.3-2.5-12.4-7-16.9z\"><\/path><\/svg>\t\t\t\t\t\t\t\t\t\t\t\t\t\t\t\r\n\t\t\t\t\t\t\t\t\t<span >\r\n\t\t\t\t\t\tT\u00e9l\u00e9charger le PDF\t\t\t\t\t<\/span>\r\n\t\t\t\t\t\t\t<\/div>\r\n\r\n\t\t\t\r\n\t\t\t\r\n\t\t\t\r\n\t\t<\/a>\r\n\r\n\r\n\t\t\t\t\t\t<\/div>\n\t\t\t\t<\/div>\n\t\t\t\t<\/div>\n\t\t\t\t\t<\/div>\n\t\t\t\t<\/div>\n\t\t<div class=\"elementor-element elementor-element-4cd1e08 e-flex e-con-boxed e-con e-parent\" data-id=\"4cd1e08\" data-element_type=\"container\" data-e-type=\"container\">\n\t\t\t\t\t<div class=\"e-con-inner\">\n\t\t\t\t\t<\/div>\n\t\t\t\t<\/div>\n\t\t<div class=\"elementor-element elementor-element-6a86af7 e-flex e-con-boxed e-con e-parent\" data-id=\"6a86af7\" data-element_type=\"container\" data-e-type=\"container\">\n\t\t\t\t\t<div class=\"e-con-inner\">\n\t\t\t\t<div class=\"elementor-element elementor-element-e4a2a9f elementor-widget elementor-widget-text-editor\" data-id=\"e4a2a9f\" data-element_type=\"widget\" data-e-type=\"widget\" data-widget_type=\"text-editor.default\">\n\t\t\t\t<div class=\"elementor-widget-container\">\n\t\t\t\t\t\t\t\t\t<div class=\"upcp_product\"><h2 class=\"upcp_title\">Tours d\u2019\u00e9clairage MOBILPAC \u2013 9 \u00e0 18 kVA<\/h2><\/div>\t\t\t\t\t\t\t\t<\/div>\n\t\t\t\t<\/div>\n\t\t\t\t<div class=\"elementor-element elementor-element-50bb8cb elementor-widget elementor-widget-html\" data-id=\"50bb8cb\" data-element_type=\"widget\" data-e-type=\"widget\" data-widget_type=\"html.default\">\n\t\t\t\t<div class=\"elementor-widget-container\">\n\t\t\t\t\t<style>.upcp_product {\n  font-family: Arial, sans-serif;\n  color: #333;\n}\n\n.upcp_title {\n  font-size: 24px;\n  font-weight: bold;\n  margin-bottom: 1em;\n}\n\n.upcp_subtitle {\n  font-size: 20px;\n  font-weight: bold;\n  margin-top: 1.5em;\n  margin-bottom: 0.5em;\n}\n\n.upcp_content {\n  margin-bottom: 2em;\n}\n\n.upcp_content table {\n  width: 100%;\n  border-collapse: collapse;\n  margin-bottom: 1em;\n}\n\n.upcp_content table td,\n.upcp_content table th {\n  border: 1px solid #ccc;\n  padding: 0.6em 0.8em;\n  vertical-align: top;\n}\n\n.upcp_content ul {\n  list-style-type: disc;\n  margin: 0 0 1em 1.5em;\n  padding: 0;\n}\n\n.upcp_image {\n  text-align: right;\n  margin: 1em 0;\n}\n\n.upcp_image img {\n  max-width: 100%;\n  height: auto;\n}\n\n<\/style>\t\t\t\t<\/div>\n\t\t\t\t<\/div>\n\t\t\t\t\t<\/div>\n\t\t\t\t<\/div>\n\t\t<div class=\"elementor-element elementor-element-2da4126 e-flex e-con-boxed e-con e-parent\" data-id=\"2da4126\" data-element_type=\"container\" data-e-type=\"container\">\n\t\t\t\t\t<div class=\"e-con-inner\">\n\t\t\t\t<div class=\"elementor-element elementor-element-9509f40 elementor-widget elementor-widget-text-editor\" data-id=\"9509f40\" data-element_type=\"widget\" data-e-type=\"widget\" data-widget_type=\"text-editor.default\">\n\t\t\t\t<div class=\"elementor-widget-container\">\n\t\t\t\t\t\t\t\t\t<div class=\"upcp_product\"><div class=\"upcp_content\"><p><strong>La GHADDAR MOBILPAC est une tour d\u2019\u00e9clairage compacte, insonoris\u00e9e ou r\u00e9sistante aux intemp\u00e9ries. Elle se caract\u00e9rise par sa fiabilit\u00e9, sa commodit\u00e9 et sa facilit\u00e9 d\u2019utilisation.  <br>Les tours d\u2019\u00e9clairage MOBILPAC sont \u00e9quip\u00e9es d\u2019un moteur Kubota fiable et d\u2019un alternateur Leroy Somer, assembl\u00e9s dans un coffret robuste avec tous les accessoires m\u00e9caniques et \u00e9lectriques n\u00e9cessaires pour un fonctionnement optimal offrant une zone de couverture plus lumineuse et plus \u00e9tendue.<br><\/strong><\/p><h3> <\/h3><h3 class=\"upcp_subtitle\">Caract\u00e9ristiques de la tour d\u2019\u00e9clairage<\/h3><h5><strong>Projecteur<\/strong><\/h5><ul><li>4 lampes LED de 400 W.<\/li><li>Bo\u00eetiers de r\u00e9flecteur robustes en aluminium moul\u00e9 non corrosif et lentille en verre tremp\u00e9<br>r\u00e9sistant aux chocs.<\/li><li>Connexions \u00e0 verrouillage par rotation, r\u00e9sistantes aux intemp\u00e9ries, pour la fixation des projecteurs.<\/li><\/ul><h5><strong>M\u00e2t<\/strong><\/h5><ul><li>Hauteur enti\u00e8rement d\u00e9ploy\u00e9e de 8 m\u00e8tres \u2013 rotation \u00e0 360 degr\u00e9s, verrouillage manuel du m\u00e2t et treuil manuel ou \u00e9lectrique pour le levage et l\u2019abaissement.<\/li><\/ul><h5><strong>Coffret<\/strong><\/h5><ul><li>Conception compacte r\u00e9sistante aux intemp\u00e9ries (ou insonoris\u00e9e) avec 2 portes verrouillables dot\u00e9es de serrures et de charni\u00e8res en acier inoxydable. Cadre structurel robuste enti\u00e8rement ferm\u00e9, r\u00e9sistant \u00e0 la corrosion, en acier carbonis\u00e9. Peinture polyester thermolaqu\u00e9e.  <\/li><li>Deux sorties (16 A, 230 V) ou une sortie (32 A, 230 V) avec prises \u00e0 verrouillage par rotation et protection de circuit<\/li><\/ul><h5><strong>Remorque<\/strong><\/h5><ul><li>Acier soud\u00e9 lourdement form\u00e9, deux roues, essieu simple, avec un cric \u00e0 poign\u00e9e.<\/li><li>Suspension \u00e0 barre de torsion et 4 supports stabilisateurs r\u00e9glables. R\u00e9servoir de carburant : capacit\u00e9 de 8 heures de fonctionnement avec bouchon de remplissage \u00e0 trou d\u2019homme.<\/li><\/ul><p><em>\u2217 Pour plus de d\u00e9tails, veuillez t\u00e9l\u00e9charger la brochure.<\/em><\/p><\/div><\/div>\t\t\t\t\t\t\t\t<\/div>\n\t\t\t\t<\/div>\n\t\t\t\t\t<\/div>\n\t\t\t\t<\/div>\n\t\t\t\t<\/div>\n\t\t","protected":false},"excerpt":{"rendered":"<p>Retour \u00e0 la liste des produits T\u00e9l\u00e9charger le PDF Tours d\u2019\u00e9clairage MOBILPAC \u2013 9 \u00e0 18 kVA La GHADDAR MOBILPAC est une tour d\u2019\u00e9clairage compacte, insonoris\u00e9e ou r\u00e9sistante aux intemp\u00e9ries. Elle se caract\u00e9rise par sa fiabilit\u00e9, sa commodit\u00e9 et sa &hellip;<\/p>\n","protected":false},"featured_media":20525,"comment_status":"closed","ping_status":"closed","template":"","meta":{"_monsterinsights_skip_tracking":false,"_monsterinsights_sitenote_active":false,"_monsterinsights_sitenote_note":"","_monsterinsights_sitenote_category":0,"_joinchat":[]},"product_brand":[],"product_cat":[628],"product_tag":[],"class_list":{"0":"post-22625","1":"product","2":"type-product","3":"status-publish","4":"has-post-thumbnail","6":"product_cat-tours-declairage-mobilpac","8":"first","9":"instock","10":"shipping-taxable","11":"product-type-simple"},"_links":{"self":[{"href":"https:\/\/ghaddar.com\/fr\/wp-json\/wp\/v2\/product\/22625","targetHints":{"allow":["GET"]}}],"collection":[{"href":"https:\/\/ghaddar.com\/fr\/wp-json\/wp\/v2\/product"}],"about":[{"href":"https:\/\/ghaddar.com\/fr\/wp-json\/wp\/v2\/types\/product"}],"replies":[{"embeddable":true,"href":"https:\/\/ghaddar.com\/fr\/wp-json\/wp\/v2\/comments?post=22625"}],"version-history":[{"count":1,"href":"https:\/\/ghaddar.com\/fr\/wp-json\/wp\/v2\/product\/22625\/revisions"}],"predecessor-version":[{"id":22627,"href":"https:\/\/ghaddar.com\/fr\/wp-json\/wp\/v2\/product\/22625\/revisions\/22627"}],"wp:featuredmedia":[{"embeddable":true,"href":"https:\/\/ghaddar.com\/fr\/wp-json\/wp\/v2\/media\/20525"}],"wp:attachment":[{"href":"https:\/\/ghaddar.com\/fr\/wp-json\/wp\/v2\/media?parent=22625"}],"wp:term":[{"taxonomy":"product_brand","embeddable":true,"href":"https:\/\/ghaddar.com\/fr\/wp-json\/wp\/v2\/product_brand?post=22625"},{"taxonomy":"product_cat","embeddable":true,"href":"https:\/\/ghaddar.com\/fr\/wp-json\/wp\/v2\/product_cat?post=22625"},{"taxonomy":"product_tag","embeddable":true,"href":"https:\/\/ghaddar.com\/fr\/wp-json\/wp\/v2\/product_tag?post=22625"}],"curies":[{"name":"wp","href":"https:\/\/api.w.org\/{rel}","templated":true}]}}