{"id":22628,"date":"2025-09-24T09:36:44","date_gmt":"2025-09-24T06:36:44","guid":{"rendered":"https:\/\/ghaddar.com\/product\/powerpac-prise-de-force-diesel-pto\/"},"modified":"2026-04-12T19:48:56","modified_gmt":"2026-04-12T16:48:56","slug":"powerpac-prise-de-force-diesel-pto","status":"publish","type":"product","link":"https:\/\/ghaddar.com\/fr\/produit\/powerpac-prise-de-force-diesel-pto\/","title":{"rendered":"Powerpac &#8211; Prise de force diesel (PTO)"},"content":{"rendered":"\t\t<div data-elementor-type=\"product-post\" data-elementor-id=\"22628\" class=\"elementor elementor-22628 elementor-19769\" data-elementor-post-type=\"product\">\n\t\t\t\t<div class=\"elementor-element elementor-element-4e7a453 e-flex e-con-boxed e-con e-parent\" data-id=\"4e7a453\" data-element_type=\"container\" data-e-type=\"container\">\n\t\t\t\t\t<div class=\"e-con-inner\">\n\t\t<div class=\"elementor-element elementor-element-0375edd e-con-full e-flex e-con e-child\" data-id=\"0375edd\" data-element_type=\"container\" data-e-type=\"container\">\n\t\t\t\t<div class=\"elementor-element elementor-element-069a7b1 premium-lq__none elementor-widget elementor-widget-premium-addon-button\" data-id=\"069a7b1\" data-element_type=\"widget\" data-e-type=\"widget\" data-widget_type=\"premium-addon-button.default\">\n\t\t\t\t<div class=\"elementor-widget-container\">\n\t\t\t\t\t\r\n\r\n\t\t<a class=\"premium-button premium-button-none premium-btn-lg premium-button-none\" href=\"https:\/\/ghaddar.com\/fr\/produits\/capotages-insonorises\/\">\r\n\t\t\t<div class=\"premium-button-text-icon-wrapper\">\r\n\t\t\t\t\r\n\t\t\t\t\t\t\t\t\t<span >\r\n\t\t\t\t\t\tRetour \u00e0 la liste des produits\t\t\t\t\t<\/span>\r\n\t\t\t\t\t\t\t<\/div>\r\n\r\n\t\t\t\r\n\t\t\t\r\n\t\t\t\r\n\t\t<\/a>\r\n\r\n\r\n\t\t\t\t\t\t<\/div>\n\t\t\t\t<\/div>\n\t\t\t\t<\/div>\n\t\t<div class=\"elementor-element elementor-element-c9239bc e-con-full e-flex e-con e-child\" data-id=\"c9239bc\" data-element_type=\"container\" data-e-type=\"container\">\n\t\t\t\t<\/div>\n\t\t<div class=\"elementor-element elementor-element-754fdb2 e-con-full e-flex e-con e-child\" data-id=\"754fdb2\" data-element_type=\"container\" data-e-type=\"container\">\n\t\t\t\t<\/div>\n\t\t<div class=\"elementor-element elementor-element-7bac878 e-con-full e-flex e-con e-child\" data-id=\"7bac878\" data-element_type=\"container\" data-e-type=\"container\">\n\t\t\t\t<div class=\"elementor-element elementor-element-1159cfe premium-lq__none elementor-widget elementor-widget-premium-addon-button\" data-id=\"1159cfe\" data-element_type=\"widget\" data-e-type=\"widget\" data-widget_type=\"premium-addon-button.default\">\n\t\t\t\t<div class=\"elementor-widget-container\">\n\t\t\t\t\t\r\n\r\n\t\t<a class=\"premium-button premium-button-none premium-btn-md premium-button-none\" href=\"https:\/\/ghaddar.com\/wp-content\/uploads\/2025\/09\/Power-take-off.pdf\" target=\"_blank\">\r\n\t\t\t<div class=\"premium-button-text-icon-wrapper\">\r\n\t\t\t\t\r\n\t\t\t\t\t\t\t\t\t\t\t\t\t\t\t\t\t\t<svg class=\"svg-inline--fas-fa-file-download premium-drawable-icon premium-svg-nodraw\" aria-hidden='true' xmlns='http:\/\/www.w3.org\/2000\/svg' viewBox='0 0 384 512'><path d=\"M224 136V0H24C10.7 0 0 10.7 0 24v464c0 13.3 10.7 24 24 24h336c13.3 0 24-10.7 24-24V160H248c-13.2 0-24-10.8-24-24zm76.45 211.36l-96.42 95.7c-6.65 6.61-17.39 6.61-24.04 0l-96.42-95.7C73.42 337.29 80.54 320 94.82 320H160v-80c0-8.84 7.16-16 16-16h32c8.84 0 16 7.16 16 16v80h65.18c14.28 0 21.4 17.29 11.27 27.36zM377 105L279.1 7c-4.5-4.5-10.6-7-17-7H256v128h128v-6.1c0-6.3-2.5-12.4-7-16.9z\"><\/path><\/svg>\t\t\t\t\t\t\t\t\t\t\t\t\t\t\t\r\n\t\t\t\t\t\t\t\t\t<span >\r\n\t\t\t\t\t\tT\u00e9l\u00e9charger le PDF\t\t\t\t\t<\/span>\r\n\t\t\t\t\t\t\t<\/div>\r\n\r\n\t\t\t\r\n\t\t\t\r\n\t\t\t\r\n\t\t<\/a>\r\n\r\n\r\n\t\t\t\t\t\t<\/div>\n\t\t\t\t<\/div>\n\t\t\t\t<\/div>\n\t\t\t\t\t<\/div>\n\t\t\t\t<\/div>\n\t\t<div class=\"elementor-element elementor-element-4cd1e08 e-flex e-con-boxed e-con e-parent\" data-id=\"4cd1e08\" data-element_type=\"container\" data-e-type=\"container\">\n\t\t\t\t\t<div class=\"e-con-inner\">\n\t\t\t\t\t<\/div>\n\t\t\t\t<\/div>\n\t\t<div class=\"elementor-element elementor-element-6a86af7 e-flex e-con-boxed e-con e-parent\" data-id=\"6a86af7\" data-element_type=\"container\" data-e-type=\"container\">\n\t\t\t\t\t<div class=\"e-con-inner\">\n\t\t\t\t<div class=\"elementor-element elementor-element-e4a2a9f elementor-widget elementor-widget-text-editor\" data-id=\"e4a2a9f\" data-element_type=\"widget\" data-e-type=\"widget\" data-widget_type=\"text-editor.default\">\n\t\t\t\t<div class=\"elementor-widget-container\">\n\t\t\t\t\t\t\t\t\t<div class=\"upcp_product\"><h2 class=\"upcp_title\">POWERPAC &#8211; Prise de force diesel (PTO) &#8211; de 25,5 \u00e0 242 kWm net<\/h2><\/div>\t\t\t\t\t\t\t\t<\/div>\n\t\t\t\t<\/div>\n\t\t\t\t<div class=\"elementor-element elementor-element-50bb8cb elementor-widget elementor-widget-html\" data-id=\"50bb8cb\" data-element_type=\"widget\" data-e-type=\"widget\" data-widget_type=\"html.default\">\n\t\t\t\t<div class=\"elementor-widget-container\">\n\t\t\t\t\t<style>.upcp_product {\n  font-family: Arial, sans-serif;\n  color: #333;\n}\n\n.upcp_title {\n  font-size: 24px;\n  font-weight: bold;\n  margin-bottom: 1em;\n}\n\n.upcp_subtitle {\n  font-size: 20px;\n  font-weight: bold;\n  margin-top: 1.5em;\n  margin-bottom: 0.5em;\n}\n\n.upcp_content {\n  margin-bottom: 2em;\n}\n\n.upcp_content table {\n  width: 100%;\n  border-collapse: collapse;\n  margin-bottom: 1em;\n}\n\n.upcp_content table td,\n.upcp_content table th {\n  border: 1px solid #ccc;\n  padding: 0.6em 0.8em;\n  vertical-align: top;\n}\n\n.upcp_content ul {\n  list-style-type: disc;\n  margin: 0 0 1em 1.5em;\n  padding: 0;\n}\n\n.upcp_image {\n  text-align: right;\n  margin: 1em 0;\n}\n\n.upcp_image img {\n  max-width: 100%;\n  height: auto;\n}\n\n<\/style>\t\t\t\t<\/div>\n\t\t\t\t<\/div>\n\t\t\t\t\t<\/div>\n\t\t\t\t<\/div>\n\t\t<div class=\"elementor-element elementor-element-2da4126 e-flex e-con-boxed e-con e-parent\" data-id=\"2da4126\" data-element_type=\"container\" data-e-type=\"container\">\n\t\t\t\t\t<div class=\"e-con-inner\">\n\t\t\t\t<div class=\"elementor-element elementor-element-9509f40 elementor-widget elementor-widget-text-editor\" data-id=\"9509f40\" data-element_type=\"widget\" data-e-type=\"widget\" data-widget_type=\"text-editor.default\">\n\t\t\t\t<div class=\"elementor-widget-container\">\n\t\t\t\t\t\t\t\t\t<div class=\"upcp_product\"><div class=\"upcp_content\"><p><strong>Les unit\u00e9s de prise de force diesel GHADDAR POWERPAC sont des syst\u00e8mes d\u2019alimentation auxiliaires permettant \u00e0 un moteur diesel d\u2019entra\u00eener des \u00e9quipements m\u00e9caniques ou hydrauliques suppl\u00e9mentaires.<\/strong><\/p><h3 class=\"upcp_subtitle\">Assemblage<\/h3><ul><li>Les PTO sont assembl\u00e9es \u00e0 l\u2019usine Ghaddar Machinery conform\u00e9ment \u00e0 la norme ISO 8528-8.<\/li><li>Les PTO sont g\u00e9n\u00e9ralement mont\u00e9es pour entra\u00eener des pompes, des broyeurs, etc&#8230;.<\/li><\/ul><h3 class=\"upcp_subtitle\">Fabrication<\/h3><ul><li>L\u2019ensemble moteur\/PTO repose sur un ch\u00e2ssis skid avec des plots de montage antivibratoires.<\/li><li>Le skid est constitu\u00e9 de t\u00f4les et de poutres robustes d\u00e9passant les normes de r\u00e9sistance aux \u00ab vibrations &amp; torsion \u00bb.<\/li><li>Le coffret du panneau de commande est constitu\u00e9 d\u2019une t\u00f4le m\u00e9tallique d\u2019une \u00e9paisseur de 1,25 mm.<\/li><\/ul><h3 class=\"upcp_subtitle\">Peinture<\/h3><ul><li>Le skid et le coffret du panneau de commande sont peints par pulv\u00e9risation \u00e9lectrostatique corona, avec traitement thermique et rev\u00eatement poudre.<\/li><li>Les peintures ont pass\u00e9 des tests de durabilit\u00e9 conformes aux normes internationales de qualit\u00e9.<\/li><li>Impact (EN ISO 6272)<\/li><li>R\u00e9sistance au brouillard salin (ASTM B117-73)<\/li><li>R\u00e9sistance \u00e0 l\u2019humidit\u00e9 (ASTM D2247)<\/li><\/ul><h3 class=\"upcp_subtitle\">Essais en usine<\/h3><ul><li>Toutes les PTO sont test\u00e9es avant exp\u00e9dition.<\/li><li>Le test est g\u00e9n\u00e9r\u00e9 automatiquement et v\u00e9rifi\u00e9 conform\u00e9ment \u00e0 l\u2019ISO 8528.<\/li><li>Un certificat d\u2019essai est d\u00e9livr\u00e9 pour chaque PTO.<\/li><\/ul><h3 class=\"upcp_subtitle\">\u00c9quipement<\/h3><ul><li>Moteur John Deere multicylindre, 4 temps.<\/li><li>Radiateur refroidi par eau avec ventilateur soufflant entra\u00een\u00e9 par courroie et protection int\u00e9grale.<\/li><li>Injection directe.<\/li><li>D\u00e9marreur \u00e9lectrique avec relais de sol\u00e9no\u00efde.<\/li><li>Alternateur de charge de batterie.<\/li><li>Aliment\u00e9 pour actionner le sol\u00e9no\u00efde.<\/li><li>Filtres \u00e0 carburant, \u00e0 huile et \u00e0 air rempla\u00e7ables.<\/li><li>Batterie au plomb-acide renforc\u00e9e avec capacit\u00e9 correspondante (A &amp; CCA).<\/li><li>Un silencieux d\u2019\u00e9chappement industriel fourni s\u00e9par\u00e9ment \u2013 niveau de r\u00e9duction du bruit de 16 dB.<\/li><\/ul><h3 class=\"upcp_subtitle\">Prise de force<\/h3><ul><li>Embrayage \u00e0 genouill\u00e8re simple ou double, \u00e0 commande manuelle.<\/li><\/ul><h3 class=\"upcp_subtitle\">Documentation<\/h3><ul><li>Sch\u00e9ma de c\u00e2blage.<\/li><li>Rapport d\u2019essai.<\/li><li>Plan de maintenance.<\/li><li>Catalogue du moteur.<\/li><\/ul><p><em>\u2217 Pour plus de d\u00e9tails, veuillez t\u00e9l\u00e9charger la brochure.<\/em><\/p><\/div><\/div>\t\t\t\t\t\t\t\t<\/div>\n\t\t\t\t<\/div>\n\t\t\t\t\t<\/div>\n\t\t\t\t<\/div>\n\t\t\t\t<\/div>\n\t\t","protected":false},"excerpt":{"rendered":"<p>Retour \u00e0 la liste des produits T\u00e9l\u00e9charger le PDF POWERPAC &#8211; Prise de force diesel (PTO) &#8211; de 25,5 \u00e0 242 kWm net Les unit\u00e9s de prise de force diesel GHADDAR POWERPAC sont des syst\u00e8mes d\u2019alimentation auxiliaires permettant \u00e0 un &hellip;<\/p>\n","protected":false},"featured_media":19770,"comment_status":"closed","ping_status":"closed","template":"","meta":{"_monsterinsights_skip_tracking":false,"_monsterinsights_sitenote_active":false,"_monsterinsights_sitenote_note":"","_monsterinsights_sitenote_category":0,"_joinchat":[]},"product_brand":[],"product_cat":[629],"product_tag":[],"class_list":{"0":"post-22628","1":"product","2":"type-product","3":"status-publish","4":"has-post-thumbnail","6":"product_cat-prise-de-force","8":"first","9":"instock","10":"shipping-taxable","11":"product-type-simple"},"_links":{"self":[{"href":"https:\/\/ghaddar.com\/fr\/wp-json\/wp\/v2\/product\/22628","targetHints":{"allow":["GET"]}}],"collection":[{"href":"https:\/\/ghaddar.com\/fr\/wp-json\/wp\/v2\/product"}],"about":[{"href":"https:\/\/ghaddar.com\/fr\/wp-json\/wp\/v2\/types\/product"}],"replies":[{"embeddable":true,"href":"https:\/\/ghaddar.com\/fr\/wp-json\/wp\/v2\/comments?post=22628"}],"version-history":[{"count":3,"href":"https:\/\/ghaddar.com\/fr\/wp-json\/wp\/v2\/product\/22628\/revisions"}],"predecessor-version":[{"id":22632,"href":"https:\/\/ghaddar.com\/fr\/wp-json\/wp\/v2\/product\/22628\/revisions\/22632"}],"wp:featuredmedia":[{"embeddable":true,"href":"https:\/\/ghaddar.com\/fr\/wp-json\/wp\/v2\/media\/19770"}],"wp:attachment":[{"href":"https:\/\/ghaddar.com\/fr\/wp-json\/wp\/v2\/media?parent=22628"}],"wp:term":[{"taxonomy":"product_brand","embeddable":true,"href":"https:\/\/ghaddar.com\/fr\/wp-json\/wp\/v2\/product_brand?post=22628"},{"taxonomy":"product_cat","embeddable":true,"href":"https:\/\/ghaddar.com\/fr\/wp-json\/wp\/v2\/product_cat?post=22628"},{"taxonomy":"product_tag","embeddable":true,"href":"https:\/\/ghaddar.com\/fr\/wp-json\/wp\/v2\/product_tag?post=22628"}],"curies":[{"name":"wp","href":"https:\/\/api.w.org\/{rel}","templated":true}]}}