{"id":22702,"date":"2025-09-19T09:30:11","date_gmt":"2025-09-19T06:30:11","guid":{"rendered":"https:\/\/ghaddar.com\/product\/groupe-electrogene-a-gaz-mitsubishi-mgs-g-eu-625-c-50-hz-gaz-naturel\/"},"modified":"2026-04-12T19:59:05","modified_gmt":"2026-04-12T16:59:05","slug":"groupe-electrogene-a-gaz-mitsubishi-mgs-g-eu-625-c-50-hz-gaz-naturel","status":"publish","type":"product","link":"https:\/\/ghaddar.com\/fr\/produit\/groupe-electrogene-a-gaz-mitsubishi-mgs-g-eu-625-c-50-hz-gaz-naturel\/","title":{"rendered":"Groupe \u00e9lectrog\u00e8ne \u00e0 gaz Mitsubishi MGS-G-EU 625-C (50 Hz) &#8211; (Gaz naturel)"},"content":{"rendered":"\t\t<div data-elementor-type=\"product-post\" data-elementor-id=\"22702\" class=\"elementor elementor-22702 elementor-19562\" data-elementor-post-type=\"product\">\n\t\t\t\t<div class=\"elementor-element elementor-element-75d4f99 e-con-full e-flex e-con e-parent\" data-id=\"75d4f99\" data-element_type=\"container\" data-e-type=\"container\">\n\t\t<div class=\"elementor-element elementor-element-9288678 e-con-full e-flex e-con e-child\" data-id=\"9288678\" data-element_type=\"container\" data-e-type=\"container\">\n\t\t<div class=\"elementor-element elementor-element-d03d866 e-con-full e-flex e-con e-child\" data-id=\"d03d866\" data-element_type=\"container\" data-e-type=\"container\">\n\t\t\t\t<div class=\"elementor-element elementor-element-fe31237 elementor-widget elementor-widget-text-editor\" data-id=\"fe31237\" data-element_type=\"widget\" data-e-type=\"widget\" data-widget_type=\"text-editor.default\">\n\t\t\t\t<div class=\"elementor-widget-container\">\n\t\t\t\t\t\t\t\t\t<p>Puissances @ 0,8 PF<\/p>\t\t\t\t\t\t\t\t<\/div>\n\t\t\t\t<\/div>\n\t\t\t\t<\/div>\n\t\t<div class=\"elementor-element elementor-element-cea0d5c e-con-full e-flex e-con e-child\" data-id=\"cea0d5c\" data-element_type=\"container\" data-e-type=\"container\">\n\t\t<div class=\"elementor-element elementor-element-a16627b e-con-full e-flex e-con e-child\" data-id=\"a16627b\" data-element_type=\"container\" data-e-type=\"container\">\n\t\t\t\t<div class=\"elementor-element elementor-element-06a75cb elementor-widget elementor-widget-text-editor\" data-id=\"06a75cb\" data-element_type=\"widget\" data-e-type=\"widget\" data-widget_type=\"text-editor.default\">\n\t\t\t\t<div class=\"elementor-widget-container\">\n\t\t\t\t\t\t\t\t\t<p>Tension*\u00b9<\/p>\t\t\t\t\t\t\t\t<\/div>\n\t\t\t\t<\/div>\n\t\t\t\t<div class=\"elementor-element elementor-element-1e25c97 elementor-widget elementor-widget-text-editor\" data-id=\"1e25c97\" data-element_type=\"widget\" data-e-type=\"widget\" data-widget_type=\"text-editor.default\">\n\t\t\t\t<div class=\"elementor-widget-container\">\n\t\t\t\t\t\t\t\t\t<p>230\/400 V<\/p>\t\t\t\t\t\t\t\t<\/div>\n\t\t\t\t<\/div>\n\t\t\t\t<\/div>\n\t\t<div class=\"elementor-element elementor-element-462a42b e-con-full e-flex e-con e-child\" data-id=\"462a42b\" data-element_type=\"container\" data-e-type=\"container\">\n\t\t\t\t<div class=\"elementor-element elementor-element-d6bd231 elementor-widget elementor-widget-text-editor\" data-id=\"d6bd231\" data-element_type=\"widget\" data-e-type=\"widget\" data-widget_type=\"text-editor.default\">\n\t\t\t\t<div class=\"elementor-widget-container\">\n\t\t\t\t\t\t\t\t\t<p>Fr\u00e9quence<\/p>\t\t\t\t\t\t\t\t<\/div>\n\t\t\t\t<\/div>\n\t\t\t\t<div class=\"elementor-element elementor-element-7020a5c elementor-widget elementor-widget-text-editor\" data-id=\"7020a5c\" data-element_type=\"widget\" data-e-type=\"widget\" data-widget_type=\"text-editor.default\">\n\t\t\t\t<div class=\"elementor-widget-container\">\n\t\t\t\t\t\t\t\t\t<p>50 Hz<\/p>\t\t\t\t\t\t\t\t<\/div>\n\t\t\t\t<\/div>\n\t\t\t\t<\/div>\n\t\t\t\t<\/div>\n\t\t\t\t<\/div>\n\t\t<div class=\"elementor-element elementor-element-8d82aa5 e-con-full e-flex e-con e-child\" data-id=\"8d82aa5\" data-element_type=\"container\" data-e-type=\"container\">\n\t\t\t\t<div class=\"elementor-element elementor-element-a8a18ea elementor-widget elementor-widget-text-editor\" data-id=\"a8a18ea\" data-element_type=\"widget\" data-e-type=\"widget\" data-widget_type=\"text-editor.default\">\n\t\t\t\t<div class=\"elementor-widget-container\">\n\t\t\t\t\t\t\t\t\t<p>Puissance COP*\u00b2<\/p>\t\t\t\t\t\t\t\t<\/div>\n\t\t\t\t<\/div>\n\t\t\t\t<div class=\"elementor-element elementor-element-e48c28b elementor-widget elementor-widget-text-editor\" data-id=\"e48c28b\" data-element_type=\"widget\" data-e-type=\"widget\" data-widget_type=\"text-editor.default\">\n\t\t\t\t<div class=\"elementor-widget-container\">\n\t\t\t\t\t\t\t\t\t<p>500 kWe<\/p>\t\t\t\t\t\t\t\t<\/div>\n\t\t\t\t<\/div>\n\t\t\t\t<div class=\"elementor-element elementor-element-924f3e7 elementor-widget elementor-widget-text-editor\" data-id=\"924f3e7\" data-element_type=\"widget\" data-e-type=\"widget\" data-widget_type=\"text-editor.default\">\n\t\t\t\t<div class=\"elementor-widget-container\">\n\t\t\t\t\t\t\t\t\t<p>625 KVA<\/p>\t\t\t\t\t\t\t\t<\/div>\n\t\t\t\t<\/div>\n\t\t\t\t<\/div>\n\t\t<div class=\"elementor-element elementor-element-aeb2fab e-con-full e-flex e-con e-child\" data-id=\"aeb2fab\" data-element_type=\"container\" data-e-type=\"container\">\n\t\t\t\t<div class=\"elementor-element elementor-element-8f1df6a elementor-widget elementor-widget-text-editor\" data-id=\"8f1df6a\" data-element_type=\"widget\" data-e-type=\"widget\" data-widget_type=\"text-editor.default\">\n\t\t\t\t<div class=\"elementor-widget-container\">\n\t\t\t\t\t\t\t\t\t<p>Service<\/p>\t\t\t\t\t\t\t\t<\/div>\n\t\t\t\t<\/div>\n\t\t\t\t<div class=\"elementor-element elementor-element-3cc0910 elementor-widget elementor-widget-text-editor\" data-id=\"3cc0910\" data-element_type=\"widget\" data-e-type=\"widget\" data-widget_type=\"text-editor.default\">\n\t\t\t\t<div class=\"elementor-widget-container\">\n\t\t\t\t\t\t\t\t\t<p>Charge de base<\/p>\t\t\t\t\t\t\t\t<\/div>\n\t\t\t\t<\/div>\n\t\t\t\t<\/div>\n\t\t<div class=\"elementor-element elementor-element-5864924 e-con-full e-flex e-con e-child\" data-id=\"5864924\" data-element_type=\"container\" data-e-type=\"container\">\n\t\t\t\t<div class=\"elementor-element elementor-element-7f1fb46 elementor-widget elementor-widget-text-editor\" data-id=\"7f1fb46\" data-element_type=\"widget\" data-e-type=\"widget\" data-widget_type=\"text-editor.default\">\n\t\t\t\t<div class=\"elementor-widget-container\">\n\t\t\t\t\t\t\t\t\t<p>R\u00e9gime<\/p>\t\t\t\t\t\t\t\t<\/div>\n\t\t\t\t<\/div>\n\t\t\t\t<div class=\"elementor-element elementor-element-a965667 elementor-widget elementor-widget-text-editor\" data-id=\"a965667\" data-element_type=\"widget\" data-e-type=\"widget\" data-widget_type=\"text-editor.default\">\n\t\t\t\t<div class=\"elementor-widget-container\">\n\t\t\t\t\t\t\t\t\t<p>Continu<\/p>\t\t\t\t\t\t\t\t<\/div>\n\t\t\t\t<\/div>\n\t\t\t\t<\/div>\n\t\t\t\t<\/div>\n\t\t<div class=\"elementor-element elementor-element-4e7a453 e-flex e-con-boxed e-con e-parent\" data-id=\"4e7a453\" data-element_type=\"container\" data-e-type=\"container\">\n\t\t\t\t\t<div class=\"e-con-inner\">\n\t\t<div class=\"elementor-element elementor-element-0375edd e-con-full e-flex e-con e-child\" data-id=\"0375edd\" data-element_type=\"container\" data-e-type=\"container\">\n\t\t\t\t<div class=\"elementor-element elementor-element-069a7b1 premium-lq__none elementor-widget elementor-widget-premium-addon-button\" data-id=\"069a7b1\" data-element_type=\"widget\" data-e-type=\"widget\" data-widget_type=\"premium-addon-button.default\">\n\t\t\t\t<div class=\"elementor-widget-container\">\n\t\t\t\t\t\r\n\r\n\t\t<a class=\"premium-button premium-button-none premium-btn-lg premium-button-none\" href=\"https:\/\/ghaddar.com\/fr\/produits\/groupes-electrogenes-ghaddar-alimentes-par-cummins-nouveau\/\">\r\n\t\t\t<div class=\"premium-button-text-icon-wrapper\">\r\n\t\t\t\t\r\n\t\t\t\t\t\t\t\t\t<span >\r\n\t\t\t\t\t\tRetour \u00e0 la liste des produits\t\t\t\t\t<\/span>\r\n\t\t\t\t\t\t\t<\/div>\r\n\r\n\t\t\t\r\n\t\t\t\r\n\t\t\t\r\n\t\t<\/a>\r\n\r\n\r\n\t\t\t\t\t\t<\/div>\n\t\t\t\t<\/div>\n\t\t\t\t<\/div>\n\t\t<div class=\"elementor-element elementor-element-c9239bc e-con-full e-flex e-con e-child\" data-id=\"c9239bc\" data-element_type=\"container\" data-e-type=\"container\">\n\t\t\t\t<\/div>\n\t\t<div class=\"elementor-element elementor-element-754fdb2 e-con-full e-flex e-con e-child\" data-id=\"754fdb2\" data-element_type=\"container\" data-e-type=\"container\">\n\t\t\t\t<\/div>\n\t\t<div class=\"elementor-element elementor-element-7bac878 e-con-full e-flex e-con e-child\" data-id=\"7bac878\" data-element_type=\"container\" data-e-type=\"container\">\n\t\t\t\t<div class=\"elementor-element elementor-element-1159cfe premium-lq__none elementor-widget elementor-widget-premium-addon-button\" data-id=\"1159cfe\" data-element_type=\"widget\" data-e-type=\"widget\" data-widget_type=\"premium-addon-button.default\">\n\t\t\t\t<div class=\"elementor-widget-container\">\n\t\t\t\t\t\r\n\r\n\t\t<a class=\"premium-button premium-button-none premium-btn-md premium-button-none\" href=\"https:\/\/ghaddar.com\/wp-content\/uploads\/2025\/09\/PR187598033-MGS-G-EU-1875-C-V1.2.pdf\" target=\"_blank\">\r\n\t\t\t<div class=\"premium-button-text-icon-wrapper\">\r\n\t\t\t\t\r\n\t\t\t\t\t\t\t\t\t\t\t\t\t\t\t\t\t\t<svg class=\"svg-inline--fas-fa-file-download premium-drawable-icon premium-svg-nodraw\" aria-hidden='true' xmlns='http:\/\/www.w3.org\/2000\/svg' viewBox='0 0 384 512'><path d=\"M224 136V0H24C10.7 0 0 10.7 0 24v464c0 13.3 10.7 24 24 24h336c13.3 0 24-10.7 24-24V160H248c-13.2 0-24-10.8-24-24zm76.45 211.36l-96.42 95.7c-6.65 6.61-17.39 6.61-24.04 0l-96.42-95.7C73.42 337.29 80.54 320 94.82 320H160v-80c0-8.84 7.16-16 16-16h32c8.84 0 16 7.16 16 16v80h65.18c14.28 0 21.4 17.29 11.27 27.36zM377 105L279.1 7c-4.5-4.5-10.6-7-17-7H256v128h128v-6.1c0-6.3-2.5-12.4-7-16.9z\"><\/path><\/svg>\t\t\t\t\t\t\t\t\t\t\t\t\t\t\t\r\n\t\t\t\t\t\t\t\t\t<span >\r\n\t\t\t\t\t\tT\u00e9l\u00e9charger le PDF\t\t\t\t\t<\/span>\r\n\t\t\t\t\t\t\t<\/div>\r\n\r\n\t\t\t\r\n\t\t\t\r\n\t\t\t\r\n\t\t<\/a>\r\n\r\n\r\n\t\t\t\t\t\t<\/div>\n\t\t\t\t<\/div>\n\t\t\t\t<\/div>\n\t\t\t\t\t<\/div>\n\t\t\t\t<\/div>\n\t\t<div class=\"elementor-element elementor-element-4cd1e08 e-flex e-con-boxed e-con e-parent\" data-id=\"4cd1e08\" data-element_type=\"container\" data-e-type=\"container\">\n\t\t\t\t\t<div class=\"e-con-inner\">\n\t\t\t\t\t<\/div>\n\t\t\t\t<\/div>\n\t\t<div class=\"elementor-element elementor-element-6a86af7 e-flex e-con-boxed e-con e-parent\" data-id=\"6a86af7\" data-element_type=\"container\" data-e-type=\"container\">\n\t\t\t\t\t<div class=\"e-con-inner\">\n\t\t\t\t<div class=\"elementor-element elementor-element-e4a2a9f elementor-widget elementor-widget-text-editor\" data-id=\"e4a2a9f\" data-element_type=\"widget\" data-e-type=\"widget\" data-widget_type=\"text-editor.default\">\n\t\t\t\t<div class=\"elementor-widget-container\">\n\t\t\t\t\t\t\t\t\t<div class=\"upcp_product\"><h2 class=\"upcp_title\">Groupe \u00e9lectrog\u00e8ne \u00e0 gaz Mitsubishi MGS-G-EU 625-C (50 Hz) &#8211; (Gaz naturel)<\/h2><\/div>\t\t\t\t\t\t\t\t<\/div>\n\t\t\t\t<\/div>\n\t\t\t\t<div class=\"elementor-element elementor-element-50bb8cb elementor-widget elementor-widget-html\" data-id=\"50bb8cb\" data-element_type=\"widget\" data-e-type=\"widget\" data-widget_type=\"html.default\">\n\t\t\t\t<div class=\"elementor-widget-container\">\n\t\t\t\t\t<style>.upcp_product {\n  font-family: Arial, sans-serif;\n  color: #333;\n}\n\n.upcp_title {\n  font-size: 24px;\n  font-weight: bold;\n  margin-bottom: 1em;\n}\n\n.upcp_subtitle {\n  font-size: 20px;\n  font-weight: bold;\n  margin-top: 1.5em;\n  margin-bottom: 0.5em;\n}\n\n.upcp_content {\n  margin-bottom: 2em;\n}\n\n.upcp_content table {\n  width: 100%;\n  border-collapse: collapse;\n  margin-bottom: 1em;\n}\n\n.upcp_content table td,\n.upcp_content table th {\n  border: 1px solid #ccc;\n  padding: 0.6em 0.8em;\n  vertical-align: top;\n}\n\n.upcp_content ul {\n  list-style-type: disc;\n  margin: 0 0 1em 1.5em;\n  padding: 0;\n}\n\n.upcp_image {\n  text-align: right;\n  margin: 1em 0;\n}\n\n.upcp_image img {\n  max-width: 100%;\n  height: auto;\n}\n\n<\/style>\t\t\t\t<\/div>\n\t\t\t\t<\/div>\n\t\t\t\t\t<\/div>\n\t\t\t\t<\/div>\n\t\t<div class=\"elementor-element elementor-element-2da4126 e-flex e-con-boxed e-con e-parent\" data-id=\"2da4126\" data-element_type=\"container\" data-e-type=\"container\">\n\t\t\t\t\t<div class=\"e-con-inner\">\n\t\t\t\t<div class=\"elementor-element elementor-element-9509f40 elementor-widget elementor-widget-text-editor\" data-id=\"9509f40\" data-element_type=\"widget\" data-e-type=\"widget\" data-widget_type=\"text-editor.default\">\n\t\t\t\t<div class=\"elementor-widget-container\">\n\t\t\t\t\t\t\t\t\t<div class=\"upcp_product\"><div class=\"upcp_content\"><p><strong>Les puissances ci-dessus repr\u00e9sentent la capacit\u00e9 du groupe \u00e9lectrog\u00e8ne garantie \u00e0 \u00b13 % dans les conditions de r\u00e9f\u00e9rence \u00e9quivalentes \u00e0 celles sp\u00e9cifi\u00e9es dans la norme ISO 8528\/1.<\/strong><\/p><h3 class=\"upcp_subtitle\">Notes<\/h3><ol><li>La plage de tension applicable est de 380 V \u00e0 415 V pour les applications 50 Hz. Pour d&rsquo;autres tensions, veuillez consulter l&rsquo;usine. <\/li><li><strong>500 kWe \/ 625 KVA (puissance COP) :<\/strong> est la puissance maximale disponible pour des charges continues pendant un nombre d&rsquo;heures de fonctionnement illimit\u00e9 par an entre les p\u00e9riodes de maintenance recommand\u00e9es par le fabricant dans les conditions environnementales.<\/li><\/ol><h3 class=\"upcp_subtitle\">Donn\u00e9es techniques du moteur<\/h3><table style=\"width: 95.6854%; height: 450px;\"><tbody><tr style=\"height: 48px;\"><th style=\"width: 51.0917%; height: 48px;\" scope=\"row\">Marque et mod\u00e8le<\/th><td style=\"width: 45.4148%; height: 48px;\"><strong>Mitsubishi GS6R2-PTK<\/strong><\/td><\/tr><tr style=\"height: 48px;\"><th style=\"width: 51.0917%; height: 48px;\">Vitesse du moteur (tr\/min)<\/th><td style=\"width: 45.4148%; height: 48px;\">1500<\/td><\/tr><tr style=\"height: 10px;\"><th style=\"width: 51.0917%; height: 10px;\">Puissance au frein du moteur (kWm)<\/th><td style=\"width: 45.4148%; height: 10px;\">523,6<\/td><\/tr><tr style=\"height: 10px;\"><th style=\"width: 51.0917%; height: 10px;\" scope=\"row\">Configuration des cylindres<\/th><td style=\"width: 45.4148%; height: 10px;\">6 L<\/td><\/tr><tr style=\"height: 10px;\"><th style=\"width: 51.0917%; height: 10px;\">Cylindr\u00e9e (litres)<\/th><td style=\"width: 45.4148%; height: 10px;\">30<\/td><\/tr><tr style=\"height: 10px;\"><th style=\"width: 51.0917%; height: 10px;\" scope=\"row\">Al\u00e9sage et course (mm)<\/th><td style=\"width: 45.4148%; height: 10px;\">170 \u00d7 220<\/td><\/tr><tr style=\"height: 10px;\"><th style=\"width: 51.0917%; height: 10px;\">Taux de compression<\/th><td style=\"width: 45.4148%; height: 10px;\">12,6:1<\/td><\/tr><tr style=\"height: 10px;\"><th style=\"width: 51.0917%; height: 10px;\" scope=\"row\">Syst\u00e8me d&rsquo;admission<\/th><td style=\"width: 45.4148%; height: 10px;\">Turbocompress\u00e9<\/td><\/tr><tr style=\"height: 10px;\"><th style=\"width: 51.0917%; height: 10px;\" scope=\"row\">Cycle<\/th><td style=\"width: 45.4148%; height: 10px;\">4 temps<\/td><\/tr><tr style=\"height: 10px;\"><th style=\"width: 51.0917%; height: 10px;\" scope=\"row\">R\u00e9gulateur<\/th><td style=\"width: 45.4148%; height: 10px;\">\u00c9lectronique<\/td><\/tr><tr style=\"height: 10px;\"><th style=\"width: 51.0917%; height: 10px;\" scope=\"row\">M\u00e9thode de refroidissement (pompe \u00e9lectrique)<\/th><td style=\"width: 45.4148%; height: 10px;\">Eau (radiateur s\u00e9par\u00e9)<\/td><\/tr><tr style=\"height: 10px;\"><th style=\"width: 51.0917%; height: 10px;\" scope=\"row\">M\u00e9thode de d\u00e9marrage<\/th><td style=\"width: 45.4148%; height: 10px;\">\u00c9lectrique 24 V CC<\/td><\/tr><tr style=\"height: 10px;\"><th style=\"width: 51.0917%; height: 10px;\" scope=\"row\">Pression du gaz \u00e0 l&rsquo;entr\u00e9e de la conduite de gaz<\/th><td style=\"width: 45.4148%; height: 10px;\">300 \u00e0 500 kPa<\/td><\/tr><tr style=\"height: 10px;\"><th style=\"width: 51.0917%; height: 10px;\" colspan=\"2\">PERFORMANCES @ COP (BT : 400 V)<\/th><\/tr><tr style=\"height: 10px;\"><th style=\"width: 51.0917%; height: 10px;\" scope=\"row\">Consommation auxiliaire <span style=\"font-size: 14px;\">(Refroidissement et ventilation)<\/span> moy\/max<\/th><td style=\"width: 45.4148%; height: 10px;\">10\/15 kWe<\/td><\/tr><tr style=\"height: 24px;\"><th style=\"width: 51.0917%; height: 24px;\" scope=\"row\">Puissance brute de l&rsquo;alternateur<\/th><td style=\"width: 45.4148%; height: 24px;\">500 kWe<\/td><\/tr><tr style=\"height: 41px;\"><th style=\"width: 51.0917%; height: 41px;\" scope=\"row\">Apport de gaz combustible<\/th><td style=\"width: 45.4148%; height: 41px;\">1163 kW<\/td><\/tr><tr style=\"height: 26px;\"><th style=\"width: 51.0917%; height: 26px;\" scope=\"row\">D\u00e9bit de gaz combustible<\/th><td style=\"width: 45.4148%; height: 26px;\">115 Nm\u00b3\/h<\/td><\/tr><tr style=\"height: 10px;\"><th style=\"width: 51.0917%; height: 10px;\" scope=\"row\">Rendement \u00e9lectrique<\/th><td style=\"width: 45.4148%; height: 10px;\">43 %<\/td><\/tr><tr style=\"height: 37px;\"><th style=\"width: 51.0917%; height: 37px;\" scope=\"row\">Temp\u00e9rature des gaz d&rsquo;\u00e9chappement<\/th><td style=\"width: 45.4148%; height: 37px;\">415 \u00b0C<\/td><\/tr><tr style=\"height: 35px;\"><th style=\"width: 51.0917%; height: 35px;\" scope=\"row\">D\u00e9bit des gaz d&rsquo;\u00e9chappement<\/th><td style=\"width: 45.4148%; height: 35px;\">2288 Nm\u00b3\/h<\/td><\/tr><tr style=\"height: 31px;\"><th style=\"width: 51.0917%; height: 31px;\" scope=\"row\">D\u00e9bit d&rsquo;admission d&rsquo;air<\/th><td style=\"width: 45.4148%; height: 31px;\">42 m\u00b3\/min<\/td><\/tr><tr style=\"height: 20px;\"><th style=\"width: 51.0917%; height: 20px;\" scope=\"row\">Niveau sonore @ 1 m &#8211; max<\/th><td style=\"width: 45.4148%; height: 20px;\">109 dB (A)<\/td><\/tr><\/tbody><\/table><p>Les donn\u00e9es de performance ci-dessus sont valables selon les sp\u00e9cifications suivantes :<\/p><ul><li>Le gaz naturel a un indice de m\u00e9thane \u2013 min : 80<\/li><li>La sp\u00e9cification de l&rsquo;huile de lubrification doit d\u00e9passer API CE, SAE 15W-40.<\/li><li>Le liquide de refroidissement doit \u00eatre compos\u00e9 de 50 % de glycol inhib\u00e9 et 50 % d&rsquo;eau douce.<\/li><\/ul><h3 class=\"upcp_subtitle\">Donn\u00e9es techniques de l&rsquo;alternateur<\/h3><table><tbody><tr><th scope=\"row\">Marque et mod\u00e8le<\/th><td><strong>Leroy Somer TAL0473F<\/strong><\/td><\/tr><tr><th scope=\"row\">Fr\u00e9quence \/ Nombre de p\u00f4les<\/th><td>50 Hz \/ 4P<\/td><\/tr><tr><th scope=\"row\">Indice de protection<\/th><td>IP23<\/td><\/tr><tr><th scope=\"row\">Classe d&rsquo;isolation<\/th><td>H<\/td><\/tr><tr><th scope=\"row\">Bornes (en option)<\/th><td>6 (12)<\/td><\/tr><tr><th scope=\"row\">Syst\u00e8me d&rsquo;excitation<\/th><td>SHUNT<\/td><\/tr><tr><th scope=\"row\">Pas de bobinage<\/th><td>2\/3<\/td><\/tr><tr><th scope=\"row\">Mod\u00e8le AVR<\/th><td>R150<\/td><\/tr><tr><th scope=\"row\">Survitesse<\/th><td>2250 tr\/min<\/td><\/tr><tr><th scope=\"row\">R\u00e9gulation de tension<\/th><td>\u00b11 %<\/td><\/tr><tr><th scope=\"row\">D\u00e9bit d&rsquo;air de refroidissement<\/th><td>0,9 m<sup>3<\/sup>\/s<\/td><\/tr><\/tbody><\/table><h3><strong>Dimensions d&rsquo;exp\u00e9dition (groupe ouvert) :<\/strong><\/h3><ul><li>Longueur : 3675 mm<\/li><li>Largeur : 1527 mm<\/li><li>Hauteur : 2153 mm<\/li><li>Poids : 5690 kg<\/li><\/ul><\/div><\/div>\t\t\t\t\t\t\t\t<\/div>\n\t\t\t\t<\/div>\n\t\t\t\t\t<\/div>\n\t\t\t\t<\/div>\n\t\t\t\t<\/div>\n\t\t","protected":false},"excerpt":{"rendered":"<p>Puissances @ 0,8 PF Tension*\u00b9 230\/400 V Fr\u00e9quence 50 Hz Puissance COP*\u00b2 500 kWe 625 KVA Service Charge de base R\u00e9gime Continu Retour \u00e0 la liste des produits T\u00e9l\u00e9charger le PDF Groupe \u00e9lectrog\u00e8ne \u00e0 gaz Mitsubishi MGS-G-EU 625-C (50 Hz) &hellip;<\/p>\n","protected":false},"featured_media":19568,"comment_status":"closed","ping_status":"closed","template":"","meta":{"_monsterinsights_skip_tracking":false,"_monsterinsights_sitenote_active":false,"_monsterinsights_sitenote_note":"","_monsterinsights_sitenote_category":0,"_joinchat":[]},"product_brand":[],"product_cat":[632,652,653],"product_tag":[],"class_list":{"0":"post-22702","1":"product","2":"type-product","3":"status-publish","4":"has-post-thumbnail","6":"product_cat-generateurs-a-gaz-ghaddar","7":"product_cat-groupes-electrogenes-a-gaz-motorises-par-mitsubishi","8":"product_cat-mitsubishi-gaz-50-hz","10":"first","11":"instock","12":"shipping-taxable","13":"product-type-simple"},"_links":{"self":[{"href":"https:\/\/ghaddar.com\/fr\/wp-json\/wp\/v2\/product\/22702","targetHints":{"allow":["GET"]}}],"collection":[{"href":"https:\/\/ghaddar.com\/fr\/wp-json\/wp\/v2\/product"}],"about":[{"href":"https:\/\/ghaddar.com\/fr\/wp-json\/wp\/v2\/types\/product"}],"replies":[{"embeddable":true,"href":"https:\/\/ghaddar.com\/fr\/wp-json\/wp\/v2\/comments?post=22702"}],"version-history":[{"count":1,"href":"https:\/\/ghaddar.com\/fr\/wp-json\/wp\/v2\/product\/22702\/revisions"}],"predecessor-version":[{"id":22703,"href":"https:\/\/ghaddar.com\/fr\/wp-json\/wp\/v2\/product\/22702\/revisions\/22703"}],"wp:featuredmedia":[{"embeddable":true,"href":"https:\/\/ghaddar.com\/fr\/wp-json\/wp\/v2\/media\/19568"}],"wp:attachment":[{"href":"https:\/\/ghaddar.com\/fr\/wp-json\/wp\/v2\/media?parent=22702"}],"wp:term":[{"taxonomy":"product_brand","embeddable":true,"href":"https:\/\/ghaddar.com\/fr\/wp-json\/wp\/v2\/product_brand?post=22702"},{"taxonomy":"product_cat","embeddable":true,"href":"https:\/\/ghaddar.com\/fr\/wp-json\/wp\/v2\/product_cat?post=22702"},{"taxonomy":"product_tag","embeddable":true,"href":"https:\/\/ghaddar.com\/fr\/wp-json\/wp\/v2\/product_tag?post=22702"}],"curies":[{"name":"wp","href":"https:\/\/api.w.org\/{rel}","templated":true}]}}