{"id":22760,"date":"2025-09-17T08:31:31","date_gmt":"2025-09-17T05:31:31","guid":{"rendered":"https:\/\/ghaddar.com\/product\/groupe-electrogene-ghaddar-ct500-ct570s-qsz-50-hz-motorise-par-cummins\/"},"modified":"2026-04-12T20:08:58","modified_gmt":"2026-04-12T17:08:58","slug":"groupe-electrogene-ghaddar-ct500-ct570s-qsz-50-hz-motorise-par-cummins","status":"publish","type":"product","link":"https:\/\/ghaddar.com\/fr\/produit\/groupe-electrogene-ghaddar-ct500-ct570s-qsz-50-hz-motorise-par-cummins\/","title":{"rendered":"Groupe \u00e9lectrog\u00e8ne Ghaddar CT500 \u2013 CT570S QSZ (50 Hz) motoris\u00e9 par Cummins"},"content":{"rendered":"\t\t<div data-elementor-type=\"product-post\" data-elementor-id=\"22760\" class=\"elementor elementor-22760 elementor-19199\" data-elementor-post-type=\"product\">\n\t\t\t\t<div class=\"elementor-element elementor-element-75d4f99 e-flex e-con-boxed e-con e-parent\" data-id=\"75d4f99\" data-element_type=\"container\" data-e-type=\"container\">\n\t\t\t\t\t<div class=\"e-con-inner\">\n\t\t<div class=\"elementor-element elementor-element-9288678 e-con-full e-flex e-con e-child\" data-id=\"9288678\" data-element_type=\"container\" data-e-type=\"container\">\n\t\t<div class=\"elementor-element elementor-element-d03d866 e-con-full e-flex e-con e-child\" data-id=\"d03d866\" data-element_type=\"container\" data-e-type=\"container\">\n\t\t\t\t<div class=\"elementor-element elementor-element-fe31237 elementor-widget elementor-widget-text-editor\" data-id=\"fe31237\" data-element_type=\"widget\" data-e-type=\"widget\" data-widget_type=\"text-editor.default\">\n\t\t\t\t<div class=\"elementor-widget-container\">\n\t\t\t\t\t\t\t\t\t<p>Puissances @ 0,8 PF<\/p>\t\t\t\t\t\t\t\t<\/div>\n\t\t\t\t<\/div>\n\t\t\t\t<\/div>\n\t\t<div class=\"elementor-element elementor-element-cea0d5c e-con-full e-flex e-con e-child\" data-id=\"cea0d5c\" data-element_type=\"container\" data-e-type=\"container\">\n\t\t<div class=\"elementor-element elementor-element-a16627b e-con-full e-flex e-con e-child\" data-id=\"a16627b\" data-element_type=\"container\" data-e-type=\"container\">\n\t\t\t\t<div class=\"elementor-element elementor-element-06a75cb elementor-widget elementor-widget-text-editor\" data-id=\"06a75cb\" data-element_type=\"widget\" data-e-type=\"widget\" data-widget_type=\"text-editor.default\">\n\t\t\t\t<div class=\"elementor-widget-container\">\n\t\t\t\t\t\t\t\t\t<p>Tension*<\/p>\t\t\t\t\t\t\t\t<\/div>\n\t\t\t\t<\/div>\n\t\t\t\t<div class=\"elementor-element elementor-element-1e25c97 elementor-widget elementor-widget-text-editor\" data-id=\"1e25c97\" data-element_type=\"widget\" data-e-type=\"widget\" data-widget_type=\"text-editor.default\">\n\t\t\t\t<div class=\"elementor-widget-container\">\n\t\t\t\t\t\t\t\t\t<p>230\/400 V<\/p>\t\t\t\t\t\t\t\t<\/div>\n\t\t\t\t<\/div>\n\t\t\t\t<\/div>\n\t\t<div class=\"elementor-element elementor-element-462a42b e-con-full e-flex e-con e-child\" data-id=\"462a42b\" data-element_type=\"container\" data-e-type=\"container\">\n\t\t\t\t<div class=\"elementor-element elementor-element-d6bd231 elementor-widget elementor-widget-text-editor\" data-id=\"d6bd231\" data-element_type=\"widget\" data-e-type=\"widget\" data-widget_type=\"text-editor.default\">\n\t\t\t\t<div class=\"elementor-widget-container\">\n\t\t\t\t\t\t\t\t\t<p>Fr\u00e9quence*<\/p>\t\t\t\t\t\t\t\t<\/div>\n\t\t\t\t<\/div>\n\t\t\t\t<div class=\"elementor-element elementor-element-7020a5c elementor-widget elementor-widget-text-editor\" data-id=\"7020a5c\" data-element_type=\"widget\" data-e-type=\"widget\" data-widget_type=\"text-editor.default\">\n\t\t\t\t<div class=\"elementor-widget-container\">\n\t\t\t\t\t\t\t\t\t<p>50 Hz<\/p>\t\t\t\t\t\t\t\t<\/div>\n\t\t\t\t<\/div>\n\t\t\t\t<\/div>\n\t\t\t\t<\/div>\n\t\t\t\t<\/div>\n\t\t<div class=\"elementor-element elementor-element-8d82aa5 e-con-full e-flex e-con e-child\" data-id=\"8d82aa5\" data-element_type=\"container\" data-e-type=\"container\">\n\t\t\t\t<div class=\"elementor-element elementor-element-a8a18ea elementor-widget elementor-widget-text-editor\" data-id=\"a8a18ea\" data-element_type=\"widget\" data-e-type=\"widget\" data-widget_type=\"text-editor.default\">\n\t\t\t\t<div class=\"elementor-widget-container\">\n\t\t\t\t\t\t\t\t\t<p>Puissance principale<\/p>\t\t\t\t\t\t\t\t<\/div>\n\t\t\t\t<\/div>\n\t\t\t\t<div class=\"elementor-element elementor-element-16e2566 elementor-widget elementor-widget-text-editor\" data-id=\"16e2566\" data-element_type=\"widget\" data-e-type=\"widget\" data-widget_type=\"text-editor.default\">\n\t\t\t\t<div class=\"elementor-widget-container\">\n\t\t\t\t\t\t\t\t\t<p>CT500*<\/p>\t\t\t\t\t\t\t\t<\/div>\n\t\t\t\t<\/div>\n\t\t\t\t<div class=\"elementor-element elementor-element-e48c28b elementor-widget elementor-widget-text-editor\" data-id=\"e48c28b\" data-element_type=\"widget\" data-e-type=\"widget\" data-widget_type=\"text-editor.default\">\n\t\t\t\t<div class=\"elementor-widget-container\">\n\t\t\t\t\t\t\t\t\t<p>520 kVA<\/p>\t\t\t\t\t\t\t\t<\/div>\n\t\t\t\t<\/div>\n\t\t\t\t<\/div>\n\t\t<div class=\"elementor-element elementor-element-aeb2fab e-con-full e-flex e-con e-child\" data-id=\"aeb2fab\" data-element_type=\"container\" data-e-type=\"container\">\n\t\t\t\t<div class=\"elementor-element elementor-element-7f1fb46 elementor-widget elementor-widget-text-editor\" data-id=\"7f1fb46\" data-element_type=\"widget\" data-e-type=\"widget\" data-widget_type=\"text-editor.default\">\n\t\t\t\t<div class=\"elementor-widget-container\">\n\t\t\t\t\t\t\t\t\t<p>Puissance de secours<\/p>\t\t\t\t\t\t\t\t<\/div>\n\t\t\t\t<\/div>\n\t\t\t\t<div class=\"elementor-element elementor-element-d436a80 elementor-widget elementor-widget-text-editor\" data-id=\"d436a80\" data-element_type=\"widget\" data-e-type=\"widget\" data-widget_type=\"text-editor.default\">\n\t\t\t\t<div class=\"elementor-widget-container\">\n\t\t\t\t\t\t\t\t\t<p>CT570S*<\/p>\t\t\t\t\t\t\t\t<\/div>\n\t\t\t\t<\/div>\n\t\t\t\t<div class=\"elementor-element elementor-element-71fba1b elementor-widget elementor-widget-text-editor\" data-id=\"71fba1b\" data-element_type=\"widget\" data-e-type=\"widget\" data-widget_type=\"text-editor.default\">\n\t\t\t\t<div class=\"elementor-widget-container\">\n\t\t\t\t\t\t\t\t\t<p>568 kVA<\/p>\t\t\t\t\t\t\t\t<\/div>\n\t\t\t\t<\/div>\n\t\t\t\t<\/div>\n\t\t\t\t\t<\/div>\n\t\t\t\t<\/div>\n\t\t<div class=\"elementor-element elementor-element-4e7a453 e-flex e-con-boxed e-con e-parent\" data-id=\"4e7a453\" data-element_type=\"container\" data-e-type=\"container\">\n\t\t\t\t\t<div class=\"e-con-inner\">\n\t\t<div class=\"elementor-element elementor-element-0375edd e-con-full e-flex e-con e-child\" data-id=\"0375edd\" data-element_type=\"container\" data-e-type=\"container\">\n\t\t\t\t<div class=\"elementor-element elementor-element-069a7b1 premium-lq__none elementor-widget elementor-widget-premium-addon-button\" data-id=\"069a7b1\" data-element_type=\"widget\" data-e-type=\"widget\" data-widget_type=\"premium-addon-button.default\">\n\t\t\t\t<div class=\"elementor-widget-container\">\n\t\t\t\t\t\r\n\r\n\t\t<a class=\"premium-button premium-button-none premium-btn-lg premium-button-none\" href=\"https:\/\/ghaddar.com\/fr\/produits\/groupes-electrogenes-ghaddar-alimentes-par-cummins-nouveau\/\">\r\n\t\t\t<div class=\"premium-button-text-icon-wrapper\">\r\n\t\t\t\t\r\n\t\t\t\t\t\t\t\t\t<span >\r\n\t\t\t\t\t\tRetour \u00e0 la liste des produits\t\t\t\t\t<\/span>\r\n\t\t\t\t\t\t\t<\/div>\r\n\r\n\t\t\t\r\n\t\t\t\r\n\t\t\t\r\n\t\t<\/a>\r\n\r\n\r\n\t\t\t\t\t\t<\/div>\n\t\t\t\t<\/div>\n\t\t\t\t<\/div>\n\t\t<div class=\"elementor-element elementor-element-c9239bc e-con-full e-flex e-con e-child\" data-id=\"c9239bc\" data-element_type=\"container\" data-e-type=\"container\">\n\t\t\t\t<\/div>\n\t\t<div class=\"elementor-element elementor-element-754fdb2 e-con-full e-flex e-con e-child\" data-id=\"754fdb2\" data-element_type=\"container\" data-e-type=\"container\">\n\t\t\t\t<\/div>\n\t\t<div class=\"elementor-element elementor-element-7bac878 e-con-full e-flex e-con e-child\" data-id=\"7bac878\" data-element_type=\"container\" data-e-type=\"container\">\n\t\t\t\t<div class=\"elementor-element elementor-element-1159cfe premium-lq__none elementor-widget elementor-widget-premium-addon-button\" data-id=\"1159cfe\" data-element_type=\"widget\" data-e-type=\"widget\" data-widget_type=\"premium-addon-button.default\">\n\t\t\t\t<div class=\"elementor-widget-container\">\n\t\t\t\t\t\r\n\r\n\t\t<a class=\"premium-button premium-button-none premium-btn-md premium-button-none\" href=\"https:\/\/ghaddar.com\/wp-content\/uploads\/2025\/11\/CT500-CT570S-50-Hz-QSZ13-G10.pdf\" target=\"_blank\">\r\n\t\t\t<div class=\"premium-button-text-icon-wrapper\">\r\n\t\t\t\t\r\n\t\t\t\t\t\t\t\t\t\t\t\t\t\t\t\t\t\t<svg class=\"svg-inline--fas-fa-file-download premium-drawable-icon premium-svg-nodraw\" aria-hidden='true' xmlns='http:\/\/www.w3.org\/2000\/svg' viewBox='0 0 384 512'><path d=\"M224 136V0H24C10.7 0 0 10.7 0 24v464c0 13.3 10.7 24 24 24h336c13.3 0 24-10.7 24-24V160H248c-13.2 0-24-10.8-24-24zm76.45 211.36l-96.42 95.7c-6.65 6.61-17.39 6.61-24.04 0l-96.42-95.7C73.42 337.29 80.54 320 94.82 320H160v-80c0-8.84 7.16-16 16-16h32c8.84 0 16 7.16 16 16v80h65.18c14.28 0 21.4 17.29 11.27 27.36zM377 105L279.1 7c-4.5-4.5-10.6-7-17-7H256v128h128v-6.1c0-6.3-2.5-12.4-7-16.9z\"><\/path><\/svg>\t\t\t\t\t\t\t\t\t\t\t\t\t\t\t\r\n\t\t\t\t\t\t\t\t\t<span >\r\n\t\t\t\t\t\tT\u00e9l\u00e9charger le PDF\t\t\t\t\t<\/span>\r\n\t\t\t\t\t\t\t<\/div>\r\n\r\n\t\t\t\r\n\t\t\t\r\n\t\t\t\r\n\t\t<\/a>\r\n\r\n\r\n\t\t\t\t\t\t<\/div>\n\t\t\t\t<\/div>\n\t\t\t\t<\/div>\n\t\t\t\t\t<\/div>\n\t\t\t\t<\/div>\n\t\t<div class=\"elementor-element elementor-element-4cd1e08 e-flex e-con-boxed e-con e-parent\" data-id=\"4cd1e08\" data-element_type=\"container\" data-e-type=\"container\">\n\t\t\t\t\t<div class=\"e-con-inner\">\n\t\t\t\t\t<\/div>\n\t\t\t\t<\/div>\n\t\t<div class=\"elementor-element elementor-element-6a86af7 e-flex e-con-boxed e-con e-parent\" data-id=\"6a86af7\" data-element_type=\"container\" data-e-type=\"container\">\n\t\t\t\t\t<div class=\"e-con-inner\">\n\t\t\t\t<div class=\"elementor-element elementor-element-e4a2a9f elementor-widget elementor-widget-text-editor\" data-id=\"e4a2a9f\" data-element_type=\"widget\" data-e-type=\"widget\" data-widget_type=\"text-editor.default\">\n\t\t\t\t<div class=\"elementor-widget-container\">\n\t\t\t\t\t\t\t\t\t<div class=\"upcp_product\"><h2 class=\"upcp_title\">Groupe \u00e9lectrog\u00e8ne Ghaddar CT500 \u2013 CT570S QSZ (50 Hz) motoris\u00e9 par Cummins<\/h2><\/div>\t\t\t\t\t\t\t\t<\/div>\n\t\t\t\t<\/div>\n\t\t\t\t<div class=\"elementor-element elementor-element-50bb8cb elementor-widget elementor-widget-html\" data-id=\"50bb8cb\" data-element_type=\"widget\" data-e-type=\"widget\" data-widget_type=\"html.default\">\n\t\t\t\t<div class=\"elementor-widget-container\">\n\t\t\t\t\t<style>.upcp_product {\n  font-family: Arial, sans-serif;\n  color: #333;\n}\n\n.upcp_title {\n  font-size: 24px;\n  font-weight: bold;\n  margin-bottom: 1em;\n}\n\n.upcp_subtitle {\n  font-size: 20px;\n  font-weight: bold;\n  margin-top: 1.5em;\n  margin-bottom: 0.5em;\n}\n\n.upcp_content {\n  margin-bottom: 2em;\n}\n\n.upcp_content table {\n  width: 100%;\n  border-collapse: collapse;\n  margin-bottom: 1em;\n}\n\n.upcp_content table td,\n.upcp_content table th {\n  border: 1px solid #ccc;\n  padding: 0.6em 0.8em;\n  vertical-align: top;\n}\n\n.upcp_content ul {\n  list-style-type: disc;\n  margin: 0 0 1em 1.5em;\n  padding: 0;\n}\n\n.upcp_image {\n  text-align: right;\n  margin: 1em 0;\n}\n\n.upcp_image img {\n  max-width: 100%;\n  height: auto;\n}\n\n<\/style>\t\t\t\t<\/div>\n\t\t\t\t<\/div>\n\t\t\t\t\t<\/div>\n\t\t\t\t<\/div>\n\t\t<div class=\"elementor-element elementor-element-2da4126 e-flex e-con-boxed e-con e-parent\" data-id=\"2da4126\" data-element_type=\"container\" data-e-type=\"container\">\n\t\t\t\t\t<div class=\"e-con-inner\">\n\t\t\t\t<div class=\"elementor-element elementor-element-9509f40 elementor-widget elementor-widget-text-editor\" data-id=\"9509f40\" data-element_type=\"widget\" data-e-type=\"widget\" data-widget_type=\"text-editor.default\">\n\t\t\t\t<div class=\"elementor-widget-container\">\n\t\t\t\t\t\t\t\t\t<div class=\"upcp_product\"><div class=\"upcp_content\"><p><strong>Les puissances ci-dessus repr\u00e9sentent la capacit\u00e9 du groupe \u00e9lectrog\u00e8ne garantie \u00e0 \u00b13 % dans les conditions de r\u00e9f\u00e9rence \u00e9quivalentes \u00e0 celles sp\u00e9cifi\u00e9es dans la norme ISO 8528\/1.<\/strong><\/p><h3 class=\"upcp_subtitle\">Remarques<\/h3><ol><li>La plage de tension applicable est de 380 V \u00e0 415 V pour les applications 50 Hz. Pour d&rsquo;autres tensions, veuillez consulter l&rsquo;usine. <\/li><li>Ce groupe \u00e9lectrog\u00e8ne fonctionne \u00e0 vitesse fixe de 1500 tr\/min.<\/li><li><strong>CT500 (puissance principale) :<\/strong> charge variable et utilisation illimit\u00e9e en heures avec un facteur de charge moyen de 80 % de la puissance principale sur chaque p\u00e9riode de 24 heures. Une surcharge de 10 % est autoris\u00e9e pendant 1 heure toutes les 12 heures de fonctionnement. <\/li><li><strong>CT570 (puissance de secours) :<\/strong> charge variable limit\u00e9e \u00e0 une utilisation annuelle jusqu&rsquo;\u00e0 500 heures, dont 300 heures peuvent \u00eatre en fonctionnement continu. Aucune surcharge n&rsquo;est autoris\u00e9e. <\/li><\/ol><h3 class=\"upcp_subtitle\">Donn\u00e9es techniques du moteur<\/h3><table style=\"width: 110%;\"><tbody><tr><th style=\"width: 51.0917%;\" scope=\"row\">Marque et mod\u00e8le<\/th><td style=\"width: 45.4148%;\"><strong>CUMMINS QSZ13-G10<\/strong><\/td><\/tr><tr><th style=\"width: 51.0917%;\" scope=\"row\">Cylindres et disposition<\/th><td style=\"width: 45.4148%;\">6 ; en ligne vertical<\/td><\/tr><tr><th style=\"width: 51.0917%;\" scope=\"row\">Al\u00e9sage et course (mm)<\/th><td style=\"width: 45.4148%;\">130 \u00d7 163<\/td><\/tr><tr><th style=\"width: 51.0917%;\" scope=\"row\">Syst\u00e8me d&rsquo;admission<\/th><td style=\"width: 45.4148%;\">Turbocompress\u00e9 et refroidi par air<\/td><\/tr><tr><th style=\"width: 51.0917%;\" scope=\"row\">Combustion<\/th><td style=\"width: 45.4148%;\">Injection directe<\/td><\/tr><tr><th style=\"width: 51.0917%;\" scope=\"row\">Cycle<\/th><td style=\"width: 45.4148%;\">4 temps<\/td><\/tr><tr><th style=\"width: 51.0917%;\" scope=\"row\">Taux de compression<\/th><td style=\"width: 45.4148%;\">17,0:1<\/td><\/tr><tr><th style=\"width: 51.0917%;\" scope=\"row\">Syst\u00e8me de refroidissement<\/th><td style=\"width: 45.4148%;\">Refroidi par eau<\/td><\/tr><tr><th style=\"width: 51.0917%;\" scope=\"row\">Cylindr\u00e9e<\/th><td style=\"width: 45.4148%;\">13 litres<\/td><\/tr><tr><th style=\"width: 51.0917%;\" scope=\"row\">Capacit\u00e9 d&rsquo;huile de lubrification<\/th><td style=\"width: 45.4148%;\">75,3 litres max<\/td><\/tr><tr><th style=\"width: 51.0917%;\" scope=\"row\">Capacit\u00e9 du liquide de refroidissement<\/th><td style=\"width: 45.4148%;\">77,1 litres<\/td><\/tr><tr><th style=\"width: 51.0917%;\" scope=\"row\">R\u00e9gulateur standard<\/th><td style=\"width: 45.4148%;\">\u00c9lectronique<\/td><\/tr><tr><th style=\"width: 51.0917%;\" scope=\"row\">Vitesse du moteur (tr\/min)<\/th><td style=\"width: 45.4148%;\"><strong>1500<\/strong><\/td><\/tr><tr><th style=\"width: 51.0917%;\" scope=\"row\">Consommation @ 100 % de charge <strong>(L\/H)<\/strong> <\/th><td style=\"width: 45.4148%;\"><strong>107<\/strong><\/td><\/tr><tr><th style=\"width: 51.0917%;\" scope=\"row\">Consommation @ 75 % de charge <strong>(L\/H)<\/strong> <\/th><td style=\"width: 45.4148%;\"><strong>80<\/strong><\/td><\/tr><tr><th style=\"width: 51.0917%;\" scope=\"row\">Consommation @ 50 % de charge <strong>(L\/H)<\/strong><\/th><td style=\"width: 45.4148%;\"><strong>54<\/strong><\/td><\/tr><tr><th style=\"width: 51.0917%;\" scope=\"row\">Consommation @ 25 % de charge <strong>(L\/H)<\/strong><\/th><td style=\"width: 45.4148%;\"><strong>30,3<\/strong><\/td><\/tr><tr><th style=\"width: 51.0917%;\" scope=\"row\">D\u00e9bit d&rsquo;air de refroidissement du radiateur (m<sup>3<\/sup>\/s)<\/th><td style=\"width: 45.4148%;\">10,3<\/td><\/tr><tr><th style=\"width: 51.0917%;\" scope=\"row\">R\u00e9glementations sur les \u00e9missions<\/th><td style=\"width: 45.4148%;\">Pour les territoires non r\u00e9glement\u00e9s<\/td><\/tr><tr><th style=\"width: 51.0917%;\" scope=\"row\">Temp\u00e9rature des gaz d&rsquo;\u00e9chappement (\u00b0C, max)<\/th><td style=\"width: 45.4148%;\">547<\/td><\/tr><tr><th style=\"width: 51.0917%;\" scope=\"row\">D\u00e9bit maximal des gaz d&rsquo;\u00e9chappement (m<sup>3<\/sup>\/min)<\/th><td style=\"width: 45.4148%;\">82,02<\/td><\/tr><tr><th style=\"width: 51.0917%;\" scope=\"row\">Contre-pression maximale autoris\u00e9e (kPa)<\/th><td style=\"width: 45.4148%;\">13<\/td><\/tr><\/tbody><\/table><p>Les donn\u00e9es de performance ci-dessus sont valables selon les sp\u00e9cifications suivantes :<\/p><ul><li>Carburant diesel conforme \u00e0 BS2869 Classe A2 ou \u00e9quivalent.<\/li><li>Huile de lubrification conforme \u00e0 la norme SAE 15W-40 API CI4.<\/li><li>M\u00e9lange de liquide de refroidissement : 50 % d&rsquo;antigel et 50 % d&rsquo;eau douce.<\/li><\/ul><h3 class=\"upcp_subtitle\">Donn\u00e9es techniques de l&rsquo;alternateur<\/h3><table><tbody><tr><th scope=\"row\">Marque et mod\u00e8le<\/th><td><strong>Leroy Somer TAL0473F<\/strong><\/td><\/tr><tr><th scope=\"row\">Fr\u00e9quence \/ Nombre de p\u00f4les<\/th><td>50 Hz \/ 4P<\/td><\/tr><tr><th scope=\"row\">Indice de protection<\/th><td>IP23<\/td><\/tr><tr><th scope=\"row\">Classe d&rsquo;isolation<\/th><td>H<\/td><\/tr><tr><th scope=\"row\">Bornes (en option)<\/th><td>6 (12)<\/td><\/tr><tr><th scope=\"row\">Syst\u00e8me d&rsquo;excitation<\/th><td>SHUNT<\/td><\/tr><tr><th scope=\"row\">Pas de bobinage<\/th><td>2\/3<\/td><\/tr><tr><th scope=\"row\">Mod\u00e8le AVR<\/th><td>R150<\/td><\/tr><tr><th scope=\"row\">Survitesse<\/th><td>2250 tr\/min<\/td><\/tr><tr><th scope=\"row\">R\u00e9gulation de tension<\/th><td>\u00b11 %<\/td><\/tr><tr><th scope=\"row\">D\u00e9bit d&rsquo;air de refroidissement<\/th><td>0,9 m<sup>3<\/sup>\/s<\/td><\/tr><\/tbody><\/table><h3 class=\"upcp_subtitle\">Certification<\/h3><ul><li>Le groupe \u00e9lectrog\u00e8ne complet est test\u00e9 selon la norme ISO 8528-8.<\/li><\/ul><h3 class=\"upcp_subtitle\">Sp\u00e9cifications du panneau de commande<\/h3><p><img loading=\"lazy\" decoding=\"async\" class=\"size-medium wp-image-11481 alignright\" src=\"https:\/\/ghaddar.com\/wp-content\/uploads\/2020\/01\/control-panel-300x242.jpg\" alt=\"\" width=\"300\" height=\"242\" srcset=\"https:\/\/ghaddar.com\/wp-content\/uploads\/2020\/01\/control-panel-300x242.jpg 300w, https:\/\/ghaddar.com\/wp-content\/uploads\/2020\/01\/control-panel-600x485.jpg 600w, https:\/\/ghaddar.com\/wp-content\/uploads\/2020\/01\/control-panel.jpg 650w\" sizes=\"auto, (max-width: 300px) 100vw, 300px\" \/><\/p><p><span style=\"font-size: 16px;\">Le panneau GMP260MKIII (DSE6110 MKIII) est un panneau de d\u00e9marrage automatique \u00e0 microprocesseur, capable d&rsquo;interface CAN-bus J1939 avec les moteurs \u00e9lectroniques. Configurable via logiciel PC ou boutons de fa\u00e7ade.<br>DSE6120MKIII en option pour la surveillance du r\u00e9seau. Disjoncteur : Schneider ou ABB, MCB 3P (4P en option).  <\/span><\/p><h3> <\/h3><h3 class=\"upcp_subtitle\">Construction<\/h3><table><tbody><tr><th scope=\"row\">Fabrication de t\u00f4le<\/th><td>Cisaillage et pliage CNC<\/td><\/tr><tr><th scope=\"row\">Type de peinture<\/th><td>Rev\u00eatement en poudre trait\u00e9 thermiquement<\/td><\/tr><tr><th scope=\"row\">Application de peinture<\/th><td>Pulv\u00e9risation \u00e9lectrostatique \u00e0 effet couronne<\/td><\/tr><tr><th scope=\"row\">Tests de durabilit\u00e9<\/th><td><ul><li>Impact <strong>[EN ISO 6272]<\/strong><\/li><li>R\u00e9sistance au brouillard salin <strong>[ASTM B117-73]<\/strong><\/li><li>R\u00e9sistance \u00e0 l&rsquo;humidit\u00e9 <strong>[ASTM D2247]<\/strong><\/li><\/ul><\/td><\/tr><tr><th scope=\"row\">Conformit\u00e9<\/th><td><ul><li>Conforme \u00e0 <strong>[ISO8528-8]<\/strong><\/li><li>Ligne de fuite et distance d&rsquo;isolement <strong>[IEC60355-1]<\/strong><\/li><li>Courant de fuite et rigidit\u00e9 di\u00e9lectrique <strong>[IEC60355-1]<\/strong><\/li><li>Protection contre les chocs \u00e9lectriques <strong>[IEC600 364-4-41]<\/strong><\/li><\/ul><\/td><\/tr><tr><th scope=\"row\">Degr\u00e9 de protection<\/th><td>IP55<\/td><\/tr><tr><th scope=\"row\">Sertissage des fils<\/th><td><ul><li>Force de sertissage jusqu&rsquo;\u00e0 20 kN<\/li><li>Pr\u00e9cision de 0,01 mm<\/li><li>Chaque sertissage v\u00e9rifi\u00e9 par Komax CFA+<\/li><\/ul><\/td><\/tr><tr><th scope=\"row\">Codage des fils<\/th><td><ul><li>Cod\u00e9s par couleur et section<\/li><li>Cod\u00e9s par num\u00e9ros imprim\u00e9s<\/li><li>Cod\u00e9s par fonction imprim\u00e9e du fil<\/li><\/ul><\/td><\/tr><\/tbody><\/table><h3 class=\"upcp_subtitle\">Certification<\/h3><ul><li>Le panneau de commande est certifi\u00e9 par un laboratoire accr\u00e9dit\u00e9 ISO17025 pour avoir l&rsquo;indice IP55 selon IEC60355.<\/li><\/ul><h3 class=\"upcp_subtitle\">Caract\u00e9ristiques standard du groupe \u00e9lectrog\u00e8ne<\/h3><p><strong>Assemblage :<\/strong> Les groupes \u00e9lectrog\u00e8nes sont assembl\u00e9s \u00e0 l&rsquo;usine Ghaddar Machinery conform\u00e9ment \u00e0 la norme ISO 8528.<\/p><p><strong>Fabrication :<\/strong><\/p><ul><li>L&rsquo;ensemble moteur\/alternateur repose sur un ch\u00e2ssis avec plots antivibrations.<\/li><li>Ch\u00e2ssis fabriqu\u00e9 en t\u00f4les et poutres durables d\u00e9passant les normes de r\u00e9sistance aux \u00ab Vibrations et torsions \u00bb.<\/li><li>R\u00e9servoir de carburant mont\u00e9 sur ch\u00e2ssis fourni avec jauge de carburant, bouchon de remplissage, tuyaux d&rsquo;entr\u00e9e et de sortie de carburant.<\/li><li>Bo\u00eetier du panneau de commande fabriqu\u00e9 en t\u00f4le m\u00e9tallique fiable.<\/li><\/ul><p><strong>Peinture :<\/strong><\/p><ul><li>Ch\u00e2ssis et bo\u00eetier du panneau de commande peints par pulv\u00e9risation \u00e9lectrostatique \u00e0 effet couronne avec rev\u00eatement en poudre trait\u00e9 thermiquement.<\/li><li>Durabilit\u00e9 de la peinture test\u00e9e contre :<ul><li>Impact (EN ISO 6272)<\/li><li>R\u00e9sistance au brouillard salin (ASTM B117-73)<\/li><li>R\u00e9sistance \u00e0 l\u2019humidit\u00e9 (ASTM D2247)<\/li><\/ul><\/li><\/ul><p><strong>Tests en usine :<\/strong><\/p><ul><li>Tous les groupes \u00e9lectrog\u00e8nes sont test\u00e9s avant exp\u00e9dition.<\/li><li>Test g\u00e9n\u00e9r\u00e9 et v\u00e9rifi\u00e9 automatiquement selon ISO8528.<\/li><li>Certificat de test d\u00e9livr\u00e9 pour chaque groupe \u00e9lectrog\u00e8ne.<\/li><\/ul><p><strong>\u00c9quipement :<\/strong><\/p><ul><li>Radiateur refroidi par eau avec ventilateur soufflant entra\u00een\u00e9 par courroie et protection compl\u00e8te<\/li><li>D\u00e9marreur \u00e9lectrique avec relais sol\u00e9no\u00efde<\/li><li>Alternateur de charge de batterie<\/li><li>Sol\u00e9no\u00efde activ\u00e9 pour fonctionner<\/li><li>Filtres \u00e0 carburant, \u00e0 huile et \u00e0 air rempla\u00e7ables<\/li><li>Batterie au plomb-acide robuste avec capacit\u00e9 adapt\u00e9e (Amp\u00e8res et CCA)<\/li><li>Silencieux d&rsquo;\u00e9chappement industriel \u2013 r\u00e9duction de bruit de 16 dB.<\/li><li>R\u00e9servoir de carburant int\u00e9gr\u00e9 d&rsquo;une capacit\u00e9 de 355 L<\/li><\/ul><p><strong>Documentation :<\/strong><\/p><ul><li>Manuel d&rsquo;utilisation (Fonctionnement, Installation, Maintenance)<\/li><li>Sch\u00e9ma de c\u00e2blage<\/li><li>Rapport de test<\/li><li>Programme de maintenance<\/li><li>Catalogues pour moteur, alternateur et AVR<\/li><\/ul><h3 class=\"upcp_subtitle\">Caract\u00e9ristiques optionnelles du groupe \u00e9lectrog\u00e8ne<\/h3><ul><li>Commutateurs de transfert manuels et automatiques<\/li><li>Panneaux de synchronisation et de totalisation<\/li><li>S\u00e9parateur d&rsquo;eau du carburant<\/li><li>R\u00e9chauffeur de chemise d&rsquo;eau<\/li><li>R\u00e9chauffeur d&rsquo;huile<\/li><li>R\u00e9chauffeur de carburant<\/li><li>R\u00e9chauffeur de batterie<\/li><li>R\u00e9chauffeur anti-condensation<\/li><li>Vanne d&rsquo;arr\u00eat d&rsquo;air<\/li><li>\u00c9chantillonneur d&rsquo;huile<\/li><li>Pompe de pr\u00e9-lubrification d&rsquo;huile<\/li><\/ul><h3><strong>Dimensions d&rsquo;exp\u00e9dition (groupe ouvert) :<\/strong><\/h3><ul><li>Longueur : 3500 mm<\/li><li>Largeur : 1400 mm<\/li><li>Hauteur : 2100 mm<\/li><li>Poids : 3000 kg<\/li><\/ul><\/div><\/div>\t\t\t\t\t\t\t\t<\/div>\n\t\t\t\t<\/div>\n\t\t\t\t\t<\/div>\n\t\t\t\t<\/div>\n\t\t\t\t<\/div>\n\t\t","protected":false},"excerpt":{"rendered":"<p>Puissances @ 0,8 PF Tension* 230\/400 V Fr\u00e9quence* 50 Hz Puissance principale CT500* 520 kVA Puissance de secours CT570S* 568 kVA Retour \u00e0 la liste des produits T\u00e9l\u00e9charger le PDF Groupe \u00e9lectrog\u00e8ne Ghaddar CT500 \u2013 CT570S QSZ (50 Hz) motoris\u00e9 &hellip;<\/p>\n","protected":false},"featured_media":17796,"comment_status":"closed","ping_status":"closed","template":"","meta":{"_monsterinsights_skip_tracking":false,"_monsterinsights_sitenote_active":false,"_monsterinsights_sitenote_note":"","_monsterinsights_sitenote_category":0,"_joinchat":[]},"product_brand":[],"product_cat":[638,637],"product_tag":[],"class_list":{"0":"post-22760","1":"product","2":"type-product","3":"status-publish","4":"has-post-thumbnail","6":"product_cat-cummins-50-hz","7":"product_cat-generatrices-ghaddar-equipees-de-moteurs-cummins","9":"first","10":"instock","11":"shipping-taxable","12":"product-type-simple"},"_links":{"self":[{"href":"https:\/\/ghaddar.com\/fr\/wp-json\/wp\/v2\/product\/22760","targetHints":{"allow":["GET"]}}],"collection":[{"href":"https:\/\/ghaddar.com\/fr\/wp-json\/wp\/v2\/product"}],"about":[{"href":"https:\/\/ghaddar.com\/fr\/wp-json\/wp\/v2\/types\/product"}],"replies":[{"embeddable":true,"href":"https:\/\/ghaddar.com\/fr\/wp-json\/wp\/v2\/comments?post=22760"}],"version-history":[{"count":1,"href":"https:\/\/ghaddar.com\/fr\/wp-json\/wp\/v2\/product\/22760\/revisions"}],"predecessor-version":[{"id":22761,"href":"https:\/\/ghaddar.com\/fr\/wp-json\/wp\/v2\/product\/22760\/revisions\/22761"}],"wp:featuredmedia":[{"embeddable":true,"href":"https:\/\/ghaddar.com\/fr\/wp-json\/wp\/v2\/media\/17796"}],"wp:attachment":[{"href":"https:\/\/ghaddar.com\/fr\/wp-json\/wp\/v2\/media?parent=22760"}],"wp:term":[{"taxonomy":"product_brand","embeddable":true,"href":"https:\/\/ghaddar.com\/fr\/wp-json\/wp\/v2\/product_brand?post=22760"},{"taxonomy":"product_cat","embeddable":true,"href":"https:\/\/ghaddar.com\/fr\/wp-json\/wp\/v2\/product_cat?post=22760"},{"taxonomy":"product_tag","embeddable":true,"href":"https:\/\/ghaddar.com\/fr\/wp-json\/wp\/v2\/product_tag?post=22760"}],"curies":[{"name":"wp","href":"https:\/\/api.w.org\/{rel}","templated":true}]}}