{"id":22813,"date":"2025-08-19T14:20:13","date_gmt":"2025-08-19T11:20:13","guid":{"rendered":"https:\/\/ghaddar.com\/product\/capot-insonorise-en-conteneur-maritime-iso-cummins-635-a-3-000-kva\/"},"modified":"2026-04-12T20:55:23","modified_gmt":"2026-04-12T17:55:23","slug":"capot-insonorise-en-conteneur-maritime-iso-cummins-635-a-3-000-kva","status":"publish","type":"product","link":"https:\/\/ghaddar.com\/fr\/produit\/capot-insonorise-en-conteneur-maritime-iso-cummins-635-a-3-000-kva\/","title":{"rendered":"Capot insonoris\u00e9 en conteneur maritime ISO &#8211; Cummins 635 \u00e0 3\u202f000 kVA"},"content":{"rendered":"\t\t<div data-elementor-type=\"product-post\" data-elementor-id=\"22813\" class=\"elementor elementor-22813 elementor-17660\" data-elementor-post-type=\"product\">\n\t\t\t\t<div class=\"elementor-element elementor-element-4e7a453 e-flex e-con-boxed e-con e-parent\" data-id=\"4e7a453\" data-element_type=\"container\" data-e-type=\"container\">\n\t\t\t\t\t<div class=\"e-con-inner\">\n\t\t<div class=\"elementor-element elementor-element-0375edd e-con-full e-flex e-con e-child\" data-id=\"0375edd\" data-element_type=\"container\" data-e-type=\"container\">\n\t\t\t\t<div class=\"elementor-element elementor-element-069a7b1 premium-lq__none elementor-widget elementor-widget-premium-addon-button\" data-id=\"069a7b1\" data-element_type=\"widget\" data-e-type=\"widget\" data-widget_type=\"premium-addon-button.default\">\n\t\t\t\t<div class=\"elementor-widget-container\">\n\t\t\t\t\t\r\n\r\n\t\t<a class=\"premium-button premium-button-none premium-btn-lg premium-button-none\" href=\"https:\/\/ghaddar.com\/fr\/produits\/capotages-insonorises\/\">\r\n\t\t\t<div class=\"premium-button-text-icon-wrapper\">\r\n\t\t\t\t\r\n\t\t\t\t\t\t\t\t\t<span >\r\n\t\t\t\t\t\tRetour \u00e0 la liste des produits\t\t\t\t\t<\/span>\r\n\t\t\t\t\t\t\t<\/div>\r\n\r\n\t\t\t\r\n\t\t\t\r\n\t\t\t\r\n\t\t<\/a>\r\n\r\n\r\n\t\t\t\t\t\t<\/div>\n\t\t\t\t<\/div>\n\t\t\t\t<\/div>\n\t\t<div class=\"elementor-element elementor-element-c9239bc e-con-full e-flex e-con e-child\" data-id=\"c9239bc\" data-element_type=\"container\" data-e-type=\"container\">\n\t\t\t\t<\/div>\n\t\t<div class=\"elementor-element elementor-element-754fdb2 e-con-full e-flex e-con e-child\" data-id=\"754fdb2\" data-element_type=\"container\" data-e-type=\"container\">\n\t\t\t\t<\/div>\n\t\t<div class=\"elementor-element elementor-element-7bac878 e-con-full e-flex e-con e-child\" data-id=\"7bac878\" data-element_type=\"container\" data-e-type=\"container\">\n\t\t\t\t<div class=\"elementor-element elementor-element-1159cfe premium-lq__none elementor-widget elementor-widget-premium-addon-button\" data-id=\"1159cfe\" data-element_type=\"widget\" data-e-type=\"widget\" data-widget_type=\"premium-addon-button.default\">\n\t\t\t\t<div class=\"elementor-widget-container\">\n\t\t\t\t\t\r\n\r\n\t\t<a class=\"premium-button premium-button-none premium-btn-md premium-button-none\" href=\"https:\/\/ghaddar.com\/wp-content\/uploads\/2025\/09\/ISO-Shiping-Container-Sound-Proof-Canopy.pdf\" target=\"_blank\">\r\n\t\t\t<div class=\"premium-button-text-icon-wrapper\">\r\n\t\t\t\t\r\n\t\t\t\t\t\t\t\t\t\t\t\t\t\t\t\t\t\t<svg class=\"svg-inline--fas-fa-file-download premium-drawable-icon premium-svg-nodraw\" aria-hidden='true' xmlns='http:\/\/www.w3.org\/2000\/svg' viewBox='0 0 384 512'><path d=\"M224 136V0H24C10.7 0 0 10.7 0 24v464c0 13.3 10.7 24 24 24h336c13.3 0 24-10.7 24-24V160H248c-13.2 0-24-10.8-24-24zm76.45 211.36l-96.42 95.7c-6.65 6.61-17.39 6.61-24.04 0l-96.42-95.7C73.42 337.29 80.54 320 94.82 320H160v-80c0-8.84 7.16-16 16-16h32c8.84 0 16 7.16 16 16v80h65.18c14.28 0 21.4 17.29 11.27 27.36zM377 105L279.1 7c-4.5-4.5-10.6-7-17-7H256v128h128v-6.1c0-6.3-2.5-12.4-7-16.9z\"><\/path><\/svg>\t\t\t\t\t\t\t\t\t\t\t\t\t\t\t\r\n\t\t\t\t\t\t\t\t\t<span >\r\n\t\t\t\t\t\tT\u00e9l\u00e9charger le PDF\t\t\t\t\t<\/span>\r\n\t\t\t\t\t\t\t<\/div>\r\n\r\n\t\t\t\r\n\t\t\t\r\n\t\t\t\r\n\t\t<\/a>\r\n\r\n\r\n\t\t\t\t\t\t<\/div>\n\t\t\t\t<\/div>\n\t\t\t\t<\/div>\n\t\t\t\t\t<\/div>\n\t\t\t\t<\/div>\n\t\t<div class=\"elementor-element elementor-element-4cd1e08 e-flex e-con-boxed e-con e-parent\" data-id=\"4cd1e08\" data-element_type=\"container\" data-e-type=\"container\">\n\t\t\t\t\t<div class=\"e-con-inner\">\n\t\t\t\t\t<\/div>\n\t\t\t\t<\/div>\n\t\t<div class=\"elementor-element elementor-element-6a86af7 e-flex e-con-boxed e-con e-parent\" data-id=\"6a86af7\" data-element_type=\"container\" data-e-type=\"container\">\n\t\t\t\t\t<div class=\"e-con-inner\">\n\t\t\t\t<div class=\"elementor-element elementor-element-e4a2a9f elementor-widget elementor-widget-text-editor\" data-id=\"e4a2a9f\" data-element_type=\"widget\" data-e-type=\"widget\" data-widget_type=\"text-editor.default\">\n\t\t\t\t<div class=\"elementor-widget-container\">\n\t\t\t\t\t\t\t\t\t<div class=\"upcp_product\"><h2 class=\"upcp_title\">Capot insonoris\u00e9 en conteneur maritime ISO &#8211; Cummins 635 \u00e0 3\u202f000 kVA<\/h2><\/div>\t\t\t\t\t\t\t\t<\/div>\n\t\t\t\t<\/div>\n\t\t\t\t<div class=\"elementor-element elementor-element-50bb8cb elementor-widget elementor-widget-html\" data-id=\"50bb8cb\" data-element_type=\"widget\" data-e-type=\"widget\" data-widget_type=\"html.default\">\n\t\t\t\t<div class=\"elementor-widget-container\">\n\t\t\t\t\t<style>.upcp_product {\n  font-family: Arial, sans-serif;\n  color: #333;\n}\n\n.upcp_title {\n  font-size: 24px;\n  font-weight: bold;\n  margin-bottom: 1em;\n}\n\n.upcp_subtitle {\n  font-size: 20px;\n  font-weight: bold;\n  margin-top: 1.5em;\n  margin-bottom: 0.5em;\n}\n\n.upcp_content {\n  margin-bottom: 2em;\n}\n\n.upcp_content table {\n  width: 100%;\n  border-collapse: collapse;\n  margin-bottom: 1em;\n}\n\n.upcp_content table td,\n.upcp_content table th {\n  border: 1px solid #ccc;\n  padding: 0.6em 0.8em;\n  vertical-align: top;\n}\n\n.upcp_content ul {\n  list-style-type: disc;\n  margin: 0 0 1em 1.5em;\n  padding: 0;\n}\n\n.upcp_image {\n  text-align: right;\n  margin: 1em 0;\n}\n\n.upcp_image img {\n  max-width: 100%;\n  height: auto;\n}\n\n<\/style>\t\t\t\t<\/div>\n\t\t\t\t<\/div>\n\t\t\t\t\t<\/div>\n\t\t\t\t<\/div>\n\t\t<div class=\"elementor-element elementor-element-2da4126 e-flex e-con-boxed e-con e-parent\" data-id=\"2da4126\" data-element_type=\"container\" data-e-type=\"container\">\n\t\t\t\t\t<div class=\"e-con-inner\">\n\t\t\t\t<div class=\"elementor-element elementor-element-9509f40 elementor-widget elementor-widget-text-editor\" data-id=\"9509f40\" data-element_type=\"widget\" data-e-type=\"widget\" data-widget_type=\"text-editor.default\">\n\t\t\t\t<div class=\"elementor-widget-container\">\n\t\t\t\t\t\t\t\t\t<div class=\"upcp_product\"><div class=\"upcp_content\"><p><strong>Ce type de capotage utilise le conteneur maritime ISO standard comme structure principale, dans lequel les mat\u00e9riaux et composants d\u2019isolation acoustique sont int\u00e9gr\u00e9s sans modifier les dimensions standard du conteneur (sauf la hauteur pour les unit\u00e9s de 2\u202f000 kVA et plus). Avec des longueurs standard de 20, 30 ou 40 pieds, ce type est sp\u00e9cialement d\u00e9velopp\u00e9 pour les groupes \u00e9lectrog\u00e8nes de grande puissance. Les options avec double att\u00e9nuateur permettent une att\u00e9nuation acoustique critique et une excellente efficacit\u00e9 de ventilation d\u2019air.  <br><\/strong><\/p><h3 class=\"upcp_subtitle\">Structure du caisson<\/h3><ul><li>Flancs ext\u00e9rieurs en acier doux de 3 mm et t\u00f4les d\u2019acier stri\u00e9es pour le plancher du conteneur, peints avec une finition acrylique brillante hautement anticorrosion<\/li><li>Mat\u00e9riau d\u2019isolation acoustique en fibre de verre de 5 cm, densit\u00e9 32 kg\/m<sup>3<\/sup> (am\u00e9lioration sur demande)<\/li><li>Serrures et charni\u00e8res anticorrosion renforc\u00e9es<\/li><li>Syst\u00e8me de silencieux d\u2019\u00e9chappement sur le dessus du capotage<\/li><\/ul><h3 class=\"upcp_subtitle\">Service &amp; Maintenance<\/h3><ul><li>Acc\u00e8s facile au radiateur et au panneau de commande via deux portes sp\u00e9ciales<\/li><li>Deux grandes portes d\u2019acc\u00e8s sur les deux c\u00f4t\u00e9s pour faciliter l\u2019acc\u00e8s \u00e0 la maintenance<\/li><li>Sortie de tuyauterie d\u2019huile de lubrification pour faciliter la vidange<\/li><li>\u00c9clairage \u00e0 l\u2019int\u00e9rieur du capotage<\/li><\/ul><h3 class=\"upcp_subtitle\">S\u00e9curit\u00e9 &amp; Protection<\/h3><ul><li>Capotage s\u00e9curis\u00e9 par des portes verrouillables<\/li><li>Bouton-poussoir d\u2019arr\u00eat d\u2019urgence mont\u00e9 \u00e0 l\u2019ext\u00e9rieur du capotage (en option)<\/li><\/ul><h3 class=\"upcp_subtitle\">Chargement &amp; Exp\u00e9dition<\/h3><ul><li>Points de levage sur le dessus du capotage<\/li><li>Silencieux d\u2019\u00e9chappement amovible pour optimiser l\u2019espace d\u2019exp\u00e9dition<\/li><\/ul><\/div><\/div>\t\t\t\t\t\t\t\t<\/div>\n\t\t\t\t<\/div>\n\t\t\t\t\t<\/div>\n\t\t\t\t<\/div>\n\t\t\t\t<\/div>\n\t\t","protected":false},"excerpt":{"rendered":"<p>Retour \u00e0 la liste des produits T\u00e9l\u00e9charger le PDF Capot insonoris\u00e9 en conteneur maritime ISO &#8211; Cummins 635 \u00e0 3\u202f000 kVA Ce type de capotage utilise le conteneur maritime ISO standard comme structure principale, dans lequel les mat\u00e9riaux et composants &hellip;<\/p>\n","protected":false},"featured_media":19644,"comment_status":"closed","ping_status":"closed","template":"","meta":{"_monsterinsights_skip_tracking":false,"_monsterinsights_sitenote_active":false,"_monsterinsights_sitenote_note":"","_monsterinsights_sitenote_category":0,"_joinchat":[]},"product_brand":[],"product_cat":[663],"product_tag":[],"class_list":{"0":"post-22813","1":"product","2":"type-product","3":"status-publish","4":"has-post-thumbnail","6":"product_cat-capots-insonorises-en-conteneur-gamme-conteneurs-20-30-40","8":"first","9":"instock","10":"shipping-taxable","11":"product-type-simple"},"_links":{"self":[{"href":"https:\/\/ghaddar.com\/fr\/wp-json\/wp\/v2\/product\/22813","targetHints":{"allow":["GET"]}}],"collection":[{"href":"https:\/\/ghaddar.com\/fr\/wp-json\/wp\/v2\/product"}],"about":[{"href":"https:\/\/ghaddar.com\/fr\/wp-json\/wp\/v2\/types\/product"}],"replies":[{"embeddable":true,"href":"https:\/\/ghaddar.com\/fr\/wp-json\/wp\/v2\/comments?post=22813"}],"version-history":[{"count":1,"href":"https:\/\/ghaddar.com\/fr\/wp-json\/wp\/v2\/product\/22813\/revisions"}],"predecessor-version":[{"id":22816,"href":"https:\/\/ghaddar.com\/fr\/wp-json\/wp\/v2\/product\/22813\/revisions\/22816"}],"wp:featuredmedia":[{"embeddable":true,"href":"https:\/\/ghaddar.com\/fr\/wp-json\/wp\/v2\/media\/19644"}],"wp:attachment":[{"href":"https:\/\/ghaddar.com\/fr\/wp-json\/wp\/v2\/media?parent=22813"}],"wp:term":[{"taxonomy":"product_brand","embeddable":true,"href":"https:\/\/ghaddar.com\/fr\/wp-json\/wp\/v2\/product_brand?post=22813"},{"taxonomy":"product_cat","embeddable":true,"href":"https:\/\/ghaddar.com\/fr\/wp-json\/wp\/v2\/product_cat?post=22813"},{"taxonomy":"product_tag","embeddable":true,"href":"https:\/\/ghaddar.com\/fr\/wp-json\/wp\/v2\/product_tag?post=22813"}],"curies":[{"name":"wp","href":"https:\/\/api.w.org\/{rel}","templated":true}]}}