{"id":22827,"date":"2025-08-19T13:43:00","date_gmt":"2025-08-19T10:43:00","guid":{"rendered":"https:\/\/ghaddar.com\/product\/groupe-electrogene-ghaddar-dt66-dt72s-1800-tr-min-motorise-par-john-deere\/"},"modified":"2026-04-12T20:55:23","modified_gmt":"2026-04-12T17:55:23","slug":"groupe-electrogene-ghaddar-dt66-dt72s-1800-tr-min-motorise-par-john-deere","status":"publish","type":"product","link":"https:\/\/ghaddar.com\/fr\/produit\/groupe-electrogene-ghaddar-dt66-dt72s-1800-tr-min-motorise-par-john-deere\/","title":{"rendered":"Groupe \u00e9lectrog\u00e8ne Ghaddar DT66 \u2013 DT72S (1800 tr\/min) motoris\u00e9 par John Deere"},"content":{"rendered":"\t\t<div data-elementor-type=\"product-post\" data-elementor-id=\"22827\" class=\"elementor elementor-22827 elementor-17625\" data-elementor-post-type=\"product\">\n\t\t\t\t<div class=\"elementor-element elementor-element-75d4f99 e-flex e-con-boxed e-con e-parent\" data-id=\"75d4f99\" data-element_type=\"container\" data-e-type=\"container\">\n\t\t\t\t\t<div class=\"e-con-inner\">\n\t\t<div class=\"elementor-element elementor-element-9288678 e-con-full e-flex e-con e-child\" data-id=\"9288678\" data-element_type=\"container\" data-e-type=\"container\">\n\t\t<div class=\"elementor-element elementor-element-d03d866 e-con-full e-flex e-con e-child\" data-id=\"d03d866\" data-element_type=\"container\" data-e-type=\"container\">\n\t\t\t\t<div class=\"elementor-element elementor-element-fe31237 elementor-widget elementor-widget-text-editor\" data-id=\"fe31237\" data-element_type=\"widget\" data-e-type=\"widget\" data-widget_type=\"text-editor.default\">\n\t\t\t\t<div class=\"elementor-widget-container\">\n\t\t\t\t\t\t\t\t\t<p>Puissances @ 0,8 PF<\/p>\t\t\t\t\t\t\t\t<\/div>\n\t\t\t\t<\/div>\n\t\t\t\t<\/div>\n\t\t<div class=\"elementor-element elementor-element-cea0d5c e-con-full e-flex e-con e-child\" data-id=\"cea0d5c\" data-element_type=\"container\" data-e-type=\"container\">\n\t\t<div class=\"elementor-element elementor-element-a16627b e-con-full e-flex e-con e-child\" data-id=\"a16627b\" data-element_type=\"container\" data-e-type=\"container\">\n\t\t\t\t<div class=\"elementor-element elementor-element-06a75cb elementor-widget elementor-widget-text-editor\" data-id=\"06a75cb\" data-element_type=\"widget\" data-e-type=\"widget\" data-widget_type=\"text-editor.default\">\n\t\t\t\t<div class=\"elementor-widget-container\">\n\t\t\t\t\t\t\t\t\t<p>Tension*<\/p>\t\t\t\t\t\t\t\t<\/div>\n\t\t\t\t<\/div>\n\t\t\t\t<div class=\"elementor-element elementor-element-1e25c97 elementor-widget elementor-widget-text-editor\" data-id=\"1e25c97\" data-element_type=\"widget\" data-e-type=\"widget\" data-widget_type=\"text-editor.default\">\n\t\t\t\t<div class=\"elementor-widget-container\">\n\t\t\t\t\t\t\t\t\t<p>220\/380 V<\/p>\t\t\t\t\t\t\t\t<\/div>\n\t\t\t\t<\/div>\n\t\t\t\t<div class=\"elementor-element elementor-element-dd565c0 elementor-widget elementor-widget-text-editor\" data-id=\"dd565c0\" data-element_type=\"widget\" data-e-type=\"widget\" data-widget_type=\"text-editor.default\">\n\t\t\t\t<div class=\"elementor-widget-container\">\n\t\t\t\t\t\t\t\t\t<p>240\/415 V<\/p>\t\t\t\t\t\t\t\t<\/div>\n\t\t\t\t<\/div>\n\t\t\t\t<div class=\"elementor-element elementor-element-7901b39 elementor-widget elementor-widget-text-editor\" data-id=\"7901b39\" data-element_type=\"widget\" data-e-type=\"widget\" data-widget_type=\"text-editor.default\">\n\t\t\t\t<div class=\"elementor-widget-container\">\n\t\t\t\t\t\t\t\t\t<p>277\/480 V<br>250\/440 V<br>277\/480 <\/p>\t\t\t\t\t\t\t\t<\/div>\n\t\t\t\t<\/div>\n\t\t\t\t<\/div>\n\t\t<div class=\"elementor-element elementor-element-462a42b e-con-full e-flex e-con e-child\" data-id=\"462a42b\" data-element_type=\"container\" data-e-type=\"container\">\n\t\t\t\t<div class=\"elementor-element elementor-element-d6bd231 elementor-widget elementor-widget-text-editor\" data-id=\"d6bd231\" data-element_type=\"widget\" data-e-type=\"widget\" data-widget_type=\"text-editor.default\">\n\t\t\t\t<div class=\"elementor-widget-container\">\n\t\t\t\t\t\t\t\t\t<p>Fr\u00e9quence*<\/p>\t\t\t\t\t\t\t\t<\/div>\n\t\t\t\t<\/div>\n\t\t\t\t<div class=\"elementor-element elementor-element-7020a5c elementor-widget elementor-widget-text-editor\" data-id=\"7020a5c\" data-element_type=\"widget\" data-e-type=\"widget\" data-widget_type=\"text-editor.default\">\n\t\t\t\t<div class=\"elementor-widget-container\">\n\t\t\t\t\t\t\t\t\t<p>60 Hz<\/p>\t\t\t\t\t\t\t\t<\/div>\n\t\t\t\t<\/div>\n\t\t\t\t<div class=\"elementor-element elementor-element-b8da28e elementor-widget elementor-widget-text-editor\" data-id=\"b8da28e\" data-element_type=\"widget\" data-e-type=\"widget\" data-widget_type=\"text-editor.default\">\n\t\t\t\t<div class=\"elementor-widget-container\">\n\t\t\t\t\t\t\t\t\t<p>60 Hz<\/p>\t\t\t\t\t\t\t\t<\/div>\n\t\t\t\t<\/div>\n\t\t\t\t<div class=\"elementor-element elementor-element-7a9c6dd elementor-widget elementor-widget-text-editor\" data-id=\"7a9c6dd\" data-element_type=\"widget\" data-e-type=\"widget\" data-widget_type=\"text-editor.default\">\n\t\t\t\t<div class=\"elementor-widget-container\">\n\t\t\t\t\t\t\t\t\t<p><br>60 Hz<br><br><\/p>\t\t\t\t\t\t\t\t<\/div>\n\t\t\t\t<\/div>\n\t\t\t\t<\/div>\n\t\t\t\t<\/div>\n\t\t\t\t<\/div>\n\t\t<div class=\"elementor-element elementor-element-8d82aa5 e-con-full e-flex e-con e-child\" data-id=\"8d82aa5\" data-element_type=\"container\" data-e-type=\"container\">\n\t\t\t\t<div class=\"elementor-element elementor-element-a8a18ea elementor-widget elementor-widget-text-editor\" data-id=\"a8a18ea\" data-element_type=\"widget\" data-e-type=\"widget\" data-widget_type=\"text-editor.default\">\n\t\t\t\t<div class=\"elementor-widget-container\">\n\t\t\t\t\t\t\t\t\t<p>Puissance principale<\/p>\t\t\t\t\t\t\t\t<\/div>\n\t\t\t\t<\/div>\n\t\t\t\t<div class=\"elementor-element elementor-element-16e2566 elementor-widget elementor-widget-text-editor\" data-id=\"16e2566\" data-element_type=\"widget\" data-e-type=\"widget\" data-widget_type=\"text-editor.default\">\n\t\t\t\t<div class=\"elementor-widget-container\">\n\t\t\t\t\t\t\t\t\t<p>DT66*<\/p>\t\t\t\t\t\t\t\t<\/div>\n\t\t\t\t<\/div>\n\t\t\t\t<div class=\"elementor-element elementor-element-e48c28b elementor-widget elementor-widget-text-editor\" data-id=\"e48c28b\" data-element_type=\"widget\" data-e-type=\"widget\" data-widget_type=\"text-editor.default\">\n\t\t\t\t<div class=\"elementor-widget-container\">\n\t\t\t\t\t\t\t\t\t<p>65 kVA<\/p>\t\t\t\t\t\t\t\t<\/div>\n\t\t\t\t<\/div>\n\t\t\t\t<div class=\"elementor-element elementor-element-8d8b8e9 elementor-widget elementor-widget-text-editor\" data-id=\"8d8b8e9\" data-element_type=\"widget\" data-e-type=\"widget\" data-widget_type=\"text-editor.default\">\n\t\t\t\t<div class=\"elementor-widget-container\">\n\t\t\t\t\t\t\t\t\t<p>66 kVA<\/p>\t\t\t\t\t\t\t\t<\/div>\n\t\t\t\t<\/div>\n\t\t\t\t<div class=\"elementor-element elementor-element-47dee34 elementor-widget elementor-widget-text-editor\" data-id=\"47dee34\" data-element_type=\"widget\" data-e-type=\"widget\" data-widget_type=\"text-editor.default\">\n\t\t\t\t<div class=\"elementor-widget-container\">\n\t\t\t\t\t\t\t\t\t<p><br>66 kVA<br><br><\/p>\t\t\t\t\t\t\t\t<\/div>\n\t\t\t\t<\/div>\n\t\t\t\t<\/div>\n\t\t<div class=\"elementor-element elementor-element-aeb2fab e-con-full e-flex e-con e-child\" data-id=\"aeb2fab\" data-element_type=\"container\" data-e-type=\"container\">\n\t\t\t\t<div class=\"elementor-element elementor-element-7f1fb46 elementor-widget elementor-widget-text-editor\" data-id=\"7f1fb46\" data-element_type=\"widget\" data-e-type=\"widget\" data-widget_type=\"text-editor.default\">\n\t\t\t\t<div class=\"elementor-widget-container\">\n\t\t\t\t\t\t\t\t\t<p>Puissance de secours<\/p>\t\t\t\t\t\t\t\t<\/div>\n\t\t\t\t<\/div>\n\t\t\t\t<div class=\"elementor-element elementor-element-d436a80 elementor-widget elementor-widget-text-editor\" data-id=\"d436a80\" data-element_type=\"widget\" data-e-type=\"widget\" data-widget_type=\"text-editor.default\">\n\t\t\t\t<div class=\"elementor-widget-container\">\n\t\t\t\t\t\t\t\t\t<p>DT72S*<\/p>\t\t\t\t\t\t\t\t<\/div>\n\t\t\t\t<\/div>\n\t\t\t\t<div class=\"elementor-element elementor-element-71fba1b elementor-widget elementor-widget-text-editor\" data-id=\"71fba1b\" data-element_type=\"widget\" data-e-type=\"widget\" data-widget_type=\"text-editor.default\">\n\t\t\t\t<div class=\"elementor-widget-container\">\n\t\t\t\t\t\t\t\t\t<p>71,2 kVA<\/p>\t\t\t\t\t\t\t\t<\/div>\n\t\t\t\t<\/div>\n\t\t\t\t<div class=\"elementor-element elementor-element-0ec0c57 elementor-widget elementor-widget-text-editor\" data-id=\"0ec0c57\" data-element_type=\"widget\" data-e-type=\"widget\" data-widget_type=\"text-editor.default\">\n\t\t\t\t<div class=\"elementor-widget-container\">\n\t\t\t\t\t\t\t\t\t<p>72,0 kVA<\/p>\t\t\t\t\t\t\t\t<\/div>\n\t\t\t\t<\/div>\n\t\t\t\t<div class=\"elementor-element elementor-element-dafa129 elementor-widget elementor-widget-text-editor\" data-id=\"dafa129\" data-element_type=\"widget\" data-e-type=\"widget\" data-widget_type=\"text-editor.default\">\n\t\t\t\t<div class=\"elementor-widget-container\">\n\t\t\t\t\t\t\t\t\t<p><br>72,0 kVA<br><br><\/p>\t\t\t\t\t\t\t\t<\/div>\n\t\t\t\t<\/div>\n\t\t\t\t<\/div>\n\t\t\t\t\t<\/div>\n\t\t\t\t<\/div>\n\t\t<div class=\"elementor-element elementor-element-4e7a453 e-flex e-con-boxed e-con e-parent\" data-id=\"4e7a453\" data-element_type=\"container\" data-e-type=\"container\">\n\t\t\t\t\t<div class=\"e-con-inner\">\n\t\t<div class=\"elementor-element elementor-element-0375edd e-con-full e-flex e-con e-child\" data-id=\"0375edd\" data-element_type=\"container\" data-e-type=\"container\">\n\t\t\t\t<div class=\"elementor-element elementor-element-069a7b1 premium-lq__none elementor-widget elementor-widget-premium-addon-button\" data-id=\"069a7b1\" data-element_type=\"widget\" data-e-type=\"widget\" data-widget_type=\"premium-addon-button.default\">\n\t\t\t\t<div class=\"elementor-widget-container\">\n\t\t\t\t\t\r\n\r\n\t\t<a class=\"premium-button premium-button-none premium-btn-lg premium-button-none\" href=\"https:\/\/ghaddar.com\/fr\/produits\/groupes-electrogenes-ghaddar-motorises-par-john-deere-nouveaux\/\">\r\n\t\t\t<div class=\"premium-button-text-icon-wrapper\">\r\n\t\t\t\t\r\n\t\t\t\t\t\t\t\t\t<span >\r\n\t\t\t\t\t\tRetour \u00e0 la liste des produits\t\t\t\t\t<\/span>\r\n\t\t\t\t\t\t\t<\/div>\r\n\r\n\t\t\t\r\n\t\t\t\r\n\t\t\t\r\n\t\t<\/a>\r\n\r\n\r\n\t\t\t\t\t\t<\/div>\n\t\t\t\t<\/div>\n\t\t\t\t<\/div>\n\t\t<div class=\"elementor-element elementor-element-c9239bc e-con-full e-flex e-con e-child\" data-id=\"c9239bc\" data-element_type=\"container\" data-e-type=\"container\">\n\t\t\t\t<\/div>\n\t\t<div class=\"elementor-element elementor-element-754fdb2 e-con-full e-flex e-con e-child\" data-id=\"754fdb2\" data-element_type=\"container\" data-e-type=\"container\">\n\t\t\t\t<\/div>\n\t\t<div class=\"elementor-element elementor-element-7bac878 e-con-full e-flex e-con e-child\" data-id=\"7bac878\" data-element_type=\"container\" data-e-type=\"container\">\n\t\t\t\t<div class=\"elementor-element elementor-element-1159cfe premium-lq__none elementor-widget elementor-widget-premium-addon-button\" data-id=\"1159cfe\" data-element_type=\"widget\" data-e-type=\"widget\" data-widget_type=\"premium-addon-button.default\">\n\t\t\t\t<div class=\"elementor-widget-container\">\n\t\t\t\t\t\r\n\r\n\t\t<a class=\"premium-button premium-button-none premium-btn-md premium-button-none\" href=\"\" target=\"_blank\">\r\n\t\t\t<div class=\"premium-button-text-icon-wrapper\">\r\n\t\t\t\t\r\n\t\t\t\t\t\t\t\t\t\t\t\t\t\t\t\t\t\t<svg class=\"svg-inline--fas-fa-file-download premium-drawable-icon premium-svg-nodraw\" aria-hidden='true' xmlns='http:\/\/www.w3.org\/2000\/svg' viewBox='0 0 384 512'><path d=\"M224 136V0H24C10.7 0 0 10.7 0 24v464c0 13.3 10.7 24 24 24h336c13.3 0 24-10.7 24-24V160H248c-13.2 0-24-10.8-24-24zm76.45 211.36l-96.42 95.7c-6.65 6.61-17.39 6.61-24.04 0l-96.42-95.7C73.42 337.29 80.54 320 94.82 320H160v-80c0-8.84 7.16-16 16-16h32c8.84 0 16 7.16 16 16v80h65.18c14.28 0 21.4 17.29 11.27 27.36zM377 105L279.1 7c-4.5-4.5-10.6-7-17-7H256v128h128v-6.1c0-6.3-2.5-12.4-7-16.9z\"><\/path><\/svg>\t\t\t\t\t\t\t\t\t\t\t\t\t\t\t\r\n\t\t\t\t\t\t\t\t\t<span >\r\n\t\t\t\t\t\tT\u00e9l\u00e9charger le PDF\t\t\t\t\t<\/span>\r\n\t\t\t\t\t\t\t<\/div>\r\n\r\n\t\t\t\r\n\t\t\t\r\n\t\t\t\r\n\t\t<\/a>\r\n\r\n\r\n\t\t\t\t\t\t<\/div>\n\t\t\t\t<\/div>\n\t\t\t\t<\/div>\n\t\t\t\t\t<\/div>\n\t\t\t\t<\/div>\n\t\t<div class=\"elementor-element elementor-element-4cd1e08 e-flex e-con-boxed e-con e-parent\" data-id=\"4cd1e08\" data-element_type=\"container\" data-e-type=\"container\">\n\t\t\t\t\t<div class=\"e-con-inner\">\n\t\t\t\t\t<\/div>\n\t\t\t\t<\/div>\n\t\t<div class=\"elementor-element elementor-element-6a86af7 e-flex e-con-boxed e-con e-parent\" data-id=\"6a86af7\" data-element_type=\"container\" data-e-type=\"container\">\n\t\t\t\t\t<div class=\"e-con-inner\">\n\t\t\t\t<div class=\"elementor-element elementor-element-e4a2a9f elementor-widget elementor-widget-text-editor\" data-id=\"e4a2a9f\" data-element_type=\"widget\" data-e-type=\"widget\" data-widget_type=\"text-editor.default\">\n\t\t\t\t<div class=\"elementor-widget-container\">\n\t\t\t\t\t\t\t\t\t<div class=\"upcp_product\"><h2 class=\"upcp_title\">Groupe \u00e9lectrog\u00e8ne Ghaddar DT66 \u2013 DT72S (1800 tr\/min) motoris\u00e9 par John Deere<\/h2><\/div>\t\t\t\t\t\t\t\t<\/div>\n\t\t\t\t<\/div>\n\t\t\t\t<div class=\"elementor-element elementor-element-50bb8cb elementor-widget elementor-widget-html\" data-id=\"50bb8cb\" data-element_type=\"widget\" data-e-type=\"widget\" data-widget_type=\"html.default\">\n\t\t\t\t<div class=\"elementor-widget-container\">\n\t\t\t\t\t<style>.upcp_product {\n  font-family: Arial, sans-serif;\n  color: #333;\n}\n\n.upcp_title {\n  font-size: 24px;\n  font-weight: bold;\n  margin-bottom: 1em;\n}\n\n.upcp_subtitle {\n  font-size: 20px;\n  font-weight: bold;\n  margin-top: 1.5em;\n  margin-bottom: 0.5em;\n}\n\n.upcp_content {\n  margin-bottom: 2em;\n}\n\n.upcp_content table {\n  width: 100%;\n  border-collapse: collapse;\n  margin-bottom: 1em;\n}\n\n.upcp_content table td,\n.upcp_content table th {\n  border: 1px solid #ccc;\n  padding: 0.6em 0.8em;\n  vertical-align: top;\n}\n\n.upcp_content ul {\n  list-style-type: disc;\n  margin: 0 0 1em 1.5em;\n  padding: 0;\n}\n\n.upcp_image {\n  text-align: right;\n  margin: 1em 0;\n}\n\n.upcp_image img {\n  max-width: 100%;\n  height: auto;\n}\n\n<\/style>\t\t\t\t<\/div>\n\t\t\t\t<\/div>\n\t\t\t\t\t<\/div>\n\t\t\t\t<\/div>\n\t\t<div class=\"elementor-element elementor-element-e98355f e-flex e-con-boxed e-con e-parent\" data-id=\"e98355f\" data-element_type=\"container\" data-e-type=\"container\">\n\t\t\t\t\t<div class=\"e-con-inner\">\n\t\t\t\t<div class=\"elementor-element elementor-element-102fb08 elementor-widget elementor-widget-text-editor\" data-id=\"102fb08\" data-element_type=\"widget\" data-e-type=\"widget\" data-widget_type=\"text-editor.default\">\n\t\t\t\t<div class=\"elementor-widget-container\">\n\t\t\t\t\t\t\t\t\t<div class=\"upcp_product\"><div class=\"upcp_content\"><p><\/p><p><\/p><p><\/p><h3 class=\"upcp_subtitle\">Remarques<\/h3><ul><li>La plage de tension applicable est de 380 V \u00e0 480 V pour les applications 60 Hz. Pour d&rsquo;autres tensions, veuillez consulter l&rsquo;usine. <\/li><li>Ce groupe \u00e9lectrog\u00e8ne fonctionne \u00e0 une vitesse fixe de 1800 tr\/min.<\/li><li><strong>DT66S Puissance principale :<\/strong> Charge variable et utilisation illimit\u00e9e avec un facteur de charge moyen de 80 % par 24 h. Surcharge de 10 % autoris\u00e9e pendant 1 h toutes les 12 h. <\/li><li><strong>DT72S Puissance de secours :<\/strong> Charge variable, jusqu&rsquo;\u00e0 500 heures\/an, max 300 heures en continu. Aucune surcharge autoris\u00e9e. <\/li><\/ul><p><\/p><h3 class=\"upcp_subtitle\">Donn\u00e9es techniques du moteur<\/h3><table><tbody><tr><td>Marque et mod\u00e8le \/ GSPU<\/td><td colspan=\"2\"><strong>JOHN DEERE 3029HFG20<\/strong><\/td><\/tr><tr><td>Cylindres et disposition<\/td><td colspan=\"2\">3 ; vertical en ligne<\/td><\/tr><tr><td>Al\u00e9sage et course (mm)<\/td><td colspan=\"2\">106 x 110<\/td><\/tr><tr><td>Syst\u00e8me d&rsquo;admission<\/td><td colspan=\"2\">Turbo-refroidi<\/td><\/tr><tr><td>Combustion<\/td><td colspan=\"2\">Injection directe<\/td><\/tr><tr><td>Cycle<\/td><td colspan=\"2\">4 temps<\/td><\/tr><tr><td>Taux de compression<\/td><td colspan=\"2\">16,3:1<\/td><\/tr><tr><td>Syst\u00e8me de refroidissement<\/td><td colspan=\"2\">Refroidi par eau<\/td><\/tr><tr><td>Cylindr\u00e9e<\/td><td colspan=\"2\">2,9 litres<\/td><\/tr><tr><td>Capacit\u00e9 d&rsquo;huile de lubrification<\/td><td colspan=\"2\">8 litres max<\/td><\/tr><tr><td>Capacit\u00e9 de liquide de refroidissement<\/td><td colspan=\"2\">12 litres<\/td><\/tr><tr><td>R\u00e9gulateur standard (en option)<\/td><td colspan=\"2\">M\u00e9canique (\u00e9lectronique)<\/td><\/tr><tr><td>Vitesse du moteur<\/td><td colspan=\"2\"><strong>1800 tr\/min<\/strong><\/td><\/tr><tr><td colspan=\"3\"><strong>Consommation de carburant et d&rsquo;huile<\/strong><\/td><\/tr><tr><td>Consommation @ 100 % de charge (L\/H)<\/td><td>Carburant : 15,8<\/td><td>Huile : 0,031<\/td><\/tr><tr><td>Consommation @ 75 % de charge (L\/H)<\/td><td>Carburant : 12,2<\/td><td>Huile : 0,024<\/td><\/tr><tr><td>Consommation @ 50 % de charge (L\/H)<\/td><td>Carburant : 8,65<\/td><td>Huile : 0,017<\/td><\/tr><tr><td>Consommation @ 25 % de charge (L\/H)<\/td><td>Carburant : 4,9<\/td><td>Huile : 0,011<\/td><\/tr><tr><td>D\u00e9bit d&rsquo;air de refroidissement du radiateur (m\u00b3\/s)<\/td><td colspan=\"2\">1,6<\/td><\/tr><tr><td>R\u00e9glementations sur les \u00e9missions<\/td><td colspan=\"2\">Pour les territoires non r\u00e9glement\u00e9s<\/td><\/tr><tr><td>Temp\u00e9rature d&rsquo;\u00e9chappement (\u00b0C max)<\/td><td colspan=\"2\">515<\/td><\/tr><tr><td>D\u00e9bit de gaz d&rsquo;\u00e9chappement max (m\u00b3\/min)<\/td><td colspan=\"2\">12,7<\/td><\/tr><tr><td>Contre-pression max autoris\u00e9e (kPa)<\/td><td colspan=\"2\">7,5<\/td><\/tr><\/tbody><\/table><p>Les donn\u00e9es de performance ci-dessus sont valables avec :<\/p><ul><li>Carburant diesel conforme \u00e0 BS2869 Classe A2 ou \u00e9quivalent.<\/li><li>Huile de lubrification conforme \u00e0 SAE 15W-40 API CI4.<\/li><li>Antigel conforme \u00e0 ASTM D6210.<\/li><\/ul><p><\/p><h3 class=\"upcp_subtitle\">Donn\u00e9es techniques de l\u2019alternateur<\/h3><table><tbody><tr><td>Marque et mod\u00e8le<\/td><td><strong>Leroy Somer TAL042H<\/strong><\/td><\/tr><tr><td>Fr\u00e9quence \/ Nombre de p\u00f4les<\/td><td>60Hz \/ 4P<\/td><\/tr><tr><td>Indice de protection<\/td><td>IP23<\/td><\/tr><tr><td>Classe d&rsquo;isolation<\/td><td>H<\/td><\/tr><tr><td>Bornes (en option)<\/td><td>6 (12)<\/td><\/tr><tr><td>Syst\u00e8me d&rsquo;excitation<\/td><td>SHUNT<\/td><\/tr><tr><td>Pas de bobinage<\/td><td>2\/3<\/td><\/tr><tr><td>Mod\u00e8le AVR<\/td><td>R120<\/td><\/tr><tr><td>Survitesse<\/td><td>2250 tr\/min<\/td><\/tr><tr><td>R\u00e9gulation de tension<\/td><td>\u00b1 1 %<\/td><\/tr><tr><td>D\u00e9bit d&rsquo;air de refroidissement<\/td><td>0,3 m\u00b3\/s<\/td><\/tr><\/tbody><\/table><h3 class=\"upcp_subtitle\">Certification<\/h3><ul><li>Le groupe \u00e9lectrog\u00e8ne complet est test\u00e9 selon la norme ISO 8528-8.<\/li><li>Le panneau de commande est certifi\u00e9 par un laboratoire accr\u00e9dit\u00e9 ISO 17025 pour avoir l&rsquo;indice IP55 selon IEC 60355<\/li><\/ul><p><\/p><h3 class=\"upcp_subtitle\">Sp\u00e9cifications du panneau de commande<\/h3><p><img loading=\"lazy\" decoding=\"async\" class=\"alignright\" src=\"https:\/\/ghaddar.com\/wp-content\/uploads\/2020\/01\/control-panel-300x242.jpg\" alt=\"Panneau de commande\" width=\"300\" height=\"242\"><br>Le panneau GMP260MKIII (DSE6110 MKIII) est un panneau de groupe \u00e9lectrog\u00e8ne \u00e0 d\u00e9marrage automatique de conception bas\u00e9e sur microprocesseur, capable d\u2019une interface CAN-bus J1939 avec des moteurs \u00e9lectroniques. Configurable via un logiciel PC ou des boutons en fa\u00e7ade.<br>DSE6120MKIII en option pour la surveillance du r\u00e9seau. Disjoncteur : Schneider ou ABB, MCB 3P (4P en option).  <\/p><p><\/p><h3 class=\"upcp_subtitle\">Construction<\/h3><table><tbody><tr><td>Fabrication de t\u00f4les<\/td><td>Cisaillement et pliage CNC<\/td><\/tr><tr><td>Type de peinture<\/td><td>Rev\u00eatement en poudre trait\u00e9 thermiquement<\/td><\/tr><tr><td>Application de peinture<\/td><td>Pulv\u00e9risation \u00e9lectrostatique \u00e0 effet couronne<\/td><\/tr><tr><td>Tests de durabilit\u00e9<\/td><td>Impact [EN ISO 6272], Brouillard salin [ASTM B117-73], Humidit\u00e9 [ASTM D2247]<\/td><\/tr><tr><td>Conformit\u00e9<\/td><td>ISO 8528-8, IEC60355-1 (Ligne de fuite, Distance d&rsquo;isolement, Fuite, Choc), IEC600 364-4-41<\/td><\/tr><tr><td>Degr\u00e9 de protection<\/td><td>IP55<\/td><\/tr><tr><td>Sertissage de c\u00e2bles<\/td><td>Force jusqu&rsquo;\u00e0 20 kN, pr\u00e9cision 0,01 mm, v\u00e9rifi\u00e9 par Komax CFA+<\/td><\/tr><tr><td>Codage des c\u00e2bles<\/td><td>Par couleur, section, num\u00e9ros imprim\u00e9s ou fonction<\/td><\/tr><\/tbody><\/table><p><\/p><h3 class=\"upcp_subtitle\">Caract\u00e9ristiques standard du groupe \u00e9lectrog\u00e8ne<\/h3><ul><li><strong>Assemblage :<\/strong> Fabriqu\u00e9 \u00e0 l&rsquo;usine Ghaddar Machinery, conforme ISO 8528.<\/li><li><strong>Fabrication :<\/strong> Ch\u00e2ssis avec supports anti-vibrations, t\u00f4les durables, r\u00e9servoir de carburant int\u00e9gr\u00e9 (100 L).<\/li><li><strong>Peinture :<\/strong> Rev\u00eatement en poudre, test\u00e9 pour la r\u00e9sistance aux chocs, au brouillard salin et \u00e0 l&rsquo;humidit\u00e9.<\/li><li><strong>Tests en usine :<\/strong> Chaque groupe \u00e9lectrog\u00e8ne test\u00e9 selon ISO 8528, certificat d\u00e9livr\u00e9.<\/li><li><strong>\u00c9quipement :<\/strong> Radiateur avec ventilateur, d\u00e9marreur \u00e9lectrique, alternateur de charge, filtres, batterie renforc\u00e9e, silencieux industriel.<\/li><li><strong>Documentation :<\/strong> Manuel d&rsquo;utilisation, sch\u00e9ma de c\u00e2blage, rapport de test, calendrier de maintenance, catalogues.<\/li><\/ul><p><\/p><h3 class=\"upcp_subtitle\">Caract\u00e9ristiques optionnelles du groupe \u00e9lectrog\u00e8ne<\/h3><ul><li>Commutateurs de transfert manuels et automatiques<\/li><li>Panneaux de synchronisation et de totalisation<\/li><li>S\u00e9parateur eau\/carburant<\/li><li>R\u00e9chauffeurs de chemise d&rsquo;eau, d&rsquo;huile, de carburant, de batterie<\/li><li>R\u00e9chauffeur anti-condensation<\/li><li>Vanne d&rsquo;arr\u00eat d&rsquo;air<\/li><li>Pr\u00e9leveur d&rsquo;huile, Pompe de pr\u00e9-lubrification<\/li><\/ul><\/div><\/div>\t\t\t\t\t\t\t\t<\/div>\n\t\t\t\t<\/div>\n\t\t\t\t\t<\/div>\n\t\t\t\t<\/div>\n\t\t\t\t<\/div>\n\t\t","protected":false},"excerpt":{"rendered":"<p>Puissances @ 0,8 PF Tension* 220\/380 V 240\/415 V 277\/480 V250\/440 V277\/480 Fr\u00e9quence* 60 Hz 60 Hz 60 Hz Puissance principale DT66* 65 kVA 66 kVA 66 kVA Puissance de secours DT72S* 71,2 kVA 72,0 kVA 72,0 kVA Retour \u00e0 &hellip;<\/p>\n","protected":false},"featured_media":13962,"comment_status":"closed","ping_status":"closed","template":"","meta":{"_monsterinsights_skip_tracking":false,"_monsterinsights_sitenote_active":false,"_monsterinsights_sitenote_note":"","_monsterinsights_sitenote_category":0,"_joinchat":[]},"product_brand":[],"product_cat":[644,639],"product_tag":[],"class_list":{"0":"post-22827","1":"product","2":"type-product","3":"status-publish","4":"has-post-thumbnail","6":"product_cat-60-hz-john-deere-2","7":"product_cat-groupes-electrogenes-ghaddar-equipes-de-moteurs-john-deere","9":"first","10":"instock","11":"shipping-taxable","12":"product-type-simple"},"_links":{"self":[{"href":"https:\/\/ghaddar.com\/fr\/wp-json\/wp\/v2\/product\/22827","targetHints":{"allow":["GET"]}}],"collection":[{"href":"https:\/\/ghaddar.com\/fr\/wp-json\/wp\/v2\/product"}],"about":[{"href":"https:\/\/ghaddar.com\/fr\/wp-json\/wp\/v2\/types\/product"}],"replies":[{"embeddable":true,"href":"https:\/\/ghaddar.com\/fr\/wp-json\/wp\/v2\/comments?post=22827"}],"version-history":[{"count":1,"href":"https:\/\/ghaddar.com\/fr\/wp-json\/wp\/v2\/product\/22827\/revisions"}],"predecessor-version":[{"id":22830,"href":"https:\/\/ghaddar.com\/fr\/wp-json\/wp\/v2\/product\/22827\/revisions\/22830"}],"wp:featuredmedia":[{"embeddable":true,"href":"https:\/\/ghaddar.com\/fr\/wp-json\/wp\/v2\/media\/13962"}],"wp:attachment":[{"href":"https:\/\/ghaddar.com\/fr\/wp-json\/wp\/v2\/media?parent=22827"}],"wp:term":[{"taxonomy":"product_brand","embeddable":true,"href":"https:\/\/ghaddar.com\/fr\/wp-json\/wp\/v2\/product_brand?post=22827"},{"taxonomy":"product_cat","embeddable":true,"href":"https:\/\/ghaddar.com\/fr\/wp-json\/wp\/v2\/product_cat?post=22827"},{"taxonomy":"product_tag","embeddable":true,"href":"https:\/\/ghaddar.com\/fr\/wp-json\/wp\/v2\/product_tag?post=22827"}],"curies":[{"name":"wp","href":"https:\/\/api.w.org\/{rel}","templated":true}]}}