{"id":22833,"date":"2025-08-19T16:38:00","date_gmt":"2025-08-19T13:38:00","guid":{"rendered":"https:\/\/ghaddar.com\/product\/generateur-ghaddar-dt260-dt285s-1800-tr-min-motorise-par-john-deere\/"},"modified":"2026-04-12T20:55:30","modified_gmt":"2026-04-12T17:55:30","slug":"generateur-ghaddar-dt260-dt285s-1800-tr-min-motorise-par-john-deere","status":"publish","type":"product","link":"https:\/\/ghaddar.com\/fr\/produit\/generateur-ghaddar-dt260-dt285s-1800-tr-min-motorise-par-john-deere\/","title":{"rendered":"G\u00e9n\u00e9rateur Ghaddar DT260 \u2013 DT285S (1800 tr\/min) motoris\u00e9 par John Deere"},"content":{"rendered":"\t\t<div data-elementor-type=\"product-post\" data-elementor-id=\"22833\" class=\"elementor elementor-22833 elementor-17709\" data-elementor-post-type=\"product\">\n\t\t\t\t<div class=\"elementor-element elementor-element-75d4f99 e-flex e-con-boxed e-con e-parent\" data-id=\"75d4f99\" data-element_type=\"container\" data-e-type=\"container\">\n\t\t\t\t\t<div class=\"e-con-inner\">\n\t\t<div class=\"elementor-element elementor-element-9288678 e-con-full e-flex e-con e-child\" data-id=\"9288678\" data-element_type=\"container\" data-e-type=\"container\">\n\t\t<div class=\"elementor-element elementor-element-d03d866 e-con-full e-flex e-con e-child\" data-id=\"d03d866\" data-element_type=\"container\" data-e-type=\"container\">\n\t\t\t\t<div class=\"elementor-element elementor-element-fe31237 elementor-widget elementor-widget-text-editor\" data-id=\"fe31237\" data-element_type=\"widget\" data-e-type=\"widget\" data-widget_type=\"text-editor.default\">\n\t\t\t\t<div class=\"elementor-widget-container\">\n\t\t\t\t\t\t\t\t\t<p>Puissances \u00e0 0,8 FP<\/p>\t\t\t\t\t\t\t\t<\/div>\n\t\t\t\t<\/div>\n\t\t\t\t<\/div>\n\t\t<div class=\"elementor-element elementor-element-cea0d5c e-con-full e-flex e-con e-child\" data-id=\"cea0d5c\" data-element_type=\"container\" data-e-type=\"container\">\n\t\t<div class=\"elementor-element elementor-element-a16627b e-con-full e-flex e-con e-child\" data-id=\"a16627b\" data-element_type=\"container\" data-e-type=\"container\">\n\t\t\t\t<div class=\"elementor-element elementor-element-06a75cb elementor-widget elementor-widget-text-editor\" data-id=\"06a75cb\" data-element_type=\"widget\" data-e-type=\"widget\" data-widget_type=\"text-editor.default\">\n\t\t\t\t<div class=\"elementor-widget-container\">\n\t\t\t\t\t\t\t\t\t<p>Tension*<\/p>\t\t\t\t\t\t\t\t<\/div>\n\t\t\t\t<\/div>\n\t\t\t\t<div class=\"elementor-element elementor-element-1e25c97 elementor-widget elementor-widget-text-editor\" data-id=\"1e25c97\" data-element_type=\"widget\" data-e-type=\"widget\" data-widget_type=\"text-editor.default\">\n\t\t\t\t<div class=\"elementor-widget-container\">\n\t\t\t\t\t\t\t\t\t<p>220\/380 V<\/p>\t\t\t\t\t\t\t\t<\/div>\n\t\t\t\t<\/div>\n\t\t\t\t<\/div>\n\t\t<div class=\"elementor-element elementor-element-462a42b e-con-full e-flex e-con e-child\" data-id=\"462a42b\" data-element_type=\"container\" data-e-type=\"container\">\n\t\t\t\t<div class=\"elementor-element elementor-element-d6bd231 elementor-widget elementor-widget-text-editor\" data-id=\"d6bd231\" data-element_type=\"widget\" data-e-type=\"widget\" data-widget_type=\"text-editor.default\">\n\t\t\t\t<div class=\"elementor-widget-container\">\n\t\t\t\t\t\t\t\t\t<p>Fr\u00e9quence*<\/p>\t\t\t\t\t\t\t\t<\/div>\n\t\t\t\t<\/div>\n\t\t\t\t<div class=\"elementor-element elementor-element-7020a5c elementor-widget elementor-widget-text-editor\" data-id=\"7020a5c\" data-element_type=\"widget\" data-e-type=\"widget\" data-widget_type=\"text-editor.default\">\n\t\t\t\t<div class=\"elementor-widget-container\">\n\t\t\t\t\t\t\t\t\t<p>60 Hz<\/p>\t\t\t\t\t\t\t\t<\/div>\n\t\t\t\t<\/div>\n\t\t\t\t<\/div>\n\t\t\t\t<\/div>\n\t\t\t\t<\/div>\n\t\t<div class=\"elementor-element elementor-element-8d82aa5 e-con-full e-flex e-con e-child\" data-id=\"8d82aa5\" data-element_type=\"container\" data-e-type=\"container\">\n\t\t\t\t<div class=\"elementor-element elementor-element-a8a18ea elementor-widget elementor-widget-text-editor\" data-id=\"a8a18ea\" data-element_type=\"widget\" data-e-type=\"widget\" data-widget_type=\"text-editor.default\">\n\t\t\t\t<div class=\"elementor-widget-container\">\n\t\t\t\t\t\t\t\t\t<p>Puissance principale (Prime)<\/p>\t\t\t\t\t\t\t\t<\/div>\n\t\t\t\t<\/div>\n\t\t\t\t<div class=\"elementor-element elementor-element-16e2566 elementor-widget elementor-widget-text-editor\" data-id=\"16e2566\" data-element_type=\"widget\" data-e-type=\"widget\" data-widget_type=\"text-editor.default\">\n\t\t\t\t<div class=\"elementor-widget-container\">\n\t\t\t\t\t\t\t\t\t<p>DT260*<\/p>\t\t\t\t\t\t\t\t<\/div>\n\t\t\t\t<\/div>\n\t\t\t\t<div class=\"elementor-element elementor-element-e48c28b elementor-widget elementor-widget-text-editor\" data-id=\"e48c28b\" data-element_type=\"widget\" data-e-type=\"widget\" data-widget_type=\"text-editor.default\">\n\t\t\t\t<div class=\"elementor-widget-container\">\n\t\t\t\t\t\t\t\t\t<p>261 kVA<\/p>\t\t\t\t\t\t\t\t<\/div>\n\t\t\t\t<\/div>\n\t\t\t\t<\/div>\n\t\t<div class=\"elementor-element elementor-element-aeb2fab e-con-full e-flex e-con e-child\" data-id=\"aeb2fab\" data-element_type=\"container\" data-e-type=\"container\">\n\t\t\t\t<div class=\"elementor-element elementor-element-7f1fb46 elementor-widget elementor-widget-text-editor\" data-id=\"7f1fb46\" data-element_type=\"widget\" data-e-type=\"widget\" data-widget_type=\"text-editor.default\">\n\t\t\t\t<div class=\"elementor-widget-container\">\n\t\t\t\t\t\t\t\t\t<p>Puissance de secours (Standby)<\/p>\t\t\t\t\t\t\t\t<\/div>\n\t\t\t\t<\/div>\n\t\t\t\t<div class=\"elementor-element elementor-element-d436a80 elementor-widget elementor-widget-text-editor\" data-id=\"d436a80\" data-element_type=\"widget\" data-e-type=\"widget\" data-widget_type=\"text-editor.default\">\n\t\t\t\t<div class=\"elementor-widget-container\">\n\t\t\t\t\t\t\t\t\t<p>DT285S*<\/p>\t\t\t\t\t\t\t\t<\/div>\n\t\t\t\t<\/div>\n\t\t\t\t<div class=\"elementor-element elementor-element-71fba1b elementor-widget elementor-widget-text-editor\" data-id=\"71fba1b\" data-element_type=\"widget\" data-e-type=\"widget\" data-widget_type=\"text-editor.default\">\n\t\t\t\t<div class=\"elementor-widget-container\">\n\t\t\t\t\t\t\t\t\t<p>287 kVA<\/p>\t\t\t\t\t\t\t\t<\/div>\n\t\t\t\t<\/div>\n\t\t\t\t<\/div>\n\t\t\t\t\t<\/div>\n\t\t\t\t<\/div>\n\t\t<div class=\"elementor-element elementor-element-4e7a453 e-flex e-con-boxed e-con e-parent\" data-id=\"4e7a453\" data-element_type=\"container\" data-e-type=\"container\">\n\t\t\t\t\t<div class=\"e-con-inner\">\n\t\t<div class=\"elementor-element elementor-element-0375edd e-con-full e-flex e-con e-child\" data-id=\"0375edd\" data-element_type=\"container\" data-e-type=\"container\">\n\t\t\t\t<div class=\"elementor-element elementor-element-069a7b1 premium-lq__none elementor-widget elementor-widget-premium-addon-button\" data-id=\"069a7b1\" data-element_type=\"widget\" data-e-type=\"widget\" data-widget_type=\"premium-addon-button.default\">\n\t\t\t\t<div class=\"elementor-widget-container\">\n\t\t\t\t\t\r\n\r\n\t\t<a class=\"premium-button premium-button-none premium-btn-lg premium-button-none\" href=\"https:\/\/ghaddar.com\/fr\/produits\/groupes-electrogenes-ghaddar-motorises-par-john-deere-nouveaux\/\">\r\n\t\t\t<div class=\"premium-button-text-icon-wrapper\">\r\n\t\t\t\t\r\n\t\t\t\t\t\t\t\t\t<span >\r\n\t\t\t\t\t\tRetour \u00e0 la liste des produits\t\t\t\t\t<\/span>\r\n\t\t\t\t\t\t\t<\/div>\r\n\r\n\t\t\t\r\n\t\t\t\r\n\t\t\t\r\n\t\t<\/a>\r\n\r\n\r\n\t\t\t\t\t\t<\/div>\n\t\t\t\t<\/div>\n\t\t\t\t<\/div>\n\t\t<div class=\"elementor-element elementor-element-c9239bc e-con-full e-flex e-con e-child\" data-id=\"c9239bc\" data-element_type=\"container\" data-e-type=\"container\">\n\t\t\t\t<\/div>\n\t\t<div class=\"elementor-element elementor-element-754fdb2 e-con-full e-flex e-con e-child\" data-id=\"754fdb2\" data-element_type=\"container\" data-e-type=\"container\">\n\t\t\t\t<\/div>\n\t\t<div class=\"elementor-element elementor-element-7bac878 e-con-full e-flex e-con e-child\" data-id=\"7bac878\" data-element_type=\"container\" data-e-type=\"container\">\n\t\t\t\t<div class=\"elementor-element elementor-element-1159cfe premium-lq__none elementor-widget elementor-widget-premium-addon-button\" data-id=\"1159cfe\" data-element_type=\"widget\" data-e-type=\"widget\" data-widget_type=\"premium-addon-button.default\">\n\t\t\t\t<div class=\"elementor-widget-container\">\n\t\t\t\t\t\r\n\r\n\t\t<a class=\"premium-button premium-button-none premium-btn-md premium-button-none\" href=\"https:\/\/ghaddar.com\/wp-content\/uploads\/2025\/08\/DT260-DT290S-60-Hz.pdf\" target=\"_blank\">\r\n\t\t\t<div class=\"premium-button-text-icon-wrapper\">\r\n\t\t\t\t\r\n\t\t\t\t\t\t\t\t\t\t\t\t\t\t\t\t\t\t<svg class=\"svg-inline--fas-fa-file-download premium-drawable-icon premium-svg-nodraw\" aria-hidden='true' xmlns='http:\/\/www.w3.org\/2000\/svg' viewBox='0 0 384 512'><path d=\"M224 136V0H24C10.7 0 0 10.7 0 24v464c0 13.3 10.7 24 24 24h336c13.3 0 24-10.7 24-24V160H248c-13.2 0-24-10.8-24-24zm76.45 211.36l-96.42 95.7c-6.65 6.61-17.39 6.61-24.04 0l-96.42-95.7C73.42 337.29 80.54 320 94.82 320H160v-80c0-8.84 7.16-16 16-16h32c8.84 0 16 7.16 16 16v80h65.18c14.28 0 21.4 17.29 11.27 27.36zM377 105L279.1 7c-4.5-4.5-10.6-7-17-7H256v128h128v-6.1c0-6.3-2.5-12.4-7-16.9z\"><\/path><\/svg>\t\t\t\t\t\t\t\t\t\t\t\t\t\t\t\r\n\t\t\t\t\t\t\t\t\t<span >\r\n\t\t\t\t\t\tT\u00e9l\u00e9charger le PDF\t\t\t\t\t<\/span>\r\n\t\t\t\t\t\t\t<\/div>\r\n\r\n\t\t\t\r\n\t\t\t\r\n\t\t\t\r\n\t\t<\/a>\r\n\r\n\r\n\t\t\t\t\t\t<\/div>\n\t\t\t\t<\/div>\n\t\t\t\t<\/div>\n\t\t\t\t\t<\/div>\n\t\t\t\t<\/div>\n\t\t<div class=\"elementor-element elementor-element-4cd1e08 e-flex e-con-boxed e-con e-parent\" data-id=\"4cd1e08\" data-element_type=\"container\" data-e-type=\"container\">\n\t\t\t\t\t<div class=\"e-con-inner\">\n\t\t\t\t\t<\/div>\n\t\t\t\t<\/div>\n\t\t<div class=\"elementor-element elementor-element-6a86af7 e-flex e-con-boxed e-con e-parent\" data-id=\"6a86af7\" data-element_type=\"container\" data-e-type=\"container\">\n\t\t\t\t\t<div class=\"e-con-inner\">\n\t\t\t\t<div class=\"elementor-element elementor-element-e4a2a9f elementor-widget elementor-widget-text-editor\" data-id=\"e4a2a9f\" data-element_type=\"widget\" data-e-type=\"widget\" data-widget_type=\"text-editor.default\">\n\t\t\t\t<div class=\"elementor-widget-container\">\n\t\t\t\t\t\t\t\t\t<div class=\"upcp_product\"><h2 class=\"upcp_title\">G\u00e9n\u00e9rateur Ghaddar DT260 \u2013 DT285S (1800 tr\/min) motoris\u00e9 par John Deere<\/h2><\/div>\t\t\t\t\t\t\t\t<\/div>\n\t\t\t\t<\/div>\n\t\t\t\t<div class=\"elementor-element elementor-element-50bb8cb elementor-widget elementor-widget-html\" data-id=\"50bb8cb\" data-element_type=\"widget\" data-e-type=\"widget\" data-widget_type=\"html.default\">\n\t\t\t\t<div class=\"elementor-widget-container\">\n\t\t\t\t\t<style>.upcp_product {\n  font-family: Arial, sans-serif;\n  color: #333;\n}\n\n.upcp_title {\n  font-size: 24px;\n  font-weight: bold;\n  margin-bottom: 1em;\n}\n\n.upcp_subtitle {\n  font-size: 20px;\n  font-weight: bold;\n  margin-top: 1.5em;\n  margin-bottom: 0.5em;\n}\n\n.upcp_content {\n  margin-bottom: 2em;\n}\n\n.upcp_content table {\n  width: 100%;\n  border-collapse: collapse;\n  margin-bottom: 1em;\n}\n\n.upcp_content table td,\n.upcp_content table th {\n  border: 1px solid #ccc;\n  padding: 0.6em 0.8em;\n  vertical-align: top;\n}\n\n.upcp_content ul {\n  list-style-type: disc;\n  margin: 0 0 1em 1.5em;\n  padding: 0;\n}\n\n.upcp_image {\n  text-align: right;\n  margin: 1em 0;\n}\n\n.upcp_image img {\n  max-width: 100%;\n  height: auto;\n}\n\n<\/style>\t\t\t\t<\/div>\n\t\t\t\t<\/div>\n\t\t\t\t\t<\/div>\n\t\t\t\t<\/div>\n\t\t<div class=\"elementor-element elementor-element-e98355f e-flex e-con-boxed e-con e-parent\" data-id=\"e98355f\" data-element_type=\"container\" data-e-type=\"container\">\n\t\t\t\t\t<div class=\"e-con-inner\">\n\t\t\t\t<div class=\"elementor-element elementor-element-102fb08 elementor-widget elementor-widget-text-editor\" data-id=\"102fb08\" data-element_type=\"widget\" data-e-type=\"widget\" data-widget_type=\"text-editor.default\">\n\t\t\t\t<div class=\"elementor-widget-container\">\n\t\t\t\t\t\t\t\t\t<div class=\"upcp_product\"><div class=\"upcp_content\"><p><\/p><p><\/p><p><\/p><h3 class=\"upcp_subtitle\">Remarques<\/h3><ul><li>La plage de tension applicable est de 380 V \u00e0 480 V pour les applications 60 Hz. Pour d\u2019autres tensions, veuillez consulter l\u2019usine. <\/li><li>Ce groupe \u00e9lectrog\u00e8ne fonctionne \u00e0 une vitesse fixe de 1800 tr\/min.<\/li><li><strong>Puissance principale (Prime) DT260S :<\/strong> Charge variable et utilisation illimit\u00e9e avec un facteur de charge moyen de 80 % par 24 h. Surcharge de 10 % autoris\u00e9e pendant 1 h toutes les 12 h. <\/li><li><strong>Puissance de secours (Standby) DT285S :<\/strong> Charge variable, jusqu\u2019\u00e0 500 heures\/an, max. 300 heures en continu. Aucune surcharge autoris\u00e9e. <\/li><\/ul><p><\/p><h3 class=\"upcp_subtitle\">Donn\u00e9es techniques du moteur<\/h3><table style=\"width: 104%;\"><tbody><tr><td style=\"width: 47.1963%;\">Marque et mod\u00e8le \/ GSPU<\/td><td style=\"width: 48.1308%;\" colspan=\"2\"><strong>JOHN DEERE 6068HFG55 \/ 6068HFU55<\/strong><\/td><\/tr><tr><td style=\"width: 47.1963%;\">Cylindres et disposition<\/td><td style=\"width: 48.1308%;\" colspan=\"2\">6 ; en ligne verticale<\/td><\/tr><tr><td style=\"width: 47.1963%;\">Al\u00e9sage et course (mm)<\/td><td style=\"width: 48.1308%;\" colspan=\"2\">106 x 127<\/td><\/tr><tr><td style=\"width: 47.1963%;\">Syst\u00e8me d\u2019admission<\/td><td style=\"width: 48.1308%;\" colspan=\"2\">Turbocompress\u00e9 et refroidi par air (air-air)<\/td><\/tr><tr><td style=\"width: 47.1963%;\">Combustion<\/td><td style=\"width: 48.1308%;\" colspan=\"2\">Injection directe<\/td><\/tr><tr><td style=\"width: 47.1963%;\">Cycle<\/td><td style=\"width: 48.1308%;\" colspan=\"2\">4 temps<\/td><\/tr><tr><td style=\"width: 47.1963%;\">Taux de compression<\/td><td style=\"width: 48.1308%;\" colspan=\"2\">17,2:1<\/td><\/tr><tr><td style=\"width: 47.1963%;\">Syst\u00e8me de refroidissement<\/td><td style=\"width: 48.1308%;\" colspan=\"2\">Refroidi par eau<\/td><\/tr><tr><td style=\"width: 47.1963%;\">Cylindr\u00e9e<\/td><td style=\"width: 48.1308%;\" colspan=\"2\">6,8 litres<\/td><\/tr><tr><td style=\"width: 47.1963%;\">Capacit\u00e9 d\u2019huile de lubrification<\/td><td style=\"width: 48.1308%;\" colspan=\"2\">32,5 litres max.<\/td><\/tr><tr><td style=\"width: 47.1963%;\">Capacit\u00e9 de liquide de refroidissement<\/td><td style=\"width: 48.1308%;\" colspan=\"2\">33 litres<\/td><\/tr><tr><td style=\"width: 47.1963%;\">R\u00e9gulateur standard (en option)<\/td><td style=\"width: 48.1308%;\" colspan=\"2\">\u00c9lectronique<\/td><\/tr><tr><td style=\"width: 47.1963%;\">Vitesse du moteur<\/td><td style=\"width: 48.1308%;\" colspan=\"2\"><strong>1800 tr\/min<\/strong><\/td><\/tr><tr><td style=\"width: 95.3271%;\" colspan=\"3\"><strong>Consommation de carburant et d\u2019huile<\/strong><\/td><\/tr><tr><td style=\"width: 47.1963%;\">Consommation \u00e0 100 % de charge (L\/h)<\/td><td style=\"width: 23.3645%;\">Carburant : 53<\/td><td style=\"width: 24.7664%;\">Huile : 0,139<\/td><\/tr><tr><td style=\"width: 47.1963%;\">Consommation \u00e0 75 % de charge (L\/h)<\/td><td style=\"width: 23.3645%;\">Carburant : 41<\/td><td style=\"width: 24.7664%;\">Huile : 0,108<\/td><\/tr><tr><td style=\"width: 47.1963%;\">Consommation \u00e0 50 % de charge (L\/h)<\/td><td style=\"width: 23.3645%;\">Carburant : 28<\/td><td style=\"width: 24.7664%;\">Huile : 0,074<\/td><\/tr><tr><td style=\"width: 47.1963%;\">Consommation \u00e0 25 % de charge (L\/h)<\/td><td style=\"width: 23.3645%;\">Carburant : 15,5<\/td><td style=\"width: 24.7664%;\">Huile : 0,041<\/td><\/tr><tr><td style=\"width: 47.1963%;\">D\u00e9bit d\u2019air de refroidissement du radiateur (m\u00b3\/s)<\/td><td style=\"width: 48.1308%;\" colspan=\"2\">3,4<\/td><\/tr><tr><td style=\"width: 47.1963%;\">R\u00e9glementations sur les \u00e9missions<\/td><td style=\"width: 48.1308%;\" colspan=\"2\">Pour les territoires non r\u00e9glement\u00e9s<\/td><\/tr><tr><td style=\"width: 47.1963%;\">Temp\u00e9rature d\u2019\u00e9chappement (\u00b0C max.)<\/td><td style=\"width: 48.1308%;\" colspan=\"2\">468,5<\/td><\/tr><tr><td style=\"width: 47.1963%;\">D\u00e9bit max. des gaz d\u2019\u00e9chappement (m\u00b3\/min)<\/td><td style=\"width: 48.1308%;\" colspan=\"2\">41,9<\/td><\/tr><tr><td style=\"width: 47.1963%;\">Contre-pression max. admissible (kPa)<\/td><td style=\"width: 48.1308%;\" colspan=\"2\">7,5<\/td><\/tr><\/tbody><\/table><p>Les donn\u00e9es de performance ci-dessus sont valables avec :<\/p><ul><li>Carburant diesel selon BS2869 Classe A2 ou \u00e9quivalent.<\/li><li>Huile de lubrification selon SAE 15W-40 API CI4.<\/li><li>Antigel conforme \u00e0 la norme ASTM D6210.<\/li><\/ul><p><\/p><h3 class=\"upcp_subtitle\">Donn\u00e9es techniques de l\u2019alternateur<\/h3><table><tbody><tr><td>Marque et mod\u00e8le<\/td><td><strong>Leroy Somer TAL046C (8S)<\/strong><\/td><\/tr><tr><td>Fr\u00e9quence \/ Nb de p\u00f4les<\/td><td>60 Hz \/ 4P<\/td><\/tr><tr><td>Indice de protection<\/td><td>IP23<\/td><\/tr><tr><td>Classe d\u2019isolation<\/td><td>H<\/td><\/tr><tr><td>Bornes (en option)<\/td><td>6 (12)<\/td><\/tr><tr><td>Syst\u00e8me d\u2019excitation<\/td><td>SHUNT<\/td><\/tr><tr><td>Pas d\u2019enroulement<\/td><td>2\/3<\/td><\/tr><tr><td>Mod\u00e8le d\u2019AVR<\/td><td>R150<\/td><\/tr><tr><td>Survitesse<\/td><td>2250 tr\/min<\/td><\/tr><tr><td>R\u00e9gulation de tension<\/td><td>\u00b1 1 %<\/td><\/tr><tr><td>D\u00e9bit d\u2019air de refroidissement<\/td><td>0,58 m\u00b3\/s<\/td><\/tr><\/tbody><\/table><h3 class=\"upcp_subtitle\">Certification<\/h3><ul><li>Le groupe \u00e9lectrog\u00e8ne complet a subi des essais de type selon la norme ISO 8528-8.<\/li><li>Le panneau de commande est certifi\u00e9 par un laboratoire accr\u00e9dit\u00e9 ISO 17025 comme \u00e9tant IP55 selon la norme<br>CEI 60355<\/li><\/ul><p><\/p><h3 class=\"upcp_subtitle\">Sp\u00e9cifications du panneau de commande<\/h3><p><img loading=\"lazy\" decoding=\"async\" class=\"alignright\" src=\"https:\/\/ghaddar.com\/wp-content\/uploads\/2020\/01\/control-panel-300x242.jpg\" alt=\"Panneau de commande\" width=\"300\" height=\"242\"><br>Le panneau GMP260MKIII (DSE6110 MKIII) est un panneau de groupe \u00e9lectrog\u00e8ne \u00e0 d\u00e9marrage automatique de conception bas\u00e9e sur microprocesseur, capable d\u2019une interface CAN-bus J1939 avec des moteurs \u00e9lectroniques. Configurable via un logiciel PC ou des boutons en fa\u00e7ade.<br>DSE6120MKIII en option pour la surveillance du r\u00e9seau. Disjoncteur : Schneider ou ABB, MCB 3P (4P en option).  <\/p><p><\/p><h3 class=\"upcp_subtitle\">Construction<\/h3><table><tbody><tr><td>Fabrication de t\u00f4les<\/td><td>Cisaillement et pliage CNC<\/td><\/tr><tr><td>Type de peinture<\/td><td>Rev\u00eatement par poudre trait\u00e9 thermiquement<\/td><\/tr><tr><td>Application de la peinture<\/td><td>Pulv\u00e9risation \u00e9lectrostatique par effet corona<\/td><\/tr><tr><td>Tests de durabilit\u00e9<\/td><td>Impact [EN ISO 6272], Brouillard salin [ASTM B117-73], Humidit\u00e9 [ASTM D2247]<\/td><\/tr><tr><td>Conformit\u00e9<\/td><td>ISO 8528-8, CEI 60355-1 (Lignes de fuite, Distance d\u2019isolement, Fuite, Choc), CEI 600 364-4-41<\/td><\/tr><tr><td>Indice de protection<\/td><td>IP55<\/td><\/tr><tr><td>Sertissage des fils<\/td><td>Force jusqu\u2019\u00e0 20 kN, pr\u00e9cision 0,01 mm, v\u00e9rifi\u00e9 par Komax CFA+<\/td><\/tr><tr><td>Codage des fils<\/td><td>Par couleur, section transversale, num\u00e9ros imprim\u00e9s ou fonction<\/td><\/tr><\/tbody><\/table><p><\/p><h3 class=\"upcp_subtitle\">Caract\u00e9ristiques standard du groupe \u00e9lectrog\u00e8ne<\/h3><ul><li><strong>Assemblage :<\/strong> Construit \u00e0 l\u2019usine Ghaddar Machinery, conforme \u00e0 la norme ISO 8528.<\/li><li><strong>Fabrication :<\/strong> Ch\u00e2ssis avec supports anti-vibrations, t\u00f4les durables, r\u00e9servoir de carburant int\u00e9gr\u00e9 (100 L).<\/li><li><strong>Peinture :<\/strong> Rev\u00eatement par poudre, test\u00e9 pour la r\u00e9sistance aux chocs, au brouillard salin et \u00e0 l\u2019humidit\u00e9.<\/li><li><strong>Tests en usine :<\/strong> Chaque groupe \u00e9lectrog\u00e8ne est test\u00e9 selon la norme ISO 8528, certificat d\u00e9livr\u00e9.<\/li><li><strong>\u00c9quipement :<\/strong> Radiateur avec ventilateur, d\u00e9marreur \u00e9lectrique, alternateur de charge, filtres, batterie robuste, silencieux industriel.<\/li><li><strong>Documentation :<\/strong> Manuel d\u2019utilisation, sch\u00e9ma de c\u00e2blage, rapport d\u2019essai, calendrier d\u2019entretien, catalogues.<\/li><\/ul><p><\/p><h3 class=\"upcp_subtitle\">Caract\u00e9ristiques optionnelles du groupe \u00e9lectrog\u00e8ne<\/h3><ul><li>Commutateurs de transfert manuels et automatiques<\/li><li>Panneaux de synchronisation et de totalisation<\/li><li>S\u00e9parateur eau\/carburant<\/li><li>R\u00e9chauffeurs de chemise d\u2019eau, d\u2019huile, de carburant et de batterie<\/li><li>R\u00e9chauffeur anti-condensation<\/li><li>Vanne d\u2019arr\u00eat d\u2019air<\/li><li>\u00c9chantillonneur d\u2019huile, pompe de pr\u00e9lubrification d\u2019huile<\/li><\/ul><h3><strong>Dimensions d\u2019exp\u00e9dition (groupe ouvert) :<\/strong><\/h3><p>Longueur : 2900 mm<br>Largeur : 1030 mm<br>Hauteur : 1710 mm<br>Poids : 2187 kg<\/p><\/div><\/div>\t\t\t\t\t\t\t\t<\/div>\n\t\t\t\t<\/div>\n\t\t\t\t\t<\/div>\n\t\t\t\t<\/div>\n\t\t\t\t<\/div>\n\t\t","protected":false},"excerpt":{"rendered":"<p>Puissances \u00e0 0,8 FP Tension* 220\/380 V Fr\u00e9quence* 60 Hz Puissance principale (Prime) DT260* 261 kVA Puissance de secours (Standby) DT285S* 287 kVA Retour \u00e0 la liste des produits T\u00e9l\u00e9charger le PDF G\u00e9n\u00e9rateur Ghaddar DT260 \u2013 DT285S (1800 tr\/min) motoris\u00e9 &hellip;<\/p>\n","protected":false},"featured_media":17835,"comment_status":"closed","ping_status":"closed","template":"","meta":{"_monsterinsights_skip_tracking":false,"_monsterinsights_sitenote_active":false,"_monsterinsights_sitenote_note":"","_monsterinsights_sitenote_category":0,"_joinchat":[]},"product_brand":[],"product_cat":[644,639],"product_tag":[],"class_list":{"0":"post-22833","1":"product","2":"type-product","3":"status-publish","4":"has-post-thumbnail","6":"product_cat-60-hz-john-deere-2","7":"product_cat-groupes-electrogenes-ghaddar-equipes-de-moteurs-john-deere","9":"first","10":"instock","11":"shipping-taxable","12":"product-type-simple"},"_links":{"self":[{"href":"https:\/\/ghaddar.com\/fr\/wp-json\/wp\/v2\/product\/22833","targetHints":{"allow":["GET"]}}],"collection":[{"href":"https:\/\/ghaddar.com\/fr\/wp-json\/wp\/v2\/product"}],"about":[{"href":"https:\/\/ghaddar.com\/fr\/wp-json\/wp\/v2\/types\/product"}],"replies":[{"embeddable":true,"href":"https:\/\/ghaddar.com\/fr\/wp-json\/wp\/v2\/comments?post=22833"}],"version-history":[{"count":1,"href":"https:\/\/ghaddar.com\/fr\/wp-json\/wp\/v2\/product\/22833\/revisions"}],"predecessor-version":[{"id":22839,"href":"https:\/\/ghaddar.com\/fr\/wp-json\/wp\/v2\/product\/22833\/revisions\/22839"}],"wp:featuredmedia":[{"embeddable":true,"href":"https:\/\/ghaddar.com\/fr\/wp-json\/wp\/v2\/media\/17835"}],"wp:attachment":[{"href":"https:\/\/ghaddar.com\/fr\/wp-json\/wp\/v2\/media?parent=22833"}],"wp:term":[{"taxonomy":"product_brand","embeddable":true,"href":"https:\/\/ghaddar.com\/fr\/wp-json\/wp\/v2\/product_brand?post=22833"},{"taxonomy":"product_cat","embeddable":true,"href":"https:\/\/ghaddar.com\/fr\/wp-json\/wp\/v2\/product_cat?post=22833"},{"taxonomy":"product_tag","embeddable":true,"href":"https:\/\/ghaddar.com\/fr\/wp-json\/wp\/v2\/product_tag?post=22833"}],"curies":[{"name":"wp","href":"https:\/\/api.w.org\/{rel}","templated":true}]}}